{"id":34404,"date":"2025-03-20T16:46:16","date_gmt":"2025-03-20T15:46:16","guid":{"rendered":"https:\/\/stil-fit.com\/probna-narudzba\/"},"modified":"2025-05-18T01:33:39","modified_gmt":"2025-05-17T23:33:39","slug":"probna-narudzba","status":"publish","type":"page","link":"https:\/\/stil-fit.com\/hr\/ergometer\/probna-narudzba\/","title":{"rendered":"Probna narud\u017eba"},"content":{"rendered":"\n\t<section class=\"section show-for-small\" id=\"section_989969843\">\n\t\t<div class=\"section-bg fill\" >\n\t\t\t\t\t\t\t\t\t\n\t\t\t\n\n\t\t<\/div>\n\n\t\t\n\n\t\t<div class=\"section-content relative\">\n\t\t\t\n\n<div class=\"row\"  id=\"row-126829681\">\n\n\n\t<div id=\"col-1974965854\" class=\"col small-12 large-12\"  >\n\t\t\t\t<div class=\"col-inner\"  >\n\t\t\t\n\t\t\t\n\n<div class=\"nav-wrapper\"><ul class=\"nav show-for-small nav-uppercase nav-horizontal nav-size-small nav-line text-center nav-center\"><p class=\"lead shortcode-error text-center\">Sorry, no pages was found<\/p><\/ul><\/div>\n\n\n\t\t<\/div>\n\t\t\t\t\n<style>\n#col-1974965854 > .col-inner {\n  margin: 0px 0px -30px 0px;\n}\n<\/style>\n\t<\/div>\n\n\t\n\n<\/div>\n\n\t\t<\/div>\n\n\t\t\n<style>\n#section_989969843 {\n  padding-top: 1px;\n  padding-bottom: 1px;\n  background-color: rgb(225, 225, 225);\n}\n<\/style>\n\t<\/section>\n\t\n\n  <div class=\"banner has-hover show-for-small\" id=\"banner-1147182718\">\n          <div class=\"banner-inner fill\">\n        <div class=\"banner-bg fill\" >\n                                                \n                    <\/div>\n\t\t\n        <div class=\"banner-layers container\">\n            <div class=\"fill banner-link\"><\/div>            \n\n   <div id=\"text-box-238063440\" class=\"text-box banner-layer x50 md-x50 lg-x50 y50 md-y50 lg-y50 res-text\">\n                                <div class=\"text-box-content text \">\n              \n              <div class=\"text-inner text-center\">\n                  \n\n<h1><strong>Isporuka za probu<\/strong><\/h1>\n<div class=\"crossline\">\n<p class=\"bodytext\"><span style=\"font-size: 120%;\"><span style=\"font-size: 140%;\">Na\u0161 ergometar mo\u017eete testirati kod ku\u0107e tjedan dana bez obaveze. (odnosi se samo na Njema\u010dku) <\/span>&nbsp;<\/span><\/p>\n<\/div>\n\n              <\/div>\n           <\/div>\n                            \n<style>\n#text-box-238063440 {\n  width: 91%;\n}\n#text-box-238063440 .text-box-content {\n  font-size: 100%;\n}\n@media (min-width:550px) {\n  #text-box-238063440 {\n    width: 60%;\n  }\n}\n<\/style>\n    <\/div>\n \n\n        <\/div>\n      <\/div>\n\n            \n<style>\n#banner-1147182718 {\n  padding-top: 350px;\n  background-color: rgb(255,255,255);\n}\n<\/style>\n  <\/div>\n\n\n\n\t<section class=\"section dark hide-for-small\" id=\"section_60433446\">\n\t\t<div class=\"section-bg fill\" >\n\t\t\t\t\t\t\t\t\t\n\t\t\t\n\n\t\t<\/div>\n\n\t\t\n\n\t\t<div class=\"section-content relative\">\n\t\t\t\n\n<div class=\"row\"  id=\"row-65553280\">\n\n\n\t<div id=\"col-1220638913\" class=\"col small-12 large-12\"  >\n\t\t\t\t<div class=\"col-inner\"  >\n\t\t\t\n\t\t\t\n\n<div class=\"nav-wrapper\"><ul class=\"nav hide-for-small nav-uppercase nav-horizontal nav-line text-center nav-center\"><p class=\"lead shortcode-error text-center\">Sorry, no pages was found<\/p><\/ul><\/div>\n\n\n\t\t<\/div>\n\t\t\t\t\n<style>\n#col-1220638913 > .col-inner {\n  margin: 0px 0px -30px 0px;\n}\n<\/style>\n\t<\/div>\n\n\t\n\n<\/div>\n\n\t\t<\/div>\n\n\t\t\n<style>\n#section_60433446 {\n  padding-top: 1px;\n  padding-bottom: 1px;\n  background-color: rgb(155, 155, 155);\n}\n<\/style>\n\t<\/section>\n\t\n\n  <div class=\"banner has-hover hide-for-small\" id=\"banner-25263776\">\n          <div class=\"banner-inner fill\">\n        <div class=\"banner-bg fill\" >\n            <img decoding=\"async\" width=\"1020\" height=\"583\" src=\"https:\/\/stil-fit.com\/wp-content\/uploads\/2023\/09\/STIL-FIT-Ergometer-teaser-1024x585.jpg\" class=\"bg attachment-large size-large\" alt=\"\" \/>                                    \n                    <\/div>\n\t\t\n        <div class=\"banner-layers container\">\n            <div class=\"fill banner-link\"><\/div>            \n\n   <div id=\"text-box-1128773725\" class=\"text-box banner-layer x5 md-x5 lg-x5 y50 md-y50 lg-y50 res-text\">\n                                <div class=\"text-box-content text dark\">\n              \n              <div class=\"text-inner text-left\">\n                  \n\n<h1><span style=\"font-size: 80%;\"><strong>Isporuka za probu<\/strong><\/span><\/h1>\n<div class=\"crossline\">\n<p class=\"bodytext\"><strong><span style=\"font-size: 120%;\">Na\u0161 ergometar mo\u017eete testirati kod ku\u0107e tjedan dana bez obaveze. (odnosi se samo na Njema\u010dku i Austriju)   <\/span><\/strong><\/p>\n<\/div>\n<a href=\"https:\/\/stil-fit.com\/hr\/shop\/ergometer-probebestellung-2\/\" class=\"button primary box-shadow-4-hover\"  style=\"border-radius:99px;\">\n\t\t<span>Testirajte sada<\/span>\n\t<\/a>\n\n\n\n              <\/div>\n           <\/div>\n                            \n<style>\n#text-box-1128773725 {\n  width: 82%;\n}\n#text-box-1128773725 .text-box-content {\n  font-size: 100%;\n}\n@media (min-width:550px) {\n  #text-box-1128773725 {\n    width: 41%;\n  }\n}\n<\/style>\n    <\/div>\n \n\n        <\/div>\n      <\/div>\n\n            \n<style>\n#banner-25263776 {\n  padding-top: 350px;\n  background-color: rgb(255,255,255);\n}\n<\/style>\n  <\/div>\n\n\n<div class=\"row align-center\"  id=\"row-900351818\">\n\n\n\t<div id=\"col-1125214161\" class=\"col medium-8 small-12 large-8\"  >\n\t\t\t\t<div class=\"col-inner\"  >\n\t\t\t\n\t\t\t\n\n<h3><span id=\"1295600283177S\"><span style=\"font-size: 120%;\">A OVAKO FUNKCIONIRA PROBNA NARUD\u017dBA<\/span>&nbsp;<\/span><\/h3>\n<p class=\"bodytext\"><span id=\"1295600283177S\"><br><\/span>Nakon \u0161to naru\u010dite putem e-po\u0161te, novi, nekori\u0161teni ergometar dostavit \u0107emo vam na ku\u0107nu adresu.<\/p>\n<p class=\"bodytext\">Ergometar je potpuno sastavljen; sve \u0161to trebate u\u010diniti je umetnuti prednju cijev u okvir i pri\u010dvrstiti je vijkom.<\/p>\n<p class=\"bodytext\">Od tada mo\u017eete tjedan dana &#8220;testirati vlak&#8221;.<\/p>\n<p class=\"bodytext\"><b>Za to \u0107emo vam naplatiti naknadu od 75 EUR.&nbsp;<\/b><\/p>\n<p class=\"bodytext\">Ako ne \u017eelite zadr\u017eati ergometar, ponovno ga zapakirajte i mi \u0107emo ga preuzeti od vas. Za vas nema dodatnih tro\u0161kova. <\/p>\n<p class=\"bodytext\">Ukoliko se odlu\u010dite za kupnju, ure\u0111aj zadr\u017eavate, a mi \u0107emo Vam poslati ra\u010dun.  <b>Naplatit \u0107emo vam naknadu od 75 EUR.<\/b><\/p>\n\n\t\t<\/div>\n\t\t\t\t\t<\/div>\n\n\t\n\n<\/div>\n\n\t<section class=\"section\" id=\"section_1920234614\">\n\t\t<div class=\"section-bg fill\" >\n\t\t\t\t\t\t\t\t\t\n\t\t\t\n\n\t\t<\/div>\n\n\t\t\n\n\t\t<div class=\"section-content relative\">\n\t\t\t\n\n\t<div id=\"gap-1110664927\" class=\"gap-element clearfix\" style=\"display:block; height:auto;\">\n\t\t\n<style>\n#gap-1110664927 {\n  padding-top: 50px;\n}\n<\/style>\n\t<\/div>\n\t\n\n<div class=\"row align-center\"  id=\"row-1006081332\">\n\n\n\t<div id=\"col-168284277\" class=\"col medium-8 small-12 large-8\"  >\n\t\t\t\t<div class=\"col-inner text-center\"  >\n\t\t\t\n\t\t\t\n\n<h2 style=\"text-align: center;\"><strong><span style=\"font-size: 120%;\">Upoznajte na\u0161e dizajnerske ergometre sada<\/span><\/strong><\/h2>\n<h3 class=\"thin-font\" style=\"text-align: center;\">&nbsp;<\/h3>\n<a href=\"https:\/\/stil-fit.com\/hr\/ergometar-pure\/\" class=\"button primary is-outline\"  style=\"border-radius:17px;\">\n\t\t<span>Model PURE<\/span>\n\t<\/a>\n\n\n<a href=\"https:\/\/stil-fit.com\/hr\/bicikl-pro\/\" class=\"button primary is-outline\"  style=\"border-radius:17px;\">\n\t\t<span>Bicikl PRO<\/span>\n\t<\/a>\n\n\n<a href=\"https:\/\/stil-fit.com\/ergometer\/bike-nero-edition\/\" class=\"button primary is-outline\"  style=\"border-radius:99px;\">\n\t\t<span>Bicikl NERO<\/span>\n\t<\/a>\n\n\n\n\t\t<\/div>\n\t\t\t\t\t<\/div>\n\n\t\n\n<\/div>\n\n\t\t<\/div>\n\n\t\t\n<style>\n#section_1920234614 {\n  padding-top: 30px;\n  padding-bottom: 30px;\n}\n<\/style>\n\t<\/section>\n\t","protected":false},"excerpt":{"rendered":"","protected":false},"author":2,"featured_media":0,"parent":34591,"menu_order":5,"comment_status":"closed","ping_status":"closed","template":"page-blank.php","meta":{"_monsterinsights_skip_tracking":false,"_monsterinsights_sitenote_active":false,"_monsterinsights_sitenote_note":"","_monsterinsights_sitenote_category":0,"footnotes":""},"yst_prominent_words":[1230,1229,958,1658,172,1652,957,955,1653,1654,1651,1655,1657,956,1228,1227,1656],"class_list":["post-34404","page","type-page","status-publish","hentry"],"yoast_head":"<!-- This site is optimized with the Yoast SEO Premium plugin v14.5 - https:\/\/yoast.com\/wordpress\/plugins\/seo\/ -->\n<title>Probna narud\u017eba | Testirajte na\u0161 ergometar jednostavno kod ku\u0107e<\/title>\n<meta name=\"description\" content=\"Testirajte na\u0161e ergometre kod ku\u0107e tjedan dana - bez obveze kupnje. Doprinos za tro\u0161kove od 75 EUR bit \u0107e pripisan va\u0161oj kupnji.\" \/>\n<meta name=\"robots\" content=\"index, follow\" \/>\n<meta name=\"googlebot\" content=\"index, follow, max-snippet:-1, max-image-preview:large, max-video-preview:-1\" \/>\n<meta name=\"bingbot\" content=\"index, follow, max-snippet:-1, max-image-preview:large, max-video-preview:-1\" \/>\n<link rel=\"canonical\" href=\"https:\/\/stil-fit.com\/hr\/ergometer\/probna-narudzba\/\" \/>\n<meta property=\"og:locale\" content=\"hr_HR\" \/>\n<meta property=\"og:type\" content=\"article\" \/>\n<meta property=\"og:title\" content=\"Probna narud\u017eba | Testirajte na\u0161 ergometar jednostavno kod ku\u0107e\" \/>\n<meta property=\"og:description\" content=\"Testirajte na\u0161e ergometre kod ku\u0107e tjedan dana - bez obveze kupnje. Doprinos za tro\u0161kove od 75 EUR bit \u0107e pripisan va\u0161oj kupnji.\" \/>\n<meta property=\"og:url\" content=\"https:\/\/stil-fit.com\/hr\/ergometer\/probna-narudzba\/\" \/>\n<meta property=\"og:site_name\" content=\"STIL-FIT\" \/>\n<meta property=\"article:publisher\" content=\"https:\/\/de-de.facebook.com\/stilfit\/\" \/>\n<meta property=\"article:modified_time\" content=\"2025-05-17T23:33:39+00:00\" \/>\n<meta name=\"twitter:card\" content=\"summary_large_image\" \/>\n<script type=\"application\/ld+json\" class=\"yoast-schema-graph\">{\"@context\":\"https:\/\/schema.org\",\"@graph\":[{\"@type\":\"Organization\",\"@id\":\"https:\/\/stil-fit.com\/hr\/#organization\",\"name\":\"STIL-FIT International GmbH\",\"url\":\"https:\/\/stil-fit.com\/hr\/\",\"sameAs\":[\"https:\/\/de-de.facebook.com\/stilfit\/\",\"https:\/\/www.instagram.com\/stil_fit_int\/\",\"https:\/\/www.linkedin.com\/company\/stil-fit-international-gmbh\",\"https:\/\/www.youtube.com\/channel\/UC2HA1BeZtFB0acPMfq1hKdQ\",\"https:\/\/www.pinterest.com\/STILFITInt\/\"],\"logo\":{\"@type\":\"ImageObject\",\"@id\":\"https:\/\/stil-fit.com\/hr\/#logo\",\"inLanguage\":\"hr\",\"url\":\"https:\/\/stil-fit.com\/wp-content\/uploads\/2019\/02\/stilfit_logo.jpg\",\"width\":150,\"height\":150,\"caption\":\"STIL-FIT International GmbH\"},\"image\":{\"@id\":\"https:\/\/stil-fit.com\/hr\/#logo\"}},{\"@type\":\"WebSite\",\"@id\":\"https:\/\/stil-fit.com\/hr\/#website\",\"url\":\"https:\/\/stil-fit.com\/hr\/\",\"name\":\"STIL-FIT\",\"description\":\"Stil-fit\",\"publisher\":{\"@id\":\"https:\/\/stil-fit.com\/hr\/#organization\"},\"potentialAction\":[{\"@type\":\"SearchAction\",\"target\":\"https:\/\/stil-fit.com\/hr\/?s={search_term_string}\",\"query-input\":\"required name=search_term_string\"}],\"inLanguage\":\"hr\"},{\"@type\":\"WebPage\",\"@id\":\"https:\/\/stil-fit.com\/hr\/ergometer\/probna-narudzba\/#webpage\",\"url\":\"https:\/\/stil-fit.com\/hr\/ergometer\/probna-narudzba\/\",\"name\":\"Probna narud\\u017eba | Testirajte na\\u0161 ergometar jednostavno kod ku\\u0107e\",\"isPartOf\":{\"@id\":\"https:\/\/stil-fit.com\/hr\/#website\"},\"datePublished\":\"2025-03-20T15:46:16+00:00\",\"dateModified\":\"2025-05-17T23:33:39+00:00\",\"description\":\"Testirajte na\\u0161e ergometre kod ku\\u0107e tjedan dana - bez obveze kupnje. Doprinos za tro\\u0161kove od 75 EUR bit \\u0107e pripisan va\\u0161oj kupnji.\",\"inLanguage\":\"hr\",\"potentialAction\":[{\"@type\":\"ReadAction\",\"target\":[\"https:\/\/stil-fit.com\/hr\/ergometer\/probna-narudzba\/\"]}]}]}<\/script>\n<!-- \/ Yoast SEO Premium plugin. -->","post_mailing_queue_ids":[],"_links":{"self":[{"href":"https:\/\/stil-fit.com\/hr\/wp-json\/wp\/v2\/pages\/34404","targetHints":{"allow":["GET"]}}],"collection":[{"href":"https:\/\/stil-fit.com\/hr\/wp-json\/wp\/v2\/pages"}],"about":[{"href":"https:\/\/stil-fit.com\/hr\/wp-json\/wp\/v2\/types\/page"}],"author":[{"embeddable":true,"href":"https:\/\/stil-fit.com\/hr\/wp-json\/wp\/v2\/users\/2"}],"replies":[{"embeddable":true,"href":"https:\/\/stil-fit.com\/hr\/wp-json\/wp\/v2\/comments?post=34404"}],"version-history":[{"count":6,"href":"https:\/\/stil-fit.com\/hr\/wp-json\/wp\/v2\/pages\/34404\/revisions"}],"predecessor-version":[{"id":37932,"href":"https:\/\/stil-fit.com\/hr\/wp-json\/wp\/v2\/pages\/34404\/revisions\/37932"}],"up":[{"embeddable":true,"href":"https:\/\/stil-fit.com\/hr\/wp-json\/wp\/v2\/pages\/34591"}],"wp:attachment":[{"href":"https:\/\/stil-fit.com\/hr\/wp-json\/wp\/v2\/media?parent=34404"}],"wp:term":[{"taxonomy":"yst_prominent_words","embeddable":true,"href":"https:\/\/stil-fit.com\/hr\/wp-json\/wp\/v2\/yst_prominent_words?post=34404"}],"curies":[{"name":"wp","href":"https:\/\/api.w.org\/{rel}","templated":true}]}}