{"id":34464,"date":"2025-03-20T16:47:08","date_gmt":"2025-03-20T15:47:08","guid":{"rendered":"https:\/\/stil-fit.com\/publikacije\/"},"modified":"2025-03-20T16:47:15","modified_gmt":"2025-03-20T15:47:15","slug":"publikacije","status":"publish","type":"page","link":"https:\/\/stil-fit.com\/hr\/publikacije\/","title":{"rendered":"Publikacije"},"content":{"rendered":"<div class=\"slider-wrapper relative\" id=\"slider-747995972\" style=\"background-color:rgb(214, 214, 214);\">\n    <div class=\"slider slider-nav-circle slider-nav-large slider-nav-dark slider-style-shadow slider-show-nav\"\n        data-flickity-options='{\n            \"cellAlign\": \"center\",\n            \"imagesLoaded\": true,\n            \"lazyLoad\": 1,\n            \"freeScroll\": true,\n            \"wrapAround\": true,\n            \"autoPlay\": 8000,\n            \"pauseAutoPlayOnHover\" : true,\n            \"prevNextButtons\": true,\n            \"contain\" : true,\n            \"adaptiveHeight\" : true,\n            \"dragThreshold\" : 10,\n            \"percentPosition\": true,\n            \"pageDots\": false,\n            \"rightToLeft\": false,\n            \"draggable\": true,\n            \"selectedAttraction\": 0.1,\n            \"parallax\" : 0,\n            \"friction\": 0.6        }'\n        >\n        \n\n\n\t<section class=\"section\" id=\"section_479464141\">\n\t\t<div class=\"section-bg fill\" >\n\t\t\t\t\t\t\t\t\t<div class=\"section-bg-overlay absolute fill\"><\/div>\n\t\t\t\n\n\t\t<\/div>\n\n\t\t\n\n\t\t<div class=\"section-content relative\">\n\t\t\t\n\n<div class=\"row row-collapse row-full-width align-middle\"  id=\"row-736433083\">\n\n\n\t<div id=\"col-312058881\" class=\"col medium-6 small-12 large-6\"  >\n\t\t\t\t<div class=\"col-inner\"  >\n\t\t\t\n\t\t\t\n\n\t<div class=\"img has-hover x md-x lg-x y md-y lg-y\" id=\"image_2014533342\">\n\t\t\t\t\t\t\t\t<div class=\"img-inner dark\" >\n\t\t\t<img decoding=\"async\" width=\"1786\" height=\"2560\" src=\"https:\/\/stil-fit.com\/wp-content\/uploads\/2020\/10\/HIGH-LIFE-scaled.jpeg\" class=\"attachment-original size-original\" alt=\"\" srcset=\"https:\/\/stil-fit.com\/wp-content\/uploads\/2020\/10\/HIGH-LIFE-scaled.jpeg 1786w, https:\/\/stil-fit.com\/wp-content\/uploads\/2020\/10\/HIGH-LIFE-209x300.jpeg 209w, https:\/\/stil-fit.com\/wp-content\/uploads\/2020\/10\/HIGH-LIFE-715x1024.jpeg 715w, https:\/\/stil-fit.com\/wp-content\/uploads\/2020\/10\/HIGH-LIFE-768x1101.jpeg 768w, https:\/\/stil-fit.com\/wp-content\/uploads\/2020\/10\/HIGH-LIFE-600x860.jpeg 600w, https:\/\/stil-fit.com\/wp-content\/uploads\/2020\/10\/HIGH-LIFE-1072x1536.jpeg 1072w, https:\/\/stil-fit.com\/wp-content\/uploads\/2020\/10\/HIGH-LIFE-1429x2048.jpeg 1429w, https:\/\/stil-fit.com\/wp-content\/uploads\/2020\/10\/HIGH-LIFE-510x731.jpeg 510w, https:\/\/stil-fit.com\/wp-content\/uploads\/2020\/10\/HIGH-LIFE-14x20.jpeg 14w\" sizes=\"(max-width: 1786px) 100vw, 1786px\" \/>\t\t\t\t\t\t\n\t\t\t\t\t<\/div>\n\t\t\t\t\t\t\t\t\n<style>\n#image_2014533342 {\n  width: 100%;\n}\n<\/style>\n\t<\/div>\n\t\n\n\n\t\t<\/div>\n\t\t\t\t\t<\/div>\n\n\t\n\n\t<div id=\"col-356768536\" class=\"col medium-6 small-12 large-6\"  >\n\t\t\t\t<div class=\"col-inner text-center\"  >\n\t\t\t\n\t\t\t\n\n\t<div class=\"img has-hover x md-x lg-x y md-y lg-y\" id=\"image_283437239\">\n\t\t<a class=\"image-lightbox lightbox-gallery\" title=\"\" href=\"https:\/\/stil-fit.com\/wp-content\/uploads\/2020\/10\/HighLife1-717x1024.jpg\">\t\t\t\t\t\t<div class=\"img-inner dark\" style=\"margin:0px -20px 0px 0px;\">\n\t\t\t<img decoding=\"async\" width=\"1221\" height=\"1744\" src=\"https:\/\/stil-fit.com\/wp-content\/uploads\/2020\/10\/HighLife1.jpg\" class=\"attachment-original size-original\" alt=\"\" srcset=\"https:\/\/stil-fit.com\/wp-content\/uploads\/2020\/10\/HighLife1.jpg 1221w, https:\/\/stil-fit.com\/wp-content\/uploads\/2020\/10\/HighLife1-210x300.jpg 210w, https:\/\/stil-fit.com\/wp-content\/uploads\/2020\/10\/HighLife1-717x1024.jpg 717w, https:\/\/stil-fit.com\/wp-content\/uploads\/2020\/10\/HighLife1-768x1097.jpg 768w, https:\/\/stil-fit.com\/wp-content\/uploads\/2020\/10\/HighLife1-600x857.jpg 600w, https:\/\/stil-fit.com\/wp-content\/uploads\/2020\/10\/HighLife1-1075x1536.jpg 1075w, https:\/\/stil-fit.com\/wp-content\/uploads\/2020\/10\/HighLife1-510x728.jpg 510w, https:\/\/stil-fit.com\/wp-content\/uploads\/2020\/10\/HighLife1-14x20.jpg 14w\" sizes=\"(max-width: 1221px) 100vw, 1221px\" \/>\t\t\t\t\t\t\n\t\t\t\t\t<\/div>\n\t\t\t\t\t\t<\/a>\t\t\n<style>\n#image_283437239 {\n  width: 100%;\n}\n<\/style>\n\t<\/div>\n\t\n\n\n\t\t<\/div>\n\t\t\t\t\n<style>\n#col-356768536 > .col-inner {\n  padding: px 0px 0px 0%;\n  max-width: 520px;\n}\n<\/style>\n\t<\/div>\n\n\t\n\n<\/div>\n\n\t\t<\/div>\n\n\t\t\n<style>\n#section_479464141 {\n  padding-top: 0px;\n  padding-bottom: 0px;\n  background-color: rgb(247, 247, 247);\n}\n#section_479464141 .section-bg-overlay {\n  background-color: rgba(255, 255, 255, 0.85);\n}\n<\/style>\n\t<\/section>\n\t\n\n\t<section class=\"section\" id=\"section_439044265\">\n\t\t<div class=\"section-bg fill\" >\n\t\t\t\t\t\t\t\t\t<div class=\"section-bg-overlay absolute fill\"><\/div>\n\t\t\t\n\n\t\t<\/div>\n\n\t\t\n\n\t\t<div class=\"section-content relative\">\n\t\t\t\n\n<div class=\"row row-collapse row-full-width align-middle\"  id=\"row-656227070\">\n\n\n\t<div id=\"col-769317098\" class=\"col medium-6 small-12 large-6\"  >\n\t\t\t\t<div class=\"col-inner\"  >\n\t\t\t\n\t\t\t\n\n\t<div class=\"img has-hover x md-x lg-x y md-y lg-y\" id=\"image_1734455541\">\n\t\t\t\t\t\t\t\t<div class=\"img-inner dark\" >\n\t\t\t<img decoding=\"async\" width=\"1248\" height=\"1621\" src=\"https:\/\/stil-fit.com\/wp-content\/uploads\/2020\/10\/Wohndesign-STIL-FIT.jpg\" class=\"attachment-original size-original\" alt=\"\" srcset=\"https:\/\/stil-fit.com\/wp-content\/uploads\/2020\/10\/Wohndesign-STIL-FIT.jpg 1248w, https:\/\/stil-fit.com\/wp-content\/uploads\/2020\/10\/Wohndesign-STIL-FIT-231x300.jpg 231w, https:\/\/stil-fit.com\/wp-content\/uploads\/2020\/10\/Wohndesign-STIL-FIT-788x1024.jpg 788w, https:\/\/stil-fit.com\/wp-content\/uploads\/2020\/10\/Wohndesign-STIL-FIT-768x998.jpg 768w, https:\/\/stil-fit.com\/wp-content\/uploads\/2020\/10\/Wohndesign-STIL-FIT-600x779.jpg 600w, https:\/\/stil-fit.com\/wp-content\/uploads\/2020\/10\/Wohndesign-STIL-FIT-1183x1536.jpg 1183w, https:\/\/stil-fit.com\/wp-content\/uploads\/2020\/10\/Wohndesign-STIL-FIT-510x662.jpg 510w, https:\/\/stil-fit.com\/wp-content\/uploads\/2020\/10\/Wohndesign-STIL-FIT-15x20.jpg 15w\" sizes=\"(max-width: 1248px) 100vw, 1248px\" \/>\t\t\t\t\t\t\n\t\t\t\t\t<\/div>\n\t\t\t\t\t\t\t\t\n<style>\n#image_1734455541 {\n  width: 100%;\n}\n<\/style>\n\t<\/div>\n\t\n\n\n\t\t<\/div>\n\t\t\t\t\t<\/div>\n\n\t\n\n\t<div id=\"col-1813701527\" class=\"col medium-6 small-12 large-6\"  >\n\t\t\t\t<div class=\"col-inner text-center\"  >\n\t\t\t\n\t\t\t\n\n\t<div class=\"img has-hover x md-x lg-x y md-y lg-y\" id=\"image_1802871904\">\n\t\t\t\t\t\t\t\t<div class=\"img-inner dark\" >\n\t\t\t<img decoding=\"async\" width=\"1243\" height=\"1621\" src=\"https:\/\/stil-fit.com\/wp-content\/uploads\/2020\/10\/WohnDesign_STIL-FIT.jpg\" class=\"attachment-original size-original\" alt=\"\" srcset=\"https:\/\/stil-fit.com\/wp-content\/uploads\/2020\/10\/WohnDesign_STIL-FIT.jpg 1243w, https:\/\/stil-fit.com\/wp-content\/uploads\/2020\/10\/WohnDesign_STIL-FIT-230x300.jpg 230w, https:\/\/stil-fit.com\/wp-content\/uploads\/2020\/10\/WohnDesign_STIL-FIT-785x1024.jpg 785w, https:\/\/stil-fit.com\/wp-content\/uploads\/2020\/10\/WohnDesign_STIL-FIT-768x1002.jpg 768w, https:\/\/stil-fit.com\/wp-content\/uploads\/2020\/10\/WohnDesign_STIL-FIT-600x782.jpg 600w, https:\/\/stil-fit.com\/wp-content\/uploads\/2020\/10\/WohnDesign_STIL-FIT-1178x1536.jpg 1178w, https:\/\/stil-fit.com\/wp-content\/uploads\/2020\/10\/WohnDesign_STIL-FIT-510x665.jpg 510w, https:\/\/stil-fit.com\/wp-content\/uploads\/2020\/10\/WohnDesign_STIL-FIT-15x20.jpg 15w\" sizes=\"(max-width: 1243px) 100vw, 1243px\" \/>\t\t\t\t\t\t\n\t\t\t\t\t<\/div>\n\t\t\t\t\t\t\t\t\n<style>\n#image_1802871904 {\n  width: 100%;\n}\n<\/style>\n\t<\/div>\n\t\n\n\n\t\t<\/div>\n\t\t\t\t\n<style>\n#col-1813701527 > .col-inner {\n  padding: px 0px 0px 0%;\n  max-width: 520px;\n}\n<\/style>\n\t<\/div>\n\n\t\n\n<\/div>\n\n\t\t<\/div>\n\n\t\t\n<style>\n#section_439044265 {\n  padding-top: 0px;\n  padding-bottom: 0px;\n  background-color: rgb(247, 247, 247);\n}\n#section_439044265 .section-bg-overlay {\n  background-color: rgba(255, 255, 255, 0.85);\n}\n<\/style>\n\t<\/section>\n\t\n\n\t<section class=\"section\" id=\"section_1756658230\">\n\t\t<div class=\"section-bg fill\" >\n\t\t\t\t\t\t\t\t\t<div class=\"section-bg-overlay absolute fill\"><\/div>\n\t\t\t\n\n\t\t<\/div>\n\n\t\t\n\n\t\t<div class=\"section-content relative\">\n\t\t\t\n\n<div class=\"row row-collapse row-full-width align-middle\"  id=\"row-1656230847\">\n\n\n\t<div id=\"col-674270566\" class=\"col medium-6 small-12 large-6\"  >\n\t\t\t\t<div class=\"col-inner\"  >\n\t\t\t\n\t\t\t\n\n\t<div class=\"img has-hover x md-x lg-x y md-y lg-y\" id=\"image_49690634\">\n\t\t<a class=\"image-lightbox lightbox-gallery\" title=\"\" href=\"https:\/\/stil-fit.com\/wp-content\/uploads\/2020\/09\/PamS_200426_Stil.jpg\">\t\t\t\t\t\t<div class=\"img-inner dark\" >\n\t\t\t<img decoding=\"async\" width=\"1180\" height=\"1771\" src=\"https:\/\/stil-fit.com\/wp-content\/uploads\/2020\/09\/PamS_200426_Stil.jpg\" class=\"attachment-original size-original\" alt=\"\" srcset=\"https:\/\/stil-fit.com\/wp-content\/uploads\/2020\/09\/PamS_200426_Stil.jpg 1180w, https:\/\/stil-fit.com\/wp-content\/uploads\/2020\/09\/PamS_200426_Stil-200x300.jpg 200w, https:\/\/stil-fit.com\/wp-content\/uploads\/2020\/09\/PamS_200426_Stil-682x1024.jpg 682w, https:\/\/stil-fit.com\/wp-content\/uploads\/2020\/09\/PamS_200426_Stil-768x1153.jpg 768w, https:\/\/stil-fit.com\/wp-content\/uploads\/2020\/09\/PamS_200426_Stil-600x901.jpg 600w, https:\/\/stil-fit.com\/wp-content\/uploads\/2020\/09\/PamS_200426_Stil-1023x1536.jpg 1023w, https:\/\/stil-fit.com\/wp-content\/uploads\/2020\/09\/PamS_200426_Stil-510x765.jpg 510w, https:\/\/stil-fit.com\/wp-content\/uploads\/2020\/09\/PamS_200426_Stil-13x20.jpg 13w\" sizes=\"(max-width: 1180px) 100vw, 1180px\" \/>\t\t\t\t\t\t\n\t\t\t\t\t<\/div>\n\t\t\t\t\t\t<\/a>\t\t\n<style>\n#image_49690634 {\n  width: 100%;\n}\n<\/style>\n\t<\/div>\n\t\n\n\n\t\t<\/div>\n\t\t\t\t\n<style>\n#col-674270566 > .col-inner {\n  padding: px 0px 0px 0px;\n  margin: 0px 0px 0px 0px;\n}\n<\/style>\n\t<\/div>\n\n\t\n\n\t<div id=\"col-398201268\" class=\"col medium-6 small-12 large-6\"  >\n\t\t\t\t<div class=\"col-inner text-center\"  >\n\t\t\t\n\t\t\t\n\n<h2 style=\"text-align: left;\">Die Presse &#8211; Fitnes za estete  <\/h2>\n<p style=\"text-align: left;\">\u010clanak Daniela Kalta o vru\u0107oj temi ku\u0107nog fitnessa. O tome je razgovarao na\u0161 dizajner Anton Maria Rief jer smo svoju ciljnu skupinu uvijek vidjeli upravo u tom segmentu.   <\/p>\n\n\t\t<\/div>\n\t\t\t\t\n<style>\n#col-398201268 > .col-inner {\n  padding: 10% 10% 10% 10%;\n  max-width: 520px;\n}\n<\/style>\n\t<\/div>\n\n\t\n\n<\/div>\n\n\t\t<\/div>\n\n\t\t\n<style>\n#section_1756658230 {\n  padding-top: 0px;\n  padding-bottom: 0px;\n  background-color: rgb(247, 247, 247);\n}\n#section_1756658230 .section-bg-overlay {\n  background-color: rgba(255, 255, 255, 0.85);\n}\n<\/style>\n\t<\/section>\n\t\n\n\t<section class=\"section\" id=\"section_1960087771\">\n\t\t<div class=\"section-bg fill\" >\n\t\t\t\t\t\t\t\t\t<div class=\"section-bg-overlay absolute fill\"><\/div>\n\t\t\t\n\n\t\t<\/div>\n\n\t\t\n\n\t\t<div class=\"section-content relative\">\n\t\t\t\n\n<div class=\"row row-collapse row-full-width align-middle\"  id=\"row-727125178\">\n\n\n\t<div id=\"col-109368774\" class=\"col medium-6 small-12 large-6\"  >\n\t\t\t\t<div class=\"col-inner\"  >\n\t\t\t\n\t\t\t\n\n\t<div class=\"img has-hover x md-x lg-x y md-y lg-y\" id=\"image_609927445\">\n\t\t\t\t\t\t\t\t<div class=\"img-inner dark\" >\n\t\t\t<img decoding=\"async\" width=\"1910\" height=\"2560\" src=\"https:\/\/stil-fit.com\/wp-content\/uploads\/2020\/10\/Glamour-1-scaled.jpeg\" class=\"attachment-original size-original\" alt=\"\" srcset=\"https:\/\/stil-fit.com\/wp-content\/uploads\/2020\/10\/Glamour-1-scaled.jpeg 1910w, https:\/\/stil-fit.com\/wp-content\/uploads\/2020\/10\/Glamour-1-224x300.jpeg 224w, https:\/\/stil-fit.com\/wp-content\/uploads\/2020\/10\/Glamour-1-764x1024.jpeg 764w, https:\/\/stil-fit.com\/wp-content\/uploads\/2020\/10\/Glamour-1-768x1029.jpeg 768w, https:\/\/stil-fit.com\/wp-content\/uploads\/2020\/10\/Glamour-1-600x804.jpeg 600w, https:\/\/stil-fit.com\/wp-content\/uploads\/2020\/10\/Glamour-1-1146x1536.jpeg 1146w, https:\/\/stil-fit.com\/wp-content\/uploads\/2020\/10\/Glamour-1-1528x2048.jpeg 1528w, https:\/\/stil-fit.com\/wp-content\/uploads\/2020\/10\/Glamour-1-510x683.jpeg 510w, https:\/\/stil-fit.com\/wp-content\/uploads\/2020\/10\/Glamour-1-15x20.jpeg 15w\" sizes=\"(max-width: 1910px) 100vw, 1910px\" \/>\t\t\t\t\t\t\n\t\t\t\t\t<\/div>\n\t\t\t\t\t\t\t\t\n<style>\n#image_609927445 {\n  width: 100%;\n}\n<\/style>\n\t<\/div>\n\t\n\n\n\t\t<\/div>\n\t\t\t\t\t<\/div>\n\n\t\n\n\t<div id=\"col-724951810\" class=\"col medium-6 small-12 large-6\"  >\n\t\t\t\t<div class=\"col-inner text-center\"  >\n\t\t\t\n\t\t\t\n\n\t<div class=\"img has-hover x md-x lg-x y md-y lg-y\" id=\"image_1461430762\">\n\t\t\t\t\t\t\t\t<div class=\"img-inner dark\" style=\"margin:0px 0px px 0px;\">\n\t\t\t<img decoding=\"async\" width=\"1808\" height=\"2560\" src=\"https:\/\/stil-fit.com\/wp-content\/uploads\/2020\/10\/Glamour-scaled.jpeg\" class=\"attachment-original size-original\" alt=\"\" srcset=\"https:\/\/stil-fit.com\/wp-content\/uploads\/2020\/10\/Glamour-scaled.jpeg 1808w, https:\/\/stil-fit.com\/wp-content\/uploads\/2020\/10\/Glamour-212x300.jpeg 212w, https:\/\/stil-fit.com\/wp-content\/uploads\/2020\/10\/Glamour-723x1024.jpeg 723w, https:\/\/stil-fit.com\/wp-content\/uploads\/2020\/10\/Glamour-768x1088.jpeg 768w, https:\/\/stil-fit.com\/wp-content\/uploads\/2020\/10\/Glamour-600x850.jpeg 600w, https:\/\/stil-fit.com\/wp-content\/uploads\/2020\/10\/Glamour-1085x1536.jpeg 1085w, https:\/\/stil-fit.com\/wp-content\/uploads\/2020\/10\/Glamour-1446x2048.jpeg 1446w, https:\/\/stil-fit.com\/wp-content\/uploads\/2020\/10\/Glamour-510x722.jpeg 510w, https:\/\/stil-fit.com\/wp-content\/uploads\/2020\/10\/Glamour-14x20.jpeg 14w\" sizes=\"(max-width: 1808px) 100vw, 1808px\" \/>\t\t\t\t\t\t\n\t\t\t\t\t<\/div>\n\t\t\t\t\t\t\t\t\n<style>\n#image_1461430762 {\n  width: 100%;\n}\n<\/style>\n\t<\/div>\n\t\n\n\n\t\t<\/div>\n\t\t\t\t\n<style>\n#col-724951810 > .col-inner {\n  padding: px 0px 0px 0%;\n  max-width: 520px;\n}\n<\/style>\n\t<\/div>\n\n\t\n\n<\/div>\n\n\t\t<\/div>\n\n\t\t\n<style>\n#section_1960087771 {\n  padding-top: 0px;\n  padding-bottom: 0px;\n  background-color: rgb(247, 247, 247);\n}\n#section_1960087771 .section-bg-overlay {\n  background-color: rgba(255, 255, 255, 0.85);\n}\n<\/style>\n\t<\/section>\n\t\n\n     <\/div>\n\n     <div class=\"loading-spin dark large centered\"><\/div>\n\n\t<\/div>\n\n","protected":false},"excerpt":{"rendered":"","protected":false},"author":2,"featured_media":0,"parent":0,"menu_order":0,"comment_status":"closed","ping_status":"closed","template":"page-blank.php","meta":{"_monsterinsights_skip_tracking":false,"_monsterinsights_sitenote_active":false,"_monsterinsights_sitenote_note":"","_monsterinsights_sitenote_category":0,"footnotes":""},"yst_prominent_words":[],"class_list":["post-34464","page","type-page","status-publish","hentry"],"yoast_head":"<!-- This site is optimized with the Yoast SEO Premium plugin v14.5 - https:\/\/yoast.com\/wordpress\/plugins\/seo\/ -->\n<title>Publikacije | STIL-FIT<\/title>\n<meta name=\"robots\" content=\"index, follow\" \/>\n<meta name=\"googlebot\" content=\"index, follow, max-snippet:-1, max-image-preview:large, max-video-preview:-1\" \/>\n<meta name=\"bingbot\" content=\"index, follow, max-snippet:-1, max-image-preview:large, max-video-preview:-1\" \/>\n<link rel=\"canonical\" href=\"https:\/\/stil-fit.com\/hr\/publikacije\/\" \/>\n<meta property=\"og:locale\" content=\"hr_HR\" \/>\n<meta property=\"og:type\" content=\"article\" \/>\n<meta property=\"og:title\" content=\"Publikacije | STIL-FIT\" \/>\n<meta property=\"og:url\" content=\"https:\/\/stil-fit.com\/hr\/publikacije\/\" \/>\n<meta property=\"og:site_name\" content=\"STIL-FIT\" \/>\n<meta property=\"article:publisher\" content=\"https:\/\/de-de.facebook.com\/stilfit\/\" \/>\n<meta property=\"article:modified_time\" content=\"2025-03-20T15:47:15+00:00\" \/>\n<meta name=\"twitter:card\" content=\"summary_large_image\" \/>\n<script type=\"application\/ld+json\" class=\"yoast-schema-graph\">{\"@context\":\"https:\/\/schema.org\",\"@graph\":[{\"@type\":\"Organization\",\"@id\":\"https:\/\/stil-fit.com\/hr\/#organization\",\"name\":\"STIL-FIT International GmbH\",\"url\":\"https:\/\/stil-fit.com\/hr\/\",\"sameAs\":[\"https:\/\/de-de.facebook.com\/stilfit\/\",\"https:\/\/www.instagram.com\/stil_fit_int\/\",\"https:\/\/www.linkedin.com\/company\/stil-fit-international-gmbh\",\"https:\/\/www.youtube.com\/channel\/UC2HA1BeZtFB0acPMfq1hKdQ\",\"https:\/\/www.pinterest.com\/STILFITInt\/\"],\"logo\":{\"@type\":\"ImageObject\",\"@id\":\"https:\/\/stil-fit.com\/hr\/#logo\",\"inLanguage\":\"hr\",\"url\":\"https:\/\/stil-fit.com\/wp-content\/uploads\/2019\/02\/stilfit_logo.jpg\",\"width\":150,\"height\":150,\"caption\":\"STIL-FIT International GmbH\"},\"image\":{\"@id\":\"https:\/\/stil-fit.com\/hr\/#logo\"}},{\"@type\":\"WebSite\",\"@id\":\"https:\/\/stil-fit.com\/hr\/#website\",\"url\":\"https:\/\/stil-fit.com\/hr\/\",\"name\":\"STIL-FIT\",\"description\":\"Stil-fit\",\"publisher\":{\"@id\":\"https:\/\/stil-fit.com\/hr\/#organization\"},\"potentialAction\":[{\"@type\":\"SearchAction\",\"target\":\"https:\/\/stil-fit.com\/hr\/?s={search_term_string}\",\"query-input\":\"required name=search_term_string\"}],\"inLanguage\":\"hr\"},{\"@type\":\"WebPage\",\"@id\":\"https:\/\/stil-fit.com\/hr\/publikacije\/#webpage\",\"url\":\"https:\/\/stil-fit.com\/hr\/publikacije\/\",\"name\":\"Publikacije | STIL-FIT\",\"isPartOf\":{\"@id\":\"https:\/\/stil-fit.com\/hr\/#website\"},\"datePublished\":\"2025-03-20T15:47:08+00:00\",\"dateModified\":\"2025-03-20T15:47:15+00:00\",\"inLanguage\":\"hr\",\"potentialAction\":[{\"@type\":\"ReadAction\",\"target\":[\"https:\/\/stil-fit.com\/hr\/publikacije\/\"]}]}]}<\/script>\n<!-- \/ Yoast SEO Premium plugin. -->","post_mailing_queue_ids":[],"_links":{"self":[{"href":"https:\/\/stil-fit.com\/hr\/wp-json\/wp\/v2\/pages\/34464","targetHints":{"allow":["GET"]}}],"collection":[{"href":"https:\/\/stil-fit.com\/hr\/wp-json\/wp\/v2\/pages"}],"about":[{"href":"https:\/\/stil-fit.com\/hr\/wp-json\/wp\/v2\/types\/page"}],"author":[{"embeddable":true,"href":"https:\/\/stil-fit.com\/hr\/wp-json\/wp\/v2\/users\/2"}],"replies":[{"embeddable":true,"href":"https:\/\/stil-fit.com\/hr\/wp-json\/wp\/v2\/comments?post=34464"}],"version-history":[{"count":2,"href":"https:\/\/stil-fit.com\/hr\/wp-json\/wp\/v2\/pages\/34464\/revisions"}],"predecessor-version":[{"id":34474,"href":"https:\/\/stil-fit.com\/hr\/wp-json\/wp\/v2\/pages\/34464\/revisions\/34474"}],"wp:attachment":[{"href":"https:\/\/stil-fit.com\/hr\/wp-json\/wp\/v2\/media?parent=34464"}],"wp:term":[{"taxonomy":"yst_prominent_words","embeddable":true,"href":"https:\/\/stil-fit.com\/hr\/wp-json\/wp\/v2\/yst_prominent_words?post=34464"}],"curies":[{"name":"wp","href":"https:\/\/api.w.org\/{rel}","templated":true}]}}