{"id":34545,"date":"2025-03-20T16:48:13","date_gmt":"2025-03-20T15:48:13","guid":{"rendered":"https:\/\/stil-fit.com\/financiranje\/"},"modified":"2025-03-20T16:48:22","modified_gmt":"2025-03-20T15:48:22","slug":"financiranje","status":"publish","type":"page","link":"https:\/\/stil-fit.com\/hr\/financiranje\/","title":{"rendered":"financiranje"},"content":{"rendered":"\n\t<section class=\"section\" id=\"section_1338119319\">\n\t\t<div class=\"section-bg fill\" >\n\t\t\t\t\t\t\t\t\t\n\t\t\t\n\n\t\t<\/div>\n\n\t\t\n\n\t\t<div class=\"section-content relative\">\n\t\t\t\n<div class=\"row align-center\"  id=\"row-1423222394\">\n\n\t<div id=\"col-1220935756\" class=\"col medium-7 small-9 large-7\"  >\n\t\t\t\t<div class=\"col-inner text-center\"  >\n\t\t\t\n\t\t\t\n<h2><span style=\"font-size: 80%;\">Obro\u010dno financiranje va\u0161e nove fitness opreme sa Santander bankom<\/span><\/p>\n\t<div id=\"gap-1009369436\" class=\"gap-element clearfix\" style=\"display:block; height:auto;\">\n\t\t\n<style>\n#gap-1009369436 {\n  padding-top: 70px;\n}\n<\/style>\n\t<\/div>\n\t\n<\/h2>\n<h3><span style=\"font-size: 140%;\">Prvo treniraj, a onda plati<\/span><\/h3>\n\t\t<\/div>\n\t\t\t\t\t<\/div>\n\n\t\n<\/div>\n<div class=\"row align-center\"  id=\"row-1083087260\">\n\n\t<div id=\"col-1290106828\" class=\"col medium-4 small-9 large-4\"  >\n\t\t\t\t<div class=\"col-inner\"  >\n\t\t\t\n\t\t\t\n<h3 style=\"text-align: center;\"><span style=\"font-size: 90%;\">0% financiranja&nbsp;<\/span><\/h3>\n<p style=\"text-align: center;\"><span style=\"font-size: 90%;\">S na\u0161im zajmom na rate od 0% od banke Santander mo\u017eete trenirati s jo\u0161 vi\u0161e motivacije.&nbsp;<\/span><\/p>\n\t\t<\/div>\n\t\t\t\t\t<\/div>\n\n\t\n\n\t<div id=\"col-1800826975\" class=\"col medium-4 small-9 large-4\"  >\n\t\t\t\t<div class=\"col-inner\"  >\n\t\t\t\n\t\t\t\n<h3 style=\"text-align: center;\"><span style=\"font-size: 90%;\">Pla\u0107anje na mjese\u010dne rate<\/span><\/h3>\n<p class=\"bodytext\" style=\"text-align: center;\"><span style=\"font-size: 90%;\">Odaberite rok pla\u0107anja izme\u0111u 6 i 24 mjeseca.<\/span><\/p>\n\t\t<\/div>\n\t\t\t\t\t<\/div>\n\n\t\n\n\t<div id=\"col-130478966\" class=\"col medium-4 small-9 large-4\"  >\n\t\t\t\t<div class=\"col-inner\"  >\n\t\t\t\n\t\t\t\n<h3 style=\"text-align: center;\"><span style=\"font-size: 90%;\">Pla\u0107ajte lako<\/span><\/h3>\n<p style=\"text-align: center;\"><span style=\"font-size: 90%;\">Dobivate robu, a zatim povoljno kre\u0107ete s pla\u0107anjem na rate.&nbsp;<\/span><\/p>\n\t\t<\/div>\n\t\t\t\t\t<\/div>\n\n\t\n\n\t<div id=\"col-307072155\" class=\"col medium-9 small-12 large-9\"  >\n\t\t\t\t<div class=\"col-inner text-center\"  >\n\t\t\t\n\t\t\t\n\t<div id=\"gap-166051849\" class=\"gap-element clearfix\" style=\"display:block; height:auto;\">\n\t\t\n<style>\n#gap-166051849 {\n  padding-top: 50px;\n}\n<\/style>\n\t<\/div>\n\t\n<h2><span style=\"font-size: 70%;\">Va\u0161e zdravlje nam je va\u017eno. Uz na\u0161u prakti\u010dnu opciju financiranja od 0%, kupoprodajna cijena postaje sekundarni problem. Na\u0161 partner, banka Santander, upravlja va\u0161im financiranjem u samo nekoliko jednostavnih koraka. Dobivate svoju novu fitness opremu i tek onda kre\u0107ete s pla\u0107anjem.   <\/span><\/p>\n\t\t<\/div>\n\t\t\t\t\t<\/div>\n\n\t\n<\/div>\n\t<div id=\"gap-908853697\" class=\"gap-element clearfix\" style=\"display:block; height:auto;\">\n\t\t\n<style>\n#gap-908853697 {\n  padding-top: 80px;\n}\n<\/style>\n\t<\/div>\n\t\n<div class=\"row align-middle align-center\"  id=\"row-811864135\">\n\n\t<div id=\"col-1344305839\" class=\"col medium-6 small-12 large-6\"  >\n\t\t\t\t<div class=\"col-inner\"  >\n\t\t\t\n\t\t\t\n<a href=\"https:\/\/stil-fit.com\/ergometer\/\" class=\"button primary is-outline is-small\"  style=\"border-radius:99px;\">\n\t\t<span>ergometar<\/span>\n\t<\/a>\n\n<a href=\"https:\/\/stil-fit.com\/hr\/sprave-za-veslanje\/\" class=\"button primary is-outline is-small\"  style=\"border-radius:99px;\">\n\t\t<span>stroj za veslanje<\/span>\n\t<\/a>\n\n<a href=\"https:\/\/stil-fit.com\/kabelzug\/\" class=\"button primary is-outline is-small\"  style=\"border-radius:99px;\">\n\t\t<span>povla\u010denje kabela<\/span>\n\t<\/a>\n\n<a href=\"https:\/\/stil-fit.com\/hr\/pribor\/\" class=\"button primary is-outline is-small\"  style=\"border-radius:99px;\">\n\t\t<span>Pribor<\/span>\n\t<\/a>\n\n\t\t<\/div>\n\t\t\t\t\t<\/div>\n\n\t\n<\/div>\n\t\t<\/div>\n\n\t\t\n<style>\n#section_1338119319 {\n  padding-top: 100px;\n  padding-bottom: 100px;\n  background-color: rgb(255,255,255);\n}\n<\/style>\n\t<\/section>\n\t","protected":false},"excerpt":{"rendered":"","protected":false},"author":2,"featured_media":0,"parent":0,"menu_order":1,"comment_status":"closed","ping_status":"closed","template":"page-blank.php","meta":{"_monsterinsights_skip_tracking":false,"_monsterinsights_sitenote_active":false,"_monsterinsights_sitenote_note":"","_monsterinsights_sitenote_category":0,"footnotes":""},"yst_prominent_words":[570,564,172,573,576,575,569,567,579,565,581,578,577,572,571,161,566,574,568,580],"class_list":["post-34545","page","type-page","status-publish","hentry"],"yoast_head":"<!-- This site is optimized with the Yoast SEO Premium plugin v14.5 - https:\/\/yoast.com\/wordpress\/plugins\/seo\/ -->\n<title>financiranje | STIL-FIT<\/title>\n<meta name=\"robots\" content=\"index, follow\" \/>\n<meta name=\"googlebot\" content=\"index, follow, max-snippet:-1, max-image-preview:large, max-video-preview:-1\" \/>\n<meta name=\"bingbot\" content=\"index, follow, max-snippet:-1, max-image-preview:large, max-video-preview:-1\" \/>\n<link rel=\"canonical\" href=\"https:\/\/stil-fit.com\/hr\/financiranje\/\" \/>\n<meta property=\"og:locale\" content=\"hr_HR\" \/>\n<meta property=\"og:type\" content=\"article\" \/>\n<meta property=\"og:title\" content=\"financiranje | STIL-FIT\" \/>\n<meta property=\"og:url\" content=\"https:\/\/stil-fit.com\/hr\/financiranje\/\" \/>\n<meta property=\"og:site_name\" content=\"STIL-FIT\" \/>\n<meta property=\"article:publisher\" content=\"https:\/\/de-de.facebook.com\/stilfit\/\" \/>\n<meta property=\"article:modified_time\" content=\"2025-03-20T15:48:22+00:00\" \/>\n<meta name=\"twitter:card\" content=\"summary_large_image\" \/>\n<script type=\"application\/ld+json\" class=\"yoast-schema-graph\">{\"@context\":\"https:\/\/schema.org\",\"@graph\":[{\"@type\":\"Organization\",\"@id\":\"https:\/\/stil-fit.com\/hr\/#organization\",\"name\":\"STIL-FIT International GmbH\",\"url\":\"https:\/\/stil-fit.com\/hr\/\",\"sameAs\":[\"https:\/\/de-de.facebook.com\/stilfit\/\",\"https:\/\/www.instagram.com\/stil_fit_int\/\",\"https:\/\/www.linkedin.com\/company\/stil-fit-international-gmbh\",\"https:\/\/www.youtube.com\/channel\/UC2HA1BeZtFB0acPMfq1hKdQ\",\"https:\/\/www.pinterest.com\/STILFITInt\/\"],\"logo\":{\"@type\":\"ImageObject\",\"@id\":\"https:\/\/stil-fit.com\/hr\/#logo\",\"inLanguage\":\"hr\",\"url\":\"https:\/\/stil-fit.com\/wp-content\/uploads\/2019\/02\/stilfit_logo.jpg\",\"width\":150,\"height\":150,\"caption\":\"STIL-FIT International GmbH\"},\"image\":{\"@id\":\"https:\/\/stil-fit.com\/hr\/#logo\"}},{\"@type\":\"WebSite\",\"@id\":\"https:\/\/stil-fit.com\/hr\/#website\",\"url\":\"https:\/\/stil-fit.com\/hr\/\",\"name\":\"STIL-FIT\",\"description\":\"Stil-fit\",\"publisher\":{\"@id\":\"https:\/\/stil-fit.com\/hr\/#organization\"},\"potentialAction\":[{\"@type\":\"SearchAction\",\"target\":\"https:\/\/stil-fit.com\/hr\/?s={search_term_string}\",\"query-input\":\"required name=search_term_string\"}],\"inLanguage\":\"hr\"},{\"@type\":\"WebPage\",\"@id\":\"https:\/\/stil-fit.com\/hr\/financiranje\/#webpage\",\"url\":\"https:\/\/stil-fit.com\/hr\/financiranje\/\",\"name\":\"financiranje | STIL-FIT\",\"isPartOf\":{\"@id\":\"https:\/\/stil-fit.com\/hr\/#website\"},\"datePublished\":\"2025-03-20T15:48:13+00:00\",\"dateModified\":\"2025-03-20T15:48:22+00:00\",\"inLanguage\":\"hr\",\"potentialAction\":[{\"@type\":\"ReadAction\",\"target\":[\"https:\/\/stil-fit.com\/hr\/financiranje\/\"]}]}]}<\/script>\n<!-- \/ Yoast SEO Premium plugin. -->","post_mailing_queue_ids":[],"_links":{"self":[{"href":"https:\/\/stil-fit.com\/hr\/wp-json\/wp\/v2\/pages\/34545","targetHints":{"allow":["GET"]}}],"collection":[{"href":"https:\/\/stil-fit.com\/hr\/wp-json\/wp\/v2\/pages"}],"about":[{"href":"https:\/\/stil-fit.com\/hr\/wp-json\/wp\/v2\/types\/page"}],"author":[{"embeddable":true,"href":"https:\/\/stil-fit.com\/hr\/wp-json\/wp\/v2\/users\/2"}],"replies":[{"embeddable":true,"href":"https:\/\/stil-fit.com\/hr\/wp-json\/wp\/v2\/comments?post=34545"}],"version-history":[{"count":1,"href":"https:\/\/stil-fit.com\/hr\/wp-json\/wp\/v2\/pages\/34545\/revisions"}],"predecessor-version":[{"id":34547,"href":"https:\/\/stil-fit.com\/hr\/wp-json\/wp\/v2\/pages\/34545\/revisions\/34547"}],"wp:attachment":[{"href":"https:\/\/stil-fit.com\/hr\/wp-json\/wp\/v2\/media?parent=34545"}],"wp:term":[{"taxonomy":"yst_prominent_words","embeddable":true,"href":"https:\/\/stil-fit.com\/hr\/wp-json\/wp\/v2\/yst_prominent_words?post=34545"}],"curies":[{"name":"wp","href":"https:\/\/api.w.org\/{rel}","templated":true}]}}