{"id":34567,"date":"2025-03-20T16:48:35","date_gmt":"2025-03-20T15:48:35","guid":{"rendered":"https:\/\/stil-fit.com\/odredbe-i-uvjeti\/"},"modified":"2025-03-20T16:48:40","modified_gmt":"2025-03-20T15:48:40","slug":"odredbe-i-uvjeti","status":"publish","type":"page","link":"https:\/\/stil-fit.com\/hr\/odredbe-i-uvjeti\/","title":{"rendered":"Odredbe i uvjeti"},"content":{"rendered":"<div class=\"row\"  id=\"row-1160869105\">\n\n\n\t<div id=\"col-1568031735\" class=\"col small-12 large-12\"  >\n\t\t\t\t<div class=\"col-inner\"  >\n\t\t\t\n\t\t\t\n\n\t<div id=\"gap-2037030337\" class=\"gap-element clearfix\" style=\"display:block; height:auto;\">\n\t\t\n<style>\n#gap-2037030337 {\n  padding-top: 100px;\n}\n<\/style>\n\t<\/div>\n\t\n\n<h1>Odredbe i uvjeti \/\/ STIL-FIT International GmbH<\/h1>\n<p> <\/p>\n<ol>\n<li>General<\/li>\n<\/ol>\n<p>Na\u0161i op\u0107i uvjeti vrijede za sve na\u0161e poslovne odnose s na\u0161im kupcima. Tako\u0111er \u0107e se primjenjivati \u200b\u200bkao okvirni sporazum za budu\u0107e ugovore o prodaji i\/ili isporuci pokretnih dobara s istim kupcima, bez potrebe da ih ponovno pozivamo u svakom pojedina\u010dnom slu\u010daju. Op\u0107i uvjeti kupca ne\u0107e postati dio bilo kojeg ugovora sklopljenog s nama osim ako smo izri\u010dito pristali na njihovo uklju\u010divanje u pisanom obliku.  <\/p>\n<ol start=\"2\">\n<li>Sklapanje ugovora<\/li>\n<\/ol>\n<p>Narud\u017eba kupca za robu smatra se obvezuju\u0107om ugovornom ponudom. U tim slu\u010dajevima, ugovor s nama je zaklju\u010den na\u0161om potvrdom narud\u017ebe (dovoljan je e-mail). Osim ako nije druga\u010dije navedeno u narud\u017ebi kupca, imamo pravo prihvatiti ovu ugovornu ponudu unutar \u010detiri tjedna od primitka. Ako narud\u017ebi prethodi na\u0161a pravno obvezuju\u0107a ponuda, ugovor je sklopljen kada nam kupac preda narud\u017ebu, bez potrebe za dodatnom potvrdom s na\u0161e strane.   <\/p>\n<ol start=\"3\">\n<li>Cijene<\/li>\n<\/ol>\n<p>3.1. Osim ako nije druga\u010dije izri\u010dito dogovoreno, cijene su franko skladi\u0161te, uve\u0107ane za primjenjivi zakonski porez na dodanu vrijednost i, ako je navedeno u potvrdi narud\u017ebe, ostale tro\u0161kove, posebno prijevoz i po\u0161tarinu. <\/p>\n<p>3.2. Ako kupac s prebivali\u0161tem izvan Savezne Republike Njema\u010dke (vanjski kupac) ili njegov agent preuzima robu i prevozi je ili \u0161alje na vanjsko podru\u010dje, kupac nam mora dostaviti izvoznu potvrdu potrebnu za porezne svrhe. Ako ovaj dokaz nije dostavljen, kupac nam mora platiti iznos PDV-a koji se primjenjuje na isporuke unutar Njema\u010dke na iznos fakture.  <\/p>\n<ol start=\"4\">\n<li>Rokovi isporuke, nemogu\u0107nosti i od\u0161tetni zahtjevi<\/li>\n<\/ol>\n<p>4.1. Fiksni datumi vrijede samo ako smo ih pismeno potvrdili. <\/p>\n<p>4.2. Ako ne mo\u017eemo po\u0161tovati obvezuju\u0107e rokove isporuke ili dogovorene datume isporuke iz razloga na koje ne mo\u017eemo utjecati, posebice u slu\u010daju nedostupnosti usluge, odmah \u0107emo obavijestiti kupca i ujedno navesti o\u010dekivani novi datum isporuke. Ako usluga nije dostupna unutar novog roka isporuke, imamo pravo odustati od ugovora u cijelosti ili djelomi\u010dno; Odmah \u0107emo vratiti sve naknade koje je kupac ve\u0107 platio. Slu\u010dajem nedostupnosti usluge u ovom smislu posebno \u0107e se smatrati neisporuka na\u0161eg dobavlja\u010da na vrijeme, ako smo sklopili konkretnu transakciju za\u0161tite, nismo krivi ni mi ni na\u0161 dobavlja\u010d, ili nismo obvezni nabaviti robu u pojedina\u010dnom slu\u010daju.   <\/p>\n<p>4.3. U slu\u010daju ka\u0161njenja u izvedbi ili nemogu\u0107nosti izvedbe za koju smo mi odgovorni, zahtjevi kupca za naknadu \u0161tete su isklju\u010deni. Ovo se ne primjenjuje u slu\u010dajevima namjere, krajnje nepa\u017enje ili ozljede \u017eivota, tijela ili zdravlja gdje je odgovornost obavezna. Nadalje, primjenjuje se odjeljak 323 Njema\u010dkog gra\u0111anskog zakonika (BGB), uz uvjet da razdoblje odgode koje nam treba postaviti mora biti najmanje \u010detiri tjedna.   <\/p>\n<p>4.4. Ostali zahtjevi za naknadu \u0161tete i naknade tro\u0161kova od strane kupca, neovisno o pravnoj osnovi, posebice zbog povrede obveza iz ugovornog odnosa i delikta, su isklju\u010deni. Ovo ne vrijedi ako je odgovornost obvezna, npr. B. prema Zakonu o odgovornosti za proizvode, u slu\u010dajevima namjere, grubog nemara, ozljede \u017eivota, tijela ili zdravlja ili kr\u0161enja bitnih ugovornih obveza. Me\u0111utim, zahtjev za naknadu \u0161tete zbog kr\u0161enja bitnih ugovornih obveza ograni\u010den je na predvidljivu \u0161tetu tipi\u010dnu za ugovor, osim ako postoji namjera ili gruba nepa\u017enja ili odgovornost nastala zbog povrede \u017eivota, tijela ili zdravlja. Gore navedene odredbe ne uklju\u010duju promjenu tereta dokazivanja na \u0161tetu kupca.    <\/p>\n<p>4.5. Isklju\u010dene su neizravne posljedi\u010dne \u0161tete i zahtjevi kupca za izgubljenu dobit. <\/p>\n<ol start=\"5\">\n<li>pla\u0107anje<\/li>\n<\/ol>\n<p>5.1. Ra\u010duni dospijevaju odmah i pla\u0107aju se bez odbitka bilo kakvog popusta, osim ako nije druga\u010dije ugovoreno u ra\u010dunu. <\/p>\n<p>5.2. Od datuma dospije\u0107a imamo pravo na kamatu po stopi od 8 postotnih bodova iznad odgovaraju\u0107e osnovne kamatne stope. Pravo na dokazivanje daljnje \u0161tete uzrokovane ka\u0161njenjem ostaje zadr\u017eano.  <\/p>\n<ol start=\"6\">\n<li>Jamstvo na materijalne nedostatke<\/li>\n<\/ol>\n<p>6.1. Ako je isporu\u010dena roba neispravna, prvotno imamo pravo na naknadno izvr\u0161enje. Mo\u017eemo birati izme\u0111u otklanjanja kvara (popravak) ili isporuke novog artikla bez kvara. Popravak na licu mjesta obavlja na\u0161 servisni tim ili se ure\u0111aj preuzima i vra\u0107a kupcu nakon zavr\u0161etka popravka. Prijevoz je besplatan. Ako naknadna izvedba ne uspije ili se ne osigura u razumnom roku, kupac mo\u017ee prema vlastitom naho\u0111enju smanjiti cijenu ili odustati od ugovora.     <\/p>\n<p>6.2. O\u0161te\u0107enja nastala uslijed nepravilnog rukovanja, nepo\u0161tivanja uputa za uporabu, neodgovaraju\u0107e njege, uporabe sile ili normalnog tro\u0161enja nisu pokrivena gore navedenim jamstvom. <\/p>\n<p>6.3. Ako se otkriju nedostaci, kupac nas mora odmah obavijestiti pismenim putem. <\/p>\n<p>6.4 Rok zastare prema zakonskim odredbama je 2 godine.<\/p>\n<ol start=\"7\">\n<li>Zadr\u017eavanje prava vlasni\u0161tva<\/li>\n<\/ol>\n<p>7.1. Zadr\u017eavamo vlasni\u0161tvo nad isporu\u010denom robom do podmirenja svih potra\u017eivanja proiza\u0161lih iz na\u0161eg poslovnog odnosa s kupcem. <\/p>\n<p>7.2. Kupac ima pravo prodati rezerviranu robu u redovnom poslovanju sve dok uredno ispunjava svoje obveze koje proizlaze iz poslovnog odnosa s nama. Me\u0111utim, on ne smije zalo\u017eiti robu niti je prenijeti kao jamstvo. Kupac nas mora odmah pismeno obavijestiti ako i u mjeri u kojoj tre\u0107e strane pristupaju robi koja nam pripada ili potra\u017eivanjima koja su nam dodijeljena kao jamstvo. Kupac nam mora odmah dostaviti dokumente potrebne za intervenciju.    <\/p>\n<p>7.3. U slu\u010daju kr\u0161enja ugovora od strane kupca, ka\u0161njenja u pla\u0107anju ili zna\u010dajnog pogor\u0161anja financijske situacije kupca, imamo pravo, \u010dak i bez kori\u0161tenja prava na odustanak i bez odre\u0111ivanja po\u010deka, zahtijevati povrat rezervirane robe o tro\u0161ku kupca i u\u0107i u poslovni prostor kupca radi preuzimanja robe. Imamo pravo preprodati vra\u0107enu robu u redovnom tijeku poslovanja.  <\/p>\n<p>7.4. Ako kupac proda rezerviranu robu, kupac nam ovime ustupa potra\u017eivanja proiza\u0161la iz preprodaje u iznosu fakturirane vrijednosti rezervirane robe, uklju\u010duju\u0107i sva sporedna prava i pravo prvenstva u odnosu na ostalo; Zahtjevi za naknadu \u0161tete protiv tre\u0107ih strana koji se odnose na rezerviranu robu tako\u0111er su nam dodijeljeni; ovime prihva\u0107amo ustupanje. <\/p>\n<p>7.5. Ustupanje kup\u010devih potra\u017eivanja tre\u0107im osobama (uklju\u010duju\u0107i ustupanje putem pravog faktoringa) dopu\u0161teno je samo u slu\u010daju prodaje rezervirane robe ako smo prethodno pismeno pristali na ustupanje. U slu\u010daju pristanka, kupac nam ovime ustupa svoje potra\u017eivanje prema tre\u0107oj strani.  <\/p>\n<p>7.6. Ako ostvariva vrijednost vrijednosnih papira na koje imamo pravo prema gore navedenim odredbama prema\u0161uje na\u0161a potra\u017eivanja prema klijentu za vi\u0161e od 10%, oslobodit \u0107emo vrijednosne papire po na\u0161em izboru na zahtjev kupca. <\/p>\n<ol start=\"8\">\n<li>Popravci izvan jamstva<\/li>\n<\/ol>\n<p>Popravke na koje nismo obavezni zbog opravdanih zahtjeva kupca za nedostatke izvr\u0161it \u0107emo mi uz pla\u0107anje ugovorene naknade ili, ako ne, uobi\u010dajene naknade. Kupac snosi tro\u0161kove i rizike dostave i povrata. Narud\u017ebe za popravke prihva\u0107amo samo nakon prethodnog dogovora.  <\/p>\n<ol start=\"11\">\n<li>Pravo kupca na povrat u online prodaji<\/li>\n<\/ol>\n<p>Kupac zadr\u017eava pravo u roku od 14 dana od dostave odlu\u010diti \u017eeli li zadr\u017eati robu. Povrat po\u0161iljke mo\u017ee zatra\u017eiti po\u0161tom na adresu STIL-FIT International GmbH, Sch\u00e4ftlarnstr 156, 81371 M\u00fcnchen, e-mailom na info@stil-fit.com ili faksom na +49 89.13.93 60 43. Povrat je besplatan.  <\/p>\n<ol start=\"12\">\n<li>Za\u0161tita podataka<\/li>\n<\/ol>\n<p>Svi osobni podaci bit \u0107e tretirani povjerljivo. Podaci potrebni za poslovnu obradu \u0107e se pohraniti i po potrebi proslijediti povezanim dru\u0161tvima u sklopu obrade naloga. <\/p>\n<ol start=\"13\">\n<li>Mjesto nadle\u017enosti<\/li>\n<\/ol>\n<p>je M\u00fcnchen Cjelokupni pravni odnos s kupcem podlije\u017ee zakonu Savezne Republike Njema\u010dke, isklju\u010duju\u0107i Konvenciju UN-a o ugovorima o me\u0111unarodnoj prodaji robe (CISG).<\/p>\n<ol start=\"14\">\n<li>Klauzula o razdvajanju<\/li>\n<\/ol>\n<p>Ako pojedine odredbe ovih Op\u0107ih uvjeta ili temeljnog ugovora jesu ili postanu nevaljane, to ne\u0107e utjecati na valjanost preostalih odredbi i ugovora. Smatrat \u0107e se da je neu\u010dinkovita odredba zamijenjena odredbom koja je najbli\u017ea ekonomskoj namjeri stranaka. <\/p>\n<p>Status: studeni 2019<\/p>\n\n\t\t<\/div>\n\t\t\t\t\t<\/div>\n\n\t\n\n<\/div>","protected":false},"excerpt":{"rendered":"","protected":false},"author":2,"featured_media":0,"parent":0,"menu_order":0,"comment_status":"closed","ping_status":"closed","template":"page-blank.php","meta":{"_monsterinsights_skip_tracking":false,"_monsterinsights_sitenote_active":false,"_monsterinsights_sitenote_note":"","_monsterinsights_sitenote_category":0,"footnotes":""},"yst_prominent_words":[],"class_list":["post-34567","page","type-page","status-publish","hentry"],"yoast_head":"<!-- This site is optimized with the Yoast SEO Premium plugin v14.5 - https:\/\/yoast.com\/wordpress\/plugins\/seo\/ -->\n<title>Odredbe i uvjeti | STIL-FIT<\/title>\n<meta name=\"robots\" content=\"index, follow\" \/>\n<meta name=\"googlebot\" content=\"index, follow, max-snippet:-1, max-image-preview:large, max-video-preview:-1\" \/>\n<meta name=\"bingbot\" content=\"index, follow, max-snippet:-1, max-image-preview:large, max-video-preview:-1\" \/>\n<link rel=\"canonical\" href=\"https:\/\/stil-fit.com\/hr\/odredbe-i-uvjeti\/\" \/>\n<meta property=\"og:locale\" content=\"hr_HR\" \/>\n<meta property=\"og:type\" content=\"article\" \/>\n<meta property=\"og:title\" content=\"Odredbe i uvjeti | STIL-FIT\" \/>\n<meta property=\"og:url\" content=\"https:\/\/stil-fit.com\/hr\/odredbe-i-uvjeti\/\" \/>\n<meta property=\"og:site_name\" content=\"STIL-FIT\" \/>\n<meta property=\"article:publisher\" content=\"https:\/\/de-de.facebook.com\/stilfit\/\" \/>\n<meta property=\"article:modified_time\" content=\"2025-03-20T15:48:40+00:00\" \/>\n<meta name=\"twitter:card\" content=\"summary_large_image\" \/>\n<script type=\"application\/ld+json\" class=\"yoast-schema-graph\">{\"@context\":\"https:\/\/schema.org\",\"@graph\":[{\"@type\":\"Organization\",\"@id\":\"https:\/\/stil-fit.com\/hr\/#organization\",\"name\":\"STIL-FIT International GmbH\",\"url\":\"https:\/\/stil-fit.com\/hr\/\",\"sameAs\":[\"https:\/\/de-de.facebook.com\/stilfit\/\",\"https:\/\/www.instagram.com\/stil_fit_int\/\",\"https:\/\/www.linkedin.com\/company\/stil-fit-international-gmbh\",\"https:\/\/www.youtube.com\/channel\/UC2HA1BeZtFB0acPMfq1hKdQ\",\"https:\/\/www.pinterest.com\/STILFITInt\/\"],\"logo\":{\"@type\":\"ImageObject\",\"@id\":\"https:\/\/stil-fit.com\/hr\/#logo\",\"inLanguage\":\"hr\",\"url\":\"https:\/\/stil-fit.com\/wp-content\/uploads\/2019\/02\/stilfit_logo.jpg\",\"width\":150,\"height\":150,\"caption\":\"STIL-FIT International GmbH\"},\"image\":{\"@id\":\"https:\/\/stil-fit.com\/hr\/#logo\"}},{\"@type\":\"WebSite\",\"@id\":\"https:\/\/stil-fit.com\/hr\/#website\",\"url\":\"https:\/\/stil-fit.com\/hr\/\",\"name\":\"STIL-FIT\",\"description\":\"Stil-fit\",\"publisher\":{\"@id\":\"https:\/\/stil-fit.com\/hr\/#organization\"},\"potentialAction\":[{\"@type\":\"SearchAction\",\"target\":\"https:\/\/stil-fit.com\/hr\/?s={search_term_string}\",\"query-input\":\"required name=search_term_string\"}],\"inLanguage\":\"hr\"},{\"@type\":\"WebPage\",\"@id\":\"https:\/\/stil-fit.com\/hr\/odredbe-i-uvjeti\/#webpage\",\"url\":\"https:\/\/stil-fit.com\/hr\/odredbe-i-uvjeti\/\",\"name\":\"Odredbe i uvjeti | STIL-FIT\",\"isPartOf\":{\"@id\":\"https:\/\/stil-fit.com\/hr\/#website\"},\"datePublished\":\"2025-03-20T15:48:35+00:00\",\"dateModified\":\"2025-03-20T15:48:40+00:00\",\"inLanguage\":\"hr\",\"potentialAction\":[{\"@type\":\"ReadAction\",\"target\":[\"https:\/\/stil-fit.com\/hr\/odredbe-i-uvjeti\/\"]}]}]}<\/script>\n<!-- \/ Yoast SEO Premium plugin. -->","post_mailing_queue_ids":[],"_links":{"self":[{"href":"https:\/\/stil-fit.com\/hr\/wp-json\/wp\/v2\/pages\/34567","targetHints":{"allow":["GET"]}}],"collection":[{"href":"https:\/\/stil-fit.com\/hr\/wp-json\/wp\/v2\/pages"}],"about":[{"href":"https:\/\/stil-fit.com\/hr\/wp-json\/wp\/v2\/types\/page"}],"author":[{"embeddable":true,"href":"https:\/\/stil-fit.com\/hr\/wp-json\/wp\/v2\/users\/2"}],"replies":[{"embeddable":true,"href":"https:\/\/stil-fit.com\/hr\/wp-json\/wp\/v2\/comments?post=34567"}],"version-history":[{"count":1,"href":"https:\/\/stil-fit.com\/hr\/wp-json\/wp\/v2\/pages\/34567\/revisions"}],"predecessor-version":[{"id":34570,"href":"https:\/\/stil-fit.com\/hr\/wp-json\/wp\/v2\/pages\/34567\/revisions\/34570"}],"wp:attachment":[{"href":"https:\/\/stil-fit.com\/hr\/wp-json\/wp\/v2\/media?parent=34567"}],"wp:term":[{"taxonomy":"yst_prominent_words","embeddable":true,"href":"https:\/\/stil-fit.com\/hr\/wp-json\/wp\/v2\/yst_prominent_words?post=34567"}],"curies":[{"name":"wp","href":"https:\/\/api.w.org\/{rel}","templated":true}]}}