{"id":35129,"date":"2025-03-26T03:35:09","date_gmt":"2025-03-27T12:30:35","guid":{"rendered":"https:\/\/stil-fit.com\/shop\/stil-fit-triceps-rope\/"},"modified":"2025-03-27T13:30:35","modified_gmt":"2025-03-27T12:30:35","slug":"stil-fit-triceps-rope","status":"publish","type":"product","link":"https:\/\/stil-fit.com\/hr\/shop\/stil-fit-triceps-rope\/","title":{"rendered":"STIL-FIT Triceps Rope"},"content":{"rendered":"<h1><strong>STIL-FIT Triceps Rope<\/strong><\/h1>\n<p>Na\u0161e u\u017ee za triceps s okretnim zglobom idealno je za klasi\u010dni <em>francuski potisak<\/em> i mnoge druge vje\u017ebe koje ciljaju va\u0161e tricepse.<\/p>\n<p>Ovo u\u017ee je proizvedeno u studijskoj kvaliteti i stoga je idealan dodatak va\u0161oj vlastitoj ku\u0107noj teretani.<\/p>\n<p>Izuzetno fleksibilan oblik u\u017eeta omogu\u0107uje varijabilno i ciljano treniranje odre\u0111enih mi\u0161i\u0107nih skupina i mi\u0161i\u0107nih dijelova.<\/p>\n","protected":false},"excerpt":{"rendered":"<p>&nbsp;<\/p>\n<ul>\n<li>Sa zakretnim zglobom<\/li>\n<li>Vrlo svestran<\/li>\n<li>Besplatna dostava (GER &amp; AT)<\/li>\n<\/ul>\n","protected":false},"featured_media":31609,"comment_status":"closed","ping_status":"closed","template":"","meta":{"_monsterinsights_skip_tracking":false,"_monsterinsights_sitenote_active":false,"_monsterinsights_sitenote_note":"","_monsterinsights_sitenote_category":0},"product_brand":[],"product_cat":[2916,2900,2924],"product_tag":[],"yst_prominent_words":[256,219,259,785,1968,251,261,265,1967,267],"class_list":{"0":"post-35129","1":"product","2":"type-product","3":"status-publish","4":"has-post-thumbnail","6":"product_cat-funkcionalni-trener","7":"product_cat-pribor-hr","8":"product_cat-trening-snage","10":"first","11":"instock","12":"taxable","13":"shipping-taxable","14":"purchasable","15":"product-type-simple"},"composite_virtual":false,"composite_layout":"","composite_add_to_cart_form_location":"","composite_editable_in_cart":false,"composite_sold_individually_context":"","composite_shop_price_calc":"","composite_components":[],"composite_scenarios":[],"bundled_by":[],"bundle_stock_status":"instock","bundle_stock_quantity":null,"bundle_virtual":false,"bundle_layout":"","bundle_add_to_cart_form_location":"","bundle_editable_in_cart":false,"bundle_sold_individually_context":"","bundle_item_grouping":"","bundle_min_size":"","bundle_max_size":"","bundle_price":[],"bundled_items":[],"bundle_sell_ids":[774,1095,1047],"yoast_head":"<!-- This site is optimized with the Yoast SEO Premium plugin v14.5 - https:\/\/yoast.com\/wordpress\/plugins\/seo\/ -->\n<title>STIL-FIT Triceps Rope | Ni\u0161ta bolje za rast va\u0161ih tripesa<\/title>\n<meta name=\"description\" content=\"Na\u0161e u\u017ee za triceps omogu\u0107uje u\u010dinkovitije vje\u017ebanje va\u0161ih tricepsa, bicepsa, ramena i trbu\u0161njaka. Dizajniran za optimizaciju kontrakcije tricepsa.\" \/>\n<meta name=\"robots\" content=\"index, follow\" \/>\n<meta name=\"googlebot\" content=\"index, follow, max-snippet:-1, max-image-preview:large, max-video-preview:-1\" \/>\n<meta name=\"bingbot\" content=\"index, follow, max-snippet:-1, max-image-preview:large, max-video-preview:-1\" \/>\n<link rel=\"canonical\" href=\"https:\/\/stil-fit.com\/hr\/shop\/stil-fit-triceps-rope\/\" \/>\n<meta property=\"og:locale\" content=\"hr_HR\" \/>\n<meta property=\"og:type\" content=\"article\" \/>\n<meta property=\"og:title\" content=\"STIL-FIT Triceps Rope | Ni\u0161ta bolje za rast va\u0161ih tripesa\" \/>\n<meta property=\"og:description\" content=\"Na\u0161e u\u017ee za triceps omogu\u0107uje u\u010dinkovitije vje\u017ebanje va\u0161ih tricepsa, bicepsa, ramena i trbu\u0161njaka. Dizajniran za optimizaciju kontrakcije tricepsa.\" \/>\n<meta property=\"og:url\" content=\"https:\/\/stil-fit.com\/hr\/shop\/stil-fit-triceps-rope\/\" \/>\n<meta property=\"og:site_name\" content=\"STIL-FIT\" \/>\n<meta property=\"article:publisher\" content=\"https:\/\/de-de.facebook.com\/stilfit\/\" \/>\n<meta property=\"og:image\" content=\"https:\/\/stil-fit.com\/wp-content\/uploads\/2023\/10\/STIL-FIT-Trizepsseil.jpg\" \/>\n\t<meta property=\"og:image:width\" content=\"787\" \/>\n\t<meta property=\"og:image:height\" content=\"787\" \/>\n<meta name=\"twitter:card\" content=\"summary_large_image\" \/>\n<script type=\"application\/ld+json\" class=\"yoast-schema-graph\">{\"@context\":\"https:\/\/schema.org\",\"@graph\":[{\"@type\":\"Organization\",\"@id\":\"https:\/\/stil-fit.com\/hr\/#organization\",\"name\":\"STIL-FIT International GmbH\",\"url\":\"https:\/\/stil-fit.com\/hr\/\",\"sameAs\":[\"https:\/\/de-de.facebook.com\/stilfit\/\",\"https:\/\/www.instagram.com\/stil_fit_int\/\",\"https:\/\/www.linkedin.com\/company\/stil-fit-international-gmbh\",\"https:\/\/www.youtube.com\/channel\/UC2HA1BeZtFB0acPMfq1hKdQ\",\"https:\/\/www.pinterest.com\/STILFITInt\/\"],\"logo\":{\"@type\":\"ImageObject\",\"@id\":\"https:\/\/stil-fit.com\/hr\/#logo\",\"inLanguage\":\"hr\",\"url\":\"https:\/\/stil-fit.com\/wp-content\/uploads\/2019\/02\/stilfit_logo.jpg\",\"width\":150,\"height\":150,\"caption\":\"STIL-FIT International GmbH\"},\"image\":{\"@id\":\"https:\/\/stil-fit.com\/hr\/#logo\"}},{\"@type\":\"WebSite\",\"@id\":\"https:\/\/stil-fit.com\/hr\/#website\",\"url\":\"https:\/\/stil-fit.com\/hr\/\",\"name\":\"STIL-FIT\",\"description\":\"Stil-fit\",\"publisher\":{\"@id\":\"https:\/\/stil-fit.com\/hr\/#organization\"},\"potentialAction\":[{\"@type\":\"SearchAction\",\"target\":\"https:\/\/stil-fit.com\/hr\/?s={search_term_string}\",\"query-input\":\"required name=search_term_string\"}],\"inLanguage\":\"hr\"},{\"@type\":\"ImageObject\",\"@id\":\"https:\/\/stil-fit.com\/hr\/shop\/stil-fit-triceps-rope\/#primaryimage\",\"inLanguage\":\"hr\",\"url\":\"https:\/\/stil-fit.com\/wp-content\/uploads\/2023\/10\/STIL-FIT-Trizepsseil.jpg\",\"width\":787,\"height\":787},{\"@type\":\"WebPage\",\"@id\":\"https:\/\/stil-fit.com\/hr\/shop\/stil-fit-triceps-rope\/#webpage\",\"url\":\"https:\/\/stil-fit.com\/hr\/shop\/stil-fit-triceps-rope\/\",\"name\":\"STIL-FIT Triceps Rope | Ni\\u0161ta bolje za rast va\\u0161ih tripesa\",\"isPartOf\":{\"@id\":\"https:\/\/stil-fit.com\/hr\/#website\"},\"primaryImageOfPage\":{\"@id\":\"https:\/\/stil-fit.com\/hr\/shop\/stil-fit-triceps-rope\/#primaryimage\"},\"datePublished\":\"2025-03-27T12:30:35+00:00\",\"dateModified\":\"2025-03-27T12:30:35+00:00\",\"description\":\"Na\\u0161e u\\u017ee za triceps omogu\\u0107uje u\\u010dinkovitije vje\\u017ebanje va\\u0161ih tricepsa, bicepsa, ramena i trbu\\u0161njaka. Dizajniran za optimizaciju kontrakcije tricepsa.\",\"inLanguage\":\"hr\",\"potentialAction\":[{\"@type\":\"ReadAction\",\"target\":[\"https:\/\/stil-fit.com\/hr\/shop\/stil-fit-triceps-rope\/\"]}]}]}<\/script>\n<!-- \/ Yoast SEO Premium plugin. -->","post_mailing_queue_ids":[],"_links":{"self":[{"href":"https:\/\/stil-fit.com\/hr\/wp-json\/wp\/v2\/product\/35129","targetHints":{"allow":["GET"]}}],"collection":[{"href":"https:\/\/stil-fit.com\/hr\/wp-json\/wp\/v2\/product"}],"about":[{"href":"https:\/\/stil-fit.com\/hr\/wp-json\/wp\/v2\/types\/product"}],"replies":[{"embeddable":true,"href":"https:\/\/stil-fit.com\/hr\/wp-json\/wp\/v2\/comments?post=35129"}],"wp:featuredmedia":[{"embeddable":true,"href":"https:\/\/stil-fit.com\/hr\/wp-json\/wp\/v2\/media\/31609"}],"wp:attachment":[{"href":"https:\/\/stil-fit.com\/hr\/wp-json\/wp\/v2\/media?parent=35129"}],"wp:term":[{"taxonomy":"product_brand","embeddable":true,"href":"https:\/\/stil-fit.com\/hr\/wp-json\/wp\/v2\/product_brand?post=35129"},{"taxonomy":"product_cat","embeddable":true,"href":"https:\/\/stil-fit.com\/hr\/wp-json\/wp\/v2\/product_cat?post=35129"},{"taxonomy":"product_tag","embeddable":true,"href":"https:\/\/stil-fit.com\/hr\/wp-json\/wp\/v2\/product_tag?post=35129"},{"taxonomy":"yst_prominent_words","embeddable":true,"href":"https:\/\/stil-fit.com\/hr\/wp-json\/wp\/v2\/yst_prominent_words?post=35129"}],"curies":[{"name":"wp","href":"https:\/\/api.w.org\/{rel}","templated":true}]}}