{"id":35155,"date":"2023-02-03T11:01:38","date_gmt":"2025-03-27T12:39:56","guid":{"rendered":"https:\/\/stil-fit.com\/shop\/stil-fit-sedlo-white-edition\/"},"modified":"2025-03-27T13:39:56","modified_gmt":"2025-03-27T12:39:56","slug":"stil-fit-sedlo-white-edition","status":"publish","type":"product","link":"https:\/\/stil-fit.com\/hr\/shop\/stil-fit-sedlo-white-edition\/","title":{"rendered":"STIL-FIT Sedlo &#8220;White Edition&#8221;"},"content":{"rendered":"<h1><span style=\"font-size: 75%;\">STIL-FIT Sedlo &#8220;White Edition&#8221;<\/span><\/h1>\n<p>Dodajte dodatnog stila svom biciklu s na\u0161im bijelim sjedalom uklju\u010duju\u0107i na\u0161 STIL-FIT logotip.<\/p>\n<p>Sportsko, ali jo\u0161 uvijek udobno gel sjedalo za va\u0161 ergometar koje je ekskluzivno za nas proizveo na\u0161 partner ERGON.<\/p>\n","protected":false},"excerpt":{"rendered":"<p>&nbsp;<\/p>\n<ul>\n<li>Sjedlo od bijelog gela<\/li>\n<li>Uklju\u010duju\u0107i na\u0161 logotip STIL-FIT<\/li>\n<li>Besplatna dostava<\/li>\n<\/ul>\n","protected":false},"featured_media":24032,"comment_status":"closed","ping_status":"closed","template":"","meta":{"_monsterinsights_skip_tracking":false,"_monsterinsights_sitenote_active":false,"_monsterinsights_sitenote_note":"","_monsterinsights_sitenote_category":0},"product_brand":[],"product_cat":[2908,2933],"product_tag":[],"yst_prominent_words":[],"class_list":{"0":"post-35155","1":"product","2":"type-product","3":"status-publish","4":"has-post-thumbnail","6":"product_cat-sobni-bicikli","7":"product_cat-uncategorised-hr","8":"product_shipping_class-kleingerate-hr","10":"first","11":"outofstock","12":"taxable","13":"shipping-taxable","14":"purchasable","15":"product-type-simple"},"composite_virtual":false,"composite_layout":"","composite_add_to_cart_form_location":"","composite_editable_in_cart":false,"composite_sold_individually_context":"","composite_shop_price_calc":"","composite_components":[],"composite_scenarios":[],"bundled_by":[],"bundle_stock_status":"outofstock","bundle_stock_quantity":null,"bundle_virtual":false,"bundle_layout":"","bundle_add_to_cart_form_location":"","bundle_editable_in_cart":false,"bundle_sold_individually_context":"","bundle_item_grouping":"","bundle_min_size":"","bundle_max_size":"","bundle_price":[],"bundled_items":[],"bundle_sell_ids":[],"yoast_head":"<!-- This site is optimized with the Yoast SEO Premium plugin v14.5 - https:\/\/yoast.com\/wordpress\/plugins\/seo\/ -->\n<title>STIL-FIT Sedlo &quot;White Edition&quot; | Jednostavan na\u010din vo\u017enje biciklom<\/title>\n<meta name=\"robots\" content=\"index, follow\" \/>\n<meta name=\"googlebot\" content=\"index, follow, max-snippet:-1, max-image-preview:large, max-video-preview:-1\" \/>\n<meta name=\"bingbot\" content=\"index, follow, max-snippet:-1, max-image-preview:large, max-video-preview:-1\" \/>\n<link rel=\"canonical\" href=\"https:\/\/stil-fit.com\/hr\/shop\/stil-fit-sedlo-white-edition\/\" \/>\n<meta property=\"og:locale\" content=\"hr_HR\" \/>\n<meta property=\"og:type\" content=\"article\" \/>\n<meta property=\"og:title\" content=\"STIL-FIT Sedlo &quot;White Edition&quot; | Jednostavan na\u010din vo\u017enje biciklom\" \/>\n<meta property=\"og:description\" content=\"&nbsp;  Sjedlo od bijelog gela  Uklju\u010duju\u0107i na\u0161 logotip STIL-FIT  Besplatna dostava\" \/>\n<meta property=\"og:url\" content=\"https:\/\/stil-fit.com\/hr\/shop\/stil-fit-sedlo-white-edition\/\" \/>\n<meta property=\"og:site_name\" content=\"STIL-FIT\" \/>\n<meta property=\"article:publisher\" content=\"https:\/\/de-de.facebook.com\/stilfit\/\" \/>\n<meta property=\"og:image\" content=\"https:\/\/stil-fit.com\/wp-content\/uploads\/2019\/07\/STIL-FIT-Sattel-Ergon-weiss.jpg\" \/>\n\t<meta property=\"og:image:width\" content=\"1200\" \/>\n\t<meta property=\"og:image:height\" content=\"1200\" \/>\n<meta name=\"twitter:card\" content=\"summary_large_image\" \/>\n<script type=\"application\/ld+json\" class=\"yoast-schema-graph\">{\"@context\":\"https:\/\/schema.org\",\"@graph\":[{\"@type\":\"Organization\",\"@id\":\"https:\/\/stil-fit.com\/hr\/#organization\",\"name\":\"STIL-FIT International GmbH\",\"url\":\"https:\/\/stil-fit.com\/hr\/\",\"sameAs\":[\"https:\/\/de-de.facebook.com\/stilfit\/\",\"https:\/\/www.instagram.com\/stil_fit_int\/\",\"https:\/\/www.linkedin.com\/company\/stil-fit-international-gmbh\",\"https:\/\/www.youtube.com\/channel\/UC2HA1BeZtFB0acPMfq1hKdQ\",\"https:\/\/www.pinterest.com\/STILFITInt\/\"],\"logo\":{\"@type\":\"ImageObject\",\"@id\":\"https:\/\/stil-fit.com\/hr\/#logo\",\"inLanguage\":\"hr\",\"url\":\"https:\/\/stil-fit.com\/wp-content\/uploads\/2019\/02\/stilfit_logo.jpg\",\"width\":150,\"height\":150,\"caption\":\"STIL-FIT International GmbH\"},\"image\":{\"@id\":\"https:\/\/stil-fit.com\/hr\/#logo\"}},{\"@type\":\"WebSite\",\"@id\":\"https:\/\/stil-fit.com\/hr\/#website\",\"url\":\"https:\/\/stil-fit.com\/hr\/\",\"name\":\"STIL-FIT\",\"description\":\"Stil-fit\",\"publisher\":{\"@id\":\"https:\/\/stil-fit.com\/hr\/#organization\"},\"potentialAction\":[{\"@type\":\"SearchAction\",\"target\":\"https:\/\/stil-fit.com\/hr\/?s={search_term_string}\",\"query-input\":\"required name=search_term_string\"}],\"inLanguage\":\"hr\"},{\"@type\":\"ImageObject\",\"@id\":\"https:\/\/stil-fit.com\/hr\/shop\/stil-fit-sedlo-white-edition\/#primaryimage\",\"inLanguage\":\"hr\",\"url\":\"https:\/\/stil-fit.com\/wp-content\/uploads\/2019\/07\/STIL-FIT-Sattel-Ergon-weiss.jpg\",\"width\":1200,\"height\":1200},{\"@type\":\"WebPage\",\"@id\":\"https:\/\/stil-fit.com\/hr\/shop\/stil-fit-sedlo-white-edition\/#webpage\",\"url\":\"https:\/\/stil-fit.com\/hr\/shop\/stil-fit-sedlo-white-edition\/\",\"name\":\"STIL-FIT Sedlo \\\"White Edition\\\" | Jednostavan na\\u010din vo\\u017enje biciklom\",\"isPartOf\":{\"@id\":\"https:\/\/stil-fit.com\/hr\/#website\"},\"primaryImageOfPage\":{\"@id\":\"https:\/\/stil-fit.com\/hr\/shop\/stil-fit-sedlo-white-edition\/#primaryimage\"},\"datePublished\":\"2025-03-27T12:39:56+00:00\",\"dateModified\":\"2025-03-27T12:39:56+00:00\",\"inLanguage\":\"hr\",\"potentialAction\":[{\"@type\":\"ReadAction\",\"target\":[\"https:\/\/stil-fit.com\/hr\/shop\/stil-fit-sedlo-white-edition\/\"]}]}]}<\/script>\n<!-- \/ Yoast SEO Premium plugin. -->","post_mailing_queue_ids":[],"_links":{"self":[{"href":"https:\/\/stil-fit.com\/hr\/wp-json\/wp\/v2\/product\/35155","targetHints":{"allow":["GET"]}}],"collection":[{"href":"https:\/\/stil-fit.com\/hr\/wp-json\/wp\/v2\/product"}],"about":[{"href":"https:\/\/stil-fit.com\/hr\/wp-json\/wp\/v2\/types\/product"}],"replies":[{"embeddable":true,"href":"https:\/\/stil-fit.com\/hr\/wp-json\/wp\/v2\/comments?post=35155"}],"wp:featuredmedia":[{"embeddable":true,"href":"https:\/\/stil-fit.com\/hr\/wp-json\/wp\/v2\/media\/24032"}],"wp:attachment":[{"href":"https:\/\/stil-fit.com\/hr\/wp-json\/wp\/v2\/media?parent=35155"}],"wp:term":[{"taxonomy":"product_brand","embeddable":true,"href":"https:\/\/stil-fit.com\/hr\/wp-json\/wp\/v2\/product_brand?post=35155"},{"taxonomy":"product_cat","embeddable":true,"href":"https:\/\/stil-fit.com\/hr\/wp-json\/wp\/v2\/product_cat?post=35155"},{"taxonomy":"product_tag","embeddable":true,"href":"https:\/\/stil-fit.com\/hr\/wp-json\/wp\/v2\/product_tag?post=35155"},{"taxonomy":"yst_prominent_words","embeddable":true,"href":"https:\/\/stil-fit.com\/hr\/wp-json\/wp\/v2\/yst_prominent_words?post=35155"}],"curies":[{"name":"wp","href":"https:\/\/api.w.org\/{rel}","templated":true}]}}