{"id":35165,"date":"2023-02-03T11:32:42","date_gmt":"2025-03-27T12:40:23","guid":{"rendered":"https:\/\/stil-fit.com\/shop\/stil-fit-rucka-one\/"},"modified":"2025-03-27T13:40:23","modified_gmt":"2025-03-27T12:40:23","slug":"stil-fit-rucka-one","status":"publish","type":"product","link":"https:\/\/stil-fit.com\/hr\/shop\/stil-fit-rucka-one\/","title":{"rendered":"STIL-FIT ru\u010dka ONE"},"content":{"rendered":"<h1><strong>STIL-FIT ru\u010dka ONE<\/strong><\/h1>\n<p>Idealno rje\u0161enje koje vam nudi razli\u010dite ergonomske mogu\u0107nosti, ali jo\u0161 uvijek ima kompaktan i elegantan izgled.<\/p>\n<p>Idealan za dinami\u010dnu vo\u017enju biciklom, kao i za opu\u0161tene vo\u017enje jer su dostupna dva razli\u010dita polo\u017eaja ru\u010dke. Kompaktna \u0161ipka omogu\u0107uje sportskiji i uspravniji polo\u017eaj sjedenja.<\/p>\n","protected":false},"excerpt":{"rendered":"<p>&nbsp;<\/p>\n<ul>\n<li>Proizvedeno u Njema\u010dkoj<\/li>\n<li>Izvrsna ergonomija<\/li>\n<li>Kompaktan i elegantan dizajn<\/li>\n<li>Besplatna dostava<\/li>\n<\/ul>\n","protected":false},"featured_media":29740,"comment_status":"closed","ping_status":"closed","template":"","meta":{"_monsterinsights_skip_tracking":false,"_monsterinsights_sitenote_active":false,"_monsterinsights_sitenote_note":"","_monsterinsights_sitenote_category":0},"product_brand":[],"product_cat":[2908,2933],"product_tag":[],"yst_prominent_words":[],"class_list":{"0":"post-35165","1":"product","2":"type-product","3":"status-publish","4":"has-post-thumbnail","6":"product_cat-sobni-bicikli","7":"product_cat-uncategorised-hr","9":"first","10":"instock","11":"taxable","12":"shipping-taxable","13":"purchasable","14":"product-type-simple"},"composite_virtual":false,"composite_layout":"","composite_add_to_cart_form_location":"","composite_editable_in_cart":false,"composite_sold_individually_context":"","composite_shop_price_calc":"","composite_components":[],"composite_scenarios":[],"bundled_by":[],"bundle_stock_status":"instock","bundle_stock_quantity":null,"bundle_virtual":false,"bundle_layout":"","bundle_add_to_cart_form_location":"","bundle_editable_in_cart":false,"bundle_sold_individually_context":"","bundle_item_grouping":"","bundle_min_size":"","bundle_max_size":"","bundle_price":[],"bundled_items":[],"bundle_sell_ids":[],"yoast_head":"<!-- This site is optimized with the Yoast SEO Premium plugin v14.5 - https:\/\/yoast.com\/wordpress\/plugins\/seo\/ -->\n<title>STIL-FIT ru\u010dka ONE | STIL-FIT<\/title>\n<meta name=\"robots\" content=\"index, follow\" \/>\n<meta name=\"googlebot\" content=\"index, follow, max-snippet:-1, max-image-preview:large, max-video-preview:-1\" \/>\n<meta name=\"bingbot\" content=\"index, follow, max-snippet:-1, max-image-preview:large, max-video-preview:-1\" \/>\n<link rel=\"canonical\" href=\"https:\/\/stil-fit.com\/hr\/shop\/stil-fit-rucka-one\/\" \/>\n<meta property=\"og:locale\" content=\"hr_HR\" \/>\n<meta property=\"og:type\" content=\"article\" \/>\n<meta property=\"og:title\" content=\"STIL-FIT ru\u010dka ONE | STIL-FIT\" \/>\n<meta property=\"og:description\" content=\"&nbsp;  Proizvedeno u Njema\u010dkoj  Izvrsna ergonomija  Kompaktan i elegantan dizajn  Besplatna dostava\" \/>\n<meta property=\"og:url\" content=\"https:\/\/stil-fit.com\/hr\/shop\/stil-fit-rucka-one\/\" \/>\n<meta property=\"og:site_name\" content=\"STIL-FIT\" \/>\n<meta property=\"article:publisher\" content=\"https:\/\/de-de.facebook.com\/stilfit\/\" \/>\n<meta property=\"og:image\" content=\"https:\/\/stil-fit.com\/wp-content\/uploads\/2023\/02\/STIL-FIT-handle-bar-ONE.jpg\" \/>\n\t<meta property=\"og:image:width\" content=\"1200\" \/>\n\t<meta property=\"og:image:height\" content=\"1200\" \/>\n<meta name=\"twitter:card\" content=\"summary_large_image\" \/>\n<script type=\"application\/ld+json\" class=\"yoast-schema-graph\">{\"@context\":\"https:\/\/schema.org\",\"@graph\":[{\"@type\":\"Organization\",\"@id\":\"https:\/\/stil-fit.com\/hr\/#organization\",\"name\":\"STIL-FIT International GmbH\",\"url\":\"https:\/\/stil-fit.com\/hr\/\",\"sameAs\":[\"https:\/\/de-de.facebook.com\/stilfit\/\",\"https:\/\/www.instagram.com\/stil_fit_int\/\",\"https:\/\/www.linkedin.com\/company\/stil-fit-international-gmbh\",\"https:\/\/www.youtube.com\/channel\/UC2HA1BeZtFB0acPMfq1hKdQ\",\"https:\/\/www.pinterest.com\/STILFITInt\/\"],\"logo\":{\"@type\":\"ImageObject\",\"@id\":\"https:\/\/stil-fit.com\/hr\/#logo\",\"inLanguage\":\"hr\",\"url\":\"https:\/\/stil-fit.com\/wp-content\/uploads\/2019\/02\/stilfit_logo.jpg\",\"width\":150,\"height\":150,\"caption\":\"STIL-FIT International GmbH\"},\"image\":{\"@id\":\"https:\/\/stil-fit.com\/hr\/#logo\"}},{\"@type\":\"WebSite\",\"@id\":\"https:\/\/stil-fit.com\/hr\/#website\",\"url\":\"https:\/\/stil-fit.com\/hr\/\",\"name\":\"STIL-FIT\",\"description\":\"Stil-fit\",\"publisher\":{\"@id\":\"https:\/\/stil-fit.com\/hr\/#organization\"},\"potentialAction\":[{\"@type\":\"SearchAction\",\"target\":\"https:\/\/stil-fit.com\/hr\/?s={search_term_string}\",\"query-input\":\"required name=search_term_string\"}],\"inLanguage\":\"hr\"},{\"@type\":\"ImageObject\",\"@id\":\"https:\/\/stil-fit.com\/hr\/shop\/stil-fit-rucka-one\/#primaryimage\",\"inLanguage\":\"hr\",\"url\":\"https:\/\/stil-fit.com\/wp-content\/uploads\/2023\/02\/STIL-FIT-handle-bar-ONE.jpg\",\"width\":1200,\"height\":1200},{\"@type\":\"WebPage\",\"@id\":\"https:\/\/stil-fit.com\/hr\/shop\/stil-fit-rucka-one\/#webpage\",\"url\":\"https:\/\/stil-fit.com\/hr\/shop\/stil-fit-rucka-one\/\",\"name\":\"STIL-FIT ru\\u010dka ONE | STIL-FIT\",\"isPartOf\":{\"@id\":\"https:\/\/stil-fit.com\/hr\/#website\"},\"primaryImageOfPage\":{\"@id\":\"https:\/\/stil-fit.com\/hr\/shop\/stil-fit-rucka-one\/#primaryimage\"},\"datePublished\":\"2025-03-27T12:40:23+00:00\",\"dateModified\":\"2025-03-27T12:40:23+00:00\",\"inLanguage\":\"hr\",\"potentialAction\":[{\"@type\":\"ReadAction\",\"target\":[\"https:\/\/stil-fit.com\/hr\/shop\/stil-fit-rucka-one\/\"]}]}]}<\/script>\n<!-- \/ Yoast SEO Premium plugin. -->","post_mailing_queue_ids":[],"_links":{"self":[{"href":"https:\/\/stil-fit.com\/hr\/wp-json\/wp\/v2\/product\/35165","targetHints":{"allow":["GET"]}}],"collection":[{"href":"https:\/\/stil-fit.com\/hr\/wp-json\/wp\/v2\/product"}],"about":[{"href":"https:\/\/stil-fit.com\/hr\/wp-json\/wp\/v2\/types\/product"}],"replies":[{"embeddable":true,"href":"https:\/\/stil-fit.com\/hr\/wp-json\/wp\/v2\/comments?post=35165"}],"wp:featuredmedia":[{"embeddable":true,"href":"https:\/\/stil-fit.com\/hr\/wp-json\/wp\/v2\/media\/29740"}],"wp:attachment":[{"href":"https:\/\/stil-fit.com\/hr\/wp-json\/wp\/v2\/media?parent=35165"}],"wp:term":[{"taxonomy":"product_brand","embeddable":true,"href":"https:\/\/stil-fit.com\/hr\/wp-json\/wp\/v2\/product_brand?post=35165"},{"taxonomy":"product_cat","embeddable":true,"href":"https:\/\/stil-fit.com\/hr\/wp-json\/wp\/v2\/product_cat?post=35165"},{"taxonomy":"product_tag","embeddable":true,"href":"https:\/\/stil-fit.com\/hr\/wp-json\/wp\/v2\/product_tag?post=35165"},{"taxonomy":"yst_prominent_words","embeddable":true,"href":"https:\/\/stil-fit.com\/hr\/wp-json\/wp\/v2\/yst_prominent_words?post=35165"}],"curies":[{"name":"wp","href":"https:\/\/api.w.org\/{rel}","templated":true}]}}