{"id":35185,"date":"2023-05-17T16:16:58","date_gmt":"2025-03-27T12:40:55","guid":{"rendered":"https:\/\/stil-fit.com\/shop\/stil-fit-bike-nero-edition\/"},"modified":"2025-03-27T13:40:55","modified_gmt":"2025-03-27T12:40:55","slug":"stil-fit-bike-nero-edition","status":"publish","type":"product","link":"https:\/\/stil-fit.com\/hr\/shop\/stil-fit-bike-nero-edition\/","title":{"rendered":"STIL-FIT Bike NERO &#8216;Edition&#8217;"},"content":{"rendered":"<h1><strong>Ikona unutar fitnes bicikala &#8211; STIL-FIT Bike NERO &#8216;Edition&#8217;<\/strong><\/h1>\n<p>&nbsp;<\/p>\n<h2><strong>Najfiniji materijali<\/strong><\/h2>\n<p>Radimo s biciklom NERO s aluminijem, \u010delikom, orahovim drvetom i ko\u017eom &#8211; kvaliteta do posljednjeg detalja.<\/p>\n<h2><\/h2>\n<h2><strong>Potpuno interaktivan<\/strong><\/h2>\n<p>Uparite Bike Nero s aplikacijom STIL-FIT ili raznim drugim aplikacijama kao \u0161to su Kinomap, Zwift ili Rouvy.<\/p>\n<h2><\/h2>\n<h2><strong>Samodostatan i odr\u017eiv<\/strong><\/h2>\n<p>Svojom obukom proizvodite potrebnu elektri\u010dnu energiju. Utika\u010d nije potreban. <\/p>\n<p>&nbsp;<\/p>\n","protected":false},"excerpt":{"rendered":"<p>&nbsp;<\/p>\n<p>Bicikl NERO &#8216;Edition&#8217; novo je remek djelo na\u0161eg dizajnera Antona Marije Riefa. Kombinira izvanredan dizajn s elegantnim komponentama i savr\u0161enom funkcionalno\u0161\u0107u. <\/p>\n<p><strong>Dostava unutar 7 radnih dana<\/strong><\/p>\n<p>\u2022 Proizvedeno u Njema\u010dkoj<\/p>\n<p>\u2022 Besplatna dostava<\/p>\n<p>\u2022 0% rata<\/p>\n","protected":false},"featured_media":29934,"comment_status":"open","ping_status":"closed","template":"","meta":{"_monsterinsights_skip_tracking":false,"_monsterinsights_sitenote_active":false,"_monsterinsights_sitenote_note":"","_monsterinsights_sitenote_category":0},"product_brand":[],"product_cat":[2908,2933],"product_tag":[3206,3141,3209,3207,3208],"yst_prominent_words":[256,1442,1456,1460,1457,1462,591,161,251,1461,1459,1458,593,648],"class_list":{"0":"post-35185","1":"product","2":"type-product","3":"status-publish","4":"has-post-thumbnail","6":"product_cat-sobni-bicikli","7":"product_cat-uncategorised-hr","8":"product_tag-ergometar","9":"product_tag-fitnes-kod-kuce","10":"product_tag-fitness-dizajna","11":"product_tag-fitnessbike-hr","12":"product_tag-heimtrainer-hr","13":"product_shipping_class-ergometer-2-hr","15":"first","16":"instock","17":"taxable","18":"shipping-taxable","19":"purchasable","20":"product-type-simple"},"composite_virtual":false,"composite_layout":"","composite_add_to_cart_form_location":"","composite_editable_in_cart":false,"composite_sold_individually_context":"","composite_shop_price_calc":"","composite_components":[],"composite_scenarios":[],"bundled_by":[],"bundle_stock_status":"instock","bundle_stock_quantity":null,"bundle_virtual":false,"bundle_layout":"","bundle_add_to_cart_form_location":"","bundle_editable_in_cart":false,"bundle_sold_individually_context":"","bundle_item_grouping":"","bundle_min_size":"","bundle_max_size":"","bundle_price":[],"bundled_items":[],"bundle_sell_ids":[9946],"yoast_head":"<!-- This site is optimized with the Yoast SEO Premium plugin v14.5 - https:\/\/yoast.com\/wordpress\/plugins\/seo\/ -->\n<title>STIL-FIT Bike NERO &#039;Edition&#039; | Ekskluzivno posebno izdanje Proizvedeno u Njema\u010dkoj<\/title>\n<meta name=\"description\" content=\"Naru\u010dite STIL-FIT Bike NERO &#039;Edition&#039; izravno iz na\u0161e tvornice gdje se sastavlja ru\u010dno. Dizajniran i razvijen u M\u00fcnchenu, Njema\u010dka.\" \/>\n<meta name=\"robots\" content=\"index, follow\" \/>\n<meta name=\"googlebot\" content=\"index, follow, max-snippet:-1, max-image-preview:large, max-video-preview:-1\" \/>\n<meta name=\"bingbot\" content=\"index, follow, max-snippet:-1, max-image-preview:large, max-video-preview:-1\" \/>\n<link rel=\"canonical\" href=\"https:\/\/stil-fit.com\/hr\/shop\/stil-fit-bike-nero-edition\/\" \/>\n<meta property=\"og:locale\" content=\"hr_HR\" \/>\n<meta property=\"og:type\" content=\"article\" \/>\n<meta property=\"og:title\" content=\"STIL-FIT Bike NERO &#039;Edition&#039; | Ekskluzivno posebno izdanje Proizvedeno u Njema\u010dkoj\" \/>\n<meta property=\"og:description\" content=\"Naru\u010dite STIL-FIT Bike NERO &#039;Edition&#039; izravno iz na\u0161e tvornice gdje se sastavlja ru\u010dno. Dizajniran i razvijen u M\u00fcnchenu, Njema\u010dka.\" \/>\n<meta property=\"og:url\" content=\"https:\/\/stil-fit.com\/hr\/shop\/stil-fit-bike-nero-edition\/\" \/>\n<meta property=\"og:site_name\" content=\"STIL-FIT\" \/>\n<meta property=\"article:publisher\" content=\"https:\/\/de-de.facebook.com\/stilfit\/\" \/>\n<meta property=\"og:image\" content=\"https:\/\/stil-fit.com\/wp-content\/uploads\/2023\/05\/STIL-FIT-Ergometer-NERO-1.jpg\" \/>\n\t<meta property=\"og:image:width\" content=\"1772\" \/>\n\t<meta property=\"og:image:height\" content=\"1772\" \/>\n<meta name=\"twitter:card\" content=\"summary_large_image\" \/>\n<script type=\"application\/ld+json\" class=\"yoast-schema-graph\">{\"@context\":\"https:\/\/schema.org\",\"@graph\":[{\"@type\":\"Organization\",\"@id\":\"https:\/\/stil-fit.com\/hr\/#organization\",\"name\":\"STIL-FIT International GmbH\",\"url\":\"https:\/\/stil-fit.com\/hr\/\",\"sameAs\":[\"https:\/\/de-de.facebook.com\/stilfit\/\",\"https:\/\/www.instagram.com\/stil_fit_int\/\",\"https:\/\/www.linkedin.com\/company\/stil-fit-international-gmbh\",\"https:\/\/www.youtube.com\/channel\/UC2HA1BeZtFB0acPMfq1hKdQ\",\"https:\/\/www.pinterest.com\/STILFITInt\/\"],\"logo\":{\"@type\":\"ImageObject\",\"@id\":\"https:\/\/stil-fit.com\/hr\/#logo\",\"inLanguage\":\"hr\",\"url\":\"https:\/\/stil-fit.com\/wp-content\/uploads\/2019\/02\/stilfit_logo.jpg\",\"width\":150,\"height\":150,\"caption\":\"STIL-FIT International GmbH\"},\"image\":{\"@id\":\"https:\/\/stil-fit.com\/hr\/#logo\"}},{\"@type\":\"WebSite\",\"@id\":\"https:\/\/stil-fit.com\/hr\/#website\",\"url\":\"https:\/\/stil-fit.com\/hr\/\",\"name\":\"STIL-FIT\",\"description\":\"Stil-fit\",\"publisher\":{\"@id\":\"https:\/\/stil-fit.com\/hr\/#organization\"},\"potentialAction\":[{\"@type\":\"SearchAction\",\"target\":\"https:\/\/stil-fit.com\/hr\/?s={search_term_string}\",\"query-input\":\"required name=search_term_string\"}],\"inLanguage\":\"hr\"},{\"@type\":\"ImageObject\",\"@id\":\"https:\/\/stil-fit.com\/hr\/shop\/stil-fit-bike-nero-edition\/#primaryimage\",\"inLanguage\":\"hr\",\"url\":\"https:\/\/stil-fit.com\/wp-content\/uploads\/2023\/05\/STIL-FIT-Ergometer-NERO-1.jpg\",\"width\":1772,\"height\":1772},{\"@type\":\"WebPage\",\"@id\":\"https:\/\/stil-fit.com\/hr\/shop\/stil-fit-bike-nero-edition\/#webpage\",\"url\":\"https:\/\/stil-fit.com\/hr\/shop\/stil-fit-bike-nero-edition\/\",\"name\":\"STIL-FIT Bike NERO 'Edition' | Ekskluzivno posebno izdanje Proizvedeno u Njema\\u010dkoj\",\"isPartOf\":{\"@id\":\"https:\/\/stil-fit.com\/hr\/#website\"},\"primaryImageOfPage\":{\"@id\":\"https:\/\/stil-fit.com\/hr\/shop\/stil-fit-bike-nero-edition\/#primaryimage\"},\"datePublished\":\"2025-03-27T12:40:55+00:00\",\"dateModified\":\"2025-03-27T12:40:55+00:00\",\"description\":\"Naru\\u010dite STIL-FIT Bike NERO 'Edition' izravno iz na\\u0161e tvornice gdje se sastavlja ru\\u010dno. Dizajniran i razvijen u M\\u00fcnchenu, Njema\\u010dka.\",\"inLanguage\":\"hr\",\"potentialAction\":[{\"@type\":\"ReadAction\",\"target\":[\"https:\/\/stil-fit.com\/hr\/shop\/stil-fit-bike-nero-edition\/\"]}]}]}<\/script>\n<!-- \/ Yoast SEO Premium plugin. -->","post_mailing_queue_ids":[],"_links":{"self":[{"href":"https:\/\/stil-fit.com\/hr\/wp-json\/wp\/v2\/product\/35185","targetHints":{"allow":["GET"]}}],"collection":[{"href":"https:\/\/stil-fit.com\/hr\/wp-json\/wp\/v2\/product"}],"about":[{"href":"https:\/\/stil-fit.com\/hr\/wp-json\/wp\/v2\/types\/product"}],"replies":[{"embeddable":true,"href":"https:\/\/stil-fit.com\/hr\/wp-json\/wp\/v2\/comments?post=35185"}],"wp:featuredmedia":[{"embeddable":true,"href":"https:\/\/stil-fit.com\/hr\/wp-json\/wp\/v2\/media\/29934"}],"wp:attachment":[{"href":"https:\/\/stil-fit.com\/hr\/wp-json\/wp\/v2\/media?parent=35185"}],"wp:term":[{"taxonomy":"product_brand","embeddable":true,"href":"https:\/\/stil-fit.com\/hr\/wp-json\/wp\/v2\/product_brand?post=35185"},{"taxonomy":"product_cat","embeddable":true,"href":"https:\/\/stil-fit.com\/hr\/wp-json\/wp\/v2\/product_cat?post=35185"},{"taxonomy":"product_tag","embeddable":true,"href":"https:\/\/stil-fit.com\/hr\/wp-json\/wp\/v2\/product_tag?post=35185"},{"taxonomy":"yst_prominent_words","embeddable":true,"href":"https:\/\/stil-fit.com\/hr\/wp-json\/wp\/v2\/yst_prominent_words?post=35185"}],"curies":[{"name":"wp","href":"https:\/\/api.w.org\/{rel}","templated":true}]}}