{"id":35228,"date":"2022-09-11T22:36:18","date_gmt":"2025-03-27T12:42:31","guid":{"rendered":"https:\/\/stil-fit.com\/shop\/stil-fit-smart-package\/"},"modified":"2025-03-27T13:42:31","modified_gmt":"2025-03-27T12:42:31","slug":"stil-fit-smart-package","status":"publish","type":"product","link":"https:\/\/stil-fit.com\/hr\/shop\/stil-fit-smart-package\/","title":{"rendered":"STIL-FIT Smart-Package"},"content":{"rendered":"<h1><span style=\"font-size: 100%;\">STIL-FIT Smart-Package<\/span><\/h1>\n<p><span style=\"font-size: 120%;\">Vi\u0161e opcija. Vi\u0161e zabave. Vi\u0161e motivacije.  <\/span><\/p>\n<p>+ Trenirajte jo\u0161 u\u010dinkovitije uz na\u0161u STIL-FIT App<\/p>\n<p>Raznovrsni programi treninga, postavljanje tjednih ciljeva, pra\u0107enje napretka, izvoz podataka&#8230; STIL-FIT App sa svim svojim funkcijama uklju\u010dena je u Smart paket. <\/p>\n<p>+ Dobijte puni pristup svim svojim omiljenim aplikacijama za vje\u017ebanje<\/p>\n<p>Uz STIL-FIT Smart-Package , svoj ergometar mo\u017eete u\u010diniti kompatibilnim sa svim popularnim aplikacijama za vje\u017ebanje. Utrkujte se protiv tisu\u0107a korisnika, vozite se na virtualnim turama i vo\u0111enim vje\u017ebama.<\/p>\n","protected":false},"excerpt":{"rendered":"<p>&nbsp;<\/p>\n<p>+ Vi\u0161e opcija. Vi\u0161e zabave. Vi\u0161e motivacije.  <\/p>\n<p>+ Trenirajte u\u010dinkovitije uz STIL-FIT App .<\/p>\n<p>+ Potpuni pristup svim va\u0161im omiljenim aplikacijama.<\/p>\n<p>&nbsp;<\/p>\n<p>&nbsp;<\/p>\n","protected":false},"featured_media":29820,"comment_status":"closed","ping_status":"closed","template":"","meta":{"_monsterinsights_skip_tracking":false,"_monsterinsights_sitenote_active":false,"_monsterinsights_sitenote_note":"","_monsterinsights_sitenote_category":0},"product_brand":[],"product_cat":[2908,2933],"product_tag":[2578,3206,3250,3251],"yst_prominent_words":[357,1476,1474,1475,161,566,1473,251,602,1472,169,593,267],"class_list":{"0":"post-35228","1":"product","2":"type-product","3":"status-publish","4":"has-post-thumbnail","6":"product_cat-sobni-bicikli","7":"product_cat-uncategorised-hr","8":"product_tag-apple-watch-en-hr","9":"product_tag-ergometar","10":"product_tag-kontrola-aplikacije","11":"product_tag-kucni-fitness","12":"product_shipping_class-kleingerate-hr","14":"first","15":"instock","16":"taxable","17":"shipping-taxable","18":"purchasable","19":"product-type-simple"},"composite_virtual":false,"composite_layout":"","composite_add_to_cart_form_location":"","composite_editable_in_cart":false,"composite_sold_individually_context":"","composite_shop_price_calc":"","composite_components":[],"composite_scenarios":[],"bundled_by":[],"bundle_stock_status":"instock","bundle_stock_quantity":null,"bundle_virtual":false,"bundle_layout":"","bundle_add_to_cart_form_location":"","bundle_editable_in_cart":false,"bundle_sold_individually_context":"","bundle_item_grouping":"","bundle_min_size":"","bundle_max_size":"","bundle_price":[],"bundled_items":[],"bundle_sell_ids":[],"yoast_head":"<!-- This site is optimized with the Yoast SEO Premium plugin v14.5 - https:\/\/yoast.com\/wordpress\/plugins\/seo\/ -->\n<title>STIL-FIT Smart-Package | Digitalni svijet fitnessa STIL-FIT<\/title>\n<meta name=\"description\" content=\"U\u017eivajte u jo\u0161 boljem iskustvu vje\u017ebanja uz na\u0161 STIL-FIT Smart-Package . Naru\u010dite sada i pobolj\u0161ajte svoje vje\u017ebanje s na\u0161om STIL-FIT App i drugim aplikacijama za fitness.\" \/>\n<meta name=\"robots\" content=\"index, follow\" \/>\n<meta name=\"googlebot\" content=\"index, follow, max-snippet:-1, max-image-preview:large, max-video-preview:-1\" \/>\n<meta name=\"bingbot\" content=\"index, follow, max-snippet:-1, max-image-preview:large, max-video-preview:-1\" \/>\n<link rel=\"canonical\" href=\"https:\/\/stil-fit.com\/hr\/shop\/stil-fit-smart-package\/\" \/>\n<meta property=\"og:locale\" content=\"hr_HR\" \/>\n<meta property=\"og:type\" content=\"article\" \/>\n<meta property=\"og:title\" content=\"STIL-FIT Smart-Package | Digitalni svijet fitnessa STIL-FIT\" \/>\n<meta property=\"og:description\" content=\"U\u017eivajte u jo\u0161 boljem iskustvu vje\u017ebanja uz na\u0161 STIL-FIT Smart-Package . Naru\u010dite sada i pobolj\u0161ajte svoje vje\u017ebanje s na\u0161om STIL-FIT App i drugim aplikacijama za fitness.\" \/>\n<meta property=\"og:url\" content=\"https:\/\/stil-fit.com\/hr\/shop\/stil-fit-smart-package\/\" \/>\n<meta property=\"og:site_name\" content=\"STIL-FIT\" \/>\n<meta property=\"article:publisher\" content=\"https:\/\/de-de.facebook.com\/stilfit\/\" \/>\n<meta property=\"og:image\" content=\"https:\/\/stil-fit.com\/wp-content\/uploads\/2023\/03\/STIL-FIT-Ergometer-PURE-Smart.jpg\" \/>\n\t<meta property=\"og:image:width\" content=\"1772\" \/>\n\t<meta property=\"og:image:height\" content=\"1772\" \/>\n<meta name=\"twitter:card\" content=\"summary_large_image\" \/>\n<script type=\"application\/ld+json\" class=\"yoast-schema-graph\">{\"@context\":\"https:\/\/schema.org\",\"@graph\":[{\"@type\":\"Organization\",\"@id\":\"https:\/\/stil-fit.com\/hr\/#organization\",\"name\":\"STIL-FIT International GmbH\",\"url\":\"https:\/\/stil-fit.com\/hr\/\",\"sameAs\":[\"https:\/\/de-de.facebook.com\/stilfit\/\",\"https:\/\/www.instagram.com\/stil_fit_int\/\",\"https:\/\/www.linkedin.com\/company\/stil-fit-international-gmbh\",\"https:\/\/www.youtube.com\/channel\/UC2HA1BeZtFB0acPMfq1hKdQ\",\"https:\/\/www.pinterest.com\/STILFITInt\/\"],\"logo\":{\"@type\":\"ImageObject\",\"@id\":\"https:\/\/stil-fit.com\/hr\/#logo\",\"inLanguage\":\"hr\",\"url\":\"https:\/\/stil-fit.com\/wp-content\/uploads\/2019\/02\/stilfit_logo.jpg\",\"width\":150,\"height\":150,\"caption\":\"STIL-FIT International GmbH\"},\"image\":{\"@id\":\"https:\/\/stil-fit.com\/hr\/#logo\"}},{\"@type\":\"WebSite\",\"@id\":\"https:\/\/stil-fit.com\/hr\/#website\",\"url\":\"https:\/\/stil-fit.com\/hr\/\",\"name\":\"STIL-FIT\",\"description\":\"Stil-fit\",\"publisher\":{\"@id\":\"https:\/\/stil-fit.com\/hr\/#organization\"},\"potentialAction\":[{\"@type\":\"SearchAction\",\"target\":\"https:\/\/stil-fit.com\/hr\/?s={search_term_string}\",\"query-input\":\"required name=search_term_string\"}],\"inLanguage\":\"hr\"},{\"@type\":\"ImageObject\",\"@id\":\"https:\/\/stil-fit.com\/hr\/shop\/stil-fit-smart-package\/#primaryimage\",\"inLanguage\":\"hr\",\"url\":\"https:\/\/stil-fit.com\/wp-content\/uploads\/2023\/03\/STIL-FIT-Ergometer-PURE-Smart.jpg\",\"width\":1772,\"height\":1772},{\"@type\":\"WebPage\",\"@id\":\"https:\/\/stil-fit.com\/hr\/shop\/stil-fit-smart-package\/#webpage\",\"url\":\"https:\/\/stil-fit.com\/hr\/shop\/stil-fit-smart-package\/\",\"name\":\"STIL-FIT Smart-Package | Digitalni svijet fitnessa STIL-FIT\",\"isPartOf\":{\"@id\":\"https:\/\/stil-fit.com\/hr\/#website\"},\"primaryImageOfPage\":{\"@id\":\"https:\/\/stil-fit.com\/hr\/shop\/stil-fit-smart-package\/#primaryimage\"},\"datePublished\":\"2025-03-27T12:42:31+00:00\",\"dateModified\":\"2025-03-27T12:42:31+00:00\",\"description\":\"U\\u017eivajte u jo\\u0161 boljem iskustvu vje\\u017ebanja uz na\\u0161 STIL-FIT Smart-Package . Naru\\u010dite sada i pobolj\\u0161ajte svoje vje\\u017ebanje s na\\u0161om STIL-FIT App i drugim aplikacijama za fitness.\",\"inLanguage\":\"hr\",\"potentialAction\":[{\"@type\":\"ReadAction\",\"target\":[\"https:\/\/stil-fit.com\/hr\/shop\/stil-fit-smart-package\/\"]}]}]}<\/script>\n<!-- \/ Yoast SEO Premium plugin. -->","post_mailing_queue_ids":[],"_links":{"self":[{"href":"https:\/\/stil-fit.com\/hr\/wp-json\/wp\/v2\/product\/35228","targetHints":{"allow":["GET"]}}],"collection":[{"href":"https:\/\/stil-fit.com\/hr\/wp-json\/wp\/v2\/product"}],"about":[{"href":"https:\/\/stil-fit.com\/hr\/wp-json\/wp\/v2\/types\/product"}],"replies":[{"embeddable":true,"href":"https:\/\/stil-fit.com\/hr\/wp-json\/wp\/v2\/comments?post=35228"}],"wp:featuredmedia":[{"embeddable":true,"href":"https:\/\/stil-fit.com\/hr\/wp-json\/wp\/v2\/media\/29820"}],"wp:attachment":[{"href":"https:\/\/stil-fit.com\/hr\/wp-json\/wp\/v2\/media?parent=35228"}],"wp:term":[{"taxonomy":"product_brand","embeddable":true,"href":"https:\/\/stil-fit.com\/hr\/wp-json\/wp\/v2\/product_brand?post=35228"},{"taxonomy":"product_cat","embeddable":true,"href":"https:\/\/stil-fit.com\/hr\/wp-json\/wp\/v2\/product_cat?post=35228"},{"taxonomy":"product_tag","embeddable":true,"href":"https:\/\/stil-fit.com\/hr\/wp-json\/wp\/v2\/product_tag?post=35228"},{"taxonomy":"yst_prominent_words","embeddable":true,"href":"https:\/\/stil-fit.com\/hr\/wp-json\/wp\/v2\/yst_prominent_words?post=35228"}],"curies":[{"name":"wp","href":"https:\/\/api.w.org\/{rel}","templated":true}]}}