{"id":35248,"date":"2023-09-28T14:08:55","date_gmt":"2025-03-27T12:43:51","guid":{"rendered":"https:\/\/stil-fit.com\/shop\/stil-fit-bike-pro\/"},"modified":"2025-03-27T13:43:51","modified_gmt":"2025-03-27T12:43:51","slug":"stil-fit-bike-pro","status":"publish","type":"product","link":"https:\/\/stil-fit.com\/hr\/shop\/stil-fit-bike-pro\/","title":{"rendered":"STIL-FIT Bike PRO"},"content":{"rendered":"<h1><strong>STIL-FIT Bike PRO<\/strong><\/h1>\n<p>&nbsp;<\/p>\n<p style=\"font-weight: 400;\"><span style=\"font-size: 120%;\">Na\u0161 STIL-FIT Bike PRO nudi sve dobro poznate prednosti na\u0161ih prethodnih bicikala, kao \u0161to su vrhunska ergonomija i inovativno ra\u010dunalo za vje\u017ebanje. Elegantan mat crni dizajn i novi sportski upravlja\u010d \u010dine bicikl apsolutnim remek-djelom. <\/span><\/p>\n<ul>\n<li style=\"font-weight: 400;\"><span style=\"font-size: 120%;\">Moderan i ergonomski dizajn koji nudi pravi polo\u017eaj sjedenja za svakog korisnika.<\/span><\/li>\n<\/ul>\n<p>&nbsp;<\/p>\n<ul>\n<li style=\"font-weight: 400;\"><span style=\"font-size: 120%;\">Sna\u017eno ra\u010dunalo za vje\u017ebanje sa zaslonom u boji i zaslonom osjetljivim na dodir<\/span><\/li>\n<\/ul>\n<p>&nbsp;<\/p>\n<ul>\n<li style=\"font-weight: 400;\"><span style=\"font-size: 120%;\">Razli\u010diti programi treninga, kao \u0161to su intervalni trening, vo\u017enja uzbrdo ili programi s kontrolom pulsa.<\/span><\/li>\n<\/ul>\n<p>&nbsp;<\/p>\n<ul>\n<li style=\"font-weight: 400;\"><span style=\"font-size: 120%;\">Kompatibilnost s aplikacijom STIL-FIT kao i Kinomap, Zwift, Rouvy i BKool<\/span><\/li>\n<\/ul>\n<p>&nbsp;<\/p>\n<ul>\n<li style=\"font-weight: 400;\"><span style=\"font-size: 120%;\">Visokokvalitetni indukcijski ko\u010dioni sustav s generatorom koji eliminira potrebu za priklju\u010dkom na struju.<\/span><\/li>\n<\/ul>\n","protected":false},"excerpt":{"rendered":"<p>&nbsp;<\/p>\n<p><span style=\"font-size: 100%;\">Bike PRO je najnoviji dodatak na\u0161oj ponudi bicikala. Vrhunska ergonomija, inovativno ra\u010dunalo za vje\u017ebanje i elegantan mat crni dizajn definiraju na\u0161 novi Bike PRO. <\/span><\/p>\n<p><span style=\"font-size: 100%;\"><strong>Dostava unutar 7 radnih dana<\/strong><\/span><\/p>\n<p><span style=\"font-size: 100%;\">\u2022 Proizvedeno u Njema\u010dkoj<\/span><\/p>\n<p><span style=\"font-size: 100%;\">\u2022 Besplatna dostava (GER + AT)<\/span><\/p>\n<p><span style=\"font-size: 100%;\">\u2022 0% rata<\/span><\/p>\n","protected":false},"featured_media":30633,"comment_status":"open","ping_status":"closed","template":"","meta":{"_monsterinsights_skip_tracking":false,"_monsterinsights_sitenote_active":false,"_monsterinsights_sitenote_note":"","_monsterinsights_sitenote_category":0},"product_brand":[],"product_cat":[2908,2933],"product_tag":[3206,3141,3209,3207,3208],"yst_prominent_words":[256,723,1446,1442,190,170,255,1447,284,1450,161,1441,1448,1444,1449,251,169,1445,593],"class_list":{"0":"post-35248","1":"product","2":"type-product","3":"status-publish","4":"has-post-thumbnail","6":"product_cat-sobni-bicikli","7":"product_cat-uncategorised-hr","8":"product_tag-ergometar","9":"product_tag-fitnes-kod-kuce","10":"product_tag-fitness-dizajna","11":"product_tag-fitnessbike-hr","12":"product_tag-heimtrainer-hr","13":"product_shipping_class-ergometer-2-hr","15":"first","16":"instock","17":"taxable","18":"shipping-taxable","19":"purchasable","20":"product-type-simple"},"composite_virtual":false,"composite_layout":"","composite_add_to_cart_form_location":"","composite_editable_in_cart":false,"composite_sold_individually_context":"","composite_shop_price_calc":"","composite_components":[],"composite_scenarios":[],"bundled_by":[],"bundle_stock_status":"instock","bundle_stock_quantity":null,"bundle_virtual":false,"bundle_layout":"","bundle_add_to_cart_form_location":"","bundle_editable_in_cart":false,"bundle_sold_individually_context":"","bundle_item_grouping":"","bundle_min_size":"","bundle_max_size":"","bundle_price":[],"bundled_items":[],"bundle_sell_ids":[35228,35552,35374,35239,35526,35543],"yoast_head":"<!-- This site is optimized with the Yoast SEO Premium plugin v14.5 - https:\/\/yoast.com\/wordpress\/plugins\/seo\/ -->\n<title>STIL-FIT Bike PRO | Novi mat crni dizajn, upravlja\u010d nove izvedbe<\/title>\n<meta name=\"description\" content=\"Naru\u010dite izravno iz na\u0161e proizvodnje u M\u00fcnchenu i neka vam ergometar bude isporu\u010den brzo i jednostavno. U Njema\u010dkoj i Austriji besplatno.\" \/>\n<meta name=\"robots\" content=\"index, follow\" \/>\n<meta name=\"googlebot\" content=\"index, follow, max-snippet:-1, max-image-preview:large, max-video-preview:-1\" \/>\n<meta name=\"bingbot\" content=\"index, follow, max-snippet:-1, max-image-preview:large, max-video-preview:-1\" \/>\n<link rel=\"canonical\" href=\"https:\/\/stil-fit.com\/hr\/shop\/stil-fit-bike-pro\/\" \/>\n<meta property=\"og:locale\" content=\"hr_HR\" \/>\n<meta property=\"og:type\" content=\"article\" \/>\n<meta property=\"og:title\" content=\"STIL-FIT Bike PRO | Novi mat crni dizajn, upravlja\u010d nove izvedbe\" \/>\n<meta property=\"og:description\" content=\"Naru\u010dite izravno iz na\u0161e proizvodnje u M\u00fcnchenu i neka vam ergometar bude isporu\u010den brzo i jednostavno. U Njema\u010dkoj i Austriji besplatno.\" \/>\n<meta property=\"og:url\" content=\"https:\/\/stil-fit.com\/hr\/shop\/stil-fit-bike-pro\/\" \/>\n<meta property=\"og:site_name\" content=\"STIL-FIT\" \/>\n<meta property=\"article:publisher\" content=\"https:\/\/de-de.facebook.com\/stilfit\/\" \/>\n<meta property=\"og:image\" content=\"https:\/\/stil-fit.com\/wp-content\/uploads\/2023\/09\/STIL-FIT-Ergometer-PRO-3.jpg\" \/>\n\t<meta property=\"og:image:width\" content=\"1181\" \/>\n\t<meta property=\"og:image:height\" content=\"1181\" \/>\n<meta name=\"twitter:card\" content=\"summary_large_image\" \/>\n<script type=\"application\/ld+json\" class=\"yoast-schema-graph\">{\"@context\":\"https:\/\/schema.org\",\"@graph\":[{\"@type\":\"Organization\",\"@id\":\"https:\/\/stil-fit.com\/hr\/#organization\",\"name\":\"STIL-FIT International GmbH\",\"url\":\"https:\/\/stil-fit.com\/hr\/\",\"sameAs\":[\"https:\/\/de-de.facebook.com\/stilfit\/\",\"https:\/\/www.instagram.com\/stil_fit_int\/\",\"https:\/\/www.linkedin.com\/company\/stil-fit-international-gmbh\",\"https:\/\/www.youtube.com\/channel\/UC2HA1BeZtFB0acPMfq1hKdQ\",\"https:\/\/www.pinterest.com\/STILFITInt\/\"],\"logo\":{\"@type\":\"ImageObject\",\"@id\":\"https:\/\/stil-fit.com\/hr\/#logo\",\"inLanguage\":\"hr\",\"url\":\"https:\/\/stil-fit.com\/wp-content\/uploads\/2019\/02\/stilfit_logo.jpg\",\"width\":150,\"height\":150,\"caption\":\"STIL-FIT International GmbH\"},\"image\":{\"@id\":\"https:\/\/stil-fit.com\/hr\/#logo\"}},{\"@type\":\"WebSite\",\"@id\":\"https:\/\/stil-fit.com\/hr\/#website\",\"url\":\"https:\/\/stil-fit.com\/hr\/\",\"name\":\"STIL-FIT\",\"description\":\"Stil-fit\",\"publisher\":{\"@id\":\"https:\/\/stil-fit.com\/hr\/#organization\"},\"potentialAction\":[{\"@type\":\"SearchAction\",\"target\":\"https:\/\/stil-fit.com\/hr\/?s={search_term_string}\",\"query-input\":\"required name=search_term_string\"}],\"inLanguage\":\"hr\"},{\"@type\":\"ImageObject\",\"@id\":\"https:\/\/stil-fit.com\/hr\/shop\/stil-fit-bike-pro\/#primaryimage\",\"inLanguage\":\"hr\",\"url\":\"https:\/\/stil-fit.com\/wp-content\/uploads\/2023\/09\/STIL-FIT-Ergometer-PRO-3.jpg\",\"width\":1181,\"height\":1181},{\"@type\":\"WebPage\",\"@id\":\"https:\/\/stil-fit.com\/hr\/shop\/stil-fit-bike-pro\/#webpage\",\"url\":\"https:\/\/stil-fit.com\/hr\/shop\/stil-fit-bike-pro\/\",\"name\":\"STIL-FIT Bike PRO | Novi mat crni dizajn, upravlja\\u010d nove izvedbe\",\"isPartOf\":{\"@id\":\"https:\/\/stil-fit.com\/hr\/#website\"},\"primaryImageOfPage\":{\"@id\":\"https:\/\/stil-fit.com\/hr\/shop\/stil-fit-bike-pro\/#primaryimage\"},\"datePublished\":\"2025-03-27T12:43:51+00:00\",\"dateModified\":\"2025-03-27T12:43:51+00:00\",\"description\":\"Naru\\u010dite izravno iz na\\u0161e proizvodnje u M\\u00fcnchenu i neka vam ergometar bude isporu\\u010den brzo i jednostavno. U Njema\\u010dkoj i Austriji besplatno.\",\"inLanguage\":\"hr\",\"potentialAction\":[{\"@type\":\"ReadAction\",\"target\":[\"https:\/\/stil-fit.com\/hr\/shop\/stil-fit-bike-pro\/\"]}]}]}<\/script>\n<!-- \/ Yoast SEO Premium plugin. -->","post_mailing_queue_ids":[],"_links":{"self":[{"href":"https:\/\/stil-fit.com\/hr\/wp-json\/wp\/v2\/product\/35248","targetHints":{"allow":["GET"]}}],"collection":[{"href":"https:\/\/stil-fit.com\/hr\/wp-json\/wp\/v2\/product"}],"about":[{"href":"https:\/\/stil-fit.com\/hr\/wp-json\/wp\/v2\/types\/product"}],"replies":[{"embeddable":true,"href":"https:\/\/stil-fit.com\/hr\/wp-json\/wp\/v2\/comments?post=35248"}],"wp:featuredmedia":[{"embeddable":true,"href":"https:\/\/stil-fit.com\/hr\/wp-json\/wp\/v2\/media\/30633"}],"wp:attachment":[{"href":"https:\/\/stil-fit.com\/hr\/wp-json\/wp\/v2\/media?parent=35248"}],"wp:term":[{"taxonomy":"product_brand","embeddable":true,"href":"https:\/\/stil-fit.com\/hr\/wp-json\/wp\/v2\/product_brand?post=35248"},{"taxonomy":"product_cat","embeddable":true,"href":"https:\/\/stil-fit.com\/hr\/wp-json\/wp\/v2\/product_cat?post=35248"},{"taxonomy":"product_tag","embeddable":true,"href":"https:\/\/stil-fit.com\/hr\/wp-json\/wp\/v2\/product_tag?post=35248"},{"taxonomy":"yst_prominent_words","embeddable":true,"href":"https:\/\/stil-fit.com\/hr\/wp-json\/wp\/v2\/yst_prominent_words?post=35248"}],"curies":[{"name":"wp","href":"https:\/\/api.w.org\/{rel}","templated":true}]}}