{"id":35258,"date":"2023-09-28T15:11:43","date_gmt":"2025-03-27T12:44:07","guid":{"rendered":"https:\/\/stil-fit.com\/shop\/stil-fit-bench-pro\/"},"modified":"2025-03-27T13:44:07","modified_gmt":"2025-03-27T12:44:07","slug":"stil-fit-bench-pro","status":"publish","type":"product","link":"https:\/\/stil-fit.com\/hr\/shop\/stil-fit-bench-pro\/","title":{"rendered":"STIL-FIT Bench PRO"},"content":{"rendered":"<h1><span style=\"font-size: 120%;\"><strong>STIL-FIT Bench PRO<\/strong><\/span><\/h1>\n<p style=\"font-weight: 400;\"><span style=\"font-size: 120%;\">STIL-FIT Bench PRO je apsolutna ljepota. Vitke i smanjene linije, jedinstven dizajn, vrhunski materijali i jednostavno rukovanje karakteriziraju na\u0161u klupu za vje\u017ebanje i dodat \u0107e stil va\u0161em vje\u017ebanju. <\/span><\/p>\n<ul>\n<li style=\"font-weight: 400;\"><span style=\"font-size: 120%;\">Jednostavan i elegantan dizajn koji se uklapa u svaku prostoriju<\/span><\/li>\n<\/ul>\n<p>&nbsp;<\/p>\n<ul>\n<li style=\"font-weight: 400;\"><span style=\"font-size: 120%;\">Antibakterijsko sjedalo i naslon za le\u0111a s mre\u017eastom tkaninom<\/span><\/li>\n<\/ul>\n<p>&nbsp;<\/p>\n<ul>\n<li style=\"font-weight: 400;\"><span style=\"font-size: 120%;\">Podesivi kut nagiba u 7 razina<\/span><\/li>\n<\/ul>\n<p>&nbsp;<\/p>\n<ul>\n<li style=\"font-weight: 400;\"><span style=\"font-size: 120%;\">Integrirani kota\u010di za jednostavno kretanje<\/span><\/li>\n<\/ul>\n","protected":false},"excerpt":{"rendered":"<p>&nbsp;<\/p>\n<p>Na\u0161a nova klupa za vje\u017ebanje je apsolutno vitka, ali jo\u0161 uvijek vrlo \u010dvrsta. Jednostavan za kretanje i pode\u0161avanje. Rad s klupom toliko je svestran da \u0107ete biti zadivljeni.  <\/p>\n<p><strong>Spremno za slanje u roku od 3 dana<\/strong><\/p>\n<ul>\n<li>Ru\u010dno izra\u0111eno za vas u na\u0161oj manufakturi u M\u00fcnchenu.<\/li>\n<li>Jednostavna monta\u017ea.<\/li>\n<li>Proizvedeno u Njema\u010dkoj<\/li>\n<li>Besplatna dostava (Njema\u010dka i Austrija)<\/li>\n<li>0% obro\u010dno pla\u0107anje (samo Njema\u010dka)<\/li>\n<\/ul>\n","protected":false},"featured_media":30743,"comment_status":"open","ping_status":"closed","template":"","meta":{"_monsterinsights_skip_tracking":false,"_monsterinsights_sitenote_active":false,"_monsterinsights_sitenote_note":"","_monsterinsights_sitenote_category":0},"product_brand":[],"product_cat":[2916,2924],"product_tag":[3297,3300,3251,3298,3299],"yst_prominent_words":[256,1452,170,1453,161,1451],"class_list":{"0":"post-35258","1":"product","2":"type-product","3":"status-publish","4":"has-post-thumbnail","6":"product_cat-funkcionalni-trener","7":"product_cat-trening-snage","8":"product_tag-fitness-hr","9":"product_tag-klupa-s-utezima","10":"product_tag-kucni-fitness","11":"product_tag-snaga","12":"product_tag-utezi","13":"product_shipping_class-ergometer-2-hr","15":"first","16":"instock","17":"taxable","18":"shipping-taxable","19":"purchasable","20":"product-type-simple"},"composite_virtual":false,"composite_layout":"","composite_add_to_cart_form_location":"","composite_editable_in_cart":false,"composite_sold_individually_context":"","composite_shop_price_calc":"","composite_components":[],"composite_scenarios":[],"bundled_by":[],"bundle_stock_status":"instock","bundle_stock_quantity":null,"bundle_virtual":false,"bundle_layout":"","bundle_add_to_cart_form_location":"","bundle_editable_in_cart":false,"bundle_sold_individually_context":"","bundle_item_grouping":"","bundle_min_size":"","bundle_max_size":"","bundle_price":[],"bundled_items":[],"bundle_sell_ids":[],"yoast_head":"<!-- This site is optimized with the Yoast SEO Premium plugin v14.5 - https:\/\/yoast.com\/wordpress\/plugins\/seo\/ -->\n<title>STIL-FIT Bench PRO | Naru\u010dite sada izravno od proizvo\u0111a\u010da<\/title>\n<meta name=\"description\" content=\"Otkrijte STIL-FIT Weight Bench PRO | Dizajniran i proizveden u na\u0161oj tvornici u M\u00fcnchenu. Besplatna dostava u Njema\u010dkoj i Austriji. Nabavite svoju sada!\" \/>\n<meta name=\"robots\" content=\"index, follow\" \/>\n<meta name=\"googlebot\" content=\"index, follow, max-snippet:-1, max-image-preview:large, max-video-preview:-1\" \/>\n<meta name=\"bingbot\" content=\"index, follow, max-snippet:-1, max-image-preview:large, max-video-preview:-1\" \/>\n<link rel=\"canonical\" href=\"https:\/\/stil-fit.com\/hr\/shop\/stil-fit-bench-pro\/\" \/>\n<meta property=\"og:locale\" content=\"hr_HR\" \/>\n<meta property=\"og:type\" content=\"article\" \/>\n<meta property=\"og:title\" content=\"STIL-FIT Bench PRO | Naru\u010dite sada izravno od proizvo\u0111a\u010da\" \/>\n<meta property=\"og:description\" content=\"Otkrijte STIL-FIT Weight Bench PRO | Dizajniran i proizveden u na\u0161oj tvornici u M\u00fcnchenu. Besplatna dostava u Njema\u010dkoj i Austriji. Nabavite svoju sada!\" \/>\n<meta property=\"og:url\" content=\"https:\/\/stil-fit.com\/hr\/shop\/stil-fit-bench-pro\/\" \/>\n<meta property=\"og:site_name\" content=\"STIL-FIT\" \/>\n<meta property=\"article:publisher\" content=\"https:\/\/de-de.facebook.com\/stilfit\/\" \/>\n<meta property=\"og:image\" content=\"https:\/\/stil-fit.com\/wp-content\/uploads\/2023\/09\/STIL-FIT-Bench-PRO-1.png\" \/>\n\t<meta property=\"og:image:width\" content=\"1181\" \/>\n\t<meta property=\"og:image:height\" content=\"1182\" \/>\n<meta name=\"twitter:card\" content=\"summary_large_image\" \/>\n<script type=\"application\/ld+json\" class=\"yoast-schema-graph\">{\"@context\":\"https:\/\/schema.org\",\"@graph\":[{\"@type\":\"Organization\",\"@id\":\"https:\/\/stil-fit.com\/hr\/#organization\",\"name\":\"STIL-FIT International GmbH\",\"url\":\"https:\/\/stil-fit.com\/hr\/\",\"sameAs\":[\"https:\/\/de-de.facebook.com\/stilfit\/\",\"https:\/\/www.instagram.com\/stil_fit_int\/\",\"https:\/\/www.linkedin.com\/company\/stil-fit-international-gmbh\",\"https:\/\/www.youtube.com\/channel\/UC2HA1BeZtFB0acPMfq1hKdQ\",\"https:\/\/www.pinterest.com\/STILFITInt\/\"],\"logo\":{\"@type\":\"ImageObject\",\"@id\":\"https:\/\/stil-fit.com\/hr\/#logo\",\"inLanguage\":\"hr\",\"url\":\"https:\/\/stil-fit.com\/wp-content\/uploads\/2019\/02\/stilfit_logo.jpg\",\"width\":150,\"height\":150,\"caption\":\"STIL-FIT International GmbH\"},\"image\":{\"@id\":\"https:\/\/stil-fit.com\/hr\/#logo\"}},{\"@type\":\"WebSite\",\"@id\":\"https:\/\/stil-fit.com\/hr\/#website\",\"url\":\"https:\/\/stil-fit.com\/hr\/\",\"name\":\"STIL-FIT\",\"description\":\"Stil-fit\",\"publisher\":{\"@id\":\"https:\/\/stil-fit.com\/hr\/#organization\"},\"potentialAction\":[{\"@type\":\"SearchAction\",\"target\":\"https:\/\/stil-fit.com\/hr\/?s={search_term_string}\",\"query-input\":\"required name=search_term_string\"}],\"inLanguage\":\"hr\"},{\"@type\":\"ImageObject\",\"@id\":\"https:\/\/stil-fit.com\/hr\/shop\/stil-fit-bench-pro\/#primaryimage\",\"inLanguage\":\"hr\",\"url\":\"https:\/\/stil-fit.com\/wp-content\/uploads\/2023\/09\/STIL-FIT-Bench-PRO-1.png\",\"width\":1181,\"height\":1182},{\"@type\":\"WebPage\",\"@id\":\"https:\/\/stil-fit.com\/hr\/shop\/stil-fit-bench-pro\/#webpage\",\"url\":\"https:\/\/stil-fit.com\/hr\/shop\/stil-fit-bench-pro\/\",\"name\":\"STIL-FIT Bench PRO | Naru\\u010dite sada izravno od proizvo\\u0111a\\u010da\",\"isPartOf\":{\"@id\":\"https:\/\/stil-fit.com\/hr\/#website\"},\"primaryImageOfPage\":{\"@id\":\"https:\/\/stil-fit.com\/hr\/shop\/stil-fit-bench-pro\/#primaryimage\"},\"datePublished\":\"2025-03-27T12:44:07+00:00\",\"dateModified\":\"2025-03-27T12:44:07+00:00\",\"description\":\"Otkrijte STIL-FIT Weight Bench PRO | Dizajniran i proizveden u na\\u0161oj tvornici u M\\u00fcnchenu. Besplatna dostava u Njema\\u010dkoj i Austriji. Nabavite svoju sada!\",\"inLanguage\":\"hr\",\"potentialAction\":[{\"@type\":\"ReadAction\",\"target\":[\"https:\/\/stil-fit.com\/hr\/shop\/stil-fit-bench-pro\/\"]}]}]}<\/script>\n<!-- \/ Yoast SEO Premium plugin. -->","post_mailing_queue_ids":[],"_links":{"self":[{"href":"https:\/\/stil-fit.com\/hr\/wp-json\/wp\/v2\/product\/35258","targetHints":{"allow":["GET"]}}],"collection":[{"href":"https:\/\/stil-fit.com\/hr\/wp-json\/wp\/v2\/product"}],"about":[{"href":"https:\/\/stil-fit.com\/hr\/wp-json\/wp\/v2\/types\/product"}],"replies":[{"embeddable":true,"href":"https:\/\/stil-fit.com\/hr\/wp-json\/wp\/v2\/comments?post=35258"}],"wp:featuredmedia":[{"embeddable":true,"href":"https:\/\/stil-fit.com\/hr\/wp-json\/wp\/v2\/media\/30743"}],"wp:attachment":[{"href":"https:\/\/stil-fit.com\/hr\/wp-json\/wp\/v2\/media?parent=35258"}],"wp:term":[{"taxonomy":"product_brand","embeddable":true,"href":"https:\/\/stil-fit.com\/hr\/wp-json\/wp\/v2\/product_brand?post=35258"},{"taxonomy":"product_cat","embeddable":true,"href":"https:\/\/stil-fit.com\/hr\/wp-json\/wp\/v2\/product_cat?post=35258"},{"taxonomy":"product_tag","embeddable":true,"href":"https:\/\/stil-fit.com\/hr\/wp-json\/wp\/v2\/product_tag?post=35258"},{"taxonomy":"yst_prominent_words","embeddable":true,"href":"https:\/\/stil-fit.com\/hr\/wp-json\/wp\/v2\/yst_prominent_words?post=35258"}],"curies":[{"name":"wp","href":"https:\/\/api.w.org\/{rel}","templated":true}]}}