{"id":35272,"date":"2019-07-03T16:09:59","date_gmt":"2025-03-27T12:50:44","guid":{"rendered":"https:\/\/stil-fit.com\/shop\/stil-fit-rowing-machine-flow-one\/"},"modified":"2025-03-27T13:50:44","modified_gmt":"2025-03-27T12:50:44","slug":"stil-fit-rowing-machine-flow-one","status":"publish","type":"product","link":"https:\/\/stil-fit.com\/hr\/shop\/stil-fit-rowing-machine-flow-one\/","title":{"rendered":"STIL-FIT Rowing machine FLOW ONE"},"content":{"rendered":"<h1><strong>STIL-FIT Rowing machine FLOW ONE<\/strong><\/h1>\n<h2><strong>Savr\u0161ena vje\u017eba za cijelo tijelo<\/strong><\/h2>\n<p>Veslanje je savr\u0161ena kombinacija treninga snage i izdr\u017eljivosti. Intenzivno se treniraju sve ve\u0107e mi\u0161i\u0107ne skupine, poti\u010de smanjenje tjelesne masno\u0107e i ja\u010da kardiovaskularni sustav. Sjajan i vrlo u\u010dinkovit trening za cijelo tijelo.  <\/p>\n<h2><strong>Ekskluzivan i moderan dizajn<\/strong><\/h2>\n<p>Novi STIL-FIT Rower FLOW ONE postavlja novi standard svojim jedinstvenim dizajnom. Vitko tijelo s prekrasnim drvenim ku\u0107i\u0161tem savr\u0161eno se uklapa u svaki interijer. Dostupan je u razli\u010ditim izvedbama.  <\/p>\n<h2><strong>Pokre\u0107e WaterRower<\/strong><\/h2>\n<p>Zahvaljuju\u0107i suradnji s WaterRower na\u0161 vesla\u010dki stroj je na najvi\u0161oj razini tehnologije. Budu\u0107i da komponente koje koristimo isporu\u010duje WaterRower, znamo da \u0107e uvijek postojati savr\u0161en i gladak osje\u0107aj veslanja. Tijekom veslanja \u010dujete samo ugodan zvuk vode koja te\u010de.  <\/p>\n<h2><strong>Realno veslanje s otporom na vodu<\/strong><\/h2>\n<p>Voda je prirodni medij savr\u0161enog otpora i zato je koristimo s na\u0161om novom spravom za veslanje FLOW ONE . Otpor je vrlo dinami\u010dan i trenuta\u010dno se prilago\u0111ava intenzitetu va\u0161eg zaveslaja. Razinu otpora postavljate brzinom zaveslaja. \u0160to realnije i prirodnije!   <\/p>\n<h2><strong>Nje\u017ean, a u\u010dinkovit<\/strong><\/h2>\n<p>Postoji jo\u0161 jedan va\u017ean razlog za\u0161to koristimo vodu &#8211; rizik od ozljeda i pretjeranog fizi\u010dkog naprezanja je sveden na minimum jer se otpor prilago\u0111ava snazi \u200b\u200bvesla\u010da. Vje\u017eba je vrlo laka za zglobove, tetive i ligamente, zahvaljuju\u0107i glatkim i ritmi\u010dnim pokretima. <\/p>\n<h2><strong>Sna\u017eno ra\u010dunalo za vje\u017ebanje<\/strong><\/h2>\n<p>Na\u0161im vesla\u010dem upravlja 4,3&#8243; TFT zaslon osjetljiv na dodir. Korisni\u010dko su\u010delje zaslona osjetljivog na dodir je samo po sebi razumljivo i prikazuje sve potrebne podatke jasno i lijepo raspore\u0111ene. Ra\u010dunalo za vje\u017ebanje pohranjuje podatke do 6 korisnika i prikazuje vrijeme, udaljenost, vrijeme za 500 m, broj zaveslaja u minuti, kalorije, watt i puls. Tu je i na\u010din tempa-trke.<\/p>\n","protected":false},"excerpt":{"rendered":"<p>&nbsp;<\/p>\n<p>Vrhunska sprava za veslanje nudi integrirano mjerenje otkucaja srca, potpunu kompatibilnost s aplikacijama za veslanje i apsolutno realno iskustvo veslanja zahvaljuju\u0107i dinami\u010dkom otporu vode.<\/p>\n<p> \u2022 Proizvedeno u Njema\u010dkoj &#8211; Napravljeno da traje<\/p>\n<p> \u2022 Besplatna dostava (Njema\u010dka i Austrija)<\/p>\n<p> \u2022 0% rata<\/p>\n","protected":false},"featured_media":33330,"comment_status":"open","ping_status":"closed","template":"","meta":{"_monsterinsights_skip_tracking":false,"_monsterinsights_sitenote_active":false,"_monsterinsights_sitenote_note":"","_monsterinsights_sitenote_category":0},"product_brand":[],"product_cat":[2940,2933],"product_tag":[3324,3320,3251,3323,3140],"yst_prominent_words":[304,301,296,299,659,647,293,303,291,646,538,302,289,297,292,254,796,290,298,300],"class_list":{"0":"post-35272","1":"product","2":"type-product","3":"status-publish","4":"has-post-thumbnail","6":"product_cat-stroj-za-veslanje","7":"product_cat-uncategorised-hr","8":"product_tag-cijelog-tijela","9":"product_tag-kardio-trening","10":"product_tag-kucni-fitness","11":"product_tag-luksuz","12":"product_tag-stroj-za-veslanje","13":"product_shipping_class-flow-one-2-hr","14":"pa_rower-hrast","15":"pa_rower-mat-crna","16":"pa_rower-orah","18":"first","19":"instock","20":"taxable","21":"shipping-taxable","22":"purchasable","23":"product-type-variable","24":"has-default-attributes"},"composite_virtual":false,"composite_layout":"","composite_add_to_cart_form_location":"","composite_editable_in_cart":false,"composite_sold_individually_context":"","composite_shop_price_calc":"","composite_components":[],"composite_scenarios":[],"bundled_by":[],"bundle_stock_status":"instock","bundle_stock_quantity":null,"bundle_virtual":false,"bundle_layout":"","bundle_add_to_cart_form_location":"","bundle_editable_in_cart":false,"bundle_sold_individually_context":"","bundle_item_grouping":"","bundle_min_size":"","bundle_max_size":"","bundle_price":[],"bundled_items":[],"bundle_sell_ids":[9646,10437,9946],"yoast_head":"<!-- This site is optimized with the Yoast SEO Premium plugin v14.5 - https:\/\/yoast.com\/wordpress\/plugins\/seo\/ -->\n<title>Sprava za veslanje FLOW ONE | Luksuzna sprava za veslanje otporna na vodu<\/title>\n<meta name=\"description\" content=\"Dizajniran i razvijen u M\u00fcnchenu, Njema\u010dka. Naru\u010dite svoju novu spravu za veslanje izravno iz na\u0161e tvornice u M\u00fcnchenu. Besplatna dostava u Njema\u010dkoj i Austriji.\" \/>\n<meta name=\"robots\" content=\"index, follow\" \/>\n<meta name=\"googlebot\" content=\"index, follow, max-snippet:-1, max-image-preview:large, max-video-preview:-1\" \/>\n<meta name=\"bingbot\" content=\"index, follow, max-snippet:-1, max-image-preview:large, max-video-preview:-1\" \/>\n<link rel=\"canonical\" href=\"https:\/\/stil-fit.com\/hr\/shop\/stil-fit-rowing-machine-flow-one\/\" \/>\n<meta property=\"og:locale\" content=\"hr_HR\" \/>\n<meta property=\"og:type\" content=\"article\" \/>\n<meta property=\"og:title\" content=\"Sprava za veslanje FLOW ONE | Luksuzna sprava za veslanje otporna na vodu\" \/>\n<meta property=\"og:description\" content=\"Dizajniran i razvijen u M\u00fcnchenu, Njema\u010dka. Naru\u010dite svoju novu spravu za veslanje izravno iz na\u0161e tvornice u M\u00fcnchenu. Besplatna dostava u Njema\u010dkoj i Austriji.\" \/>\n<meta property=\"og:url\" content=\"https:\/\/stil-fit.com\/hr\/shop\/stil-fit-rowing-machine-flow-one\/\" \/>\n<meta property=\"og:site_name\" content=\"STIL-FIT\" \/>\n<meta property=\"article:publisher\" content=\"https:\/\/de-de.facebook.com\/stilfit\/\" \/>\n<meta property=\"og:image\" content=\"https:\/\/stil-fit.com\/wp-content\/uploads\/2025\/01\/STIL-FIT-Rudergeraet-FLOW-ONE-Walnuss-frontal.jpg\" \/>\n\t<meta property=\"og:image:width\" content=\"1575\" \/>\n\t<meta property=\"og:image:height\" content=\"1575\" \/>\n<meta name=\"twitter:card\" content=\"summary_large_image\" \/>\n<script type=\"application\/ld+json\" class=\"yoast-schema-graph\">{\"@context\":\"https:\/\/schema.org\",\"@graph\":[{\"@type\":\"Organization\",\"@id\":\"https:\/\/stil-fit.com\/hr\/#organization\",\"name\":\"STIL-FIT International GmbH\",\"url\":\"https:\/\/stil-fit.com\/hr\/\",\"sameAs\":[\"https:\/\/de-de.facebook.com\/stilfit\/\",\"https:\/\/www.instagram.com\/stil_fit_int\/\",\"https:\/\/www.linkedin.com\/company\/stil-fit-international-gmbh\",\"https:\/\/www.youtube.com\/channel\/UC2HA1BeZtFB0acPMfq1hKdQ\",\"https:\/\/www.pinterest.com\/STILFITInt\/\"],\"logo\":{\"@type\":\"ImageObject\",\"@id\":\"https:\/\/stil-fit.com\/hr\/#logo\",\"inLanguage\":\"hr\",\"url\":\"https:\/\/stil-fit.com\/wp-content\/uploads\/2019\/02\/stilfit_logo.jpg\",\"width\":150,\"height\":150,\"caption\":\"STIL-FIT International GmbH\"},\"image\":{\"@id\":\"https:\/\/stil-fit.com\/hr\/#logo\"}},{\"@type\":\"WebSite\",\"@id\":\"https:\/\/stil-fit.com\/hr\/#website\",\"url\":\"https:\/\/stil-fit.com\/hr\/\",\"name\":\"STIL-FIT\",\"description\":\"Stil-fit\",\"publisher\":{\"@id\":\"https:\/\/stil-fit.com\/hr\/#organization\"},\"potentialAction\":[{\"@type\":\"SearchAction\",\"target\":\"https:\/\/stil-fit.com\/hr\/?s={search_term_string}\",\"query-input\":\"required name=search_term_string\"}],\"inLanguage\":\"hr\"},{\"@type\":\"ImageObject\",\"@id\":\"https:\/\/stil-fit.com\/hr\/shop\/stil-fit-rowing-machine-flow-one\/#primaryimage\",\"inLanguage\":\"hr\",\"url\":\"https:\/\/stil-fit.com\/wp-content\/uploads\/2025\/01\/STIL-FIT-Rudergeraet-FLOW-ONE-Walnuss-frontal.jpg\",\"width\":1575,\"height\":1575},{\"@type\":\"WebPage\",\"@id\":\"https:\/\/stil-fit.com\/hr\/shop\/stil-fit-rowing-machine-flow-one\/#webpage\",\"url\":\"https:\/\/stil-fit.com\/hr\/shop\/stil-fit-rowing-machine-flow-one\/\",\"name\":\"Sprava za veslanje FLOW ONE | Luksuzna sprava za veslanje otporna na vodu\",\"isPartOf\":{\"@id\":\"https:\/\/stil-fit.com\/hr\/#website\"},\"primaryImageOfPage\":{\"@id\":\"https:\/\/stil-fit.com\/hr\/shop\/stil-fit-rowing-machine-flow-one\/#primaryimage\"},\"datePublished\":\"2025-03-27T12:50:44+00:00\",\"dateModified\":\"2025-03-27T12:50:44+00:00\",\"description\":\"Dizajniran i razvijen u M\\u00fcnchenu, Njema\\u010dka. Naru\\u010dite svoju novu spravu za veslanje izravno iz na\\u0161e tvornice u M\\u00fcnchenu. Besplatna dostava u Njema\\u010dkoj i Austriji.\",\"inLanguage\":\"hr\",\"potentialAction\":[{\"@type\":\"ReadAction\",\"target\":[\"https:\/\/stil-fit.com\/hr\/shop\/stil-fit-rowing-machine-flow-one\/\"]}]}]}<\/script>\n<!-- \/ Yoast SEO Premium plugin. -->","post_mailing_queue_ids":[],"_links":{"self":[{"href":"https:\/\/stil-fit.com\/hr\/wp-json\/wp\/v2\/product\/35272","targetHints":{"allow":["GET"]}}],"collection":[{"href":"https:\/\/stil-fit.com\/hr\/wp-json\/wp\/v2\/product"}],"about":[{"href":"https:\/\/stil-fit.com\/hr\/wp-json\/wp\/v2\/types\/product"}],"replies":[{"embeddable":true,"href":"https:\/\/stil-fit.com\/hr\/wp-json\/wp\/v2\/comments?post=35272"}],"wp:featuredmedia":[{"embeddable":true,"href":"https:\/\/stil-fit.com\/hr\/wp-json\/wp\/v2\/media\/33330"}],"wp:attachment":[{"href":"https:\/\/stil-fit.com\/hr\/wp-json\/wp\/v2\/media?parent=35272"}],"wp:term":[{"taxonomy":"product_brand","embeddable":true,"href":"https:\/\/stil-fit.com\/hr\/wp-json\/wp\/v2\/product_brand?post=35272"},{"taxonomy":"product_cat","embeddable":true,"href":"https:\/\/stil-fit.com\/hr\/wp-json\/wp\/v2\/product_cat?post=35272"},{"taxonomy":"product_tag","embeddable":true,"href":"https:\/\/stil-fit.com\/hr\/wp-json\/wp\/v2\/product_tag?post=35272"},{"taxonomy":"yst_prominent_words","embeddable":true,"href":"https:\/\/stil-fit.com\/hr\/wp-json\/wp\/v2\/yst_prominent_words?post=35272"}],"curies":[{"name":"wp","href":"https:\/\/api.w.org\/{rel}","templated":true}]}}