{"id":35293,"date":"2019-07-22T00:06:30","date_gmt":"2025-03-27T12:51:25","guid":{"rendered":"https:\/\/stil-fit.com\/shop\/stil-fit-back-stretch-orah\/"},"modified":"2025-03-27T13:51:25","modified_gmt":"2025-03-27T12:51:25","slug":"stil-fit-back-stretch-orah","status":"publish","type":"product","link":"https:\/\/stil-fit.com\/hr\/shop\/stil-fit-back-stretch-orah\/","title":{"rendered":"STIL-FIT BACK Stretch (orah)"},"content":{"rendered":"<h1><strong>STIL-FIT BACK Stretch  <\/strong><\/h1>\n<h2>Opu\u0161tanje za va\u0161a le\u0111a<\/h2>\n<div>Nakon intenzivnog vje\u017ebanja s na\u0161im proizvodima BACK Stretch savr\u0161en je za otpu\u0161tanje napetosti i<\/div>\n<div>istegnite le\u0111a i kralje\u017enicu. Tako\u0111er pozitivno doprinosi smanjenju bolnih le\u0111a <\/div>\n<div>i vrat.<\/div>\n<div><\/div>\n<div>Samo lezite, opustite se i di\u0161ite neprekidno i glatko oko pet minuta. Mo\u017eete koristiti <\/div>\n<div>BACK Stretch u dva razli\u010dita polo\u017eaja. Za gornji i donji dio le\u0111a. <\/div>\n","protected":false},"excerpt":{"rendered":"<p dir=\"ltr\" data-placeholder=\"\u00dcbersetzung\" data-ved=\"2ahUKEwjRp7uo4N-CAxVTgv0HHf8jDZkQ3ewLegQICRAQ\">\n<p id=\"tw-target-text\" class=\"tw-data-text tw-text-large tw-ta\" dir=\"ltr\" data-placeholder=\"\u00dcbersetzung\" data-ved=\"2ahUKEwjRp7uo4N-CAxVTgv0HHf8jDZkQ3ewLegQICRAQ\"><span class=\"Y2IQFc\" lang=\"en\">Lezite na BACK Stretch i opustite. Osjetit \u0107ete kako su vam le\u0111a odahnula. <\/span><\/p>\n<ul>\n<li>Proizvedeno u Njema\u010dkoj<\/li>\n<li>Besplatna dostava (Njema\u010dka i Austrija)<\/li>\n<\/ul>\n","protected":false},"featured_media":22819,"comment_status":"open","ping_status":"closed","template":"","meta":{"_monsterinsights_skip_tracking":false,"_monsterinsights_sitenote_active":false,"_monsterinsights_sitenote_note":"","_monsterinsights_sitenote_category":0},"product_brand":[],"product_cat":[2900,2933],"product_tag":[],"yst_prominent_words":[256,498,496,255,372,251,261,267,1944],"class_list":{"0":"post-35293","1":"product","2":"type-product","3":"status-publish","4":"has-post-thumbnail","6":"product_cat-pribor-hr","7":"product_cat-uncategorised-hr","8":"product_shipping_class-kleingerate-hr","10":"first","11":"instock","12":"taxable","13":"shipping-taxable","14":"purchasable","15":"product-type-simple"},"composite_virtual":false,"composite_layout":"","composite_add_to_cart_form_location":"","composite_editable_in_cart":false,"composite_sold_individually_context":"","composite_shop_price_calc":"","composite_components":[],"composite_scenarios":[],"bundled_by":[],"bundle_stock_status":"instock","bundle_stock_quantity":null,"bundle_virtual":false,"bundle_layout":"","bundle_add_to_cart_form_location":"","bundle_editable_in_cart":false,"bundle_sold_individually_context":"","bundle_item_grouping":"","bundle_min_size":"","bundle_max_size":"","bundle_price":[],"bundled_items":[],"bundle_sell_ids":[35290,804],"yoast_head":"<!-- This site is optimized with the Yoast SEO Premium plugin v14.5 - https:\/\/yoast.com\/wordpress\/plugins\/seo\/ -->\n<title>STIL-FIT BACK Stretch (orah) | Wellness za va\u0161a le\u0111a<\/title>\n<meta name=\"description\" content=\"Ru\u010dno izra\u0111en u na\u0161oj tvornici u M\u00fcnchenu, na\u0161 BACK Stretch vam poma\u017ee da rasteretite le\u0111a. Umjetni\u010dko djelo za va\u0161 stan.\" \/>\n<meta name=\"robots\" content=\"index, follow\" \/>\n<meta name=\"googlebot\" content=\"index, follow, max-snippet:-1, max-image-preview:large, max-video-preview:-1\" \/>\n<meta name=\"bingbot\" content=\"index, follow, max-snippet:-1, max-image-preview:large, max-video-preview:-1\" \/>\n<link rel=\"canonical\" href=\"https:\/\/stil-fit.com\/hr\/shop\/stil-fit-back-stretch-orah\/\" \/>\n<meta property=\"og:locale\" content=\"hr_HR\" \/>\n<meta property=\"og:type\" content=\"article\" \/>\n<meta property=\"og:title\" content=\"STIL-FIT BACK Stretch (orah) | Wellness za va\u0161a le\u0111a\" \/>\n<meta property=\"og:description\" content=\"Ru\u010dno izra\u0111en u na\u0161oj tvornici u M\u00fcnchenu, na\u0161 BACK Stretch vam poma\u017ee da rasteretite le\u0111a. Umjetni\u010dko djelo za va\u0161 stan.\" \/>\n<meta property=\"og:url\" content=\"https:\/\/stil-fit.com\/hr\/shop\/stil-fit-back-stretch-orah\/\" \/>\n<meta property=\"og:site_name\" content=\"STIL-FIT\" \/>\n<meta property=\"article:publisher\" content=\"https:\/\/de-de.facebook.com\/stilfit\/\" \/>\n<meta property=\"og:image\" content=\"https:\/\/stil-fit.com\/wp-content\/uploads\/2019\/07\/STIL-FIT-Backstretch-Design-Holz-R\u00fcckentraining-scaled.jpg\" \/>\n\t<meta property=\"og:image:width\" content=\"2560\" \/>\n\t<meta property=\"og:image:height\" content=\"1792\" \/>\n<meta name=\"twitter:card\" content=\"summary_large_image\" \/>\n<script type=\"application\/ld+json\" class=\"yoast-schema-graph\">{\"@context\":\"https:\/\/schema.org\",\"@graph\":[{\"@type\":\"Organization\",\"@id\":\"https:\/\/stil-fit.com\/hr\/#organization\",\"name\":\"STIL-FIT International GmbH\",\"url\":\"https:\/\/stil-fit.com\/hr\/\",\"sameAs\":[\"https:\/\/de-de.facebook.com\/stilfit\/\",\"https:\/\/www.instagram.com\/stil_fit_int\/\",\"https:\/\/www.linkedin.com\/company\/stil-fit-international-gmbh\",\"https:\/\/www.youtube.com\/channel\/UC2HA1BeZtFB0acPMfq1hKdQ\",\"https:\/\/www.pinterest.com\/STILFITInt\/\"],\"logo\":{\"@type\":\"ImageObject\",\"@id\":\"https:\/\/stil-fit.com\/hr\/#logo\",\"inLanguage\":\"hr\",\"url\":\"https:\/\/stil-fit.com\/wp-content\/uploads\/2019\/02\/stilfit_logo.jpg\",\"width\":150,\"height\":150,\"caption\":\"STIL-FIT International GmbH\"},\"image\":{\"@id\":\"https:\/\/stil-fit.com\/hr\/#logo\"}},{\"@type\":\"WebSite\",\"@id\":\"https:\/\/stil-fit.com\/hr\/#website\",\"url\":\"https:\/\/stil-fit.com\/hr\/\",\"name\":\"STIL-FIT\",\"description\":\"Stil-fit\",\"publisher\":{\"@id\":\"https:\/\/stil-fit.com\/hr\/#organization\"},\"potentialAction\":[{\"@type\":\"SearchAction\",\"target\":\"https:\/\/stil-fit.com\/hr\/?s={search_term_string}\",\"query-input\":\"required name=search_term_string\"}],\"inLanguage\":\"hr\"},{\"@type\":\"ImageObject\",\"@id\":\"https:\/\/stil-fit.com\/hr\/shop\/stil-fit-back-stretch-orah\/#primaryimage\",\"inLanguage\":\"hr\",\"url\":\"https:\/\/stil-fit.com\/wp-content\/uploads\/2019\/07\/STIL-FIT-Backstretch-Design-Holz-R\\u00fcckentraining-scaled.jpg\",\"width\":2560,\"height\":1792},{\"@type\":\"WebPage\",\"@id\":\"https:\/\/stil-fit.com\/hr\/shop\/stil-fit-back-stretch-orah\/#webpage\",\"url\":\"https:\/\/stil-fit.com\/hr\/shop\/stil-fit-back-stretch-orah\/\",\"name\":\"STIL-FIT BACK Stretch (orah) | Wellness za va\\u0161a le\\u0111a\",\"isPartOf\":{\"@id\":\"https:\/\/stil-fit.com\/hr\/#website\"},\"primaryImageOfPage\":{\"@id\":\"https:\/\/stil-fit.com\/hr\/shop\/stil-fit-back-stretch-orah\/#primaryimage\"},\"datePublished\":\"2025-03-27T12:51:25+00:00\",\"dateModified\":\"2025-03-27T12:51:25+00:00\",\"description\":\"Ru\\u010dno izra\\u0111en u na\\u0161oj tvornici u M\\u00fcnchenu, na\\u0161 BACK Stretch vam poma\\u017ee da rasteretite le\\u0111a. Umjetni\\u010dko djelo za va\\u0161 stan.\",\"inLanguage\":\"hr\",\"potentialAction\":[{\"@type\":\"ReadAction\",\"target\":[\"https:\/\/stil-fit.com\/hr\/shop\/stil-fit-back-stretch-orah\/\"]}]}]}<\/script>\n<!-- \/ Yoast SEO Premium plugin. -->","post_mailing_queue_ids":[],"_links":{"self":[{"href":"https:\/\/stil-fit.com\/hr\/wp-json\/wp\/v2\/product\/35293","targetHints":{"allow":["GET"]}}],"collection":[{"href":"https:\/\/stil-fit.com\/hr\/wp-json\/wp\/v2\/product"}],"about":[{"href":"https:\/\/stil-fit.com\/hr\/wp-json\/wp\/v2\/types\/product"}],"replies":[{"embeddable":true,"href":"https:\/\/stil-fit.com\/hr\/wp-json\/wp\/v2\/comments?post=35293"}],"wp:featuredmedia":[{"embeddable":true,"href":"https:\/\/stil-fit.com\/hr\/wp-json\/wp\/v2\/media\/22819"}],"wp:attachment":[{"href":"https:\/\/stil-fit.com\/hr\/wp-json\/wp\/v2\/media?parent=35293"}],"wp:term":[{"taxonomy":"product_brand","embeddable":true,"href":"https:\/\/stil-fit.com\/hr\/wp-json\/wp\/v2\/product_brand?post=35293"},{"taxonomy":"product_cat","embeddable":true,"href":"https:\/\/stil-fit.com\/hr\/wp-json\/wp\/v2\/product_cat?post=35293"},{"taxonomy":"product_tag","embeddable":true,"href":"https:\/\/stil-fit.com\/hr\/wp-json\/wp\/v2\/product_tag?post=35293"},{"taxonomy":"yst_prominent_words","embeddable":true,"href":"https:\/\/stil-fit.com\/hr\/wp-json\/wp\/v2\/yst_prominent_words?post=35293"}],"curies":[{"name":"wp","href":"https:\/\/api.w.org\/{rel}","templated":true}]}}