{"id":35374,"date":"2020-03-26T22:44:05","date_gmt":"2025-03-27T12:53:41","guid":{"rendered":"https:\/\/stil-fit.com\/shop\/polar-verity-sense-opticki-senzor-otkucaja-srca\/"},"modified":"2025-03-27T13:53:41","modified_gmt":"2025-03-27T12:53:41","slug":"polar-verity-sense-opticki-senzor-otkucaja-srca","status":"publish","type":"product","link":"https:\/\/stil-fit.com\/hr\/shop\/polar-verity-sense-opticki-senzor-otkucaja-srca\/","title":{"rendered":"Polar Verity Sense &#8211; opti\u010dki senzor otkucaja srca"},"content":{"rendered":"<h1><\/h1>\n<h1 class=\"thin-font\">POLAR VERITY SENSE OPTI\u010cKI SENZOR OTKUCAJA SRCA<\/h1>\n<p>Mali i prakti\u010dni Polar Verity Sense va\u0161 je suputnik u svijetu vje\u017ebanja otkucaja srca. Poma\u017ee vam da trenirate pametnije, a ne te\u017ee. Polar Verity Sense je opti\u010dki mjera\u010d otkucaja srca koji kombinira svestranost, udobnost i jednostavnost. Mo\u017eete ga koristiti kao samostalni ure\u0111aj ili ga upariti s raznim fitness aplikacijama, npr. na\u0161om STIL-FIT International App.   <\/p>\n<h2 class=\"thin-font\">Udobna traka za ruku<\/h2>\n<p>Polar Verity Sense mo\u017eete nositi i na nadlaktici i na donjoj ruci. Lako se obla\u010di i skida bilo gdje i bilo kada. Pojedinosti su va\u017ene kada se ra\u010duna u\u010dinak. Traka za ruku Polar Verity Sense dizajnirana je za sigurno i udobno pristajanje oko va\u0161e ruke. Projektiran za vrhunsku nosivost, izra\u0111en je od mekanog tekstilnog materijala koji se mo\u017ee prati u perilici za svakodnevnu upotrebu.    <\/p>\n<h2 class=\"thin-font\">Opti\u010dko pra\u0107enje otkucaja srca<\/h2>\n<p>Zahtijevate to\u010dnost kada trenirate. Nabavite ga s Polarovim vlastitim algoritmom otkucaja srca i 6 LED opti\u010dkim senzorom. <\/p>\n<h2 class=\"thin-font\">Ugra\u0111ena memorija<\/h2>\n<p>Sa svojom ugra\u0111enom memorijom, Polar Verity Sense mo\u017ee pohraniti do 200 sati podataka o vje\u017ebanju. Mo\u017eete sinkronizirati svoje podatke s Polar Beatom radi analize. <\/p>\n<h2 class=\"thin-font\">Vozite dalje i dulje<\/h2>\n<p>Polar OH1 mo\u017ee se pohvaliti dugim trajanjem baterije s do 12 sati vje\u017ebanja s jednim punjenjem. Jednostavno napunite bateriju s prilo\u017eenim Polar Verity Sense USB adapterom.<\/p>\n","protected":false},"excerpt":{"rendered":"<p>&nbsp;<\/p>\n<p>&nbsp;<\/p>\n","protected":false},"featured_media":26664,"comment_status":"open","ping_status":"closed","template":"","meta":{"_monsterinsights_skip_tracking":false,"_monsterinsights_sitenote_active":false,"_monsterinsights_sitenote_note":"","_monsterinsights_sitenote_category":0},"product_brand":[],"product_cat":[2908,2940],"product_tag":[],"yst_prominent_words":[853,832,825,856,854,259,851,857,850,852,849,847,848,833,251,261,855,593,594,634],"class_list":{"0":"post-35374","1":"product","2":"type-product","3":"status-publish","4":"has-post-thumbnail","6":"product_cat-sobni-bicikli","7":"product_cat-stroj-za-veslanje","8":"product_shipping_class-kleingerate-hr","10":"first","11":"outofstock","12":"taxable","13":"shipping-taxable","14":"purchasable","15":"product-type-simple"},"composite_virtual":false,"composite_layout":"","composite_add_to_cart_form_location":"","composite_editable_in_cart":false,"composite_sold_individually_context":"","composite_shop_price_calc":"","composite_components":[],"composite_scenarios":[],"bundled_by":[],"bundle_stock_status":"outofstock","bundle_stock_quantity":null,"bundle_virtual":false,"bundle_layout":"","bundle_add_to_cart_form_location":"","bundle_editable_in_cart":false,"bundle_sold_individually_context":"","bundle_item_grouping":"","bundle_min_size":"","bundle_max_size":"","bundle_price":[],"bundled_items":[],"bundle_sell_ids":[],"yoast_head":"<!-- This site is optimized with the Yoast SEO Premium plugin v14.5 - https:\/\/yoast.com\/wordpress\/plugins\/seo\/ -->\n<title>Polar Verity Sense - opti\u010dki senzor otkucaja srca | STIL-FIT<\/title>\n<meta name=\"robots\" content=\"index, follow\" \/>\n<meta name=\"googlebot\" content=\"index, follow, max-snippet:-1, max-image-preview:large, max-video-preview:-1\" \/>\n<meta name=\"bingbot\" content=\"index, follow, max-snippet:-1, max-image-preview:large, max-video-preview:-1\" \/>\n<link rel=\"canonical\" href=\"https:\/\/stil-fit.com\/hr\/shop\/polar-verity-sense-opticki-senzor-otkucaja-srca\/\" \/>\n<meta property=\"og:locale\" content=\"hr_HR\" \/>\n<meta property=\"og:type\" content=\"article\" \/>\n<meta property=\"og:title\" content=\"Polar Verity Sense - opti\u010dki senzor otkucaja srca | STIL-FIT\" \/>\n<meta property=\"og:description\" content=\"&nbsp; &nbsp;\" \/>\n<meta property=\"og:url\" content=\"https:\/\/stil-fit.com\/hr\/shop\/polar-verity-sense-opticki-senzor-otkucaja-srca\/\" \/>\n<meta property=\"og:site_name\" content=\"STIL-FIT\" \/>\n<meta property=\"article:publisher\" content=\"https:\/\/de-de.facebook.com\/stilfit\/\" \/>\n<meta property=\"og:image\" content=\"https:\/\/stil-fit.com\/wp-content\/uploads\/2020\/03\/Polar-OH1-Pulssensor.jpg\" \/>\n\t<meta property=\"og:image:width\" content=\"600\" \/>\n\t<meta property=\"og:image:height\" content=\"600\" \/>\n<meta name=\"twitter:card\" content=\"summary_large_image\" \/>\n<script type=\"application\/ld+json\" class=\"yoast-schema-graph\">{\"@context\":\"https:\/\/schema.org\",\"@graph\":[{\"@type\":\"Organization\",\"@id\":\"https:\/\/stil-fit.com\/hr\/#organization\",\"name\":\"STIL-FIT International GmbH\",\"url\":\"https:\/\/stil-fit.com\/hr\/\",\"sameAs\":[\"https:\/\/de-de.facebook.com\/stilfit\/\",\"https:\/\/www.instagram.com\/stil_fit_int\/\",\"https:\/\/www.linkedin.com\/company\/stil-fit-international-gmbh\",\"https:\/\/www.youtube.com\/channel\/UC2HA1BeZtFB0acPMfq1hKdQ\",\"https:\/\/www.pinterest.com\/STILFITInt\/\"],\"logo\":{\"@type\":\"ImageObject\",\"@id\":\"https:\/\/stil-fit.com\/hr\/#logo\",\"inLanguage\":\"hr\",\"url\":\"https:\/\/stil-fit.com\/wp-content\/uploads\/2019\/02\/stilfit_logo.jpg\",\"width\":150,\"height\":150,\"caption\":\"STIL-FIT International GmbH\"},\"image\":{\"@id\":\"https:\/\/stil-fit.com\/hr\/#logo\"}},{\"@type\":\"WebSite\",\"@id\":\"https:\/\/stil-fit.com\/hr\/#website\",\"url\":\"https:\/\/stil-fit.com\/hr\/\",\"name\":\"STIL-FIT\",\"description\":\"Stil-fit\",\"publisher\":{\"@id\":\"https:\/\/stil-fit.com\/hr\/#organization\"},\"potentialAction\":[{\"@type\":\"SearchAction\",\"target\":\"https:\/\/stil-fit.com\/hr\/?s={search_term_string}\",\"query-input\":\"required name=search_term_string\"}],\"inLanguage\":\"hr\"},{\"@type\":\"ImageObject\",\"@id\":\"https:\/\/stil-fit.com\/hr\/shop\/polar-verity-sense-opticki-senzor-otkucaja-srca\/#primaryimage\",\"inLanguage\":\"hr\",\"url\":\"https:\/\/stil-fit.com\/wp-content\/uploads\/2020\/03\/Polar-OH1-Pulssensor.jpg\",\"width\":600,\"height\":600},{\"@type\":\"WebPage\",\"@id\":\"https:\/\/stil-fit.com\/hr\/shop\/polar-verity-sense-opticki-senzor-otkucaja-srca\/#webpage\",\"url\":\"https:\/\/stil-fit.com\/hr\/shop\/polar-verity-sense-opticki-senzor-otkucaja-srca\/\",\"name\":\"Polar Verity Sense - opti\\u010dki senzor otkucaja srca | STIL-FIT\",\"isPartOf\":{\"@id\":\"https:\/\/stil-fit.com\/hr\/#website\"},\"primaryImageOfPage\":{\"@id\":\"https:\/\/stil-fit.com\/hr\/shop\/polar-verity-sense-opticki-senzor-otkucaja-srca\/#primaryimage\"},\"datePublished\":\"2025-03-27T12:53:41+00:00\",\"dateModified\":\"2025-03-27T12:53:41+00:00\",\"inLanguage\":\"hr\",\"potentialAction\":[{\"@type\":\"ReadAction\",\"target\":[\"https:\/\/stil-fit.com\/hr\/shop\/polar-verity-sense-opticki-senzor-otkucaja-srca\/\"]}]}]}<\/script>\n<!-- \/ Yoast SEO Premium plugin. -->","post_mailing_queue_ids":[],"_links":{"self":[{"href":"https:\/\/stil-fit.com\/hr\/wp-json\/wp\/v2\/product\/35374","targetHints":{"allow":["GET"]}}],"collection":[{"href":"https:\/\/stil-fit.com\/hr\/wp-json\/wp\/v2\/product"}],"about":[{"href":"https:\/\/stil-fit.com\/hr\/wp-json\/wp\/v2\/types\/product"}],"replies":[{"embeddable":true,"href":"https:\/\/stil-fit.com\/hr\/wp-json\/wp\/v2\/comments?post=35374"}],"wp:featuredmedia":[{"embeddable":true,"href":"https:\/\/stil-fit.com\/hr\/wp-json\/wp\/v2\/media\/26664"}],"wp:attachment":[{"href":"https:\/\/stil-fit.com\/hr\/wp-json\/wp\/v2\/media?parent=35374"}],"wp:term":[{"taxonomy":"product_brand","embeddable":true,"href":"https:\/\/stil-fit.com\/hr\/wp-json\/wp\/v2\/product_brand?post=35374"},{"taxonomy":"product_cat","embeddable":true,"href":"https:\/\/stil-fit.com\/hr\/wp-json\/wp\/v2\/product_cat?post=35374"},{"taxonomy":"product_tag","embeddable":true,"href":"https:\/\/stil-fit.com\/hr\/wp-json\/wp\/v2\/product_tag?post=35374"},{"taxonomy":"yst_prominent_words","embeddable":true,"href":"https:\/\/stil-fit.com\/hr\/wp-json\/wp\/v2\/yst_prominent_words?post=35374"}],"curies":[{"name":"wp","href":"https:\/\/api.w.org\/{rel}","templated":true}]}}