{"id":35440,"date":"2021-05-21T23:40:30","date_gmt":"2025-03-27T12:54:35","guid":{"rendered":"https:\/\/stil-fit.com\/shop\/stil-fit-ergometer-pure\/"},"modified":"2025-05-05T01:54:10","modified_gmt":"2025-05-04T23:54:10","slug":"stil-fit-ergometer-pure","status":"publish","type":"product","link":"https:\/\/stil-fit.com\/hr\/shop\/stil-fit-ergometer-pure\/","title":{"rendered":"STIL-FIT Ergometer PURE"},"content":{"rendered":"<h1><strong><span style=\"color: #282828;\">STIL-FIT Ergometer PURE<\/span><\/strong><\/h1>\n<p>Pripremite se za novo iskustvo vje\u017ebanja.<\/p>\n<h2><strong>Jedinstven i izvanredan dizajn<\/strong><\/h2>\n<p>Ergometar PURE s elegantnim ugra\u0111enim ra\u010dunalom za vje\u017ebanje i ergonomskom vi\u0161enamjenskom ru\u010dkom nudi izvrstan koncept dizajna. U kombinaciji s najkvalitetnijim materijalima i savr\u0161enom zavr\u0161nom obradom mo\u017eemo vam ponuditi sjajno iskustvo vje\u017ebanja. <\/p>\n<h2><strong>Sna\u017eno ra\u010dunalo za obuku<\/strong><\/h2>\n<p>Opremili smo Ergometer PURE s 4,3&#8243; TFT zaslonom u boji osjetljivim na dodir i korisni\u010dkim su\u010deljem koje je samo po sebi razumljivo i jednostavno za kori\u0161tenje s preglednim sustavom navo\u0111enja operatera. Ra\u010dunalo za vje\u017ebanje pru\u017ea vam \u0161irok raspon razli\u010ditih programa i daje vam mogu\u0107nost pohranjivanja podataka o vje\u017ebanju za do pet korisnika. <\/p>\n<h1><\/h1>\n","protected":false},"excerpt":{"rendered":"<p>&nbsp;<\/p>\n<p>Ergometer PURE je vrlo udoban i ergonomski bicikl koji nudi razli\u010dite polo\u017eaje sjedenja, zahvaljuju\u0107i vi\u0161enamjenskom upravlja\u010du. To ga \u010dini savr\u0161enim rje\u0161enjem da ostanete u formi i zdravi u bilo kojoj dobi. <\/p>\n<p><strong>Spremno za isporuku u roku od 7 radnih dana<\/strong><\/p>\n<ul>\n<li>Izra\u0111eno za vas u na\u0161oj tvornici u M\u00fcnchenu<\/li>\n<li>Besplatna dostava<\/li>\n<li>0% rata (samo Njema\u010dka)<\/li>\n<li>Proizvedeno u Njema\u010dkoj<\/li>\n<\/ul>\n<p>&nbsp;<\/p>\n<p><strong>Odaberite svoj model:<\/strong><\/p>\n","protected":false},"featured_media":29840,"comment_status":"open","ping_status":"closed","template":"","meta":{"_monsterinsights_skip_tracking":false,"_monsterinsights_sitenote_active":false,"_monsterinsights_sitenote_note":"","_monsterinsights_sitenote_category":0},"product_brand":[],"product_cat":[2908,2933],"product_tag":[3336,3206,3141,3297],"yst_prominent_words":[256,190,172,985,984,1070,255,987,986,251,598,983,982,261,189,186,593,529,989,594],"class_list":{"0":"post-35440","1":"product","2":"type-product","3":"status-publish","4":"has-post-thumbnail","6":"product_cat-sobni-bicikli","7":"product_cat-uncategorised-hr","8":"product_tag-bicikl","9":"product_tag-ergometar","10":"product_tag-fitnes-kod-kuce","11":"product_tag-fitness-hr","12":"product_shipping_class-ergometer-2-hr","14":"first","15":"instock","16":"taxable","17":"shipping-taxable","18":"purchasable","19":"product-type-variable","20":"has-default-attributes"},"composite_virtual":false,"composite_layout":"","composite_add_to_cart_form_location":"","composite_editable_in_cart":false,"composite_sold_individually_context":"","composite_shop_price_calc":"","composite_components":[],"composite_scenarios":[],"bundled_by":[],"bundle_stock_status":"instock","bundle_stock_quantity":null,"bundle_virtual":false,"bundle_layout":"","bundle_add_to_cart_form_location":"","bundle_editable_in_cart":false,"bundle_sold_individually_context":"","bundle_item_grouping":"","bundle_min_size":"","bundle_max_size":"","bundle_price":[],"bundled_items":[],"bundle_sell_ids":[35228,35552,35374,35526,35543],"yoast_head":"<!-- This site is optimized with the Yoast SEO Premium plugin v14.5 - https:\/\/yoast.com\/wordpress\/plugins\/seo\/ -->\n<title>STIL-FIT Ergometer PURE | Dizajnirani bicikl dostupan u crnoj i bijeloj boji<\/title>\n<meta name=\"description\" content=\"Pripremite se i sada konfigurirajte svoj novi sna\u017eni ergometar PURE . Dizajniran i razvijen u M\u00fcnchenu, Njema\u010dka. Besplatna dostava u Njema\u010dkoj i Austriji.\" \/>\n<meta name=\"robots\" content=\"index, follow\" \/>\n<meta name=\"googlebot\" content=\"index, follow, max-snippet:-1, max-image-preview:large, max-video-preview:-1\" \/>\n<meta name=\"bingbot\" content=\"index, follow, max-snippet:-1, max-image-preview:large, max-video-preview:-1\" \/>\n<link rel=\"canonical\" href=\"https:\/\/stil-fit.com\/hr\/shop\/stil-fit-ergometer-pure\/\" \/>\n<meta property=\"og:locale\" content=\"hr_HR\" \/>\n<meta property=\"og:type\" content=\"article\" \/>\n<meta property=\"og:title\" content=\"STIL-FIT Ergometer PURE | Dizajnirani bicikl dostupan u crnoj i bijeloj boji\" \/>\n<meta property=\"og:description\" content=\"Pripremite se i sada konfigurirajte svoj novi sna\u017eni ergometar PURE . Dizajniran i razvijen u M\u00fcnchenu, Njema\u010dka. Besplatna dostava u Njema\u010dkoj i Austriji.\" \/>\n<meta property=\"og:url\" content=\"https:\/\/stil-fit.com\/hr\/shop\/stil-fit-ergometer-pure\/\" \/>\n<meta property=\"og:site_name\" content=\"STIL-FIT\" \/>\n<meta property=\"article:publisher\" content=\"https:\/\/de-de.facebook.com\/stilfit\/\" \/>\n<meta property=\"article:modified_time\" content=\"2025-05-04T23:54:10+00:00\" \/>\n<meta property=\"og:image\" content=\"https:\/\/stil-fit.com\/wp-content\/uploads\/2023\/03\/STIL-FIT-Ergometer-Pure-White-Edition-scaled.jpg\" \/>\n\t<meta property=\"og:image:width\" content=\"2560\" \/>\n\t<meta property=\"og:image:height\" content=\"1708\" \/>\n<meta name=\"twitter:card\" content=\"summary_large_image\" \/>\n<script type=\"application\/ld+json\" class=\"yoast-schema-graph\">{\"@context\":\"https:\/\/schema.org\",\"@graph\":[{\"@type\":\"Organization\",\"@id\":\"https:\/\/stil-fit.com\/hr\/#organization\",\"name\":\"STIL-FIT International GmbH\",\"url\":\"https:\/\/stil-fit.com\/hr\/\",\"sameAs\":[\"https:\/\/de-de.facebook.com\/stilfit\/\",\"https:\/\/www.instagram.com\/stil_fit_int\/\",\"https:\/\/www.linkedin.com\/company\/stil-fit-international-gmbh\",\"https:\/\/www.youtube.com\/channel\/UC2HA1BeZtFB0acPMfq1hKdQ\",\"https:\/\/www.pinterest.com\/STILFITInt\/\"],\"logo\":{\"@type\":\"ImageObject\",\"@id\":\"https:\/\/stil-fit.com\/hr\/#logo\",\"inLanguage\":\"hr\",\"url\":\"https:\/\/stil-fit.com\/wp-content\/uploads\/2019\/02\/stilfit_logo.jpg\",\"width\":150,\"height\":150,\"caption\":\"STIL-FIT International GmbH\"},\"image\":{\"@id\":\"https:\/\/stil-fit.com\/hr\/#logo\"}},{\"@type\":\"WebSite\",\"@id\":\"https:\/\/stil-fit.com\/hr\/#website\",\"url\":\"https:\/\/stil-fit.com\/hr\/\",\"name\":\"STIL-FIT\",\"description\":\"Stil-fit\",\"publisher\":{\"@id\":\"https:\/\/stil-fit.com\/hr\/#organization\"},\"potentialAction\":[{\"@type\":\"SearchAction\",\"target\":\"https:\/\/stil-fit.com\/hr\/?s={search_term_string}\",\"query-input\":\"required name=search_term_string\"}],\"inLanguage\":\"hr\"},{\"@type\":\"ImageObject\",\"@id\":\"https:\/\/stil-fit.com\/hr\/shop\/stil-fit-ergometer-pure\/#primaryimage\",\"inLanguage\":\"hr\",\"url\":\"https:\/\/stil-fit.com\/wp-content\/uploads\/2023\/03\/STIL-FIT-Ergometer-Pure-White-Edition-scaled.jpg\",\"width\":2560,\"height\":1708},{\"@type\":\"WebPage\",\"@id\":\"https:\/\/stil-fit.com\/hr\/shop\/stil-fit-ergometer-pure\/#webpage\",\"url\":\"https:\/\/stil-fit.com\/hr\/shop\/stil-fit-ergometer-pure\/\",\"name\":\"STIL-FIT Ergometer PURE | Dizajnirani bicikl dostupan u crnoj i bijeloj boji\",\"isPartOf\":{\"@id\":\"https:\/\/stil-fit.com\/hr\/#website\"},\"primaryImageOfPage\":{\"@id\":\"https:\/\/stil-fit.com\/hr\/shop\/stil-fit-ergometer-pure\/#primaryimage\"},\"datePublished\":\"2025-03-27T12:54:35+00:00\",\"dateModified\":\"2025-05-04T23:54:10+00:00\",\"description\":\"Pripremite se i sada konfigurirajte svoj novi sna\\u017eni ergometar PURE . Dizajniran i razvijen u M\\u00fcnchenu, Njema\\u010dka. Besplatna dostava u Njema\\u010dkoj i Austriji.\",\"inLanguage\":\"hr\",\"potentialAction\":[{\"@type\":\"ReadAction\",\"target\":[\"https:\/\/stil-fit.com\/hr\/shop\/stil-fit-ergometer-pure\/\"]}]}]}<\/script>\n<!-- \/ Yoast SEO Premium plugin. -->","post_mailing_queue_ids":[],"_links":{"self":[{"href":"https:\/\/stil-fit.com\/hr\/wp-json\/wp\/v2\/product\/35440","targetHints":{"allow":["GET"]}}],"collection":[{"href":"https:\/\/stil-fit.com\/hr\/wp-json\/wp\/v2\/product"}],"about":[{"href":"https:\/\/stil-fit.com\/hr\/wp-json\/wp\/v2\/types\/product"}],"replies":[{"embeddable":true,"href":"https:\/\/stil-fit.com\/hr\/wp-json\/wp\/v2\/comments?post=35440"}],"wp:featuredmedia":[{"embeddable":true,"href":"https:\/\/stil-fit.com\/hr\/wp-json\/wp\/v2\/media\/29840"}],"wp:attachment":[{"href":"https:\/\/stil-fit.com\/hr\/wp-json\/wp\/v2\/media?parent=35440"}],"wp:term":[{"taxonomy":"product_brand","embeddable":true,"href":"https:\/\/stil-fit.com\/hr\/wp-json\/wp\/v2\/product_brand?post=35440"},{"taxonomy":"product_cat","embeddable":true,"href":"https:\/\/stil-fit.com\/hr\/wp-json\/wp\/v2\/product_cat?post=35440"},{"taxonomy":"product_tag","embeddable":true,"href":"https:\/\/stil-fit.com\/hr\/wp-json\/wp\/v2\/product_tag?post=35440"},{"taxonomy":"yst_prominent_words","embeddable":true,"href":"https:\/\/stil-fit.com\/hr\/wp-json\/wp\/v2\/yst_prominent_words?post=35440"}],"curies":[{"name":"wp","href":"https:\/\/api.w.org\/{rel}","templated":true}]}}