{"id":35455,"date":"2021-10-28T09:53:24","date_gmt":"2025-03-27T12:54:56","guid":{"rendered":"https:\/\/stil-fit.com\/shop\/stil-fit-drzac-tableta-flow-one\/"},"modified":"2025-03-27T13:54:56","modified_gmt":"2025-03-27T12:54:56","slug":"stil-fit-drzac-tableta-flow-one","status":"publish","type":"product","link":"https:\/\/stil-fit.com\/hr\/shop\/stil-fit-drzac-tableta-flow-one\/","title":{"rendered":"STIL-FIT Dr\u017ea\u010d tableta FLOW ONE"},"content":{"rendered":"<h1>STIL-FIT Dr\u017ea\u010d tableta FLOW ONE<\/h1>\n<p>STIL-FIT dr\u017ea\u010d tableta omogu\u0107uje vam u\u017eivanje u potpunoj zabavi dok vje\u017ebate. Gledajte TV, svoju omiljenu Netflix seriju ili vijesti. <\/p>\n<p>Dr\u017ea\u010d tableta je podesiv po visini i kutu. Ako ne koristite vesla\u010d, mo\u017eete ga sklopiti i pospremiti. <\/p>\n<h2>U\u017eivajte u svim mogu\u0107nostima zabave<\/h2>\n<p>STIL-FIT Rower FLOW ONE kompatibilan je s aplikacijama Kinomap i EXR za dodatnu motivaciju. Otkrijte svijet s tisu\u0107ama vesla\u010dkih staza, utrkujte se protiv svojih prijatelja i izvezite svoje podatke o treningu.<\/p>\n","protected":false},"excerpt":{"rendered":"<p>&nbsp;<\/p>\n<p>Dr\u017ea\u010d tableta savr\u0161en je dodatak va\u0161oj spravi za veslanje FLOW ONE . Omogu\u0107uje vam da postavite tablet ispred sebe kako biste mogli gledati svoju omiljenu emisiju na Netflixu ili TV-u. Osim toga, mo\u017eete pobolj\u0161ati svoje vje\u017ebanje kori\u0161tenjem aplikacija Kinomap ili EXR za jo\u0161 bolje iskustvo vje\u017ebanja.  <\/p>\n<ul>\n<li>Izra\u0111eno za vas u na\u0161oj tvornici u M\u00fcnchenu.<\/li>\n<li>Proizvedeno u Njema\u010dkoj<\/li>\n<li>Besplatna dostava<\/li>\n<\/ul>\n","protected":false},"featured_media":27956,"comment_status":"open","ping_status":"closed","template":"","meta":{"_monsterinsights_skip_tracking":false,"_monsterinsights_sitenote_active":false,"_monsterinsights_sitenote_note":"","_monsterinsights_sitenote_category":0},"product_brand":[],"product_cat":[2900,2940],"product_tag":[3352,3144,3142,3141,3140,3351],"yst_prominent_words":[256,1183,1424,1425,409,296,260,554,527,161,1188,1189,251,602,261,593,594,1182,267],"class_list":{"0":"post-35455","1":"product","2":"type-product","3":"status-publish","4":"has-post-thumbnail","6":"product_cat-pribor-hr","7":"product_cat-stroj-za-veslanje","8":"product_tag-digitalni-fitness","9":"product_tag-dizajn-fitness","10":"product_tag-drzac-tableta","11":"product_tag-fitnes-kod-kuce","12":"product_tag-stroj-za-veslanje","13":"product_tag-vjezbanje","14":"product_shipping_class-kleingerate-hr","16":"first","17":"instock","18":"taxable","19":"shipping-taxable","20":"purchasable","21":"product-type-simple"},"composite_virtual":false,"composite_layout":"","composite_add_to_cart_form_location":"","composite_editable_in_cart":false,"composite_sold_individually_context":"","composite_shop_price_calc":"","composite_components":[],"composite_scenarios":[],"bundled_by":[],"bundle_stock_status":"instock","bundle_stock_quantity":null,"bundle_virtual":false,"bundle_layout":"","bundle_add_to_cart_form_location":"","bundle_editable_in_cart":false,"bundle_sold_individually_context":"","bundle_item_grouping":"","bundle_min_size":"","bundle_max_size":"","bundle_price":[],"bundled_items":[],"bundle_sell_ids":[35374],"yoast_head":"<!-- This site is optimized with the Yoast SEO Premium plugin v14.5 - https:\/\/yoast.com\/wordpress\/plugins\/seo\/ -->\n<title>STIL-FIT Dr\u017ea\u010d tableta FLOW ONE | Dodatak za tablete svih veli\u010dina.<\/title>\n<meta name=\"description\" content=\"Dr\u017ea\u010d tableta FLOW ONE mo\u017ee se dodati po \u017eelji. Prikladno za sve obi\u010dne veli\u010dine tableta. Kada se ne koristi mo\u017ee se sklopiti.\" \/>\n<meta name=\"robots\" content=\"index, follow\" \/>\n<meta name=\"googlebot\" content=\"index, follow, max-snippet:-1, max-image-preview:large, max-video-preview:-1\" \/>\n<meta name=\"bingbot\" content=\"index, follow, max-snippet:-1, max-image-preview:large, max-video-preview:-1\" \/>\n<link rel=\"canonical\" href=\"https:\/\/stil-fit.com\/hr\/shop\/stil-fit-drzac-tableta-flow-one\/\" \/>\n<meta property=\"og:locale\" content=\"hr_HR\" \/>\n<meta property=\"og:type\" content=\"article\" \/>\n<meta property=\"og:title\" content=\"STIL-FIT Dr\u017ea\u010d tableta FLOW ONE | Dodatak za tablete svih veli\u010dina.\" \/>\n<meta property=\"og:description\" content=\"Dr\u017ea\u010d tableta FLOW ONE mo\u017ee se dodati po \u017eelji. Prikladno za sve obi\u010dne veli\u010dine tableta. Kada se ne koristi mo\u017ee se sklopiti.\" \/>\n<meta property=\"og:url\" content=\"https:\/\/stil-fit.com\/hr\/shop\/stil-fit-drzac-tableta-flow-one\/\" \/>\n<meta property=\"og:site_name\" content=\"STIL-FIT\" \/>\n<meta property=\"article:publisher\" content=\"https:\/\/de-de.facebook.com\/stilfit\/\" \/>\n<meta property=\"og:image\" content=\"https:\/\/stil-fit.com\/wp-content\/uploads\/2021\/10\/STIL-FIT-Rowingmachine-FLOW-ONE-Tabletholder.jpg\" \/>\n\t<meta property=\"og:image:width\" content=\"2362\" \/>\n\t<meta property=\"og:image:height\" content=\"1743\" \/>\n<meta name=\"twitter:card\" content=\"summary_large_image\" \/>\n<script type=\"application\/ld+json\" class=\"yoast-schema-graph\">{\"@context\":\"https:\/\/schema.org\",\"@graph\":[{\"@type\":\"Organization\",\"@id\":\"https:\/\/stil-fit.com\/hr\/#organization\",\"name\":\"STIL-FIT International GmbH\",\"url\":\"https:\/\/stil-fit.com\/hr\/\",\"sameAs\":[\"https:\/\/de-de.facebook.com\/stilfit\/\",\"https:\/\/www.instagram.com\/stil_fit_int\/\",\"https:\/\/www.linkedin.com\/company\/stil-fit-international-gmbh\",\"https:\/\/www.youtube.com\/channel\/UC2HA1BeZtFB0acPMfq1hKdQ\",\"https:\/\/www.pinterest.com\/STILFITInt\/\"],\"logo\":{\"@type\":\"ImageObject\",\"@id\":\"https:\/\/stil-fit.com\/hr\/#logo\",\"inLanguage\":\"hr\",\"url\":\"https:\/\/stil-fit.com\/wp-content\/uploads\/2019\/02\/stilfit_logo.jpg\",\"width\":150,\"height\":150,\"caption\":\"STIL-FIT International GmbH\"},\"image\":{\"@id\":\"https:\/\/stil-fit.com\/hr\/#logo\"}},{\"@type\":\"WebSite\",\"@id\":\"https:\/\/stil-fit.com\/hr\/#website\",\"url\":\"https:\/\/stil-fit.com\/hr\/\",\"name\":\"STIL-FIT\",\"description\":\"Stil-fit\",\"publisher\":{\"@id\":\"https:\/\/stil-fit.com\/hr\/#organization\"},\"potentialAction\":[{\"@type\":\"SearchAction\",\"target\":\"https:\/\/stil-fit.com\/hr\/?s={search_term_string}\",\"query-input\":\"required name=search_term_string\"}],\"inLanguage\":\"hr\"},{\"@type\":\"ImageObject\",\"@id\":\"https:\/\/stil-fit.com\/hr\/shop\/stil-fit-drzac-tableta-flow-one\/#primaryimage\",\"inLanguage\":\"hr\",\"url\":\"https:\/\/stil-fit.com\/wp-content\/uploads\/2021\/10\/STIL-FIT-Rowingmachine-FLOW-ONE-Tabletholder.jpg\",\"width\":2362,\"height\":1743},{\"@type\":\"WebPage\",\"@id\":\"https:\/\/stil-fit.com\/hr\/shop\/stil-fit-drzac-tableta-flow-one\/#webpage\",\"url\":\"https:\/\/stil-fit.com\/hr\/shop\/stil-fit-drzac-tableta-flow-one\/\",\"name\":\"STIL-FIT Dr\\u017ea\\u010d tableta FLOW ONE | Dodatak za tablete svih veli\\u010dina.\",\"isPartOf\":{\"@id\":\"https:\/\/stil-fit.com\/hr\/#website\"},\"primaryImageOfPage\":{\"@id\":\"https:\/\/stil-fit.com\/hr\/shop\/stil-fit-drzac-tableta-flow-one\/#primaryimage\"},\"datePublished\":\"2025-03-27T12:54:56+00:00\",\"dateModified\":\"2025-03-27T12:54:56+00:00\",\"description\":\"Dr\\u017ea\\u010d tableta FLOW ONE mo\\u017ee se dodati po \\u017eelji. Prikladno za sve obi\\u010dne veli\\u010dine tableta. Kada se ne koristi mo\\u017ee se sklopiti.\",\"inLanguage\":\"hr\",\"potentialAction\":[{\"@type\":\"ReadAction\",\"target\":[\"https:\/\/stil-fit.com\/hr\/shop\/stil-fit-drzac-tableta-flow-one\/\"]}]}]}<\/script>\n<!-- \/ Yoast SEO Premium plugin. -->","post_mailing_queue_ids":[],"_links":{"self":[{"href":"https:\/\/stil-fit.com\/hr\/wp-json\/wp\/v2\/product\/35455","targetHints":{"allow":["GET"]}}],"collection":[{"href":"https:\/\/stil-fit.com\/hr\/wp-json\/wp\/v2\/product"}],"about":[{"href":"https:\/\/stil-fit.com\/hr\/wp-json\/wp\/v2\/types\/product"}],"replies":[{"embeddable":true,"href":"https:\/\/stil-fit.com\/hr\/wp-json\/wp\/v2\/comments?post=35455"}],"wp:featuredmedia":[{"embeddable":true,"href":"https:\/\/stil-fit.com\/hr\/wp-json\/wp\/v2\/media\/27956"}],"wp:attachment":[{"href":"https:\/\/stil-fit.com\/hr\/wp-json\/wp\/v2\/media?parent=35455"}],"wp:term":[{"taxonomy":"product_brand","embeddable":true,"href":"https:\/\/stil-fit.com\/hr\/wp-json\/wp\/v2\/product_brand?post=35455"},{"taxonomy":"product_cat","embeddable":true,"href":"https:\/\/stil-fit.com\/hr\/wp-json\/wp\/v2\/product_cat?post=35455"},{"taxonomy":"product_tag","embeddable":true,"href":"https:\/\/stil-fit.com\/hr\/wp-json\/wp\/v2\/product_tag?post=35455"},{"taxonomy":"yst_prominent_words","embeddable":true,"href":"https:\/\/stil-fit.com\/hr\/wp-json\/wp\/v2\/yst_prominent_words?post=35455"}],"curies":[{"name":"wp","href":"https:\/\/api.w.org\/{rel}","templated":true}]}}