{"id":38685,"date":"2023-09-28T15:45:04","date_gmt":"2025-06-25T09:54:06","guid":{"rendered":"https:\/\/stil-fit.com\/shop\/kabelzug-pro-2\/"},"modified":"2025-06-25T11:54:06","modified_gmt":"2025-06-25T09:54:06","slug":"kabelzug-pro-2","status":"publish","type":"product","link":"https:\/\/stil-fit.com\/hr\/shop\/kabelzug-pro-2\/","title":{"rendered":"STIL-FIT Kabelzug PRO"},"content":{"rendered":"<h1><strong><span style=\"color: #282828;\">Der STIL-FIT <span style=\"caret-color: #282828;\">Kabelzug<\/span> PRO<\/span><\/strong><\/h1>\n<h2><strong><span style=\"font-size: 100%;\">Platz\u0161parend  <\/span><\/strong><\/h2>\n<p>Der STIL-FIT Kabelzug optimiert den verf\u00fcgbaren Platz durch die kompakten Abmessungen. Sie ben\u00f6tigen nur 0,5 qm Bodenfl\u00e4che, um das Ger\u00e4t aufzustellen. <\/p>\n<h2><span style=\"font-size: 100%;\"><strong>Multifunktionale Kraftmaschine<\/strong><\/span><\/h2>\n<p>Die Griffe sind schwenkbar und k\u00f6nnen stufenlos h\u00f6henverstellt werden. Der Abstand zwischen den beiden Griffen betr\u00e4gt 90 cm und bietet dadurch besonders viele \u00dcbungsvarianten. <\/p>\n<h2><strong>Neugodno mnogo<\/strong><\/h2>\n<p>Mit den beiden Griffen, der Latzugeinheit und der Latzugstange ist der Kabelzug PRO bereits f\u00fcr unz\u00e4hlige \u00dcbungen ger\u00fcstet.<\/p>\n<h2><strong><span style=\"font-size: 100%;\">Korisni\u010dki ljubazan  <\/span><\/strong><\/h2>\n<p>Markierungen an den Gleitschienen erm\u00f6glichen eine einfache H\u00f6henverstellung. Dank unserem speziellen Gewichtsblock betr\u00e4gt das minimale Startgewicht 1,25 kg und das maximale Gewicht 42,5kg pro Zugseite. Die perfekte Kraftmaschine f\u00fcr alle.<\/p>\n","protected":false},"excerpt":{"rendered":"<p>&nbsp;<\/p>\n<p>Unser Kabelzug PRO ist ein komplettes Fitnessstudio auf nur 0,5 Quadratmetern Grundfl\u00e4che. Dank der beiden Griffe, der optionalen Latzugeinheit und der Latzugstange ist der Kabelzug PRO f\u00fcr bereit f\u00fcr zahlreiche effektive \u00dcbungen. <\/p>\n<p><strong>Dostavno za 2-3 tjedna<\/strong><\/p>\n<ul>\n<li>F\u00fcr Sie handgefertigt in unserer M\u00fcnchner Manufaktur.<\/li>\n<li>Uklju\u010duju\u0107i Latzug i Latzugstange <\/li>\n<li>Einfache Montage, da das Ger\u00e4t fast komplett vormontiert ist.<\/li>\n<li>Proizvedeno u Njema\u010dkoj<\/li>\n<li>Kostenloser Versand (Deutschland &amp; \u00d6sterreich)<\/li>\n<li>0% Ratenzahlung (nur Njema\u010dka)<\/li>\n<\/ul>\n<p><strong>Molimo odaberite svoj model:  <\/strong><\/p>\n","protected":false},"featured_media":30773,"comment_status":"open","ping_status":"closed","template":"","meta":{"_monsterinsights_skip_tracking":false,"_monsterinsights_sitenote_active":false,"_monsterinsights_sitenote_note":"","_monsterinsights_sitenote_category":0},"product_brand":[],"product_cat":[2916,2924],"product_tag":[3141,3297,3146],"yst_prominent_words":[256,723,255,610,609,604,259,611,608,607,251,602,1464,760,1939,1465,261,499,1940,603],"class_list":{"0":"post-38685","1":"product","2":"type-product","3":"status-publish","4":"has-post-thumbnail","6":"product_cat-funkcionalni-trener","7":"product_cat-trening-snage","8":"product_tag-fitnes-kod-kuce","9":"product_tag-fitness-hr","10":"product_tag-teretana-kod-kuce","11":"product_shipping_class-kabelzug-2-hr","13":"first","14":"instock","15":"taxable","16":"shipping-taxable","17":"purchasable","18":"product-type-variable","19":"has-default-attributes"},"composite_virtual":false,"composite_layout":"","composite_add_to_cart_form_location":"","composite_editable_in_cart":false,"composite_sold_individually_context":"","composite_shop_price_calc":"","composite_components":[],"composite_scenarios":[],"bundled_by":[],"bundle_stock_status":"instock","bundle_stock_quantity":null,"bundle_virtual":false,"bundle_layout":"","bundle_add_to_cart_form_location":"","bundle_editable_in_cart":false,"bundle_sold_individually_context":"","bundle_item_grouping":"","bundle_min_size":"","bundle_max_size":"","bundle_price":[],"bundled_items":[],"bundle_sell_ids":[35354,35302,35333,35174,35258],"yoast_head":"<!-- This site is optimized with the Yoast SEO Premium plugin v14.5 - https:\/\/yoast.com\/wordpress\/plugins\/seo\/ -->\n<title>STIL-FIT Kabelzug PRO | Vielseitiges Kraftger\u00e4t - Proizvedeno u Njema\u010dkoj<\/title>\n<meta name=\"description\" content=\"Entdecken Sie den exklusiven STIL-FIT Kabelzug PRO | Designed und entwickelt in M\u00fcnchen. Bestellen Sie direkt beim Hersteller.\" \/>\n<meta name=\"robots\" content=\"index, follow\" \/>\n<meta name=\"googlebot\" content=\"index, follow, max-snippet:-1, max-image-preview:large, max-video-preview:-1\" \/>\n<meta name=\"bingbot\" content=\"index, follow, max-snippet:-1, max-image-preview:large, max-video-preview:-1\" \/>\n<link rel=\"canonical\" href=\"https:\/\/stil-fit.com\/hr\/shop\/kabelzug-pro-2\/\" \/>\n<meta property=\"og:locale\" content=\"hr_HR\" \/>\n<meta property=\"og:type\" content=\"article\" \/>\n<meta property=\"og:title\" content=\"STIL-FIT Kabelzug PRO | Vielseitiges Kraftger\u00e4t - Proizvedeno u Njema\u010dkoj\" \/>\n<meta property=\"og:description\" content=\"Entdecken Sie den exklusiven STIL-FIT Kabelzug PRO | Designed und entwickelt in M\u00fcnchen. Bestellen Sie direkt beim Hersteller.\" \/>\n<meta property=\"og:url\" content=\"https:\/\/stil-fit.com\/hr\/shop\/kabelzug-pro-2\/\" \/>\n<meta property=\"og:site_name\" content=\"STIL-FIT\" \/>\n<meta property=\"article:publisher\" content=\"https:\/\/de-de.facebook.com\/stilfit\/\" \/>\n<meta property=\"og:image\" content=\"https:\/\/stil-fit.com\/wp-content\/uploads\/2023\/09\/STIL-FIT-Functional-Trainer-PRO-mirror-1.jpg\" \/>\n\t<meta property=\"og:image:width\" content=\"1181\" \/>\n\t<meta property=\"og:image:height\" content=\"1185\" \/>\n<meta name=\"twitter:card\" content=\"summary_large_image\" \/>\n<script type=\"application\/ld+json\" class=\"yoast-schema-graph\">{\"@context\":\"https:\/\/schema.org\",\"@graph\":[{\"@type\":\"Organization\",\"@id\":\"https:\/\/stil-fit.com\/hr\/#organization\",\"name\":\"STIL-FIT International GmbH\",\"url\":\"https:\/\/stil-fit.com\/hr\/\",\"sameAs\":[\"https:\/\/de-de.facebook.com\/stilfit\/\",\"https:\/\/www.instagram.com\/stil_fit_int\/\",\"https:\/\/www.linkedin.com\/company\/stil-fit-international-gmbh\",\"https:\/\/www.youtube.com\/channel\/UC2HA1BeZtFB0acPMfq1hKdQ\",\"https:\/\/www.pinterest.com\/STILFITInt\/\"],\"logo\":{\"@type\":\"ImageObject\",\"@id\":\"https:\/\/stil-fit.com\/hr\/#logo\",\"inLanguage\":\"hr\",\"url\":\"https:\/\/stil-fit.com\/wp-content\/uploads\/2019\/02\/stilfit_logo.jpg\",\"width\":150,\"height\":150,\"caption\":\"STIL-FIT International GmbH\"},\"image\":{\"@id\":\"https:\/\/stil-fit.com\/hr\/#logo\"}},{\"@type\":\"WebSite\",\"@id\":\"https:\/\/stil-fit.com\/hr\/#website\",\"url\":\"https:\/\/stil-fit.com\/hr\/\",\"name\":\"STIL-FIT\",\"description\":\"Stil-fit\",\"publisher\":{\"@id\":\"https:\/\/stil-fit.com\/hr\/#organization\"},\"potentialAction\":[{\"@type\":\"SearchAction\",\"target\":\"https:\/\/stil-fit.com\/hr\/?s={search_term_string}\",\"query-input\":\"required name=search_term_string\"}],\"inLanguage\":\"hr\"},{\"@type\":\"ImageObject\",\"@id\":\"https:\/\/stil-fit.com\/hr\/shop\/kabelzug-pro-2\/#primaryimage\",\"inLanguage\":\"hr\",\"url\":\"https:\/\/stil-fit.com\/wp-content\/uploads\/2023\/09\/STIL-FIT-Functional-Trainer-PRO-mirror-1.jpg\",\"width\":1181,\"height\":1185},{\"@type\":\"WebPage\",\"@id\":\"https:\/\/stil-fit.com\/hr\/shop\/kabelzug-pro-2\/#webpage\",\"url\":\"https:\/\/stil-fit.com\/hr\/shop\/kabelzug-pro-2\/\",\"name\":\"STIL-FIT Kabelzug PRO | Vielseitiges Kraftger\\u00e4t - Proizvedeno u Njema\\u010dkoj\",\"isPartOf\":{\"@id\":\"https:\/\/stil-fit.com\/hr\/#website\"},\"primaryImageOfPage\":{\"@id\":\"https:\/\/stil-fit.com\/hr\/shop\/kabelzug-pro-2\/#primaryimage\"},\"datePublished\":\"2025-06-25T09:54:06+00:00\",\"dateModified\":\"2025-06-25T09:54:06+00:00\",\"description\":\"Entdecken Sie den exklusiven STIL-FIT Kabelzug PRO | Designed und entwickelt in M\\u00fcnchen. Bestellen Sie direkt beim Hersteller.\",\"inLanguage\":\"hr\",\"potentialAction\":[{\"@type\":\"ReadAction\",\"target\":[\"https:\/\/stil-fit.com\/hr\/shop\/kabelzug-pro-2\/\"]}]}]}<\/script>\n<!-- \/ Yoast SEO Premium plugin. -->","post_mailing_queue_ids":[],"_links":{"self":[{"href":"https:\/\/stil-fit.com\/hr\/wp-json\/wp\/v2\/product\/38685","targetHints":{"allow":["GET"]}}],"collection":[{"href":"https:\/\/stil-fit.com\/hr\/wp-json\/wp\/v2\/product"}],"about":[{"href":"https:\/\/stil-fit.com\/hr\/wp-json\/wp\/v2\/types\/product"}],"replies":[{"embeddable":true,"href":"https:\/\/stil-fit.com\/hr\/wp-json\/wp\/v2\/comments?post=38685"}],"wp:featuredmedia":[{"embeddable":true,"href":"https:\/\/stil-fit.com\/hr\/wp-json\/wp\/v2\/media\/30773"}],"wp:attachment":[{"href":"https:\/\/stil-fit.com\/hr\/wp-json\/wp\/v2\/media?parent=38685"}],"wp:term":[{"taxonomy":"product_brand","embeddable":true,"href":"https:\/\/stil-fit.com\/hr\/wp-json\/wp\/v2\/product_brand?post=38685"},{"taxonomy":"product_cat","embeddable":true,"href":"https:\/\/stil-fit.com\/hr\/wp-json\/wp\/v2\/product_cat?post=38685"},{"taxonomy":"product_tag","embeddable":true,"href":"https:\/\/stil-fit.com\/hr\/wp-json\/wp\/v2\/product_tag?post=38685"},{"taxonomy":"yst_prominent_words","embeddable":true,"href":"https:\/\/stil-fit.com\/hr\/wp-json\/wp\/v2\/yst_prominent_words?post=38685"}],"curies":[{"name":"wp","href":"https:\/\/api.w.org\/{rel}","templated":true}]}}