{"id":34490,"date":"2025-03-20T16:47:26","date_gmt":"2025-03-20T15:47:26","guid":{"rendered":"https:\/\/stil-fit.com\/consegna\/"},"modified":"2025-03-20T16:47:35","modified_gmt":"2025-03-20T15:47:35","slug":"consegna","status":"publish","type":"page","link":"https:\/\/stil-fit.com\/it\/consegna\/","title":{"rendered":"consegna"},"content":{"rendered":"\n  <div class=\"banner has-hover\" id=\"banner-1173208475\">\n          <div class=\"banner-inner fill\">\n        <div class=\"banner-bg fill\" >\n            <img decoding=\"async\" width=\"1020\" height=\"680\" src=\"https:\/\/stil-fit.com\/wp-content\/uploads\/2019\/11\/iStock-1038555870-scaled.jpg\" class=\"bg attachment-large size-large\" alt=\"\" \/>                                    \n                    <\/div>\n\t\t\n        <div class=\"banner-layers container\">\n            <div class=\"fill banner-link\"><\/div>            \n\n   <div id=\"text-box-548835289\" class=\"text-box banner-layer x50 md-x50 lg-x50 y50 md-y50 lg-y50 res-text\">\n                                <div class=\"text-box-content text dark\">\n              \n              <div class=\"text-inner text-center\">\n                  \n\n<h3 class=\"uppercase\"><strong>consegna<\/strong><\/h3>\n<p>Veloce e senza complicazioni  <\/p>\n\n              <\/div>\n           <\/div>\n                            \n<style>\n#text-box-548835289 {\n  width: 60%;\n}\n#text-box-548835289 .text-box-content {\n  font-size: 100%;\n}\n<\/style>\n    <\/div>\n \n\n        <\/div>\n      <\/div>\n\n            \n<style>\n#banner-1173208475 {\n  padding-top: 600px;\n  background-color: rgb(255,255,255);\n}\n#banner-1173208475 .banner-bg img {\n  object-position: 48% 85%;\n}\n<\/style>\n  <\/div>\n\n\n\n\t<section class=\"section\" id=\"section_2036617366\">\n\t\t<div class=\"section-bg fill\" >\n\t\t\t\t\t\t\t\t\t\n\t\t\t\n\n\t\t<\/div>\n\n\t\t\n\n\t\t<div class=\"section-content relative\">\n\t\t\t\n\n<div class=\"row align-center\"  id=\"row-1120645033\">\n\n\n\t<div id=\"col-900611639\" class=\"col medium-6 small-9 large-6\"  >\n\t\t\t\t<div class=\"col-inner text-center\"  >\n\t\t\t\n\t\t\t\n\n\t<div id=\"gap-1582556022\" class=\"gap-element clearfix\" style=\"display:block; height:auto;\">\n\t\t\n<style>\n#gap-1582556022 {\n  padding-top: 30px;\n}\n<\/style>\n\t<\/div>\n\t\n\n<div>\n<h2 style=\"text-align: left;\"><span style=\"font-size: 100%;\">Il servizio \u00e8 molto importante per noi  <\/span><\/h2>\n<\/div>\n\n\t\t<\/div>\n\t\t\t\t\t<\/div>\n\n\t\n\n<\/div>\n\n\t\t<\/div>\n\n\t\t\n<style>\n#section_2036617366 {\n  padding-top: 20px;\n  padding-bottom: 20px;\n}\n<\/style>\n\t<\/section>\n\t\n\n\t<section class=\"section\" id=\"section_743339548\">\n\t\t<div class=\"section-bg fill\" >\n\t\t\t\t\t\t\t\t\t\n\t\t\t\n\n\t\t<\/div>\n\n\t\t\n\n\t\t<div class=\"section-content relative\">\n\t\t\t\n\n<div class=\"row\"  id=\"row-1315532101\">\n\n\n\t<div id=\"col-45543460\" class=\"col medium-4 small-12 large-4\"  >\n\t\t\t\t<div class=\"col-inner\"  >\n\t\t\t\n\t\t\t\n\n\n\t\t<div class=\"icon-box featured-box icon-box-center text-center\"  >\n\t\t\t\t\t<div class=\"icon-box-img\" style=\"width: 60px\">\n\t\t\t\t<div class=\"icon\">\n\t\t\t\t\t<div class=\"icon-inner\" style=\"color:rgb(129, 178, 189);\">\n\t\t\t\t\t\t<img decoding=\"async\" width=\"201\" height=\"201\" src=\"https:\/\/stil-fit.com\/wp-content\/uploads\/2019\/11\/Artboard-2-copy-6@4x.png\" class=\"attachment-medium size-medium\" alt=\"\" srcset=\"https:\/\/stil-fit.com\/wp-content\/uploads\/2019\/11\/Artboard-2-copy-6@4x.png 201w, https:\/\/stil-fit.com\/wp-content\/uploads\/2019\/11\/Artboard-2-copy-6@4x-100x100.png 100w\" sizes=\"(max-width: 201px) 100vw, 201px\" \/>\t\t\t\t\t<\/div>\n\t\t\t\t<\/div>\n\t\t\t<\/div>\n\t\t\t\t<div class=\"icon-box-text last-reset\">\n\t\t\t\t\t\t\t\t\t\n\n<h3 style=\"text-align: center;\"><span style=\"font-size: 90%;\">Minimo sforzo di installazione<\/span><\/h3>\n<p style=\"text-align: center;\"><span style=\"font-size: 100%;\">La maggior parte o tutti i nostri prodotti sono preassemblati e richiedono un minimo di lavoro di montaggio.<\/span><\/p>\n<p style=\"text-align: center;\"> <\/p>\n\n\t\t<\/div>\n\t<\/div>\n\t\n\t\n\n\t\t<\/div>\n\t\t\t\t\t<\/div>\n\n\t\n\n\t<div id=\"col-1279140166\" class=\"col medium-4 small-12 large-4\"  >\n\t\t\t\t<div class=\"col-inner\"  >\n\t\t\t\n\t\t\t\n\n\n\t\t<div class=\"icon-box featured-box icon-box-center text-center\"  >\n\t\t\t\t\t<div class=\"icon-box-img\" style=\"width: 60px\">\n\t\t\t\t<div class=\"icon\">\n\t\t\t\t\t<div class=\"icon-inner\" style=\"color:rgb(129, 178, 189);\">\n\t\t\t\t\t\t<img decoding=\"async\" width=\"201\" height=\"201\" src=\"https:\/\/stil-fit.com\/wp-content\/uploads\/2019\/11\/Artboard-2-copy-16@4x.png\" class=\"attachment-medium size-medium\" alt=\"\" srcset=\"https:\/\/stil-fit.com\/wp-content\/uploads\/2019\/11\/Artboard-2-copy-16@4x.png 201w, https:\/\/stil-fit.com\/wp-content\/uploads\/2019\/11\/Artboard-2-copy-16@4x-100x100.png 100w\" sizes=\"(max-width: 201px) 100vw, 201px\" \/>\t\t\t\t\t<\/div>\n\t\t\t\t<\/div>\n\t\t\t<\/div>\n\t\t\t\t<div class=\"icon-box-text last-reset\">\n\t\t\t\t\t\t\t\t\t\n\n<h3 style=\"text-align: center;\"><span style=\"font-size: 90%;\">Consegna veloce e affidabile  <\/span><\/h3>\n<p style=\"text-align: center;\"><span style=\"font-size: 100%;\">I nostri grandi elettrodomestici vengono consegnati da uno spedizioniere. Tutti gli altri prodotti vengono consegnati da DHL o Hermes. <\/span><\/p>\n<p style=\"text-align: center;\"> <\/p>\n\n\t\t<\/div>\n\t<\/div>\n\t\n\t\n\n\t\t<\/div>\n\t\t\t\t\t<\/div>\n\n\t\n\n\t<div id=\"col-673886967\" class=\"col medium-4 small-12 large-4\"  >\n\t\t\t\t<div class=\"col-inner\"  >\n\t\t\t\n\t\t\t\n\n\n\t\t<div class=\"icon-box featured-box icon-box-center text-center\"  >\n\t\t\t\t\t<div class=\"icon-box-img\" style=\"width: 60px\">\n\t\t\t\t<div class=\"icon\">\n\t\t\t\t\t<div class=\"icon-inner\" style=\"color:rgb(129, 178, 189);\">\n\t\t\t\t\t\t<img decoding=\"async\" width=\"201\" height=\"201\" src=\"https:\/\/stil-fit.com\/wp-content\/uploads\/2019\/11\/Artboard-2-copy-28@4x.png\" class=\"attachment-medium size-medium\" alt=\"\" srcset=\"https:\/\/stil-fit.com\/wp-content\/uploads\/2019\/11\/Artboard-2-copy-28@4x.png 201w, https:\/\/stil-fit.com\/wp-content\/uploads\/2019\/11\/Artboard-2-copy-28@4x-100x100.png 100w\" sizes=\"(max-width: 201px) 100vw, 201px\" \/>\t\t\t\t\t<\/div>\n\t\t\t\t<\/div>\n\t\t\t<\/div>\n\t\t\t\t<div class=\"icon-box-text last-reset\">\n\t\t\t\t\t\t\t\t\t\n\n<h3 style=\"text-align: center;\"><span style=\"font-size: 90%;\">Fissa un appuntamento  <\/span><\/h3>\n<p style=\"text-align: center;\"><span style=\"font-size: 100%;\">Puoi concordare la data di consegna desiderata direttamente con l&#8217;azienda di trasporti.  <\/span><\/p>\n<p style=\"text-align: center;\"> <\/p>\n\n\t\t<\/div>\n\t<\/div>\n\t\n\t\n\n\t\t<\/div>\n\t\t\t\t\t<\/div>\n\n\t\n\n<\/div>\n\n\t\t<\/div>\n\n\t\t\n<style>\n#section_743339548 {\n  padding-top: 40px;\n  padding-bottom: 40px;\n  background-color: rgb(251, 251, 249);\n}\n<\/style>\n\t<\/section>\n\t\n\n\t<section class=\"section\" id=\"section_1317786764\">\n\t\t<div class=\"section-bg fill\" >\n\t\t\t\t\t\t\t\t\t\n\t\t\t\n\n\t\t<\/div>\n\n\t\t\n\n\t\t<div class=\"section-content relative\">\n\t\t\t\n\n<div class=\"row align-middle\"  id=\"row-423334221\">\n\n\n\t<div id=\"col-1922246700\" class=\"col medium-7 small-12 large-7\"  >\n\t\t\t\t<div class=\"col-inner\"  >\n\t\t\t\n\t\t\t\n\n<h2 class=\"uppercase\">Cyclette STIL-FIT<\/h2>\n<p>La Cyclette ti viene consegnata quasi completamente assemblata. Tutto ci\u00f2 che devi fare \u00e8 collegare un cavo, stringere una vite e montare il manubrio.   <\/p>\n<p>Consegna:<\/p>\n<p>1 scatola 94 x 51 x 74 cm (L\/A) &#8211; 42kg<\/p>\n<p>Tempo di montaggio circa 20 minuti.  <\/p>\n\n\t\t<\/div>\n\t\t\t\t\t<\/div>\n\n\t\n\n<\/div>\n<div class=\"text-center\"><div class=\"is-divider divider clearfix\" style=\"max-width:200px;height:2px;background-color:rgb(198, 198, 198);\"><\/div><\/div>\n\n\t<div id=\"gap-738643897\" class=\"gap-element clearfix\" style=\"display:block; height:auto;\">\n\t\t\n<style>\n#gap-738643897 {\n  padding-top: 50px;\n}\n<\/style>\n\t<\/div>\n\t\n\n<div class=\"row align-middle\"  id=\"row-1053151021\">\n\n\n\t<div id=\"col-200196777\" class=\"col medium-7 small-12 large-7\"  >\n\t\t\t\t<div class=\"col-inner\"  >\n\t\t\t\n\t\t\t\n\n<h2 class=\"uppercase\">STIL-FIT Rowing Machine FLOW ONE<\/h2>\n<p><span style=\"font-size: 100%;\">Il Vogatore viene fornito in due unit\u00e0 preassemblate. Tutto ci\u00f2 che devi fare \u00e8 avvitare il telaio all&#8217;unit\u00e0 anteriore e fissare il pannello. <\/span><\/p>\n<p><span style=\"font-size: 100%;\">Consegna:<\/span><\/p>\n<ol>\n<li><span style=\"font-size: 100%;\">Cartone 57 x 46 x 106 (L\/A) &#8211; circa 35kg<\/span><\/li>\n<li><span style=\"font-size: 100%;\">Scatola di cartone 218 x 40 x 20 (L\/A) &#8211; circa 25kg<\/span><\/li>\n<\/ol>\n<p>Su richiesta, possiamo consegnare il Vogatore completamente assemblato su un pallet. (supplemento di 95,- EUR) <\/p>\n\n\t\t<\/div>\n\t\t\t\t\t<\/div>\n\n\t\n\n<\/div>\n<div class=\"text-center\"><div class=\"is-divider divider clearfix\" style=\"max-width:200px;height:2px;background-color:rgb(198, 198, 198);\"><\/div><\/div>\n\n\t<div id=\"gap-1113323674\" class=\"gap-element clearfix\" style=\"display:block; height:auto;\">\n\t\t\n<style>\n#gap-1113323674 {\n  padding-top: 50px;\n}\n<\/style>\n\t<\/div>\n\t\n\n<div class=\"row align-middle\"  id=\"row-1309173379\">\n\n\n\t<div id=\"col-517601755\" class=\"col medium-7 small-12 large-7\"  >\n\t\t\t\t<div class=\"col-inner\"  >\n\t\t\t\n\t\t\t\n\n<h2 class=\"uppercase\">STIL-FIT tiracavi<\/h2>\n<p>Il Muro fitness viene fornito quasi completamente assemblato. Il telaio di base \u00e8 assemblato e tutti i cavi sono gi\u00e0 inseriti. <\/p>\n<p>\u00c8 sufficiente avvitare il tiracavi alla parete, inserire i pesi e montare il rivestimento.  <\/p>\n<p>Consegna:<\/p>\n<p>1 pallet 220 x 80 x 130 (L\/A) &#8211; circa 160kg<\/p>\n<p>Offriamo un servizio di installazione per la Germania e l&#8217;Austria (supplemento di 495 EUR).<\/p>\n\n\t\t<\/div>\n\t\t\t\t\t<\/div>\n\n\t\n\n<\/div>\n\n\t\t<\/div>\n\n\t\t\n<style>\n#section_1317786764 {\n  padding-top: 60px;\n  padding-bottom: 60px;\n}\n<\/style>\n\t<\/section>\n\t\n\n\n\t<section class=\"section\" id=\"section_484229201\">\n\t\t<div class=\"section-bg fill\" >\n\t\t\t\t\t\t\t\t\t\n\t\t\t\n\n\t\t<\/div>\n\n\t\t\n\n\t\t<div class=\"section-content relative\">\n\t\t\t\n\n<div class=\"row\"  id=\"row-980380139\">\n\n\n\t<div id=\"col-902298525\" class=\"col small-12 large-12\"  >\n\t\t\t\t<div class=\"col-inner\"  >\n\t\t\t\n\t\t\t\n\n\t<div id=\"gap-661830220\" class=\"gap-element clearfix\" style=\"display:block; height:auto;\">\n\t\t\n<style>\n#gap-661830220 {\n  padding-top: 50px;\n}\n<\/style>\n\t<\/div>\n\t\n\n<h2 style=\"text-align: center;\">Costi di spedizione<\/h2>\n\n\t\t<\/div>\n\t\t\t\t\t<\/div>\n\n\t\n\n<\/div>\n<div class=\"row row-divided\"  id=\"row-896003735\">\n\n\n\t<div id=\"col-823037629\" class=\"col medium-4 small-12 large-4\"  >\n\t\t\t\t<div class=\"col-inner\"  >\n\t\t\t\n\t\t\t\n\n<h3>Germania e Austria  <\/h3>\n<p><strong>Grandi elettrodomestici:<\/strong><\/p>\n<ul>\n<li>Consegna gratuita con appuntamento incluso nel prezzo di acquisto. <\/li>\n<\/ul>\n<p> <\/p>\n<ul>\n<li>Consegna Premium con servizio a due persone Punto d&#8217;uso gratuito incl. appuntamento prenotabile in aggiunta. <\/li>\n<\/ul>\n<ol>\n<li>  Cyclette: + 39,- EUR<\/li>\n<li>Vogatore: + 39,- EUR<\/li>\n<li>Muro fitness: + 95,- EUR<\/li>\n<\/ol>\n<p><span style=\"font-size: 80%;\">(tutti i prezzi sono comprensivi di IVA)<\/span><\/p>\n<p> <\/p>\n<p><strong>Accessori e piccoli elettrodomestici<\/strong><\/p>\n<p>Consegna gratuita con DHL o Hermes<\/p>\n\n\t\t<\/div>\n\t\t\t\t\t<\/div>\n\n\t\n\n\t<div id=\"col-1094987187\" class=\"col medium-4 small-12 large-4\"  >\n\t\t\t\t<div class=\"col-inner\"  >\n\t\t\t\n\t\t\t\n\n<h3>Europa<\/h3>\n<p><strong>Grandi elettrodomestici:<\/strong><\/p>\n<p>Consegna gratuita a domicilio, inclusa nota di consulenza <\/p>\n<ol>\n<li>Cyclette: + 39,- EUR<\/li>\n<li>Vogatori: + 39,- EUR<\/li>\n<li>Muro fitness: + 95,- EUR<\/li>\n<\/ol>\n<p> <\/p>\n<p><strong>Accessori e piccoli elettrodomestici<\/strong><\/p>\n<p>Consegna con DHL o Hermes a 15,99,- EUR<\/p>\n<p><span style=\"font-size: 80%;\">(tutti i prezzi sono comprensivi di IVA)<\/span><\/p>\n\n\t\t<\/div>\n\t\t\t\t\t<\/div>\n\n\t\n\n\t<div id=\"col-1004762549\" class=\"col medium-4 small-12 large-4\"  >\n\t\t\t\t<div class=\"col-inner\"  >\n\t\t\t\n\t\t\t\n\n<h3>Svizzera<\/h3>\n<p>Costi di consegna su richiesta.  <\/p>\n<h3>In tutto il mondo<\/h3>\n<p>Costi di consegna su richiesta.  <\/p>\n\n\t\t<\/div>\n\t\t\t\t\t<\/div>\n\n\t\n\n<\/div>\n\n\t\t<\/div>\n\n\t\t\n<style>\n#section_484229201 {\n  padding-top: 30px;\n  padding-bottom: 30px;\n}\n<\/style>\n\t<\/section>\n\t\n\n\t<section class=\"section info-card-1\" id=\"section_2084020179\">\n\t\t<div class=\"section-bg fill\" >\n\t\t\t\t\t\t\t\t\t<div class=\"section-bg-overlay absolute fill\"><\/div>\n\t\t\t\n\n\t\t<\/div>\n\n\t\t\n\n\t\t<div class=\"section-content relative\">\n\t\t\t\n\n<div class=\"row\"  id=\"row-865648955\">\n\n\n\t<div id=\"col-736477786\" class=\"col small-12 large-12\"  >\n\t\t\t\t<div class=\"col-inner text-center\"  >\n\t\t\t\n\t\t\t\n\n<h2>Scopri i nostri eccezionali prodotti<\/h2>\n\n\t\t<\/div>\n\t\t\t\t\n<style>\n#col-736477786 > .col-inner {\n  padding: 20px 0px 0px 0px;\n}\n<\/style>\n\t<\/div>\n\n\t\n\n<\/div>\n<div class=\"row row-small row-full-width align-bottom row-box-shadow-3\"  id=\"row-939355003\">\n\n\n\t<div id=\"col-1185719164\" class=\"col medium-3 small-12 large-3\"  >\n\t\t\t\t<div class=\"col-inner\"  >\n\t\t\t\n\t\t\t\n\n\t<div class=\"box has-hover   has-hover box-push box-text-bottom\" >\n\n\t\t<div class=\"box-image\" >\n\t\t\t<a href=\"#\" >\t\t\t<div class=\"image-cover\" style=\"padding-top:100%;\">\n\t\t\t\t<img decoding=\"async\" width=\"1417\" height=\"1417\" src=\"https:\/\/stil-fit.com\/wp-content\/uploads\/2019\/05\/Ergo-1.jpeg\" class=\"attachment- size-\" alt=\"\" srcset=\"https:\/\/stil-fit.com\/wp-content\/uploads\/2019\/05\/Ergo-1.jpeg 1417w, https:\/\/stil-fit.com\/wp-content\/uploads\/2019\/05\/Ergo-1-100x100.jpeg 100w, https:\/\/stil-fit.com\/wp-content\/uploads\/2019\/05\/Ergo-1-510x510.jpeg 510w\" sizes=\"(max-width: 1417px) 100vw, 1417px\" \/>\t\t\t\t\t\t\t\t\t\t\t<\/div>\n\t\t\t<\/a>\t\t<\/div>\n\n\t\t<div class=\"box-text text-center\" style=\"background-color:rgb(255, 255, 255);padding:20px 5px 20px 5pxx;\">\n\t\t\t<div class=\"box-text-inner\">\n\t\t\t\t\n\n<h3>Cyclette<\/h3>\n<a href=\"https:\/\/stil-fit.com\/ergometer\/\" class=\"button primary is-underline\"  >\n\t\t<span>Per saperne di pi\u00f9<\/span>\n\t<\/a>\n\n\n\n\t\t\t<\/div>\n\t\t<\/div>\n\t<\/div>\n\t\n\n\t\t<\/div>\n\t\t\t\t\t<\/div>\n\n\t\n\n\t<div id=\"col-1665008681\" class=\"col medium-3 small-12 large-3\"  >\n\t\t\t\t<div class=\"col-inner\"  >\n\t\t\t\n\t\t\t\n\n\t<div class=\"box has-hover   has-hover box-push box-text-bottom\" >\n\n\t\t<div class=\"box-image\" >\n\t\t\t<a href=\"#\" >\t\t\t<div class=\"image-cover\" style=\"padding-top:100%;\">\n\t\t\t\t<img decoding=\"async\" width=\"1417\" height=\"1417\" src=\"https:\/\/stil-fit.com\/wp-content\/uploads\/2019\/05\/row.jpg\" class=\"attachment- size-\" alt=\"\" srcset=\"https:\/\/stil-fit.com\/wp-content\/uploads\/2019\/05\/row.jpg 1417w, https:\/\/stil-fit.com\/wp-content\/uploads\/2019\/05\/row-100x100.jpg 100w, https:\/\/stil-fit.com\/wp-content\/uploads\/2019\/05\/row-510x510.jpg 510w\" sizes=\"(max-width: 1417px) 100vw, 1417px\" \/>\t\t\t\t\t\t\t\t\t\t\t<\/div>\n\t\t\t<\/a>\t\t<\/div>\n\n\t\t<div class=\"box-text text-center\" style=\"background-color:rgb(255, 255, 255);padding:20px 5px 20px 5pxx;\">\n\t\t\t<div class=\"box-text-inner\">\n\t\t\t\t\n\n<h3>Vogatore<\/h3>\n<a href=\"https:\/\/stil-fit.com\/it\/vogatore\/\" class=\"button primary is-underline\"  >\n\t\t<span>Per saperne di pi\u00f9<\/span>\n\t<\/a>\n\n\n\n\t\t\t<\/div>\n\t\t<\/div>\n\t<\/div>\n\t\n\n\t\t<\/div>\n\t\t\t\t\t<\/div>\n\n\t\n\n\t<div id=\"col-238169193\" class=\"col medium-3 small-12 large-3\"  >\n\t\t\t\t<div class=\"col-inner\"  >\n\t\t\t\n\t\t\t\n\n\t<div class=\"box has-hover   has-hover box-push box-text-bottom\" >\n\n\t\t<div class=\"box-image\" >\n\t\t\t<a href=\"#\" >\t\t\t<div class=\"image-cover\" style=\"padding-top:100%;\">\n\t\t\t\t<img decoding=\"async\" width=\"1417\" height=\"1417\" src=\"https:\/\/stil-fit.com\/wp-content\/uploads\/2019\/06\/kabel.jpg\" class=\"attachment- size-\" alt=\"\" srcset=\"https:\/\/stil-fit.com\/wp-content\/uploads\/2019\/06\/kabel.jpg 1417w, https:\/\/stil-fit.com\/wp-content\/uploads\/2019\/06\/kabel-100x100.jpg 100w, https:\/\/stil-fit.com\/wp-content\/uploads\/2019\/06\/kabel-510x510.jpg 510w\" sizes=\"(max-width: 1417px) 100vw, 1417px\" \/>\t\t\t\t\t\t\t\t\t\t\t<\/div>\n\t\t\t<\/a>\t\t<\/div>\n\n\t\t<div class=\"box-text text-center\" style=\"background-color:rgb(255, 255, 255);padding:20px 5px 20px 5pxx;\">\n\t\t\t<div class=\"box-text-inner\">\n\t\t\t\t\n\n<h3>Muro fitness<\/h3>\n<a href=\"https:\/\/stil-fit.com\/kabelzug\/\" class=\"button primary is-underline\"  >\n\t\t<span>Per saperne di pi\u00f9<\/span>\n\t<\/a>\n\n\n\n\t\t\t<\/div>\n\t\t<\/div>\n\t<\/div>\n\t\n\n\t\t<\/div>\n\t\t\t\t\t<\/div>\n\n\t\n\n\t<div id=\"col-1365617185\" class=\"col medium-3 small-12 large-3\"  >\n\t\t\t\t<div class=\"col-inner\"  >\n\t\t\t\n\t\t\t\n\n\t<div class=\"box has-hover   has-hover box-push box-text-bottom\" >\n\n\t\t<div class=\"box-image\" >\n\t\t\t<a href=\"#\" >\t\t\t<div class=\"image-cover\" style=\"padding-top:100%;\">\n\t\t\t\t<img decoding=\"async\" width=\"1417\" height=\"1417\" src=\"https:\/\/stil-fit.com\/wp-content\/uploads\/2019\/05\/kleinteile.jpg\" class=\"attachment- size-\" alt=\"\" srcset=\"https:\/\/stil-fit.com\/wp-content\/uploads\/2019\/05\/kleinteile.jpg 1417w, https:\/\/stil-fit.com\/wp-content\/uploads\/2019\/05\/kleinteile-100x100.jpg 100w, https:\/\/stil-fit.com\/wp-content\/uploads\/2019\/05\/kleinteile-510x510.jpg 510w\" sizes=\"(max-width: 1417px) 100vw, 1417px\" \/>\t\t\t\t\t\t\t\t\t\t\t<\/div>\n\t\t\t<\/a>\t\t<\/div>\n\n\t\t<div class=\"box-text text-center\" style=\"background-color:rgb(255, 255, 255);padding:20px 5px 20px 5pxx;\">\n\t\t\t<div class=\"box-text-inner\">\n\t\t\t\t\n\n<h3>Accessori<\/h3>\n<a href=\"https:\/\/stil-fit.com\/it\/accessori\/\" class=\"button primary is-underline\"  >\n\t\t<span>Per saperne di pi\u00f9<\/span>\n\t<\/a>\n\n\n\n\t\t\t<\/div>\n\t\t<\/div>\n\t<\/div>\n\t\n\n\t\t<\/div>\n\t\t\t\t\t<\/div>\n\n\t\n\n\n<style>\n#row-939355003 > .col > .col-inner {\n  background-color: rgb(255,255,255);\n}\n<\/style>\n<\/div>\n\n\t\t<\/div>\n\n\t\t\n<style>\n#section_2084020179 {\n  padding-top: 50px;\n  padding-bottom: 50px;\n  background-color: rgb(255,255,255);\n}\n#section_2084020179 .section-bg-overlay {\n  background-color: rgba(255,255,255,.5);\n}\n<\/style>\n\t<\/section>\n\t","protected":false},"excerpt":{"rendered":"","protected":false},"author":2,"featured_media":0,"parent":0,"menu_order":0,"comment_status":"closed","ping_status":"closed","template":"page-blank.php","meta":{"_monsterinsights_skip_tracking":false,"_monsterinsights_sitenote_active":false,"_monsterinsights_sitenote_note":"","_monsterinsights_sitenote_category":0,"footnotes":""},"yst_prominent_words":[243,234,246,235,237,239,248,244,241,236,231,240,230,242,233,245,247,249,238,232],"class_list":["post-34490","page","type-page","status-publish","hentry"],"yoast_head":"<!-- This site is optimized with the Yoast SEO Premium plugin v14.5 - https:\/\/yoast.com\/wordpress\/plugins\/seo\/ -->\n<title>consegna | STIL-FIT<\/title>\n<meta name=\"robots\" content=\"index, follow\" \/>\n<meta name=\"googlebot\" content=\"index, follow, max-snippet:-1, max-image-preview:large, max-video-preview:-1\" \/>\n<meta name=\"bingbot\" content=\"index, follow, max-snippet:-1, max-image-preview:large, max-video-preview:-1\" \/>\n<link rel=\"canonical\" href=\"https:\/\/stil-fit.com\/it\/consegna\/\" \/>\n<meta property=\"og:locale\" content=\"it_IT\" \/>\n<meta property=\"og:type\" content=\"article\" \/>\n<meta property=\"og:title\" content=\"consegna | STIL-FIT\" \/>\n<meta property=\"og:url\" content=\"https:\/\/stil-fit.com\/it\/consegna\/\" \/>\n<meta property=\"og:site_name\" content=\"STIL-FIT\" \/>\n<meta property=\"article:publisher\" content=\"https:\/\/de-de.facebook.com\/stilfit\/\" \/>\n<meta property=\"article:modified_time\" content=\"2025-03-20T15:47:35+00:00\" \/>\n<meta name=\"twitter:card\" content=\"summary_large_image\" \/>\n<script type=\"application\/ld+json\" class=\"yoast-schema-graph\">{\"@context\":\"https:\/\/schema.org\",\"@graph\":[{\"@type\":\"Organization\",\"@id\":\"https:\/\/stil-fit.com\/it\/#organization\",\"name\":\"STIL-FIT International GmbH\",\"url\":\"https:\/\/stil-fit.com\/it\/\",\"sameAs\":[\"https:\/\/de-de.facebook.com\/stilfit\/\",\"https:\/\/www.instagram.com\/stil_fit_int\/\",\"https:\/\/www.linkedin.com\/company\/stil-fit-international-gmbh\",\"https:\/\/www.youtube.com\/channel\/UC2HA1BeZtFB0acPMfq1hKdQ\",\"https:\/\/www.pinterest.com\/STILFITInt\/\"],\"logo\":{\"@type\":\"ImageObject\",\"@id\":\"https:\/\/stil-fit.com\/it\/#logo\",\"inLanguage\":\"it-IT\",\"url\":\"https:\/\/stil-fit.com\/wp-content\/uploads\/2019\/02\/stilfit_logo.jpg\",\"width\":150,\"height\":150,\"caption\":\"STIL-FIT International GmbH\"},\"image\":{\"@id\":\"https:\/\/stil-fit.com\/it\/#logo\"}},{\"@type\":\"WebSite\",\"@id\":\"https:\/\/stil-fit.com\/it\/#website\",\"url\":\"https:\/\/stil-fit.com\/it\/\",\"name\":\"STIL-FIT\",\"description\":\"Stil-fit\",\"publisher\":{\"@id\":\"https:\/\/stil-fit.com\/it\/#organization\"},\"potentialAction\":[{\"@type\":\"SearchAction\",\"target\":\"https:\/\/stil-fit.com\/it\/?s={search_term_string}\",\"query-input\":\"required name=search_term_string\"}],\"inLanguage\":\"it-IT\"},{\"@type\":\"WebPage\",\"@id\":\"https:\/\/stil-fit.com\/it\/consegna\/#webpage\",\"url\":\"https:\/\/stil-fit.com\/it\/consegna\/\",\"name\":\"consegna | STIL-FIT\",\"isPartOf\":{\"@id\":\"https:\/\/stil-fit.com\/it\/#website\"},\"datePublished\":\"2025-03-20T15:47:26+00:00\",\"dateModified\":\"2025-03-20T15:47:35+00:00\",\"inLanguage\":\"it-IT\",\"potentialAction\":[{\"@type\":\"ReadAction\",\"target\":[\"https:\/\/stil-fit.com\/it\/consegna\/\"]}]}]}<\/script>\n<!-- \/ Yoast SEO Premium plugin. -->","post_mailing_queue_ids":[],"_links":{"self":[{"href":"https:\/\/stil-fit.com\/it\/wp-json\/wp\/v2\/pages\/34490","targetHints":{"allow":["GET"]}}],"collection":[{"href":"https:\/\/stil-fit.com\/it\/wp-json\/wp\/v2\/pages"}],"about":[{"href":"https:\/\/stil-fit.com\/it\/wp-json\/wp\/v2\/types\/page"}],"author":[{"embeddable":true,"href":"https:\/\/stil-fit.com\/it\/wp-json\/wp\/v2\/users\/2"}],"replies":[{"embeddable":true,"href":"https:\/\/stil-fit.com\/it\/wp-json\/wp\/v2\/comments?post=34490"}],"version-history":[{"count":2,"href":"https:\/\/stil-fit.com\/it\/wp-json\/wp\/v2\/pages\/34490\/revisions"}],"predecessor-version":[{"id":34502,"href":"https:\/\/stil-fit.com\/it\/wp-json\/wp\/v2\/pages\/34490\/revisions\/34502"}],"wp:attachment":[{"href":"https:\/\/stil-fit.com\/it\/wp-json\/wp\/v2\/media?parent=34490"}],"wp:term":[{"taxonomy":"yst_prominent_words","embeddable":true,"href":"https:\/\/stil-fit.com\/it\/wp-json\/wp\/v2\/yst_prominent_words?post=34490"}],"curies":[{"name":"wp","href":"https:\/\/api.w.org\/{rel}","templated":true}]}}