{"id":34562,"date":"2025-03-20T16:48:32","date_gmt":"2025-03-20T15:48:32","guid":{"rendered":"https:\/\/stil-fit.com\/gtc\/"},"modified":"2025-03-20T16:48:39","modified_gmt":"2025-03-20T15:48:39","slug":"gtc","status":"publish","type":"page","link":"https:\/\/stil-fit.com\/it\/gtc\/","title":{"rendered":"GTC"},"content":{"rendered":"<div class=\"row\"  id=\"row-1013722240\">\n\n\n\t<div id=\"col-1855134658\" class=\"col small-12 large-12\"  >\n\t\t\t\t<div class=\"col-inner\"  >\n\t\t\t\n\t\t\t\n\n\t<div id=\"gap-886091753\" class=\"gap-element clearfix\" style=\"display:block; height:auto;\">\n\t\t\n<style>\n#gap-886091753 {\n  padding-top: 100px;\n}\n<\/style>\n\t<\/div>\n\t\n\n<h1>Termini e condizioni generali \/\/ STIL-FIT International GmbH<\/h1>\n<p> <\/p>\n<ol>\n<li>Informazioni generali<\/li>\n<\/ol>\n<p>Le nostre Condizioni Generali si applicano a tutti i rapporti commerciali con i nostri clienti. Esse valgono anche come accordo quadro per futuri contratti di vendita e\/o consegna di beni mobili con gli stessi clienti, senza che si debba fare riferimento ad esse in ogni singolo caso. I termini e le condizioni generali del cliente non diventeranno parte integrante dei contratti stipulati con noi, a meno che non abbiamo espressamente acconsentito alla loro inclusione per iscritto.  <\/p>\n<ol start=\"2\">\n<li>Conclusione del contratto<\/li>\n<\/ol>\n<p>L&#8217;ordine della merce da parte del cliente sar\u00e0 considerato un&#8217;offerta contrattuale vincolante. In tal caso, il contratto con noi si conclude con la nostra conferma d&#8217;ordine (\u00e8 sufficiente un&#8217;e-mail). Se non diversamente indicato nell&#8217;ordine del cliente, avremo il diritto di accettare tale offerta contrattuale entro quattro settimane dal suo ricevimento da parte nostra. Se l&#8217;ordine del cliente \u00e8 preceduto da un&#8217;offerta legalmente vincolante da parte nostra, il contratto si conclude nel momento in cui il cliente effettua l&#8217;ordine presso di noi, senza la necessit\u00e0 di un&#8217;ulteriore conferma da parte nostra.   <\/p>\n<ol start=\"3\">\n<li>Prezzi<\/li>\n<\/ol>\n<p>3.1 Se non espressamente concordato diversamente, i prezzi si intendono franco magazzino, pi\u00f9 l&#8217;imposta sul valore aggiunto applicabile per legge e, se indicato nella conferma d&#8217;ordine, altri costi, in particolare il trasporto e le spese postali. <\/p>\n<p>3.2 Se un cliente con sede al di fuori della Repubblica Federale di Germania (cliente esterno) o un suo rappresentante autorizzato ritira la merce e la trasporta o la spedisce nel territorio esterno, il cliente deve fornirci la prova di esportazione necessaria ai fini fiscali. Se tale prova non viene fornita, il cliente dovr\u00e0 pagarci l&#8217;importo dell&#8217;IVA applicabile alle consegne all&#8217;interno della Germania a partire dall&#8217;importo della fattura.  <\/p>\n<ol start=\"4\">\n<li>Termini di consegna, impossibilit\u00e0 e richieste di risarcimento danni<\/li>\n<\/ol>\n<p>4.1 Le date fisse sono valide solo se sono state confermate per iscritto. <\/p>\n<p>4.2 Qualora non fossimo in grado di rispettare i termini di consegna vincolanti o le date di consegna concordate per motivi a noi non imputabili, in particolare in caso di mancata disponibilit\u00e0 del servizio, ne informeremo immediatamente l&#8217;Acquirente e allo stesso tempo gli comunicheremo il nuovo termine di consegna previsto. Se anche il servizio non \u00e8 disponibile entro il nuovo termine di consegna, avremo il diritto di recedere dal contratto in tutto o in parte; rimborseremo immediatamente il corrispettivo gi\u00e0 pagato dall&#8217;Acquirente. Un caso di mancata disponibilit\u00e0 del servizio in questo senso \u00e8 in particolare la mancata consegna da parte del nostro fornitore in tempo utile se abbiamo concluso una specifica transazione di copertura, se n\u00e9 noi n\u00e9 il nostro fornitore siamo colpevoli o se non siamo obbligati a procurare nel singolo caso.   <\/p>\n<p>4.3 In caso di ritardo nell&#8217;adempimento o di impossibilit\u00e0 di adempimento di cui siamo responsabili, sono escluse le richieste di risarcimento danni da parte del cliente. Ci\u00f2 non si applica se la responsabilit\u00e0 \u00e8 obbligatoria in caso di dolo, colpa grave o lesioni alla vita, all&#8217;integrit\u00e0 fisica o alla salute. In caso contrario, si applicher\u00e0 il \u00a7 323 BGB, a condizione che il periodo di tolleranza da concederci sia di almeno quattro settimane.   <\/p>\n<p>4.4 Sono escluse altre richieste di risarcimento danni e di rimborso spese da parte del cliente, a prescindere dai motivi legali, in particolare a causa di violazioni di obblighi derivanti dal contratto e da atti non autorizzati. Ci\u00f2 non si applica nei casi in cui la responsabilit\u00e0 \u00e8 obbligatoria, ad esempio ai sensi della legge sulla responsabilit\u00e0 del prodotto, nei casi di dolo, colpa grave, lesioni alla vita, all&#8217;incolumit\u00e0 fisica o alla salute, o violazione di obblighi contrattuali sostanziali. Tuttavia, la richiesta di risarcimento per la violazione di obblighi contrattuali essenziali \u00e8 limitata al danno prevedibile tipico del contratto, a meno che non vi sia dolo o colpa grave o responsabilit\u00e0 per lesioni alla vita, all&#8217;integrit\u00e0 fisica o alla salute. Una modifica dell&#8217;onere della prova a svantaggio del cliente non \u00e8 associata alle disposizioni di cui sopra.    <\/p>\n<p>4.5 Sono esclusi i danni indiretti conseguenti e le richieste di risarcimento da parte del cliente per perdita di profitto. <\/p>\n<ol start=\"5\">\n<li>Pagamento<\/li>\n<\/ol>\n<p>5.1 Le fatture sono immediatamente esigibili e pagabili senza deduzione di sconto, a meno che non sia specificato diversamente nella fattura. <\/p>\n<p>5.2 A partire dalla data di scadenza, avremo diritto a un interesse pari a 8 punti percentuali al di sopra del rispettivo tasso di interesse di base. Ci riserviamo il diritto di provare ulteriori danni causati dall&#8217;inadempimento.  <\/p>\n<ol start=\"6\">\n<li>Garanzia per difetti di materiale<\/li>\n<\/ol>\n<p>6.1 Se la merce consegnata \u00e8 difettosa, avremo inizialmente il diritto di adempiere successivamente. Possiamo scegliere tra la correzione del difetto (riparazione) o la consegna di un nuovo articolo privo di difetti. La riparazione sar\u00e0 effettuata in loco dal nostro team di assistenza oppure l&#8217;apparecchio sar\u00e0 ritirato e riconsegnato al cliente dopo il completamento della riparazione. Il trasporto \u00e8 gratuito. Se l&#8217;adempimento successivo non riesce o non viene eseguito entro un periodo di tempo ragionevole, il cliente pu\u00f2, a sua discrezione, ridurre il prezzo o recedere dal contratto.     <\/p>\n<p>6.2 I danni derivanti da uso improprio, mancata osservanza delle istruzioni per l&#8217;uso, cura inadeguata, uso della forza o normale usura non sono coperti dalla garanzia di cui sopra. <\/p>\n<p>6.3 Il cliente deve informarci immediatamente per iscritto in caso di scoperta di difetti. <\/p>\n<p>6.4 Il periodo di prescrizione in conformit\u00e0 alle disposizioni di legge \u00e8 di 2 anni.<\/p>\n<ol start=\"7\">\n<li>Conservazione del titolo<\/li>\n<\/ol>\n<p>7.1 Ci riserviamo la propriet\u00e0 della merce consegnata fino a quando non saranno soddisfatte tutte le richieste derivanti dal nostro rapporto commerciale con il cliente. <\/p>\n<p>7.2 Il cliente avr\u00e0 il diritto di rivendere la merce con riserva di propriet\u00e0 nel corso della normale attivit\u00e0 commerciale, a condizione che adempia regolarmente ai suoi obblighi derivanti dal rapporto commerciale con noi. Tuttavia, non potr\u00e0 dare in pegno la merce n\u00e9 cederla in garanzia. Il cliente deve informarci immediatamente per iscritto se e nella misura in cui terzi sequestrino la merce di nostra propriet\u00e0 o i crediti a noi ceduti a titolo di garanzia. Il cliente deve fornirci immediatamente i documenti necessari per l&#8217;intervento.    <\/p>\n<p>7.3 Se il cliente viola il contratto, \u00e8 in ritardo con i pagamenti o se la sua situazione finanziaria si deteriora in modo significativo, avremo il diritto di richiedere la restituzione della merce con riserva di propriet\u00e0 a spese del cliente, anche senza esercitare il diritto di recesso e senza fissare un periodo di tolleranza, e di entrare nei locali commerciali del nostro cliente per ritirare la merce. Siamo autorizzati a rivendere la merce ritirata nel corso della normale attivit\u00e0 commerciale.  <\/p>\n<p>7.4 Se la merce sottoposta a riserva di propriet\u00e0 viene venduta dal cliente, quest&#8217;ultimo ci cede i crediti derivanti dalla rivendita per un importo pari al valore della fattura della merce sottoposta a riserva di propriet\u00e0, con tutti i diritti accessori e la priorit\u00e0 sul resto; anche i crediti per danni nei confronti di terzi relativi alla merce sottoposta a riserva di propriet\u00e0 ci vengono ceduti; accettiamo la cessione. <\/p>\n<p>7.5 La cessione dei crediti del cliente nei confronti di terzi (compresa una cessione a titolo di factoring) \u00e8 consentita solo in caso di vendita di beni con riserva di propriet\u00e0, se abbiamo dato il nostro preventivo consenso scritto alla cessione. In caso di consenso, il cliente cede a noi i suoi crediti nei confronti di terzi.  <\/p>\n<p>7.6 Se il valore realizzabile delle garanzie a cui abbiamo diritto in base alle disposizioni di cui sopra supera di oltre il 10% i nostri crediti nei confronti del cliente, su richiesta del cliente rilasceremo garanzie di nostra scelta. <\/p>\n<ol start=\"8\">\n<li>Riparazioni al di fuori della garanzia<\/li>\n<\/ol>\n<p>Le riparazioni che non siamo obbligati a effettuare a causa di giustificati reclami per difetti materiali da parte del cliente saranno effettuate da noi dietro pagamento del compenso concordato, altrimenti il compenso abituale. I costi e i rischi di spedizione e restituzione sono a carico del cliente. Accettiamo ordini di riparazione solo previo accordo.  <\/p>\n<ol start=\"11\">\n<li>Il diritto di recesso del cliente nelle vendite online<\/li>\n<\/ol>\n<p>Il cliente ha 14 giorni di tempo dalla consegna per decidere se desidera conservare la merce. Pu\u00f2 richiedere la restituzione della spedizione per posta all&#8217;indirizzo STIL-FIT International GmbH, Sch\u00e4ftlarnstr 156, 81371 Monaco di Baviera, inviando un&#8217;e-mail all&#8217;indirizzo info@stil-fit.com o un fax al numero +49 89.13.93 60 43. La restituzione \u00e8 gratuita.  <\/p>\n<ol start=\"12\">\n<li>Protezione dei dati<\/li>\n<\/ol>\n<p>Tutti i dati personali saranno trattati con riservatezza. I dati richiesti per le transazioni commerciali vengono memorizzati e, se necessario, trasmessi a societ\u00e0 affiliate nell&#8217;ambito dell&#8217;elaborazione degli ordini. <\/p>\n<ol start=\"13\">\n<li>Luogo di giurisdizione<\/li>\n<\/ol>\n<p>L&#8217;intero rapporto giuridico con il cliente \u00e8 soggetto alla legge della Repubblica Federale di Germania, ad esclusione della Convenzione delle Nazioni Unite sui contratti di vendita internazionale di beni mobili (CISG).<\/p>\n<ol start=\"14\">\n<li>Clausola di annullamento<\/li>\n<\/ol>\n<p>L&#8217;eventuale invalidit\u00e0 di singole disposizioni delle presenti CGV o del contratto sottostante non pregiudica la validit\u00e0 delle restanti disposizioni e accordi. Una disposizione non valida verr\u00e0 sostituita da una disposizione che si avvicina maggiormente all&#8217;intento economico delle parti. <\/p>\n<p>Stato: novembre 2019<\/p>\n\n\t\t<\/div>\n\t\t\t\t\t<\/div>\n\n\t\n\n<\/div>","protected":false},"excerpt":{"rendered":"","protected":false},"author":2,"featured_media":0,"parent":0,"menu_order":0,"comment_status":"closed","ping_status":"closed","template":"page-blank.php","meta":{"_monsterinsights_skip_tracking":false,"_monsterinsights_sitenote_active":false,"_monsterinsights_sitenote_note":"","_monsterinsights_sitenote_category":0,"footnotes":""},"yst_prominent_words":[],"class_list":["post-34562","page","type-page","status-publish","hentry"],"yoast_head":"<!-- This site is optimized with the Yoast SEO Premium plugin v14.5 - https:\/\/yoast.com\/wordpress\/plugins\/seo\/ -->\n<title>GTC | STIL-FIT<\/title>\n<meta name=\"robots\" content=\"index, follow\" \/>\n<meta name=\"googlebot\" content=\"index, follow, max-snippet:-1, max-image-preview:large, max-video-preview:-1\" \/>\n<meta name=\"bingbot\" content=\"index, follow, max-snippet:-1, max-image-preview:large, max-video-preview:-1\" \/>\n<link rel=\"canonical\" href=\"https:\/\/stil-fit.com\/it\/gtc\/\" \/>\n<meta property=\"og:locale\" content=\"it_IT\" \/>\n<meta property=\"og:type\" content=\"article\" \/>\n<meta property=\"og:title\" content=\"GTC | STIL-FIT\" \/>\n<meta property=\"og:url\" content=\"https:\/\/stil-fit.com\/it\/gtc\/\" \/>\n<meta property=\"og:site_name\" content=\"STIL-FIT\" \/>\n<meta property=\"article:publisher\" content=\"https:\/\/de-de.facebook.com\/stilfit\/\" \/>\n<meta property=\"article:modified_time\" content=\"2025-03-20T15:48:39+00:00\" \/>\n<meta name=\"twitter:card\" content=\"summary_large_image\" \/>\n<script type=\"application\/ld+json\" class=\"yoast-schema-graph\">{\"@context\":\"https:\/\/schema.org\",\"@graph\":[{\"@type\":\"Organization\",\"@id\":\"https:\/\/stil-fit.com\/it\/#organization\",\"name\":\"STIL-FIT International GmbH\",\"url\":\"https:\/\/stil-fit.com\/it\/\",\"sameAs\":[\"https:\/\/de-de.facebook.com\/stilfit\/\",\"https:\/\/www.instagram.com\/stil_fit_int\/\",\"https:\/\/www.linkedin.com\/company\/stil-fit-international-gmbh\",\"https:\/\/www.youtube.com\/channel\/UC2HA1BeZtFB0acPMfq1hKdQ\",\"https:\/\/www.pinterest.com\/STILFITInt\/\"],\"logo\":{\"@type\":\"ImageObject\",\"@id\":\"https:\/\/stil-fit.com\/it\/#logo\",\"inLanguage\":\"it-IT\",\"url\":\"https:\/\/stil-fit.com\/wp-content\/uploads\/2019\/02\/stilfit_logo.jpg\",\"width\":150,\"height\":150,\"caption\":\"STIL-FIT International GmbH\"},\"image\":{\"@id\":\"https:\/\/stil-fit.com\/it\/#logo\"}},{\"@type\":\"WebSite\",\"@id\":\"https:\/\/stil-fit.com\/it\/#website\",\"url\":\"https:\/\/stil-fit.com\/it\/\",\"name\":\"STIL-FIT\",\"description\":\"Stil-fit\",\"publisher\":{\"@id\":\"https:\/\/stil-fit.com\/it\/#organization\"},\"potentialAction\":[{\"@type\":\"SearchAction\",\"target\":\"https:\/\/stil-fit.com\/it\/?s={search_term_string}\",\"query-input\":\"required name=search_term_string\"}],\"inLanguage\":\"it-IT\"},{\"@type\":\"WebPage\",\"@id\":\"https:\/\/stil-fit.com\/it\/gtc\/#webpage\",\"url\":\"https:\/\/stil-fit.com\/it\/gtc\/\",\"name\":\"GTC | STIL-FIT\",\"isPartOf\":{\"@id\":\"https:\/\/stil-fit.com\/it\/#website\"},\"datePublished\":\"2025-03-20T15:48:32+00:00\",\"dateModified\":\"2025-03-20T15:48:39+00:00\",\"inLanguage\":\"it-IT\",\"potentialAction\":[{\"@type\":\"ReadAction\",\"target\":[\"https:\/\/stil-fit.com\/it\/gtc\/\"]}]}]}<\/script>\n<!-- \/ Yoast SEO Premium plugin. -->","post_mailing_queue_ids":[],"_links":{"self":[{"href":"https:\/\/stil-fit.com\/it\/wp-json\/wp\/v2\/pages\/34562","targetHints":{"allow":["GET"]}}],"collection":[{"href":"https:\/\/stil-fit.com\/it\/wp-json\/wp\/v2\/pages"}],"about":[{"href":"https:\/\/stil-fit.com\/it\/wp-json\/wp\/v2\/types\/page"}],"author":[{"embeddable":true,"href":"https:\/\/stil-fit.com\/it\/wp-json\/wp\/v2\/users\/2"}],"replies":[{"embeddable":true,"href":"https:\/\/stil-fit.com\/it\/wp-json\/wp\/v2\/comments?post=34562"}],"version-history":[{"count":1,"href":"https:\/\/stil-fit.com\/it\/wp-json\/wp\/v2\/pages\/34562\/revisions"}],"predecessor-version":[{"id":34565,"href":"https:\/\/stil-fit.com\/it\/wp-json\/wp\/v2\/pages\/34562\/revisions\/34565"}],"wp:attachment":[{"href":"https:\/\/stil-fit.com\/it\/wp-json\/wp\/v2\/media?parent=34562"}],"wp:term":[{"taxonomy":"yst_prominent_words","embeddable":true,"href":"https:\/\/stil-fit.com\/it\/wp-json\/wp\/v2\/yst_prominent_words?post=34562"}],"curies":[{"name":"wp","href":"https:\/\/api.w.org\/{rel}","templated":true}]}}