{"id":35249,"date":"2023-09-28T15:11:43","date_gmt":"2025-03-27T12:43:52","guid":{"rendered":"https:\/\/stil-fit.com\/shop\/stil-fit-bench-pro\/"},"modified":"2025-03-27T13:43:52","modified_gmt":"2025-03-27T12:43:52","slug":"stil-fit-bench-pro","status":"publish","type":"product","link":"https:\/\/stil-fit.com\/it\/shop\/stil-fit-bench-pro\/","title":{"rendered":"STIL-FIT Bench PRO"},"content":{"rendered":"<h1><span style=\"font-size: 120%;\"><strong>STIL-FIT Bench PRO<\/strong><\/span><\/h1>\n<p style=\"font-weight: 400;\"><span style=\"font-size: 120%;\">Il STIL-FIT Bench PRO \u00e8 una bellezza assoluta. Linee snelle e ridotte, un design unico, materiali di prima scelta e facilit\u00e0 di utilizzo caratterizzano la nostra panca da allenamento e daranno un tocco di stile al tuo allenamento. <\/span><\/p>\n<ul>\n<li style=\"font-weight: 400;\"><span style=\"font-size: 120%;\">Un design semplice ed elegante che si adatta a qualsiasi ambiente<\/span><\/li>\n<\/ul>\n<p>&nbsp;<\/p>\n<ul>\n<li style=\"font-weight: 400;\"><span style=\"font-size: 120%;\">Seduta e schienale antibatterici con tessuto a rete<\/span><\/li>\n<\/ul>\n<p>&nbsp;<\/p>\n<ul>\n<li style=\"font-weight: 400;\"><span style=\"font-size: 120%;\">Angolo di inclinazione regolabile su 7 livelli<\/span><\/li>\n<\/ul>\n<p>&nbsp;<\/p>\n<ul>\n<li style=\"font-weight: 400;\"><span style=\"font-size: 120%;\">Ruote integrate per facilitare gli spostamenti<\/span><\/li>\n<\/ul>\n","protected":false},"excerpt":{"rendered":"<p>&nbsp;<\/p>\n<p>La nostra nuova panca da allenamento \u00e8 assolutamente snella ma molto robusta. \u00c8 facile da spostare e da regolare. Lavorare con una panca \u00e8 cos\u00ec versatile che rimarrai stupito.  <\/p>\n<p><strong>Pronto per la spedizione entro 3 giorni<\/strong><\/p>\n<ul>\n<li>Realizzato a mano per te nella nostra manifattura di Monaco.<\/li>\n<li>Facile da montare.<\/li>\n<li>Prodotto in Germania<\/li>\n<li>Spedizione gratuita (Germania e Austria)<\/li>\n<li>Pagamento rateale allo 0% (solo in Germania)<\/li>\n<\/ul>\n","protected":false},"featured_media":30748,"comment_status":"open","ping_status":"closed","template":"","meta":{"_monsterinsights_skip_tracking":false,"_monsterinsights_sitenote_active":false,"_monsterinsights_sitenote_note":"","_monsterinsights_sitenote_category":0},"product_brand":[],"product_cat":[2892,2891],"product_tag":[2894,3271,3227,3273,3272],"yst_prominent_words":[256,1452,170,1453,161,1451],"class_list":{"0":"post-35249","1":"product","2":"type-product","3":"status-publish","4":"has-post-thumbnail","6":"product_cat-allenamento-di-forza","7":"product_cat-muro-fitness","8":"product_tag-fitness-it","9":"product_tag-forza","10":"product_tag-home-fitness-it","11":"product_tag-panca-per-pesi","12":"product_tag-pesi","13":"product_shipping_class-ergometer-2-it","15":"first","16":"instock","17":"taxable","18":"shipping-taxable","19":"purchasable","20":"product-type-simple"},"composite_virtual":false,"composite_layout":"","composite_add_to_cart_form_location":"","composite_editable_in_cart":false,"composite_sold_individually_context":"","composite_shop_price_calc":"","composite_components":[],"composite_scenarios":[],"bundled_by":[],"bundle_stock_status":"instock","bundle_stock_quantity":null,"bundle_virtual":false,"bundle_layout":"","bundle_add_to_cart_form_location":"","bundle_editable_in_cart":false,"bundle_sold_individually_context":"","bundle_item_grouping":"","bundle_min_size":"","bundle_max_size":"","bundle_price":[],"bundled_items":[],"bundle_sell_ids":[],"yoast_head":"<!-- This site is optimized with the Yoast SEO Premium plugin v14.5 - https:\/\/yoast.com\/wordpress\/plugins\/seo\/ -->\n<title>STIL-FIT Bench PRO | Ordina ora direttamente dal produttore<\/title>\n<meta name=\"description\" content=\"Scopri la nostra STIL-FIT Weight Bench PRO | Progettata e prodotta nella nostra fabbrica di Monaco. Spedizione gratuita in Germania e Austria. Acquista subito la tua!\" \/>\n<meta name=\"robots\" content=\"index, follow\" \/>\n<meta name=\"googlebot\" content=\"index, follow, max-snippet:-1, max-image-preview:large, max-video-preview:-1\" \/>\n<meta name=\"bingbot\" content=\"index, follow, max-snippet:-1, max-image-preview:large, max-video-preview:-1\" \/>\n<link rel=\"canonical\" href=\"https:\/\/stil-fit.com\/it\/shop\/stil-fit-bench-pro\/\" \/>\n<meta property=\"og:locale\" content=\"it_IT\" \/>\n<meta property=\"og:type\" content=\"article\" \/>\n<meta property=\"og:title\" content=\"STIL-FIT Bench PRO | Ordina ora direttamente dal produttore\" \/>\n<meta property=\"og:description\" content=\"Scopri la nostra STIL-FIT Weight Bench PRO | Progettata e prodotta nella nostra fabbrica di Monaco. Spedizione gratuita in Germania e Austria. Acquista subito la tua!\" \/>\n<meta property=\"og:url\" content=\"https:\/\/stil-fit.com\/it\/shop\/stil-fit-bench-pro\/\" \/>\n<meta property=\"og:site_name\" content=\"STIL-FIT\" \/>\n<meta property=\"article:publisher\" content=\"https:\/\/de-de.facebook.com\/stilfit\/\" \/>\n<meta property=\"og:image\" content=\"https:\/\/stil-fit.com\/wp-content\/uploads\/2023\/09\/STIL-FIT-Bench-PRO-1.png\" \/>\n\t<meta property=\"og:image:width\" content=\"1181\" \/>\n\t<meta property=\"og:image:height\" content=\"1182\" \/>\n<meta name=\"twitter:card\" content=\"summary_large_image\" \/>\n<script type=\"application\/ld+json\" class=\"yoast-schema-graph\">{\"@context\":\"https:\/\/schema.org\",\"@graph\":[{\"@type\":\"Organization\",\"@id\":\"https:\/\/stil-fit.com\/it\/#organization\",\"name\":\"STIL-FIT International GmbH\",\"url\":\"https:\/\/stil-fit.com\/it\/\",\"sameAs\":[\"https:\/\/de-de.facebook.com\/stilfit\/\",\"https:\/\/www.instagram.com\/stil_fit_int\/\",\"https:\/\/www.linkedin.com\/company\/stil-fit-international-gmbh\",\"https:\/\/www.youtube.com\/channel\/UC2HA1BeZtFB0acPMfq1hKdQ\",\"https:\/\/www.pinterest.com\/STILFITInt\/\"],\"logo\":{\"@type\":\"ImageObject\",\"@id\":\"https:\/\/stil-fit.com\/it\/#logo\",\"inLanguage\":\"it-IT\",\"url\":\"https:\/\/stil-fit.com\/wp-content\/uploads\/2019\/02\/stilfit_logo.jpg\",\"width\":150,\"height\":150,\"caption\":\"STIL-FIT International GmbH\"},\"image\":{\"@id\":\"https:\/\/stil-fit.com\/it\/#logo\"}},{\"@type\":\"WebSite\",\"@id\":\"https:\/\/stil-fit.com\/it\/#website\",\"url\":\"https:\/\/stil-fit.com\/it\/\",\"name\":\"STIL-FIT\",\"description\":\"Stil-fit\",\"publisher\":{\"@id\":\"https:\/\/stil-fit.com\/it\/#organization\"},\"potentialAction\":[{\"@type\":\"SearchAction\",\"target\":\"https:\/\/stil-fit.com\/it\/?s={search_term_string}\",\"query-input\":\"required name=search_term_string\"}],\"inLanguage\":\"it-IT\"},{\"@type\":\"ImageObject\",\"@id\":\"https:\/\/stil-fit.com\/it\/shop\/stil-fit-bench-pro\/#primaryimage\",\"inLanguage\":\"it-IT\",\"url\":\"https:\/\/stil-fit.com\/wp-content\/uploads\/2023\/09\/STIL-FIT-Bench-PRO-1.png\",\"width\":1181,\"height\":1182},{\"@type\":\"WebPage\",\"@id\":\"https:\/\/stil-fit.com\/it\/shop\/stil-fit-bench-pro\/#webpage\",\"url\":\"https:\/\/stil-fit.com\/it\/shop\/stil-fit-bench-pro\/\",\"name\":\"STIL-FIT Bench PRO | Ordina ora direttamente dal produttore\",\"isPartOf\":{\"@id\":\"https:\/\/stil-fit.com\/it\/#website\"},\"primaryImageOfPage\":{\"@id\":\"https:\/\/stil-fit.com\/it\/shop\/stil-fit-bench-pro\/#primaryimage\"},\"datePublished\":\"2025-03-27T12:43:52+00:00\",\"dateModified\":\"2025-03-27T12:43:52+00:00\",\"description\":\"Scopri la nostra STIL-FIT Weight Bench PRO | Progettata e prodotta nella nostra fabbrica di Monaco. Spedizione gratuita in Germania e Austria. Acquista subito la tua!\",\"inLanguage\":\"it-IT\",\"potentialAction\":[{\"@type\":\"ReadAction\",\"target\":[\"https:\/\/stil-fit.com\/it\/shop\/stil-fit-bench-pro\/\"]}]}]}<\/script>\n<!-- \/ Yoast SEO Premium plugin. -->","post_mailing_queue_ids":[],"_links":{"self":[{"href":"https:\/\/stil-fit.com\/it\/wp-json\/wp\/v2\/product\/35249","targetHints":{"allow":["GET"]}}],"collection":[{"href":"https:\/\/stil-fit.com\/it\/wp-json\/wp\/v2\/product"}],"about":[{"href":"https:\/\/stil-fit.com\/it\/wp-json\/wp\/v2\/types\/product"}],"replies":[{"embeddable":true,"href":"https:\/\/stil-fit.com\/it\/wp-json\/wp\/v2\/comments?post=35249"}],"wp:featuredmedia":[{"embeddable":true,"href":"https:\/\/stil-fit.com\/it\/wp-json\/wp\/v2\/media\/30748"}],"wp:attachment":[{"href":"https:\/\/stil-fit.com\/it\/wp-json\/wp\/v2\/media?parent=35249"}],"wp:term":[{"taxonomy":"product_brand","embeddable":true,"href":"https:\/\/stil-fit.com\/it\/wp-json\/wp\/v2\/product_brand?post=35249"},{"taxonomy":"product_cat","embeddable":true,"href":"https:\/\/stil-fit.com\/it\/wp-json\/wp\/v2\/product_cat?post=35249"},{"taxonomy":"product_tag","embeddable":true,"href":"https:\/\/stil-fit.com\/it\/wp-json\/wp\/v2\/product_tag?post=35249"},{"taxonomy":"yst_prominent_words","embeddable":true,"href":"https:\/\/stil-fit.com\/it\/wp-json\/wp\/v2\/yst_prominent_words?post=35249"}],"curies":[{"name":"wp","href":"https:\/\/api.w.org\/{rel}","templated":true}]}}