{"id":35265,"date":"2019-07-03T16:09:59","date_gmt":"2025-03-27T12:50:40","guid":{"rendered":"https:\/\/stil-fit.com\/shop\/stil-fit-rowing-machine-flow-one\/"},"modified":"2025-03-27T13:50:40","modified_gmt":"2025-03-27T12:50:40","slug":"stil-fit-rowing-machine-flow-one","status":"publish","type":"product","link":"https:\/\/stil-fit.com\/it\/shop\/stil-fit-rowing-machine-flow-one\/","title":{"rendered":"STIL-FIT Rowing machine FLOW ONE"},"content":{"rendered":"<h1><strong>STIL-FIT Rowing machine FLOW ONE<\/strong><\/h1>\n<h2><strong>L&#8217;allenamento perfetto per tutto il corpo<\/strong><\/h2>\n<p>Il canottaggio \u00e8 la combinazione perfetta di allenamento di forza e resistenza. Tutti i principali gruppi muscolari vengono allenati intensamente, stimola la riduzione del grasso corporeo e rafforza il sistema cardiovascolare. Un allenamento completo per tutto il corpo molto efficace.  <\/p>\n<h2><strong>Design esclusivo e moderno<\/strong><\/h2>\n<p>Il nuovo STIL-FIT Rower FLOW ONE stabilisce un nuovo standard con il suo design unico. Il corpo sottile con il suo bellissimo involucro in legno si integra perfettamente in qualsiasi ambiente. \u00c8 disponibile in diversi design.  <\/p>\n<h2><strong>Alimentato da WaterRower<\/strong><\/h2>\n<p>Grazie alla collaborazione con WaterRower, il nostro Vogatore \u00e8 al massimo livello tecnologico. Poich\u00e9 i componenti che utilizziamo sono forniti da WaterRower, sappiamo che la sensazione di vogare sar\u00e0 sempre perfetta e fluida. Mentre remi sentirai solo il piacevole suono dell&#8217;acqua che scorre.  <\/p>\n<h2><strong>Voga realistica con resistenza all&#8217;acqua<\/strong><\/h2>\n<p>L&#8217;acqua \u00e8 il mezzo di resistenza perfetto per la natura ed \u00e8 per questo che la utilizziamo con il nostro nuovo Vogatore FLOW ONE. La resistenza \u00e8 molto dinamica e si adatta istantaneamente all&#8217;intensit\u00e0 della tua bracciata. Il livello di resistenza viene impostato in base alla velocit\u00e0 della tua bracciata. Il pi\u00f9 realistico e naturale possibile!   <\/p>\n<h2><strong>Delicato ma efficace<\/strong><\/h2>\n<p>C&#8217;\u00e8 un&#8217;altra ragione importante per cui usiamo l&#8217;acqua: il rischio di lesioni e di sforzi fisici eccessivi \u00e8 ridotto al minimo, poich\u00e9 la resistenza si adatta alla potenza del vogatore. L&#8217;allenamento \u00e8 molto semplice per le articolazioni, i tendini e i legamenti, grazie al movimento fluido e ritmico. <\/p>\n<h2><strong>Potente computer per la formazione<\/strong><\/h2>\n<p>Il nostro vogatore \u00e8 gestito da un touchscreen TFT da 4,3&#8243;. L&#8217;interfaccia utente del touch screen \u00e8 autoesplicativa e mostra tutti i dati necessari in modo chiaro e ben organizzato. Il training computer memorizza i dati di un massimo di 6 utenti e mostra tempo, distanza, tempo per 500 m, numero di bracciate al minuto, calorie, watt e pulsazioni. C&#8217;\u00e8 anche una modalit\u00e0 di ritmo-gara.<\/p>\n","protected":false},"excerpt":{"rendered":"<p>&nbsp;<\/p>\n<p>Il Vogatore di fascia alta offre una misurazione integrata della frequenza cardiaca, la piena compatibilit\u00e0 con le app di canottaggio e un&#8217;esperienza di voga assolutamente realistica grazie alla resistenza dinamica all&#8217;acqua.<\/p>\n<p>&#8211; Made in Germany &#8211; Costruito per durare<\/p>\n<p>&#8211; Spedizione gratuita (Germania e Austria)<\/p>\n<p>&#8211; 0% di rateizzazione<\/p>\n","protected":false},"featured_media":33335,"comment_status":"open","ping_status":"closed","template":"","meta":{"_monsterinsights_skip_tracking":false,"_monsterinsights_sitenote_active":false,"_monsterinsights_sitenote_note":"","_monsterinsights_sitenote_category":0},"product_brand":[],"product_cat":[2935,2944],"product_tag":[3304,3322,3227,3321,3143],"yst_prominent_words":[304,301,296,299,659,647,293,303,291,646,538,302,289,297,292,254,796,290,298,300],"class_list":{"0":"post-35265","1":"product","2":"type-product","3":"status-publish","4":"has-post-thumbnail","6":"product_cat-uncategorised-it","7":"product_cat-vogatore","8":"product_tag-allenamento-cardio","9":"product_tag-corpo-intero","10":"product_tag-home-fitness-it","11":"product_tag-lusso","12":"product_tag-vogatore","13":"product_shipping_class-flow-one-2-it","14":"pa_rower-nero-opaco","15":"pa_rower-noce","16":"pa_rower-quercia","18":"first","19":"instock","20":"taxable","21":"shipping-taxable","22":"purchasable","23":"product-type-variable","24":"has-default-attributes"},"composite_virtual":false,"composite_layout":"","composite_add_to_cart_form_location":"","composite_editable_in_cart":false,"composite_sold_individually_context":"","composite_shop_price_calc":"","composite_components":[],"composite_scenarios":[],"bundled_by":[],"bundle_stock_status":"instock","bundle_stock_quantity":null,"bundle_virtual":false,"bundle_layout":"","bundle_add_to_cart_form_location":"","bundle_editable_in_cart":false,"bundle_sold_individually_context":"","bundle_item_grouping":"","bundle_min_size":"","bundle_max_size":"","bundle_price":[],"bundled_items":[],"bundle_sell_ids":[9646,10437,9946],"yoast_head":"<!-- This site is optimized with the Yoast SEO Premium plugin v14.5 - https:\/\/yoast.com\/wordpress\/plugins\/seo\/ -->\n<title>Vogatore FLOW ONE | Vogatore di lusso con resistenza all&#039;acqua<\/title>\n<meta name=\"description\" content=\"Progettato e sviluppato a Monaco, in Germania. Ordina il tuo nuovo Vogatore direttamente dalla nostra fabbrica di Monaco. Spedizione gratuita in Germania e Austria.\" \/>\n<meta name=\"robots\" content=\"index, follow\" \/>\n<meta name=\"googlebot\" content=\"index, follow, max-snippet:-1, max-image-preview:large, max-video-preview:-1\" \/>\n<meta name=\"bingbot\" content=\"index, follow, max-snippet:-1, max-image-preview:large, max-video-preview:-1\" \/>\n<link rel=\"canonical\" href=\"https:\/\/stil-fit.com\/it\/shop\/stil-fit-rowing-machine-flow-one\/\" \/>\n<meta property=\"og:locale\" content=\"it_IT\" \/>\n<meta property=\"og:type\" content=\"article\" \/>\n<meta property=\"og:title\" content=\"Vogatore FLOW ONE | Vogatore di lusso con resistenza all&#039;acqua\" \/>\n<meta property=\"og:description\" content=\"Progettato e sviluppato a Monaco, in Germania. Ordina il tuo nuovo Vogatore direttamente dalla nostra fabbrica di Monaco. Spedizione gratuita in Germania e Austria.\" \/>\n<meta property=\"og:url\" content=\"https:\/\/stil-fit.com\/it\/shop\/stil-fit-rowing-machine-flow-one\/\" \/>\n<meta property=\"og:site_name\" content=\"STIL-FIT\" \/>\n<meta property=\"article:publisher\" content=\"https:\/\/de-de.facebook.com\/stilfit\/\" \/>\n<meta property=\"og:image\" content=\"https:\/\/stil-fit.com\/wp-content\/uploads\/2025\/01\/STIL-FIT-Rudergeraet-FLOW-ONE-Walnuss-frontal.jpg\" \/>\n\t<meta property=\"og:image:width\" content=\"1575\" \/>\n\t<meta property=\"og:image:height\" content=\"1575\" \/>\n<meta name=\"twitter:card\" content=\"summary_large_image\" \/>\n<script type=\"application\/ld+json\" class=\"yoast-schema-graph\">{\"@context\":\"https:\/\/schema.org\",\"@graph\":[{\"@type\":\"Organization\",\"@id\":\"https:\/\/stil-fit.com\/it\/#organization\",\"name\":\"STIL-FIT International GmbH\",\"url\":\"https:\/\/stil-fit.com\/it\/\",\"sameAs\":[\"https:\/\/de-de.facebook.com\/stilfit\/\",\"https:\/\/www.instagram.com\/stil_fit_int\/\",\"https:\/\/www.linkedin.com\/company\/stil-fit-international-gmbh\",\"https:\/\/www.youtube.com\/channel\/UC2HA1BeZtFB0acPMfq1hKdQ\",\"https:\/\/www.pinterest.com\/STILFITInt\/\"],\"logo\":{\"@type\":\"ImageObject\",\"@id\":\"https:\/\/stil-fit.com\/it\/#logo\",\"inLanguage\":\"it-IT\",\"url\":\"https:\/\/stil-fit.com\/wp-content\/uploads\/2019\/02\/stilfit_logo.jpg\",\"width\":150,\"height\":150,\"caption\":\"STIL-FIT International GmbH\"},\"image\":{\"@id\":\"https:\/\/stil-fit.com\/it\/#logo\"}},{\"@type\":\"WebSite\",\"@id\":\"https:\/\/stil-fit.com\/it\/#website\",\"url\":\"https:\/\/stil-fit.com\/it\/\",\"name\":\"STIL-FIT\",\"description\":\"Stil-fit\",\"publisher\":{\"@id\":\"https:\/\/stil-fit.com\/it\/#organization\"},\"potentialAction\":[{\"@type\":\"SearchAction\",\"target\":\"https:\/\/stil-fit.com\/it\/?s={search_term_string}\",\"query-input\":\"required name=search_term_string\"}],\"inLanguage\":\"it-IT\"},{\"@type\":\"ImageObject\",\"@id\":\"https:\/\/stil-fit.com\/it\/shop\/stil-fit-rowing-machine-flow-one\/#primaryimage\",\"inLanguage\":\"it-IT\",\"url\":\"https:\/\/stil-fit.com\/wp-content\/uploads\/2025\/01\/STIL-FIT-Rudergeraet-FLOW-ONE-Walnuss-frontal.jpg\",\"width\":1575,\"height\":1575},{\"@type\":\"WebPage\",\"@id\":\"https:\/\/stil-fit.com\/it\/shop\/stil-fit-rowing-machine-flow-one\/#webpage\",\"url\":\"https:\/\/stil-fit.com\/it\/shop\/stil-fit-rowing-machine-flow-one\/\",\"name\":\"Vogatore FLOW ONE | Vogatore di lusso con resistenza all'acqua\",\"isPartOf\":{\"@id\":\"https:\/\/stil-fit.com\/it\/#website\"},\"primaryImageOfPage\":{\"@id\":\"https:\/\/stil-fit.com\/it\/shop\/stil-fit-rowing-machine-flow-one\/#primaryimage\"},\"datePublished\":\"2025-03-27T12:50:40+00:00\",\"dateModified\":\"2025-03-27T12:50:40+00:00\",\"description\":\"Progettato e sviluppato a Monaco, in Germania. Ordina il tuo nuovo Vogatore direttamente dalla nostra fabbrica di Monaco. Spedizione gratuita in Germania e Austria.\",\"inLanguage\":\"it-IT\",\"potentialAction\":[{\"@type\":\"ReadAction\",\"target\":[\"https:\/\/stil-fit.com\/it\/shop\/stil-fit-rowing-machine-flow-one\/\"]}]}]}<\/script>\n<!-- \/ Yoast SEO Premium plugin. -->","post_mailing_queue_ids":[],"_links":{"self":[{"href":"https:\/\/stil-fit.com\/it\/wp-json\/wp\/v2\/product\/35265","targetHints":{"allow":["GET"]}}],"collection":[{"href":"https:\/\/stil-fit.com\/it\/wp-json\/wp\/v2\/product"}],"about":[{"href":"https:\/\/stil-fit.com\/it\/wp-json\/wp\/v2\/types\/product"}],"replies":[{"embeddable":true,"href":"https:\/\/stil-fit.com\/it\/wp-json\/wp\/v2\/comments?post=35265"}],"wp:featuredmedia":[{"embeddable":true,"href":"https:\/\/stil-fit.com\/it\/wp-json\/wp\/v2\/media\/33335"}],"wp:attachment":[{"href":"https:\/\/stil-fit.com\/it\/wp-json\/wp\/v2\/media?parent=35265"}],"wp:term":[{"taxonomy":"product_brand","embeddable":true,"href":"https:\/\/stil-fit.com\/it\/wp-json\/wp\/v2\/product_brand?post=35265"},{"taxonomy":"product_cat","embeddable":true,"href":"https:\/\/stil-fit.com\/it\/wp-json\/wp\/v2\/product_cat?post=35265"},{"taxonomy":"product_tag","embeddable":true,"href":"https:\/\/stil-fit.com\/it\/wp-json\/wp\/v2\/product_tag?post=35265"},{"taxonomy":"yst_prominent_words","embeddable":true,"href":"https:\/\/stil-fit.com\/it\/wp-json\/wp\/v2\/yst_prominent_words?post=35265"}],"curies":[{"name":"wp","href":"https:\/\/api.w.org\/{rel}","templated":true}]}}