{"id":35313,"date":"2019-08-20T16:02:47","date_gmt":"2025-03-27T12:52:00","guid":{"rendered":"https:\/\/stil-fit.com\/shop\/stil-fit-ankle-strap-pelle\/"},"modified":"2025-03-27T13:52:00","modified_gmt":"2025-03-27T12:52:00","slug":"stil-fit-ankle-strap-pelle","status":"publish","type":"product","link":"https:\/\/stil-fit.com\/it\/shop\/stil-fit-ankle-strap-pelle\/","title":{"rendered":"STIL-FIT Ankle strap (pelle)"},"content":{"rendered":"<h1><span style=\"font-size: 75%;\"><strong>STIL-FIT Cinturino alla caviglia<\/strong><\/span><\/h1>\n<p>La nostra cavigliera \u00e8 realizzata in pelle da sella di alta qualit\u00e0 con una spessa imbottitura in neoprene per una vestibilit\u00e0 perfetta e confortevole. \u00c8 ideale per gli allenamenti degli adduttori e dei muscoli adduttori. <\/p>\n<p>Grazie al velcro si adatta a caviglie di tutte le dimensioni. Basta attaccare il moschettone all&#8217;anello a D e sei pronto per il tuo allenamento su<br \/>\n.<\/p>\n","protected":false},"excerpt":{"rendered":"<p>Prodotto in Germania<\/p>\n","protected":false},"featured_media":26162,"comment_status":"open","ping_status":"closed","template":"","meta":{"_monsterinsights_skip_tracking":false,"_monsterinsights_sitenote_active":false,"_monsterinsights_sitenote_note":"","_monsterinsights_sitenote_category":0},"product_brand":[],"product_cat":[2891,2935],"product_tag":[],"yst_prominent_words":[256,257,253,255,259,260,258,251,261,254],"class_list":{"0":"post-35313","1":"product","2":"type-product","3":"status-publish","4":"has-post-thumbnail","6":"product_cat-muro-fitness","7":"product_cat-uncategorised-it","8":"product_shipping_class-kleingerate-it","10":"first","11":"instock","12":"taxable","13":"shipping-taxable","14":"purchasable","15":"product-type-simple"},"composite_virtual":false,"composite_layout":"","composite_add_to_cart_form_location":"","composite_editable_in_cart":false,"composite_sold_individually_context":"","composite_shop_price_calc":"","composite_components":[],"composite_scenarios":[],"bundled_by":[],"bundle_stock_status":"instock","bundle_stock_quantity":null,"bundle_virtual":false,"bundle_layout":"","bundle_add_to_cart_form_location":"","bundle_editable_in_cart":false,"bundle_sold_individually_context":"","bundle_item_grouping":"","bundle_min_size":"","bundle_max_size":"","bundle_price":[],"bundled_items":[],"bundle_sell_ids":[],"yoast_head":"<!-- This site is optimized with the Yoast SEO Premium plugin v14.5 - https:\/\/yoast.com\/wordpress\/plugins\/seo\/ -->\n<title>STIL-FIT Ankle strap (pelle) | STIL-FIT<\/title>\n<meta name=\"robots\" content=\"index, follow\" \/>\n<meta name=\"googlebot\" content=\"index, follow, max-snippet:-1, max-image-preview:large, max-video-preview:-1\" \/>\n<meta name=\"bingbot\" content=\"index, follow, max-snippet:-1, max-image-preview:large, max-video-preview:-1\" \/>\n<link rel=\"canonical\" href=\"https:\/\/stil-fit.com\/it\/shop\/stil-fit-ankle-strap-pelle\/\" \/>\n<meta property=\"og:locale\" content=\"it_IT\" \/>\n<meta property=\"og:type\" content=\"article\" \/>\n<meta property=\"og:title\" content=\"STIL-FIT Ankle strap (pelle) | STIL-FIT\" \/>\n<meta property=\"og:description\" content=\"Prodotto in Germania\" \/>\n<meta property=\"og:url\" content=\"https:\/\/stil-fit.com\/it\/shop\/stil-fit-ankle-strap-pelle\/\" \/>\n<meta property=\"og:site_name\" content=\"STIL-FIT\" \/>\n<meta property=\"article:publisher\" content=\"https:\/\/de-de.facebook.com\/stilfit\/\" \/>\n<meta property=\"og:image\" content=\"https:\/\/stil-fit.com\/wp-content\/uploads\/2019\/08\/STIL-FIT-Fussschlaufe-leder.jpg\" \/>\n\t<meta property=\"og:image:width\" content=\"1200\" \/>\n\t<meta property=\"og:image:height\" content=\"1200\" \/>\n<meta name=\"twitter:card\" content=\"summary_large_image\" \/>\n<script type=\"application\/ld+json\" class=\"yoast-schema-graph\">{\"@context\":\"https:\/\/schema.org\",\"@graph\":[{\"@type\":\"Organization\",\"@id\":\"https:\/\/stil-fit.com\/it\/#organization\",\"name\":\"STIL-FIT International GmbH\",\"url\":\"https:\/\/stil-fit.com\/it\/\",\"sameAs\":[\"https:\/\/de-de.facebook.com\/stilfit\/\",\"https:\/\/www.instagram.com\/stil_fit_int\/\",\"https:\/\/www.linkedin.com\/company\/stil-fit-international-gmbh\",\"https:\/\/www.youtube.com\/channel\/UC2HA1BeZtFB0acPMfq1hKdQ\",\"https:\/\/www.pinterest.com\/STILFITInt\/\"],\"logo\":{\"@type\":\"ImageObject\",\"@id\":\"https:\/\/stil-fit.com\/it\/#logo\",\"inLanguage\":\"it-IT\",\"url\":\"https:\/\/stil-fit.com\/wp-content\/uploads\/2019\/02\/stilfit_logo.jpg\",\"width\":150,\"height\":150,\"caption\":\"STIL-FIT International GmbH\"},\"image\":{\"@id\":\"https:\/\/stil-fit.com\/it\/#logo\"}},{\"@type\":\"WebSite\",\"@id\":\"https:\/\/stil-fit.com\/it\/#website\",\"url\":\"https:\/\/stil-fit.com\/it\/\",\"name\":\"STIL-FIT\",\"description\":\"Stil-fit\",\"publisher\":{\"@id\":\"https:\/\/stil-fit.com\/it\/#organization\"},\"potentialAction\":[{\"@type\":\"SearchAction\",\"target\":\"https:\/\/stil-fit.com\/it\/?s={search_term_string}\",\"query-input\":\"required name=search_term_string\"}],\"inLanguage\":\"it-IT\"},{\"@type\":\"ImageObject\",\"@id\":\"https:\/\/stil-fit.com\/it\/shop\/stil-fit-ankle-strap-pelle\/#primaryimage\",\"inLanguage\":\"it-IT\",\"url\":\"https:\/\/stil-fit.com\/wp-content\/uploads\/2019\/08\/STIL-FIT-Fussschlaufe-leder.jpg\",\"width\":1200,\"height\":1200},{\"@type\":\"WebPage\",\"@id\":\"https:\/\/stil-fit.com\/it\/shop\/stil-fit-ankle-strap-pelle\/#webpage\",\"url\":\"https:\/\/stil-fit.com\/it\/shop\/stil-fit-ankle-strap-pelle\/\",\"name\":\"STIL-FIT Ankle strap (pelle) | STIL-FIT\",\"isPartOf\":{\"@id\":\"https:\/\/stil-fit.com\/it\/#website\"},\"primaryImageOfPage\":{\"@id\":\"https:\/\/stil-fit.com\/it\/shop\/stil-fit-ankle-strap-pelle\/#primaryimage\"},\"datePublished\":\"2025-03-27T12:52:00+00:00\",\"dateModified\":\"2025-03-27T12:52:00+00:00\",\"inLanguage\":\"it-IT\",\"potentialAction\":[{\"@type\":\"ReadAction\",\"target\":[\"https:\/\/stil-fit.com\/it\/shop\/stil-fit-ankle-strap-pelle\/\"]}]}]}<\/script>\n<!-- \/ Yoast SEO Premium plugin. -->","post_mailing_queue_ids":[],"_links":{"self":[{"href":"https:\/\/stil-fit.com\/it\/wp-json\/wp\/v2\/product\/35313","targetHints":{"allow":["GET"]}}],"collection":[{"href":"https:\/\/stil-fit.com\/it\/wp-json\/wp\/v2\/product"}],"about":[{"href":"https:\/\/stil-fit.com\/it\/wp-json\/wp\/v2\/types\/product"}],"replies":[{"embeddable":true,"href":"https:\/\/stil-fit.com\/it\/wp-json\/wp\/v2\/comments?post=35313"}],"wp:featuredmedia":[{"embeddable":true,"href":"https:\/\/stil-fit.com\/it\/wp-json\/wp\/v2\/media\/26162"}],"wp:attachment":[{"href":"https:\/\/stil-fit.com\/it\/wp-json\/wp\/v2\/media?parent=35313"}],"wp:term":[{"taxonomy":"product_brand","embeddable":true,"href":"https:\/\/stil-fit.com\/it\/wp-json\/wp\/v2\/product_brand?post=35313"},{"taxonomy":"product_cat","embeddable":true,"href":"https:\/\/stil-fit.com\/it\/wp-json\/wp\/v2\/product_cat?post=35313"},{"taxonomy":"product_tag","embeddable":true,"href":"https:\/\/stil-fit.com\/it\/wp-json\/wp\/v2\/product_tag?post=35313"},{"taxonomy":"yst_prominent_words","embeddable":true,"href":"https:\/\/stil-fit.com\/it\/wp-json\/wp\/v2\/yst_prominent_words?post=35313"}],"curies":[{"name":"wp","href":"https:\/\/api.w.org\/{rel}","templated":true}]}}