{"id":35364,"date":"2020-03-26T22:44:05","date_gmt":"2025-03-27T12:53:23","guid":{"rendered":"https:\/\/stil-fit.com\/shop\/polar-verity-sense-sensore-ottico-di-frequenza-cardiaca\/"},"modified":"2025-03-27T13:53:23","modified_gmt":"2025-03-27T12:53:23","slug":"polar-verity-sense-sensore-ottico-di-frequenza-cardiaca","status":"publish","type":"product","link":"https:\/\/stil-fit.com\/it\/shop\/polar-verity-sense-sensore-ottico-di-frequenza-cardiaca\/","title":{"rendered":"Polar Verity Sense &#8211; Sensore ottico di frequenza cardiaca"},"content":{"rendered":"<h1><\/h1>\n<h1 class=\"thin-font\">SENSORE OTTICO DI FREQUENZA CARDIACA POLAR VERITY SENSE<\/h1>\n<p>Il piccolo e maneggevole Polar Verity Sense \u00e8 il tuo compagno nel mondo dell&#8217;allenamento con frequenza cardiaca. Ti aiuta ad allenarti in modo pi\u00f9 intelligente, non pi\u00f9 duro. Polar Verity Sense \u00e8 un cardiofrequenzimetro ottico che unisce versatilit\u00e0, comfort e semplicit\u00e0. Puoi usarlo come dispositivo indipendente o abbinarlo a diverse app per il fitness, come ad esempio la nostra app STIL-FIT International.   <\/p>\n<h2 class=\"thin-font\">Comoda fascia da braccio<\/h2>\n<p>Puoi indossare Polar Verity Sense sia sulla parte superiore che inferiore del braccio. \u00c8 facile da indossare e togliere ovunque e in qualsiasi momento. I dettagli contano quando le prestazioni sono importanti. La fascia da braccio Polar Verity Sense \u00e8 progettata per adattarsi in modo sicuro e confortevole al tuo braccio. Progettata per essere indossata al meglio, \u00e8 realizzata in un morbido materiale tessile lavabile in lavatrice per l&#8217;uso quotidiano.    <\/p>\n<h2 class=\"thin-font\">Tracciamento ottico della frequenza cardiaca<\/h2>\n<p>Quando ti alleni pretendi precisione. La ottieni con l&#8217;algoritmo di frequenza cardiaca proprietario di Polar e il sensore ottico a 6 LED. <\/p>\n<h2 class=\"thin-font\">Memoria integrata<\/h2>\n<p>Grazie alla memoria integrata, Polar Verity Sense pu\u00f2 memorizzare fino a 200 ore di dati di allenamento. Puoi sincronizzare i tuoi dati con Polar Beat per analizzarli. <\/p>\n<h2 class=\"thin-font\">Pedala pi\u00f9 a lungo<\/h2>\n<p>Polar OH1 vanta una batteria di lunga durata, con fino a 12 ore di allenamento con una singola carica. Carica facilmente la batteria con l&#8217;adattatore USB Polar Verity Sense incluso.<\/p>\n","protected":false},"excerpt":{"rendered":"<p>&nbsp;<\/p>\n<p>&nbsp;<\/p>\n","protected":false},"featured_media":26669,"comment_status":"open","ping_status":"closed","template":"","meta":{"_monsterinsights_skip_tracking":false,"_monsterinsights_sitenote_active":false,"_monsterinsights_sitenote_note":"","_monsterinsights_sitenote_category":0},"product_brand":[],"product_cat":[2912,2944],"product_tag":[],"yst_prominent_words":[853,832,825,856,854,259,851,857,850,852,849,847,848,833,251,261,855,593,594,634],"class_list":{"0":"post-35364","1":"product","2":"type-product","3":"status-publish","4":"has-post-thumbnail","6":"product_cat-cyclette","7":"product_cat-vogatore","8":"product_shipping_class-kleingerate-it","10":"first","11":"outofstock","12":"taxable","13":"shipping-taxable","14":"purchasable","15":"product-type-simple"},"composite_virtual":false,"composite_layout":"","composite_add_to_cart_form_location":"","composite_editable_in_cart":false,"composite_sold_individually_context":"","composite_shop_price_calc":"","composite_components":[],"composite_scenarios":[],"bundled_by":[],"bundle_stock_status":"outofstock","bundle_stock_quantity":null,"bundle_virtual":false,"bundle_layout":"","bundle_add_to_cart_form_location":"","bundle_editable_in_cart":false,"bundle_sold_individually_context":"","bundle_item_grouping":"","bundle_min_size":"","bundle_max_size":"","bundle_price":[],"bundled_items":[],"bundle_sell_ids":[],"yoast_head":"<!-- This site is optimized with the Yoast SEO Premium plugin v14.5 - https:\/\/yoast.com\/wordpress\/plugins\/seo\/ -->\n<title>Polar Verity Sense - Sensore ottico di frequenza cardiaca | STIL-FIT<\/title>\n<meta name=\"robots\" content=\"index, follow\" \/>\n<meta name=\"googlebot\" content=\"index, follow, max-snippet:-1, max-image-preview:large, max-video-preview:-1\" \/>\n<meta name=\"bingbot\" content=\"index, follow, max-snippet:-1, max-image-preview:large, max-video-preview:-1\" \/>\n<link rel=\"canonical\" href=\"https:\/\/stil-fit.com\/it\/shop\/polar-verity-sense-sensore-ottico-di-frequenza-cardiaca\/\" \/>\n<meta property=\"og:locale\" content=\"it_IT\" \/>\n<meta property=\"og:type\" content=\"article\" \/>\n<meta property=\"og:title\" content=\"Polar Verity Sense - Sensore ottico di frequenza cardiaca | STIL-FIT\" \/>\n<meta property=\"og:description\" content=\"&nbsp; &nbsp;\" \/>\n<meta property=\"og:url\" content=\"https:\/\/stil-fit.com\/it\/shop\/polar-verity-sense-sensore-ottico-di-frequenza-cardiaca\/\" \/>\n<meta property=\"og:site_name\" content=\"STIL-FIT\" \/>\n<meta property=\"article:publisher\" content=\"https:\/\/de-de.facebook.com\/stilfit\/\" \/>\n<meta property=\"og:image\" content=\"https:\/\/stil-fit.com\/wp-content\/uploads\/2020\/03\/Polar-OH1-Pulssensor.jpg\" \/>\n\t<meta property=\"og:image:width\" content=\"600\" \/>\n\t<meta property=\"og:image:height\" content=\"600\" \/>\n<meta name=\"twitter:card\" content=\"summary_large_image\" \/>\n<script type=\"application\/ld+json\" class=\"yoast-schema-graph\">{\"@context\":\"https:\/\/schema.org\",\"@graph\":[{\"@type\":\"Organization\",\"@id\":\"https:\/\/stil-fit.com\/it\/#organization\",\"name\":\"STIL-FIT International GmbH\",\"url\":\"https:\/\/stil-fit.com\/it\/\",\"sameAs\":[\"https:\/\/de-de.facebook.com\/stilfit\/\",\"https:\/\/www.instagram.com\/stil_fit_int\/\",\"https:\/\/www.linkedin.com\/company\/stil-fit-international-gmbh\",\"https:\/\/www.youtube.com\/channel\/UC2HA1BeZtFB0acPMfq1hKdQ\",\"https:\/\/www.pinterest.com\/STILFITInt\/\"],\"logo\":{\"@type\":\"ImageObject\",\"@id\":\"https:\/\/stil-fit.com\/it\/#logo\",\"inLanguage\":\"it-IT\",\"url\":\"https:\/\/stil-fit.com\/wp-content\/uploads\/2019\/02\/stilfit_logo.jpg\",\"width\":150,\"height\":150,\"caption\":\"STIL-FIT International GmbH\"},\"image\":{\"@id\":\"https:\/\/stil-fit.com\/it\/#logo\"}},{\"@type\":\"WebSite\",\"@id\":\"https:\/\/stil-fit.com\/it\/#website\",\"url\":\"https:\/\/stil-fit.com\/it\/\",\"name\":\"STIL-FIT\",\"description\":\"Stil-fit\",\"publisher\":{\"@id\":\"https:\/\/stil-fit.com\/it\/#organization\"},\"potentialAction\":[{\"@type\":\"SearchAction\",\"target\":\"https:\/\/stil-fit.com\/it\/?s={search_term_string}\",\"query-input\":\"required name=search_term_string\"}],\"inLanguage\":\"it-IT\"},{\"@type\":\"ImageObject\",\"@id\":\"https:\/\/stil-fit.com\/it\/shop\/polar-verity-sense-sensore-ottico-di-frequenza-cardiaca\/#primaryimage\",\"inLanguage\":\"it-IT\",\"url\":\"https:\/\/stil-fit.com\/wp-content\/uploads\/2020\/03\/Polar-OH1-Pulssensor.jpg\",\"width\":600,\"height\":600},{\"@type\":\"WebPage\",\"@id\":\"https:\/\/stil-fit.com\/it\/shop\/polar-verity-sense-sensore-ottico-di-frequenza-cardiaca\/#webpage\",\"url\":\"https:\/\/stil-fit.com\/it\/shop\/polar-verity-sense-sensore-ottico-di-frequenza-cardiaca\/\",\"name\":\"Polar Verity Sense - Sensore ottico di frequenza cardiaca | STIL-FIT\",\"isPartOf\":{\"@id\":\"https:\/\/stil-fit.com\/it\/#website\"},\"primaryImageOfPage\":{\"@id\":\"https:\/\/stil-fit.com\/it\/shop\/polar-verity-sense-sensore-ottico-di-frequenza-cardiaca\/#primaryimage\"},\"datePublished\":\"2025-03-27T12:53:23+00:00\",\"dateModified\":\"2025-03-27T12:53:23+00:00\",\"inLanguage\":\"it-IT\",\"potentialAction\":[{\"@type\":\"ReadAction\",\"target\":[\"https:\/\/stil-fit.com\/it\/shop\/polar-verity-sense-sensore-ottico-di-frequenza-cardiaca\/\"]}]}]}<\/script>\n<!-- \/ Yoast SEO Premium plugin. -->","post_mailing_queue_ids":[],"_links":{"self":[{"href":"https:\/\/stil-fit.com\/it\/wp-json\/wp\/v2\/product\/35364","targetHints":{"allow":["GET"]}}],"collection":[{"href":"https:\/\/stil-fit.com\/it\/wp-json\/wp\/v2\/product"}],"about":[{"href":"https:\/\/stil-fit.com\/it\/wp-json\/wp\/v2\/types\/product"}],"replies":[{"embeddable":true,"href":"https:\/\/stil-fit.com\/it\/wp-json\/wp\/v2\/comments?post=35364"}],"wp:featuredmedia":[{"embeddable":true,"href":"https:\/\/stil-fit.com\/it\/wp-json\/wp\/v2\/media\/26669"}],"wp:attachment":[{"href":"https:\/\/stil-fit.com\/it\/wp-json\/wp\/v2\/media?parent=35364"}],"wp:term":[{"taxonomy":"product_brand","embeddable":true,"href":"https:\/\/stil-fit.com\/it\/wp-json\/wp\/v2\/product_brand?post=35364"},{"taxonomy":"product_cat","embeddable":true,"href":"https:\/\/stil-fit.com\/it\/wp-json\/wp\/v2\/product_cat?post=35364"},{"taxonomy":"product_tag","embeddable":true,"href":"https:\/\/stil-fit.com\/it\/wp-json\/wp\/v2\/product_tag?post=35364"},{"taxonomy":"yst_prominent_words","embeddable":true,"href":"https:\/\/stil-fit.com\/it\/wp-json\/wp\/v2\/yst_prominent_words?post=35364"}],"curies":[{"name":"wp","href":"https:\/\/api.w.org\/{rel}","templated":true}]}}