{"id":35535,"date":"2019-06-18T09:54:14","date_gmt":"2025-03-27T12:59:11","guid":{"rendered":"https:\/\/stil-fit.com\/shop\/stil-fit-rotolo-di-legno\/"},"modified":"2025-03-27T13:59:11","modified_gmt":"2025-03-27T12:59:11","slug":"stil-fit-rotolo-di-legno","status":"publish","type":"product","link":"https:\/\/stil-fit.com\/it\/shop\/stil-fit-rotolo-di-legno\/","title":{"rendered":"STIL-FIT Rotolo di legno"},"content":{"rendered":"<div class=\"crossline\">\n<h1><strong>STIL-FIT Fascia Roller<\/strong><\/h1>\n<div>Il nostro &#8220;rullo di fascia&#8221; di design \u00e8 realizzato in legno di noce, rivestito in pelle artificiale e rinforzato da due anelli di alluminio. Un&#8217;estetica straordinaria combinata con materiali esclusivi. <\/div>\n<div><\/div>\n<h2><strong>Efficace e di lunga durata<\/strong><\/h2>\n<div>Secondo gli ultimi studi, l&#8217;allenamento della fascia \u00e8 essenziale per un allenamento olistico. La fascia agisce come elemento avvolgente e stabilizzante dell&#8217;intera muscolatura e pu\u00f2 essere stimolata e attivata con un allenamento mirato. La chiave del successo \u00e8 la sostenibilit\u00e0: a differenza di un muscolo, il tessuto connettivo cambia solo lentamente, ma in modo permanente.  <\/div>\n<div><\/div>\n<div>Gi\u00e0 10 minuti di allenamento fasciale, due o tre volte alla settimana, sono sufficienti per ottenere un miglioramento riconoscibile.<\/div>\n<div><\/div>\n<\/div>\n<div>\n<h2><strong>I vantaggi<\/strong><\/h2>\n<div>&#8211; Attivazione diretta e rigenerazione dei muscoli.<\/div>\n<div>&#8211; Migliora le capacit\u00e0 coordinative<\/div>\n<div>&#8211; Migliora le prestazioni, la mobilit\u00e0 e la flessibilit\u00e0 dei muscoli<\/div>\n<div>&#8211; Previene i dolori muscolari ed evita i tipici infortuni<\/div>\n<div>&#8211; Stimola la circolazione sanguigna<\/div>\n<div>&#8211; Aumenta le prestazioni e il benessere generale<\/div>\n<\/div>\n","protected":false},"excerpt":{"rendered":"<p>&nbsp;<\/p>\n<p>L&#8217;allenamento con i rulli per fasce \u00e8 un metodo semplice ma estremamente efficace per sciogliere e distendere i muscoli e le fasce tese.<\/p>\n<ul>\n<li>Il rotolo di Fascia pi\u00f9 esclusivo<\/li>\n<li>Ideale per la rigenerazione<\/li>\n<li>Prodotto in Germania<\/li>\n<li>Spedizione gratuita in Germania e Austria<\/li>\n<\/ul>\n","protected":false},"featured_media":22363,"comment_status":"open","ping_status":"closed","template":"","meta":{"_monsterinsights_skip_tracking":false,"_monsterinsights_sitenote_active":false,"_monsterinsights_sitenote_note":"","_monsterinsights_sitenote_category":0},"product_brand":[],"product_cat":[2904,2935],"product_tag":[],"yst_prominent_words":[256,712,962,776,255,1945,259,785,783,293,781,960,784,251,961,780,261,169,846,593],"class_list":{"0":"post-35535","1":"product","2":"type-product","3":"status-publish","4":"has-post-thumbnail","6":"product_cat-accessori","7":"product_cat-uncategorised-it","8":"product_shipping_class-kleingerate-it","10":"first","11":"instock","12":"taxable","13":"shipping-taxable","14":"purchasable","15":"product-type-simple"},"composite_virtual":false,"composite_layout":"","composite_add_to_cart_form_location":"","composite_editable_in_cart":false,"composite_sold_individually_context":"","composite_shop_price_calc":"","composite_components":[],"composite_scenarios":[],"bundled_by":[],"bundle_stock_status":"instock","bundle_stock_quantity":null,"bundle_virtual":false,"bundle_layout":"","bundle_add_to_cart_form_location":"","bundle_editable_in_cart":false,"bundle_sold_individually_context":"","bundle_item_grouping":"","bundle_min_size":"","bundle_max_size":"","bundle_price":[],"bundled_items":[],"bundle_sell_ids":[35289,35513],"yoast_head":"<!-- This site is optimized with the Yoast SEO Premium plugin v14.5 - https:\/\/yoast.com\/wordpress\/plugins\/seo\/ -->\n<title>STIL-FIT Rotolo di legno | Il rotolo di fascia pi\u00f9 esclusivo<\/title>\n<meta name=\"description\" content=\"Prodotto per te nella nostra manifattura di Monaco, utilizzando solo i materiali pi\u00f9 pregiati, ti aiuter\u00e0 a migliorare la tua mobilit\u00e0 e ad alleviare i dolori muscolari.\" \/>\n<meta name=\"robots\" content=\"index, follow\" \/>\n<meta name=\"googlebot\" content=\"index, follow, max-snippet:-1, max-image-preview:large, max-video-preview:-1\" \/>\n<meta name=\"bingbot\" content=\"index, follow, max-snippet:-1, max-image-preview:large, max-video-preview:-1\" \/>\n<link rel=\"canonical\" href=\"https:\/\/stil-fit.com\/it\/shop\/stil-fit-rotolo-di-legno\/\" \/>\n<meta property=\"og:locale\" content=\"it_IT\" \/>\n<meta property=\"og:type\" content=\"article\" \/>\n<meta property=\"og:title\" content=\"STIL-FIT Rotolo di legno | Il rotolo di fascia pi\u00f9 esclusivo\" \/>\n<meta property=\"og:description\" content=\"Prodotto per te nella nostra manifattura di Monaco, utilizzando solo i materiali pi\u00f9 pregiati, ti aiuter\u00e0 a migliorare la tua mobilit\u00e0 e ad alleviare i dolori muscolari.\" \/>\n<meta property=\"og:url\" content=\"https:\/\/stil-fit.com\/it\/shop\/stil-fit-rotolo-di-legno\/\" \/>\n<meta property=\"og:site_name\" content=\"STIL-FIT\" \/>\n<meta property=\"article:publisher\" content=\"https:\/\/de-de.facebook.com\/stilfit\/\" \/>\n<meta property=\"og:image\" content=\"https:\/\/stil-fit.com\/wp-content\/uploads\/2019\/06\/csm_STIL-FIT-Foamroller-Design-Walnut-Training-web_70517bc41c.jpg\" \/>\n\t<meta property=\"og:image:width\" content=\"1500\" \/>\n\t<meta property=\"og:image:height\" content=\"1066\" \/>\n<meta name=\"twitter:card\" content=\"summary_large_image\" \/>\n<script type=\"application\/ld+json\" class=\"yoast-schema-graph\">{\"@context\":\"https:\/\/schema.org\",\"@graph\":[{\"@type\":\"Organization\",\"@id\":\"https:\/\/stil-fit.com\/it\/#organization\",\"name\":\"STIL-FIT International GmbH\",\"url\":\"https:\/\/stil-fit.com\/it\/\",\"sameAs\":[\"https:\/\/de-de.facebook.com\/stilfit\/\",\"https:\/\/www.instagram.com\/stil_fit_int\/\",\"https:\/\/www.linkedin.com\/company\/stil-fit-international-gmbh\",\"https:\/\/www.youtube.com\/channel\/UC2HA1BeZtFB0acPMfq1hKdQ\",\"https:\/\/www.pinterest.com\/STILFITInt\/\"],\"logo\":{\"@type\":\"ImageObject\",\"@id\":\"https:\/\/stil-fit.com\/it\/#logo\",\"inLanguage\":\"it-IT\",\"url\":\"https:\/\/stil-fit.com\/wp-content\/uploads\/2019\/02\/stilfit_logo.jpg\",\"width\":150,\"height\":150,\"caption\":\"STIL-FIT International GmbH\"},\"image\":{\"@id\":\"https:\/\/stil-fit.com\/it\/#logo\"}},{\"@type\":\"WebSite\",\"@id\":\"https:\/\/stil-fit.com\/it\/#website\",\"url\":\"https:\/\/stil-fit.com\/it\/\",\"name\":\"STIL-FIT\",\"description\":\"Stil-fit\",\"publisher\":{\"@id\":\"https:\/\/stil-fit.com\/it\/#organization\"},\"potentialAction\":[{\"@type\":\"SearchAction\",\"target\":\"https:\/\/stil-fit.com\/it\/?s={search_term_string}\",\"query-input\":\"required name=search_term_string\"}],\"inLanguage\":\"it-IT\"},{\"@type\":\"ImageObject\",\"@id\":\"https:\/\/stil-fit.com\/it\/shop\/stil-fit-rotolo-di-legno\/#primaryimage\",\"inLanguage\":\"it-IT\",\"url\":\"https:\/\/stil-fit.com\/wp-content\/uploads\/2019\/06\/csm_STIL-FIT-Foamroller-Design-Walnut-Training-web_70517bc41c.jpg\",\"width\":1500,\"height\":1066},{\"@type\":\"WebPage\",\"@id\":\"https:\/\/stil-fit.com\/it\/shop\/stil-fit-rotolo-di-legno\/#webpage\",\"url\":\"https:\/\/stil-fit.com\/it\/shop\/stil-fit-rotolo-di-legno\/\",\"name\":\"STIL-FIT Rotolo di legno | Il rotolo di fascia pi\\u00f9 esclusivo\",\"isPartOf\":{\"@id\":\"https:\/\/stil-fit.com\/it\/#website\"},\"primaryImageOfPage\":{\"@id\":\"https:\/\/stil-fit.com\/it\/shop\/stil-fit-rotolo-di-legno\/#primaryimage\"},\"datePublished\":\"2025-03-27T12:59:11+00:00\",\"dateModified\":\"2025-03-27T12:59:11+00:00\",\"description\":\"Prodotto per te nella nostra manifattura di Monaco, utilizzando solo i materiali pi\\u00f9 pregiati, ti aiuter\\u00e0 a migliorare la tua mobilit\\u00e0 e ad alleviare i dolori muscolari.\",\"inLanguage\":\"it-IT\",\"potentialAction\":[{\"@type\":\"ReadAction\",\"target\":[\"https:\/\/stil-fit.com\/it\/shop\/stil-fit-rotolo-di-legno\/\"]}]}]}<\/script>\n<!-- \/ Yoast SEO Premium plugin. -->","post_mailing_queue_ids":[],"_links":{"self":[{"href":"https:\/\/stil-fit.com\/it\/wp-json\/wp\/v2\/product\/35535","targetHints":{"allow":["GET"]}}],"collection":[{"href":"https:\/\/stil-fit.com\/it\/wp-json\/wp\/v2\/product"}],"about":[{"href":"https:\/\/stil-fit.com\/it\/wp-json\/wp\/v2\/types\/product"}],"replies":[{"embeddable":true,"href":"https:\/\/stil-fit.com\/it\/wp-json\/wp\/v2\/comments?post=35535"}],"wp:featuredmedia":[{"embeddable":true,"href":"https:\/\/stil-fit.com\/it\/wp-json\/wp\/v2\/media\/22363"}],"wp:attachment":[{"href":"https:\/\/stil-fit.com\/it\/wp-json\/wp\/v2\/media?parent=35535"}],"wp:term":[{"taxonomy":"product_brand","embeddable":true,"href":"https:\/\/stil-fit.com\/it\/wp-json\/wp\/v2\/product_brand?post=35535"},{"taxonomy":"product_cat","embeddable":true,"href":"https:\/\/stil-fit.com\/it\/wp-json\/wp\/v2\/product_cat?post=35535"},{"taxonomy":"product_tag","embeddable":true,"href":"https:\/\/stil-fit.com\/it\/wp-json\/wp\/v2\/product_tag?post=35535"},{"taxonomy":"yst_prominent_words","embeddable":true,"href":"https:\/\/stil-fit.com\/it\/wp-json\/wp\/v2\/yst_prominent_words?post=35535"}],"curies":[{"name":"wp","href":"https:\/\/api.w.org\/{rel}","templated":true}]}}