{"id":35553,"date":"2019-06-24T00:58:41","date_gmt":"2025-03-27T12:59:41","guid":{"rendered":"https:\/\/stil-fit.com\/shop\/stil-fit-sella-city-comfort\/"},"modified":"2025-03-27T13:59:41","modified_gmt":"2025-03-27T12:59:41","slug":"stil-fit-sella-city-comfort","status":"publish","type":"product","link":"https:\/\/stil-fit.com\/it\/shop\/stil-fit-sella-city-comfort\/","title":{"rendered":"STIL-FIT Sella &#8220;City Comfort"},"content":{"rendered":"<h1><span style=\"font-size: 75%;\">STIL-FIT Sella &#8220;Comfort in citt\u00e0<\/span><\/h1>\n<p>Sella comoda e molto ampia con un&#8217;imbottitura morbida e un rivestimento in pelle sintetica. Ideale per una posizione di seduta pi\u00f9 eretta e per chi ama una posizione pi\u00f9 morbida. <\/p>\n<p>Verr\u00e0 consegnato comprensivo di reggisella.<\/p>\n","protected":false},"excerpt":{"rendered":"<p>STIL-FIT Sella &#8220;Comfort in citt\u00e0 Sella comoda e molto ampia con un&#8217;imbottitura morbida e un rivestimento in pelle sintetica. Ideale per una posizione di seduta pi\u00f9 eretta e per chi ama una posizione pi\u00f9 morbida. Verr\u00e0 consegnato comprensivo di reggisella.<\/p>\n","protected":false},"featured_media":26948,"comment_status":"closed","ping_status":"closed","template":"","meta":{"_monsterinsights_skip_tracking":false,"_monsterinsights_sitenote_active":false,"_monsterinsights_sitenote_note":"","_monsterinsights_sitenote_category":0},"product_brand":[],"product_cat":[2912,2935],"product_tag":[],"yst_prominent_words":[256,255,710],"class_list":{"0":"post-35553","1":"product","2":"type-product","3":"status-publish","4":"has-post-thumbnail","6":"product_cat-cyclette","7":"product_cat-uncategorised-it","8":"product_shipping_class-kleingerate-it","10":"first","11":"instock","12":"taxable","13":"shipping-taxable","14":"purchasable","15":"product-type-simple"},"composite_virtual":false,"composite_layout":"","composite_add_to_cart_form_location":"","composite_editable_in_cart":false,"composite_sold_individually_context":"","composite_shop_price_calc":"","composite_components":[],"composite_scenarios":[],"bundled_by":[],"bundle_stock_status":"instock","bundle_stock_quantity":null,"bundle_virtual":false,"bundle_layout":"","bundle_add_to_cart_form_location":"","bundle_editable_in_cart":false,"bundle_sold_individually_context":"","bundle_item_grouping":"","bundle_min_size":"","bundle_max_size":"","bundle_price":[],"bundled_items":[],"bundle_sell_ids":[],"yoast_head":"<!-- This site is optimized with the Yoast SEO Premium plugin v14.5 - https:\/\/yoast.com\/wordpress\/plugins\/seo\/ -->\n<title>STIL-FIT Sella &quot;City Comfort | Il modo pi\u00f9 semplice di andare in bicicletta<\/title>\n<meta name=\"robots\" content=\"index, follow\" \/>\n<meta name=\"googlebot\" content=\"index, follow, max-snippet:-1, max-image-preview:large, max-video-preview:-1\" \/>\n<meta name=\"bingbot\" content=\"index, follow, max-snippet:-1, max-image-preview:large, max-video-preview:-1\" \/>\n<link rel=\"canonical\" href=\"https:\/\/stil-fit.com\/it\/shop\/stil-fit-sella-city-comfort\/\" \/>\n<meta property=\"og:locale\" content=\"it_IT\" \/>\n<meta property=\"og:type\" content=\"article\" \/>\n<meta property=\"og:title\" content=\"STIL-FIT Sella &quot;City Comfort | Il modo pi\u00f9 semplice di andare in bicicletta\" \/>\n<meta property=\"og:description\" content=\"STIL-FIT Sella &#8220;Comfort in citt\u00e0 Sella comoda e molto ampia con un&#8217;imbottitura morbida e un rivestimento in pelle sintetica. Ideale per una posizione di seduta pi\u00f9 eretta e per chi ama una posizione pi\u00f9 morbida. Verr\u00e0 consegnato comprensivo di reggisella.\" \/>\n<meta property=\"og:url\" content=\"https:\/\/stil-fit.com\/it\/shop\/stil-fit-sella-city-comfort\/\" \/>\n<meta property=\"og:site_name\" content=\"STIL-FIT\" \/>\n<meta property=\"article:publisher\" content=\"https:\/\/de-de.facebook.com\/stilfit\/\" \/>\n<meta property=\"og:image\" content=\"https:\/\/stil-fit.com\/wp-content\/uploads\/2021\/08\/STIL-FIT-Ergometer-Komfortsattel-e1628115380934.jpg\" \/>\n\t<meta property=\"og:image:width\" content=\"1200\" \/>\n\t<meta property=\"og:image:height\" content=\"933\" \/>\n<meta name=\"twitter:card\" content=\"summary_large_image\" \/>\n<script type=\"application\/ld+json\" class=\"yoast-schema-graph\">{\"@context\":\"https:\/\/schema.org\",\"@graph\":[{\"@type\":\"Organization\",\"@id\":\"https:\/\/stil-fit.com\/it\/#organization\",\"name\":\"STIL-FIT International GmbH\",\"url\":\"https:\/\/stil-fit.com\/it\/\",\"sameAs\":[\"https:\/\/de-de.facebook.com\/stilfit\/\",\"https:\/\/www.instagram.com\/stil_fit_int\/\",\"https:\/\/www.linkedin.com\/company\/stil-fit-international-gmbh\",\"https:\/\/www.youtube.com\/channel\/UC2HA1BeZtFB0acPMfq1hKdQ\",\"https:\/\/www.pinterest.com\/STILFITInt\/\"],\"logo\":{\"@type\":\"ImageObject\",\"@id\":\"https:\/\/stil-fit.com\/it\/#logo\",\"inLanguage\":\"it-IT\",\"url\":\"https:\/\/stil-fit.com\/wp-content\/uploads\/2019\/02\/stilfit_logo.jpg\",\"width\":150,\"height\":150,\"caption\":\"STIL-FIT International GmbH\"},\"image\":{\"@id\":\"https:\/\/stil-fit.com\/it\/#logo\"}},{\"@type\":\"WebSite\",\"@id\":\"https:\/\/stil-fit.com\/it\/#website\",\"url\":\"https:\/\/stil-fit.com\/it\/\",\"name\":\"STIL-FIT\",\"description\":\"Stil-fit\",\"publisher\":{\"@id\":\"https:\/\/stil-fit.com\/it\/#organization\"},\"potentialAction\":[{\"@type\":\"SearchAction\",\"target\":\"https:\/\/stil-fit.com\/it\/?s={search_term_string}\",\"query-input\":\"required name=search_term_string\"}],\"inLanguage\":\"it-IT\"},{\"@type\":\"ImageObject\",\"@id\":\"https:\/\/stil-fit.com\/it\/shop\/stil-fit-sella-city-comfort\/#primaryimage\",\"inLanguage\":\"it-IT\",\"url\":\"https:\/\/stil-fit.com\/wp-content\/uploads\/2021\/08\/STIL-FIT-Ergometer-Komfortsattel-e1628115380934.jpg\",\"width\":1200,\"height\":933,\"caption\":\"Komfort-Sattel: Komfortabler, breiter Sattel mit weicher, anpassungsf\\u00e4higer F\\u00fcllung und Kunstleder-Bezug. Ideal bei einer aufrechteren Sitzposition und f\\u00fcr alle die es gerne etwas weicher haben. (Inkl. Sattelstange) Kaufpreis: 79,95,- EUR\"},{\"@type\":\"WebPage\",\"@id\":\"https:\/\/stil-fit.com\/it\/shop\/stil-fit-sella-city-comfort\/#webpage\",\"url\":\"https:\/\/stil-fit.com\/it\/shop\/stil-fit-sella-city-comfort\/\",\"name\":\"STIL-FIT Sella \\\"City Comfort | Il modo pi\\u00f9 semplice di andare in bicicletta\",\"isPartOf\":{\"@id\":\"https:\/\/stil-fit.com\/it\/#website\"},\"primaryImageOfPage\":{\"@id\":\"https:\/\/stil-fit.com\/it\/shop\/stil-fit-sella-city-comfort\/#primaryimage\"},\"datePublished\":\"2025-03-27T12:59:41+00:00\",\"dateModified\":\"2025-03-27T12:59:41+00:00\",\"inLanguage\":\"it-IT\",\"potentialAction\":[{\"@type\":\"ReadAction\",\"target\":[\"https:\/\/stil-fit.com\/it\/shop\/stil-fit-sella-city-comfort\/\"]}]}]}<\/script>\n<!-- \/ Yoast SEO Premium plugin. -->","post_mailing_queue_ids":[],"_links":{"self":[{"href":"https:\/\/stil-fit.com\/it\/wp-json\/wp\/v2\/product\/35553","targetHints":{"allow":["GET"]}}],"collection":[{"href":"https:\/\/stil-fit.com\/it\/wp-json\/wp\/v2\/product"}],"about":[{"href":"https:\/\/stil-fit.com\/it\/wp-json\/wp\/v2\/types\/product"}],"replies":[{"embeddable":true,"href":"https:\/\/stil-fit.com\/it\/wp-json\/wp\/v2\/comments?post=35553"}],"wp:featuredmedia":[{"embeddable":true,"href":"https:\/\/stil-fit.com\/it\/wp-json\/wp\/v2\/media\/26948"}],"wp:attachment":[{"href":"https:\/\/stil-fit.com\/it\/wp-json\/wp\/v2\/media?parent=35553"}],"wp:term":[{"taxonomy":"product_brand","embeddable":true,"href":"https:\/\/stil-fit.com\/it\/wp-json\/wp\/v2\/product_brand?post=35553"},{"taxonomy":"product_cat","embeddable":true,"href":"https:\/\/stil-fit.com\/it\/wp-json\/wp\/v2\/product_cat?post=35553"},{"taxonomy":"product_tag","embeddable":true,"href":"https:\/\/stil-fit.com\/it\/wp-json\/wp\/v2\/product_tag?post=35553"},{"taxonomy":"yst_prominent_words","embeddable":true,"href":"https:\/\/stil-fit.com\/it\/wp-json\/wp\/v2\/yst_prominent_words?post=35553"}],"curies":[{"name":"wp","href":"https:\/\/api.w.org\/{rel}","templated":true}]}}