{"id":14696,"date":"2022-09-19T11:41:42","date_gmt":"2022-09-19T09:41:44","guid":{"rendered":"https:\/\/stil-fit.com\/?post_type=product&#038;p=14696"},"modified":"2022-10-30T02:44:09","modified_gmt":"2022-10-30T01:44:09","slug":"ergometer-smart","status":"publish","type":"product","link":"https:\/\/stil-fit.com\/nl\/shop\/ergometer-smart\/","title":{"rendered":"STIL-FIT Ergometer PURE &#8216;Smart&#8217;"},"content":{"rendered":"<h1><strong><span style=\"color: #282828;\">Das STIL-FIT Ergometer PURE<\/span><\/strong><\/h1>\n<p>Machen Sie sich bereit f\u00fcr ein neues Workout-Erlebnis.<\/p>\n<h2><strong>Einzigartiges und herausragendes Design<\/strong><\/h2>\n<p>Das STIL-FIT Ergometer PURE mit seinem eleganten Trainingscomputer und dem ergonomischen Multifunktionsgriff bietet ein hervorragendes Designkonzept. Gepaart mit hochwertigen Materialien und einem perfekten Finish bieten wir Ihnen ein au\u00dfergew\u00f6hnliches Trainingserlebnis.<\/p>\n<h2><strong>Leistungsstarker Trainingscomputer<\/strong><\/h2>\n<p>Wir haben das Ergometer PURE mit einem 4,3&#8243;TFT Farb-Touchscreen-Monitor und einer selbsterkl\u00e4renden und einfach zu bedienenden Userinterface ausgestattet. Der Trainingscomputer bietet Ihnen eine breite Palette an Trainingsprogrammen und die M\u00f6glichkeit, Trainingsdaten f\u00fcr bis zu f\u00fcnf Benutzer zu speichern.<\/p>\n<h1><\/h1>\n","protected":false},"excerpt":{"rendered":"<p>&nbsp;<\/p>\n<p>Das Ergometer PURE ist ein sehr komfortables und ergonomisches Ergometer, das Ihnen, dank des Multifunktionslenkers, verschiedene Sitzpositionen erm\u00f6glicht. Dies macht es zur perfekten Trainingsbike, um in jedem Alter fit und gesund zu bleiben.<\/p>\n<p><strong>Versandfertig innerhalb von 7 Werktagen<\/strong><\/p>\n<ul>\n<li>Hergestellt f\u00fcr Sie in unserer M\u00fcnchner Manufaktur.<\/li>\n<li>Made in Germany<\/li>\n<li>Kostenloser Versand<\/li>\n<li>0% Ratenzahlung (nur Deutschland)<\/li>\n<\/ul>\n","protected":false},"featured_media":14726,"comment_status":"open","ping_status":"closed","template":"","meta":{"_monsterinsights_skip_tracking":false,"_monsterinsights_sitenote_active":false,"_monsterinsights_sitenote_note":"","_monsterinsights_sitenote_category":0},"product_brand":[],"product_cat":[70,71],"product_tag":[1033,1034,1031,2265],"yst_prominent_words":[],"class_list":{"0":"post-14696","1":"product","2":"type-product","3":"status-publish","4":"has-post-thumbnail","6":"product_cat-ergometer","7":"product_cat-nicht-kategorisiert","8":"product_tag-bike-2","9":"product_tag-ergometer-2","10":"product_tag-fitness-2","11":"product_tag-homefitness-2","12":"product_shipping_class-ergometer","14":"first","15":"instock","16":"taxable","17":"shipping-taxable","18":"purchasable","19":"product-type-bundle"},"composite_virtual":false,"composite_layout":"","composite_add_to_cart_form_location":"","composite_editable_in_cart":false,"composite_sold_individually_context":"","composite_shop_price_calc":"","composite_components":[],"composite_scenarios":[],"bundled_by":[],"bundle_stock_status":"instock","bundle_stock_quantity":"","bundle_virtual":false,"bundle_layout":"default","bundle_add_to_cart_form_location":"default","bundle_editable_in_cart":false,"bundle_sold_individually_context":"product","bundle_item_grouping":"parent","bundle_min_size":"","bundle_max_size":"","bundle_price":{"price":{"min":{"incl_tax":"2850","excl_tax":"2394.957"},"max":{"incl_tax":"2850","excl_tax":"2394.957"}},"regular_price":{"min":{"incl_tax":"2850","excl_tax":"2394.957"},"max":{"incl_tax":"2850","excl_tax":"2394.957"}}},"bundled_items":[{"bundled_item_id":4,"product_id":10690,"menu_order":0,"quantity_min":1,"quantity_max":1,"quantity_default":1,"priced_individually":false,"shipped_individually":false,"override_title":false,"title":"STIL-FIT Ergometer PURE","override_description":true,"description":"Konfigurieren Sie jetzt Ihr Ergometer ","optional":false,"hide_thumbnail":false,"discount":"","override_variations":false,"allowed_variations":[""],"override_default_variation_attributes":false,"default_variation_attributes":[],"single_product_visibility":"visible","cart_visibility":"visible","order_visibility":"visible","single_product_price_visibility":"visible","cart_price_visibility":"visible","order_price_visibility":"visible","stock_status":"in_stock"},{"bundled_item_id":5,"product_id":14641,"menu_order":1,"quantity_min":1,"quantity_max":1,"quantity_default":1,"priced_individually":false,"shipped_individually":false,"override_title":false,"title":"STIL-FIT Smart-Paket","override_description":true,"description":"Die perfekte Erweiterung f\u00fcr ein noch effektiveres Training ","optional":false,"hide_thumbnail":false,"discount":"","override_variations":false,"allowed_variations":[""],"override_default_variation_attributes":false,"default_variation_attributes":[],"single_product_visibility":"visible","cart_visibility":"visible","order_visibility":"hidden","single_product_price_visibility":"visible","cart_price_visibility":"visible","order_price_visibility":"hidden","stock_status":"in_stock"}],"bundle_sell_ids":[],"yoast_head":"<!-- This site is optimized with the Yoast SEO Premium plugin v14.5 - https:\/\/yoast.com\/wordpress\/plugins\/seo\/ -->\n<title>Das STIL-FIT Ergometer PURE &#039;Smart&#039; | Das Designergometer f\u00fcr Ihr Zuhause.<\/title>\n<meta name=\"description\" content=\"Das STIL-FIT Ergometer PURE | Ein leistungsstarkes Designergometer f\u00fcr Ihre Trainingssessions zuhause. Starten Sie jetzt und konfigurieren Sie Ihr Ergometer.\" \/>\n<meta name=\"robots\" content=\"index, follow\" \/>\n<meta name=\"googlebot\" content=\"index, follow, max-snippet:-1, max-image-preview:large, max-video-preview:-1\" \/>\n<meta name=\"bingbot\" content=\"index, follow, max-snippet:-1, max-image-preview:large, max-video-preview:-1\" \/>\n<link rel=\"canonical\" href=\"https:\/\/stil-fit.com\/nl\/shop\/ergometer-smart\/\" \/>\n<meta property=\"og:locale\" content=\"nl_NL\" \/>\n<meta property=\"og:type\" content=\"article\" \/>\n<meta property=\"og:title\" content=\"Das STIL-FIT Ergometer PURE &#039;Smart&#039; | Das Designergometer f\u00fcr Ihr Zuhause.\" \/>\n<meta property=\"og:description\" content=\"Das STIL-FIT Ergometer PURE | Ein leistungsstarkes Designergometer f\u00fcr Ihre Trainingssessions zuhause. Starten Sie jetzt und konfigurieren Sie Ihr Ergometer.\" \/>\n<meta property=\"og:url\" content=\"https:\/\/stil-fit.com\/nl\/shop\/ergometer-smart\/\" \/>\n<meta property=\"og:site_name\" content=\"STIL-FIT\" \/>\n<meta property=\"article:publisher\" content=\"https:\/\/de-de.facebook.com\/stilfit\/\" \/>\n<meta property=\"article:modified_time\" content=\"2022-10-30T01:44:09+00:00\" \/>\n<meta property=\"og:image\" content=\"https:\/\/stil-fit.com\/wp-content\/uploads\/2022\/09\/Smart-Bundle.png\" \/>\n\t<meta property=\"og:image:width\" content=\"2560\" \/>\n\t<meta property=\"og:image:height\" content=\"2560\" \/>\n<meta name=\"twitter:card\" content=\"summary_large_image\" \/>\n<script type=\"application\/ld+json\" class=\"yoast-schema-graph\">{\"@context\":\"https:\/\/schema.org\",\"@graph\":[{\"@type\":\"Organization\",\"@id\":\"https:\/\/stil-fit.com\/nl\/#organization\",\"name\":\"STIL-FIT Internationale GmbH\",\"url\":\"https:\/\/stil-fit.com\/nl\/\",\"sameAs\":[\"https:\/\/de-de.facebook.com\/stilfit\/\",\"https:\/\/www.instagram.com\/stil_fit_int\/\",\"https:\/\/www.linkedin.com\/company\/stil-fit-international-gmbh\",\"https:\/\/www.youtube.com\/channel\/UC2HA1BeZtFB0acPMfq1hKdQ\",\"https:\/\/www.pinterest.com\/STILFITInt\/\"],\"logo\":{\"@type\":\"ImageObject\",\"@id\":\"https:\/\/stil-fit.com\/nl\/#logo\",\"inLanguage\":\"nl-NL\",\"url\":\"https:\/\/stil-fit.com\/wp-content\/uploads\/2019\/02\/stilfit_logo.jpg\",\"width\":150,\"height\":150,\"caption\":\"STIL-FIT Internationale GmbH\"},\"image\":{\"@id\":\"https:\/\/stil-fit.com\/nl\/#logo\"}},{\"@type\":\"WebSite\",\"@id\":\"https:\/\/stil-fit.com\/nl\/#website\",\"url\":\"https:\/\/stil-fit.com\/nl\/\",\"name\":\"STIL-FIT\",\"description\":\"Stil-fit\",\"publisher\":{\"@id\":\"https:\/\/stil-fit.com\/nl\/#organization\"},\"potentialAction\":[{\"@type\":\"SearchAction\",\"target\":\"https:\/\/stil-fit.com\/nl\/?s={search_term_string}\",\"query-input\":\"required name=search_term_string\"}],\"inLanguage\":\"nl-NL\"},{\"@type\":\"ImageObject\",\"@id\":\"https:\/\/stil-fit.com\/nl\/shop\/ergometer-smart\/#primaryimage\",\"inLanguage\":\"nl-NL\",\"url\":\"https:\/\/stil-fit.com\/wp-content\/uploads\/2022\/09\/Smart-Bundle.png\",\"width\":2560,\"height\":2560,\"caption\":\"Das STIL-FIT Smart Bundle\"},{\"@type\":\"WebPage\",\"@id\":\"https:\/\/stil-fit.com\/nl\/shop\/ergometer-smart\/#webpage\",\"url\":\"https:\/\/stil-fit.com\/nl\/shop\/ergometer-smart\/\",\"name\":\"Das STIL-FIT Ergometer PURE 'Smart' | Das Designergometer f\\u00fcr Ihr Zuhause.\",\"isPartOf\":{\"@id\":\"https:\/\/stil-fit.com\/nl\/#website\"},\"primaryImageOfPage\":{\"@id\":\"https:\/\/stil-fit.com\/nl\/shop\/ergometer-smart\/#primaryimage\"},\"datePublished\":\"2022-09-19T09:41:44+00:00\",\"dateModified\":\"2022-10-30T01:44:09+00:00\",\"description\":\"Das STIL-FIT Ergometer PURE | Ein leistungsstarkes Designergometer f\\u00fcr Ihre Trainingssessions zuhause. Starten Sie jetzt und konfigurieren Sie Ihr Ergometer.\",\"inLanguage\":\"nl-NL\",\"potentialAction\":[{\"@type\":\"ReadAction\",\"target\":[\"https:\/\/stil-fit.com\/nl\/shop\/ergometer-smart\/\"]}]}]}<\/script>\n<!-- \/ Yoast SEO Premium plugin. -->","post_mailing_queue_ids":[],"_links":{"self":[{"href":"https:\/\/stil-fit.com\/nl\/wp-json\/wp\/v2\/product\/14696","targetHints":{"allow":["GET"]}}],"collection":[{"href":"https:\/\/stil-fit.com\/nl\/wp-json\/wp\/v2\/product"}],"about":[{"href":"https:\/\/stil-fit.com\/nl\/wp-json\/wp\/v2\/types\/product"}],"replies":[{"embeddable":true,"href":"https:\/\/stil-fit.com\/nl\/wp-json\/wp\/v2\/comments?post=14696"}],"wp:featuredmedia":[{"embeddable":true,"href":"https:\/\/stil-fit.com\/nl\/wp-json\/wp\/v2\/media\/14726"}],"wp:attachment":[{"href":"https:\/\/stil-fit.com\/nl\/wp-json\/wp\/v2\/media?parent=14696"}],"wp:term":[{"taxonomy":"product_brand","embeddable":true,"href":"https:\/\/stil-fit.com\/nl\/wp-json\/wp\/v2\/product_brand?post=14696"},{"taxonomy":"product_cat","embeddable":true,"href":"https:\/\/stil-fit.com\/nl\/wp-json\/wp\/v2\/product_cat?post=14696"},{"taxonomy":"product_tag","embeddable":true,"href":"https:\/\/stil-fit.com\/nl\/wp-json\/wp\/v2\/product_tag?post=14696"},{"taxonomy":"yst_prominent_words","embeddable":true,"href":"https:\/\/stil-fit.com\/nl\/wp-json\/wp\/v2\/yst_prominent_words?post=14696"}],"curies":[{"name":"wp","href":"https:\/\/api.w.org\/{rel}","templated":true}]}}