{"id":34393,"date":"2025-03-20T16:46:10","date_gmt":"2025-03-20T15:46:10","guid":{"rendered":"https:\/\/stil-fit.com\/kolejnosc-prob\/"},"modified":"2025-05-19T10:26:08","modified_gmt":"2025-05-19T08:26:08","slug":"kolejnosc-prob","status":"publish","type":"page","link":"https:\/\/stil-fit.com\/pl\/ergometer\/kolejnosc-prob\/","title":{"rendered":"Kolejno\u015b\u0107 pr\u00f3b"},"content":{"rendered":"\n\t<section class=\"section show-for-small\" id=\"section_1279952927\">\n\t\t<div class=\"section-bg fill\" >\n\t\t\t\t\t\t\t\t\t\n\t\t\t\n\n\t\t<\/div>\n\n\t\t\n\n\t\t<div class=\"section-content relative\">\n\t\t\t\n\n<div class=\"row\"  id=\"row-662657211\">\n\n\n\t<div id=\"col-1152586711\" class=\"col small-12 large-12\"  >\n\t\t\t\t<div class=\"col-inner\"  >\n\t\t\t\n\t\t\t\n\n<div class=\"nav-wrapper\"><ul class=\"nav show-for-small nav-uppercase nav-horizontal nav-size-small nav-line text-center nav-center\"><p class=\"lead shortcode-error text-center\">Sorry, no pages was found<\/p><\/ul><\/div>\n\n\n\t\t<\/div>\n\t\t\t\t\n<style>\n#col-1152586711 > .col-inner {\n  margin: 0px 0px -30px 0px;\n}\n<\/style>\n\t<\/div>\n\n\t\n\n<\/div>\n\n\t\t<\/div>\n\n\t\t\n<style>\n#section_1279952927 {\n  padding-top: 1px;\n  padding-bottom: 1px;\n  background-color: rgb(225, 225, 225);\n}\n<\/style>\n\t<\/section>\n\t\n\n  <div class=\"banner has-hover show-for-small\" id=\"banner-2139339728\">\n          <div class=\"banner-inner fill\">\n        <div class=\"banner-bg fill\" >\n                                                \n                    <\/div>\n\t\t\n        <div class=\"banner-layers container\">\n            <div class=\"fill banner-link\"><\/div>            \n\n   <div id=\"text-box-1605618650\" class=\"text-box banner-layer x50 md-x50 lg-x50 y50 md-y50 lg-y50 res-text\">\n                                <div class=\"text-box-content text \">\n              \n              <div class=\"text-inner text-center\">\n                  \n\n<h1><strong>Przyk\u0142adowa dostawa<\/strong><\/h1>\n<div class=\"crossline\">\n<p class=\"bodytext\"><span style=\"font-size: 120%;\"><span style=\"font-size: 140%;\">Mo\u017cesz testowa\u0107 nasz ergometr w domu przez tydzie\u0144 bez \u017cadnych zobowi\u0105za\u0144. (obowi\u0105zuje tylko w Niemczech) <\/span>&nbsp;<\/span><\/p>\n<\/div>\n\n              <\/div>\n           <\/div>\n                            \n<style>\n#text-box-1605618650 {\n  width: 91%;\n}\n#text-box-1605618650 .text-box-content {\n  font-size: 100%;\n}\n@media (min-width:550px) {\n  #text-box-1605618650 {\n    width: 60%;\n  }\n}\n<\/style>\n    <\/div>\n \n\n        <\/div>\n      <\/div>\n\n            \n<style>\n#banner-2139339728 {\n  padding-top: 350px;\n  background-color: rgb(255,255,255);\n}\n<\/style>\n  <\/div>\n\n\n\n\t<section class=\"section dark hide-for-small\" id=\"section_1150194137\">\n\t\t<div class=\"section-bg fill\" >\n\t\t\t\t\t\t\t\t\t\n\t\t\t\n\n\t\t<\/div>\n\n\t\t\n\n\t\t<div class=\"section-content relative\">\n\t\t\t\n\n<div class=\"row\"  id=\"row-2099706614\">\n\n\n\t<div id=\"col-492856319\" class=\"col small-12 large-12\"  >\n\t\t\t\t<div class=\"col-inner\"  >\n\t\t\t\n\t\t\t\n\n<div class=\"nav-wrapper\"><ul class=\"nav hide-for-small nav-uppercase nav-horizontal nav-line text-center nav-center\"><p class=\"lead shortcode-error text-center\">Sorry, no pages was found<\/p><\/ul><\/div>\n\n\n\t\t<\/div>\n\t\t\t\t\n<style>\n#col-492856319 > .col-inner {\n  margin: 0px 0px -30px 0px;\n}\n<\/style>\n\t<\/div>\n\n\t\n\n<\/div>\n\n\t\t<\/div>\n\n\t\t\n<style>\n#section_1150194137 {\n  padding-top: 1px;\n  padding-bottom: 1px;\n  background-color: rgb(155, 155, 155);\n}\n<\/style>\n\t<\/section>\n\t\n\n  <div class=\"banner has-hover hide-for-small\" id=\"banner-2031706183\">\n          <div class=\"banner-inner fill\">\n        <div class=\"banner-bg fill\" >\n            <img decoding=\"async\" width=\"1020\" height=\"583\" src=\"https:\/\/stil-fit.com\/wp-content\/uploads\/2023\/09\/STIL-FIT-Ergometer-teaser-1024x585.jpg\" class=\"bg attachment-large size-large\" alt=\"\" \/>                                    \n                    <\/div>\n\t\t\n        <div class=\"banner-layers container\">\n            <div class=\"fill banner-link\"><\/div>            \n\n   <div id=\"text-box-1086455637\" class=\"text-box banner-layer x5 md-x5 lg-x5 y50 md-y50 lg-y50 res-text\">\n                                <div class=\"text-box-content text dark\">\n              \n              <div class=\"text-inner text-left\">\n                  \n\n<h1><span style=\"font-size: 80%;\"><strong>Przyk\u0142adowa dostawa<\/strong><\/span><\/h1>\n<div class=\"crossline\">\n<p class=\"bodytext\"><strong><span style=\"font-size: 120%;\">Mo\u017cesz testowa\u0107 nasz ergometr w domu przez tydzie\u0144 bez \u017cadnych zobowi\u0105za\u0144. (dotyczy tylko D i AT)   <\/span><\/strong><\/p>\n<\/div>\n<a href=\"https:\/\/stil-fit.com\/pl\/sklep\/ergometer-probebestellung\/\" class=\"button primary box-shadow-4-hover\"  style=\"border-radius:99px;\">\n\t\t<span>Przetestuj teraz<\/span>\n\t<\/a>\n\n\n\n              <\/div>\n           <\/div>\n                            \n<style>\n#text-box-1086455637 {\n  width: 82%;\n}\n#text-box-1086455637 .text-box-content {\n  font-size: 100%;\n}\n@media (min-width:550px) {\n  #text-box-1086455637 {\n    width: 41%;\n  }\n}\n<\/style>\n    <\/div>\n \n\n        <\/div>\n      <\/div>\n\n            \n<style>\n#banner-2031706183 {\n  padding-top: 350px;\n  background-color: rgb(255,255,255);\n}\n<\/style>\n  <\/div>\n\n\n<div class=\"row align-center\"  id=\"row-64032337\">\n\n\n\t<div id=\"col-1409703677\" class=\"col medium-8 small-12 large-8\"  >\n\t\t\t\t<div class=\"col-inner\"  >\n\t\t\t\n\t\t\t\n\n<h3><span id=\"1295600283177S\"><span style=\"font-size: 120%;\">A OTO JAK DZIA\u0141A KOLEJNO\u015a\u0106 PR\u00d3BNA<\/span>&nbsp;<\/span><\/h3>\n<p class=\"bodytext\"><span id=\"1295600283177S\"><br><\/span>Po z\u0142o\u017ceniu zam\u00f3wienia poczt\u0105 elektroniczn\u0105 dostarczymy nowy, nieu\u017cywany stacjonarny ergometr do domu.<\/p>\n<p class=\"bodytext\">Rowery stacjonarne s\u0105 w pe\u0142ni zmontowane, wystarczy tylko w\u0142o\u017cy\u0107 przedni\u0105 rur\u0119 do ramy i zabezpieczy\u0107 j\u0105 \u015brub\u0105.<\/p>\n<p class=\"bodytext\">Od tego momentu mo\u017cesz &#8220;testowa\u0107 trening&#8221; przez tydzie\u0144<\/p>\n<p class=\"bodytext\"><b>W tym celu pobieramy op\u0142at\u0119 na pokrycie koszt\u00f3w w wysoko\u015bci 75 EUR.&nbsp;<\/b><\/p>\n<p class=\"bodytext\">Je\u015bli nie chcesz zatrzyma\u0107 stacjonarnego ergometru, przepakuj go, a my odbierzemy go od Ciebie. Nie poniesiesz \u017cadnych dodatkowych koszt\u00f3w. <\/p>\n<p class=\"bodytext\">Je\u015bli zdecydujesz si\u0119 na zakup, zatrzymasz urz\u0105dzenie, a my wy\u015blemy Ci faktur\u0119.  <b>Pobieramy op\u0142at\u0119 na pokrycie koszt\u00f3w w wysoko\u015bci 75 EUR.<\/b><\/p>\n\n\t\t<\/div>\n\t\t\t\t\t<\/div>\n\n\t\n\n<\/div>\n\n\t<section class=\"section\" id=\"section_1244273406\">\n\t\t<div class=\"section-bg fill\" >\n\t\t\t\t\t\t\t\t\t\n\t\t\t\n\n\t\t<\/div>\n\n\t\t\n\n\t\t<div class=\"section-content relative\">\n\t\t\t\n\n\t<div id=\"gap-953113521\" class=\"gap-element clearfix\" style=\"display:block; height:auto;\">\n\t\t\n<style>\n#gap-953113521 {\n  padding-top: 50px;\n}\n<\/style>\n\t<\/div>\n\t\n\n<div class=\"row align-center\"  id=\"row-213985730\">\n\n\n\t<div id=\"col-1023735267\" class=\"col medium-8 small-12 large-8\"  >\n\t\t\t\t<div class=\"col-inner text-center\"  >\n\t\t\t\n\t\t\t\n\n<h2 style=\"text-align: center;\"><strong><span style=\"font-size: 120%;\">Poznaj nasze ergometry stacjonarne ju\u017c teraz<\/span><\/strong><\/h2>\n<h3 class=\"thin-font\" style=\"text-align: center;\">&nbsp;<\/h3>\n<a href=\"https:\/\/stil-fit.com\/pl\/rowery-stacjonarne-pure\/\" class=\"button primary is-outline\"  style=\"border-radius:17px;\">\n\t\t<span>Model PURE<\/span>\n\t<\/a>\n\n\n<a href=\"https:\/\/stil-fit.com\/pl\/bike-pro\/\" class=\"button primary is-outline\"  style=\"border-radius:17px;\">\n\t\t<span>Bike PRO<\/span>\n\t<\/a>\n\n\n<a href=\"https:\/\/stil-fit.com\/ergometer\/bike-nero-edition\/\" class=\"button primary is-outline\"  style=\"border-radius:99px;\">\n\t\t<span>Rower NERO<\/span>\n\t<\/a>\n\n\n\n\t\t<\/div>\n\t\t\t\t\t<\/div>\n\n\t\n\n<\/div>\n\n\t\t<\/div>\n\n\t\t\n<style>\n#section_1244273406 {\n  padding-top: 30px;\n  padding-bottom: 30px;\n}\n<\/style>\n\t<\/section>\n\t","protected":false},"excerpt":{"rendered":"","protected":false},"author":2,"featured_media":0,"parent":34574,"menu_order":5,"comment_status":"closed","ping_status":"closed","template":"page-blank.php","meta":{"_monsterinsights_skip_tracking":false,"_monsterinsights_sitenote_active":false,"_monsterinsights_sitenote_note":"","_monsterinsights_sitenote_category":0,"footnotes":""},"yst_prominent_words":[1230,1229,958,1658,172,1652,957,955,1653,1654,1651,1655,1657,956,1228,1227,1656],"class_list":["post-34393","page","type-page","status-publish","hentry"],"yoast_head":"<!-- This site is optimized with the Yoast SEO Premium plugin v14.5 - https:\/\/yoast.com\/wordpress\/plugins\/seo\/ -->\n<title>Kolejno\u015b\u0107 pr\u00f3b | \u0141atwe testowanie naszego ergometru w domu<\/title>\n<meta name=\"description\" content=\"Testuj nasze rowery stacjonarne w domu przez tydzie\u0144 - bez obowi\u0105zku zakupu. Wk\u0142ad na pokrycie koszt\u00f3w w wysoko\u015bci 75 EUR zostanie odliczony od kwoty zakupu.\" \/>\n<meta name=\"robots\" content=\"index, follow\" \/>\n<meta name=\"googlebot\" content=\"index, follow, max-snippet:-1, max-image-preview:large, max-video-preview:-1\" \/>\n<meta name=\"bingbot\" content=\"index, follow, max-snippet:-1, max-image-preview:large, max-video-preview:-1\" \/>\n<link rel=\"canonical\" href=\"https:\/\/stil-fit.com\/pl\/ergometer\/kolejnosc-prob\/\" \/>\n<meta property=\"og:locale\" content=\"pl_PL\" \/>\n<meta property=\"og:type\" content=\"article\" \/>\n<meta property=\"og:title\" content=\"Kolejno\u015b\u0107 pr\u00f3b | \u0141atwe testowanie naszego ergometru w domu\" \/>\n<meta property=\"og:description\" content=\"Testuj nasze rowery stacjonarne w domu przez tydzie\u0144 - bez obowi\u0105zku zakupu. Wk\u0142ad na pokrycie koszt\u00f3w w wysoko\u015bci 75 EUR zostanie odliczony od kwoty zakupu.\" \/>\n<meta property=\"og:url\" content=\"https:\/\/stil-fit.com\/pl\/ergometer\/kolejnosc-prob\/\" \/>\n<meta property=\"og:site_name\" content=\"STIL-FIT\" \/>\n<meta property=\"article:publisher\" content=\"https:\/\/de-de.facebook.com\/stilfit\/\" \/>\n<meta property=\"article:modified_time\" content=\"2025-05-19T08:26:08+00:00\" \/>\n<meta name=\"twitter:card\" content=\"summary_large_image\" \/>\n<script type=\"application\/ld+json\" class=\"yoast-schema-graph\">{\"@context\":\"https:\/\/schema.org\",\"@graph\":[{\"@type\":\"Organization\",\"@id\":\"https:\/\/stil-fit.com\/pl\/#organization\",\"name\":\"STIL-FIT International GmbH\",\"url\":\"https:\/\/stil-fit.com\/pl\/\",\"sameAs\":[\"https:\/\/de-de.facebook.com\/stilfit\/\",\"https:\/\/www.instagram.com\/stil_fit_int\/\",\"https:\/\/www.linkedin.com\/company\/stil-fit-international-gmbh\",\"https:\/\/www.youtube.com\/channel\/UC2HA1BeZtFB0acPMfq1hKdQ\",\"https:\/\/www.pinterest.com\/STILFITInt\/\"],\"logo\":{\"@type\":\"ImageObject\",\"@id\":\"https:\/\/stil-fit.com\/pl\/#logo\",\"inLanguage\":\"pl-PL\",\"url\":\"https:\/\/stil-fit.com\/wp-content\/uploads\/2019\/02\/stilfit_logo.jpg\",\"width\":150,\"height\":150,\"caption\":\"STIL-FIT International GmbH\"},\"image\":{\"@id\":\"https:\/\/stil-fit.com\/pl\/#logo\"}},{\"@type\":\"WebSite\",\"@id\":\"https:\/\/stil-fit.com\/pl\/#website\",\"url\":\"https:\/\/stil-fit.com\/pl\/\",\"name\":\"STIL-FIT\",\"description\":\"Stil-fit\",\"publisher\":{\"@id\":\"https:\/\/stil-fit.com\/pl\/#organization\"},\"potentialAction\":[{\"@type\":\"SearchAction\",\"target\":\"https:\/\/stil-fit.com\/pl\/?s={search_term_string}\",\"query-input\":\"required name=search_term_string\"}],\"inLanguage\":\"pl-PL\"},{\"@type\":\"WebPage\",\"@id\":\"https:\/\/stil-fit.com\/pl\/ergometer\/kolejnosc-prob\/#webpage\",\"url\":\"https:\/\/stil-fit.com\/pl\/ergometer\/kolejnosc-prob\/\",\"name\":\"Kolejno\\u015b\\u0107 pr\\u00f3b | \\u0141atwe testowanie naszego ergometru w domu\",\"isPartOf\":{\"@id\":\"https:\/\/stil-fit.com\/pl\/#website\"},\"datePublished\":\"2025-03-20T15:46:10+00:00\",\"dateModified\":\"2025-05-19T08:26:08+00:00\",\"description\":\"Testuj nasze rowery stacjonarne w domu przez tydzie\\u0144 - bez obowi\\u0105zku zakupu. Wk\\u0142ad na pokrycie koszt\\u00f3w w wysoko\\u015bci 75 EUR zostanie odliczony od kwoty zakupu.\",\"inLanguage\":\"pl-PL\",\"potentialAction\":[{\"@type\":\"ReadAction\",\"target\":[\"https:\/\/stil-fit.com\/pl\/ergometer\/kolejnosc-prob\/\"]}]}]}<\/script>\n<!-- \/ Yoast SEO Premium plugin. -->","post_mailing_queue_ids":[],"_links":{"self":[{"href":"https:\/\/stil-fit.com\/pl\/wp-json\/wp\/v2\/pages\/34393","targetHints":{"allow":["GET"]}}],"collection":[{"href":"https:\/\/stil-fit.com\/pl\/wp-json\/wp\/v2\/pages"}],"about":[{"href":"https:\/\/stil-fit.com\/pl\/wp-json\/wp\/v2\/types\/page"}],"author":[{"embeddable":true,"href":"https:\/\/stil-fit.com\/pl\/wp-json\/wp\/v2\/users\/2"}],"replies":[{"embeddable":true,"href":"https:\/\/stil-fit.com\/pl\/wp-json\/wp\/v2\/comments?post=34393"}],"version-history":[{"count":6,"href":"https:\/\/stil-fit.com\/pl\/wp-json\/wp\/v2\/pages\/34393\/revisions"}],"predecessor-version":[{"id":37976,"href":"https:\/\/stil-fit.com\/pl\/wp-json\/wp\/v2\/pages\/34393\/revisions\/37976"}],"up":[{"embeddable":true,"href":"https:\/\/stil-fit.com\/pl\/wp-json\/wp\/v2\/pages\/34574"}],"wp:attachment":[{"href":"https:\/\/stil-fit.com\/pl\/wp-json\/wp\/v2\/media?parent=34393"}],"wp:term":[{"taxonomy":"yst_prominent_words","embeddable":true,"href":"https:\/\/stil-fit.com\/pl\/wp-json\/wp\/v2\/yst_prominent_words?post=34393"}],"curies":[{"name":"wp","href":"https:\/\/api.w.org\/{rel}","templated":true}]}}