{"id":34534,"date":"2025-03-20T16:48:07","date_gmt":"2025-03-20T15:48:07","guid":{"rendered":"https:\/\/stil-fit.com\/finansowanie\/"},"modified":"2025-03-20T16:48:21","modified_gmt":"2025-03-20T15:48:21","slug":"finansowanie","status":"publish","type":"page","link":"https:\/\/stil-fit.com\/pl\/finansowanie\/","title":{"rendered":"Finansowanie"},"content":{"rendered":"\n\t<section class=\"section\" id=\"section_1608170235\">\n\t\t<div class=\"section-bg fill\" >\n\t\t\t\t\t\t\t\t\t\n\t\t\t\n\n\t\t<\/div>\n\n\t\t\n\n\t\t<div class=\"section-content relative\">\n\t\t\t\n<div class=\"row align-center\"  id=\"row-381125610\">\n\n\t<div id=\"col-1253208812\" class=\"col medium-7 small-9 large-7\"  >\n\t\t\t\t<div class=\"col-inner text-center\"  >\n\t\t\t\n\t\t\t\n<h2><span style=\"font-size: 80%;\">Finansowanie ratalne nowego sprz\u0119tu fitness z Santander Bank<\/span><\/p>\n\t<div id=\"gap-1060662877\" class=\"gap-element clearfix\" style=\"display:block; height:auto;\">\n\t\t\n<style>\n#gap-1060662877 {\n  padding-top: 70px;\n}\n<\/style>\n\t<\/div>\n\t\n<\/h2>\n<h3><span style=\"font-size: 140%;\">Najpierw trenuj, potem p\u0142a\u0107<\/span><\/h3>\n\t\t<\/div>\n\t\t\t\t\t<\/div>\n\n\t\n<\/div>\n<div class=\"row align-center\"  id=\"row-669866689\">\n\n\t<div id=\"col-2074332312\" class=\"col medium-4 small-9 large-4\"  >\n\t\t\t\t<div class=\"col-inner\"  >\n\t\t\t\n\t\t\t\n<h3 style=\"text-align: center;\"><span style=\"font-size: 90%;\">Finansowanie 0%&nbsp;<\/span><\/h3>\n<p style=\"text-align: center;\"><span style=\"font-size: 90%;\">Dzi\u0119ki naszemu kredytowi ratalnemu 0% od Santander Bank mo\u017cesz trenowa\u0107 z jeszcze wi\u0119ksz\u0105 motywacj\u0105.&nbsp;<\/span><\/p>\n\t\t<\/div>\n\t\t\t\t\t<\/div>\n\n\t\n\n\t<div id=\"col-118008019\" class=\"col medium-4 small-9 large-4\"  >\n\t\t\t\t<div class=\"col-inner\"  >\n\t\t\t\n\t\t\t\n<h3 style=\"text-align: center;\"><span style=\"font-size: 90%;\">Miesi\u0119czna p\u0142atno\u015b\u0107 ratalna<\/span><\/h3>\n<p class=\"bodytext\" style=\"text-align: center;\"><span style=\"font-size: 90%;\">Wybierz okres sp\u0142aty rat wynosz\u0105cy od 6 do 24 miesi\u0119cy.<\/span><\/p>\n\t\t<\/div>\n\t\t\t\t\t<\/div>\n\n\t\n\n\t<div id=\"col-501802134\" class=\"col medium-4 small-9 large-4\"  >\n\t\t\t\t<div class=\"col-inner\"  >\n\t\t\t\n\t\t\t\n<h3 style=\"text-align: center;\"><span style=\"font-size: 90%;\">Nieskomplikowana p\u0142atno\u015b\u0107<\/span><\/h3>\n<p style=\"text-align: center;\"><span style=\"font-size: 90%;\">Otrzymujesz towar, a nast\u0119pnie wygodnie zaczynasz p\u0142aci\u0107 w ratach.&nbsp;<\/span><\/p>\n\t\t<\/div>\n\t\t\t\t\t<\/div>\n\n\t\n\n\t<div id=\"col-1740663695\" class=\"col medium-9 small-12 large-9\"  >\n\t\t\t\t<div class=\"col-inner text-center\"  >\n\t\t\t\n\t\t\t\n\t<div id=\"gap-1390034094\" class=\"gap-element clearfix\" style=\"display:block; height:auto;\">\n\t\t\n<style>\n#gap-1390034094 {\n  padding-top: 50px;\n}\n<\/style>\n\t<\/div>\n\t\n<h2><span style=\"font-size: 70%;\">Twoje zdrowie jest dla nas wa\u017cne. Dzi\u0119ki naszej praktycznej opcji finansowania 0% cena zakupu staje si\u0119 kwesti\u0105 drugorz\u0119dn\u0105. Nasz partner Santander Bank obs\u0142uguje finansowanie w zaledwie kilku nieskomplikowanych krokach. Otrzymujesz sw\u00f3j nowy sprz\u0119t fitness i dopiero wtedy zaczynasz p\u0142aci\u0107.   <\/span><\/p>\n\t\t<\/div>\n\t\t\t\t\t<\/div>\n\n\t\n<\/div>\n\t<div id=\"gap-964676725\" class=\"gap-element clearfix\" style=\"display:block; height:auto;\">\n\t\t\n<style>\n#gap-964676725 {\n  padding-top: 80px;\n}\n<\/style>\n\t<\/div>\n\t\n<div class=\"row align-middle align-center\"  id=\"row-403181151\">\n\n\t<div id=\"col-1900633524\" class=\"col medium-6 small-12 large-6\"  >\n\t\t\t\t<div class=\"col-inner\"  >\n\t\t\t\n\t\t\t\n<a href=\"https:\/\/stil-fit.com\/ergometer\/\" class=\"button primary is-outline is-small\"  style=\"border-radius:99px;\">\n\t\t<span>Rowery stacjonarne<\/span>\n\t<\/a>\n\n<a href=\"https:\/\/stil-fit.com\/pl\/maszyna-do-wioslowania\/\" class=\"button primary is-outline is-small\"  style=\"border-radius:99px;\">\n\t\t<span>Maszyna do wios\u0142owania<\/span>\n\t<\/a>\n\n<a href=\"https:\/\/stil-fit.com\/kabelzug\/\" class=\"button primary is-outline is-small\"  style=\"border-radius:99px;\">\n\t\t<span>\u015aciana fitness<\/span>\n\t<\/a>\n\n<a href=\"https:\/\/stil-fit.com\/pl\/akcesoria\/\" class=\"button primary is-outline is-small\"  style=\"border-radius:99px;\">\n\t\t<span>Akcesoria<\/span>\n\t<\/a>\n\n\t\t<\/div>\n\t\t\t\t\t<\/div>\n\n\t\n<\/div>\n\t\t<\/div>\n\n\t\t\n<style>\n#section_1608170235 {\n  padding-top: 100px;\n  padding-bottom: 100px;\n  background-color: rgb(255,255,255);\n}\n<\/style>\n\t<\/section>\n\t","protected":false},"excerpt":{"rendered":"","protected":false},"author":2,"featured_media":0,"parent":0,"menu_order":1,"comment_status":"closed","ping_status":"closed","template":"page-blank.php","meta":{"_monsterinsights_skip_tracking":false,"_monsterinsights_sitenote_active":false,"_monsterinsights_sitenote_note":"","_monsterinsights_sitenote_category":0,"footnotes":""},"yst_prominent_words":[570,564,172,573,576,575,569,567,579,565,581,578,577,572,571,161,566,574,568,580],"class_list":["post-34534","page","type-page","status-publish","hentry"],"yoast_head":"<!-- This site is optimized with the Yoast SEO Premium plugin v14.5 - https:\/\/yoast.com\/wordpress\/plugins\/seo\/ -->\n<title>Finansowanie | STIL-FIT<\/title>\n<meta name=\"robots\" content=\"index, follow\" \/>\n<meta name=\"googlebot\" content=\"index, follow, max-snippet:-1, max-image-preview:large, max-video-preview:-1\" \/>\n<meta name=\"bingbot\" content=\"index, follow, max-snippet:-1, max-image-preview:large, max-video-preview:-1\" \/>\n<link rel=\"canonical\" href=\"https:\/\/stil-fit.com\/pl\/finansowanie\/\" \/>\n<meta property=\"og:locale\" content=\"pl_PL\" \/>\n<meta property=\"og:type\" content=\"article\" \/>\n<meta property=\"og:title\" content=\"Finansowanie | STIL-FIT\" \/>\n<meta property=\"og:url\" content=\"https:\/\/stil-fit.com\/pl\/finansowanie\/\" \/>\n<meta property=\"og:site_name\" content=\"STIL-FIT\" \/>\n<meta property=\"article:publisher\" content=\"https:\/\/de-de.facebook.com\/stilfit\/\" \/>\n<meta property=\"article:modified_time\" content=\"2025-03-20T15:48:21+00:00\" \/>\n<meta name=\"twitter:card\" content=\"summary_large_image\" \/>\n<script type=\"application\/ld+json\" class=\"yoast-schema-graph\">{\"@context\":\"https:\/\/schema.org\",\"@graph\":[{\"@type\":\"Organization\",\"@id\":\"https:\/\/stil-fit.com\/pl\/#organization\",\"name\":\"STIL-FIT International GmbH\",\"url\":\"https:\/\/stil-fit.com\/pl\/\",\"sameAs\":[\"https:\/\/de-de.facebook.com\/stilfit\/\",\"https:\/\/www.instagram.com\/stil_fit_int\/\",\"https:\/\/www.linkedin.com\/company\/stil-fit-international-gmbh\",\"https:\/\/www.youtube.com\/channel\/UC2HA1BeZtFB0acPMfq1hKdQ\",\"https:\/\/www.pinterest.com\/STILFITInt\/\"],\"logo\":{\"@type\":\"ImageObject\",\"@id\":\"https:\/\/stil-fit.com\/pl\/#logo\",\"inLanguage\":\"pl-PL\",\"url\":\"https:\/\/stil-fit.com\/wp-content\/uploads\/2019\/02\/stilfit_logo.jpg\",\"width\":150,\"height\":150,\"caption\":\"STIL-FIT International GmbH\"},\"image\":{\"@id\":\"https:\/\/stil-fit.com\/pl\/#logo\"}},{\"@type\":\"WebSite\",\"@id\":\"https:\/\/stil-fit.com\/pl\/#website\",\"url\":\"https:\/\/stil-fit.com\/pl\/\",\"name\":\"STIL-FIT\",\"description\":\"Stil-fit\",\"publisher\":{\"@id\":\"https:\/\/stil-fit.com\/pl\/#organization\"},\"potentialAction\":[{\"@type\":\"SearchAction\",\"target\":\"https:\/\/stil-fit.com\/pl\/?s={search_term_string}\",\"query-input\":\"required name=search_term_string\"}],\"inLanguage\":\"pl-PL\"},{\"@type\":\"WebPage\",\"@id\":\"https:\/\/stil-fit.com\/pl\/finansowanie\/#webpage\",\"url\":\"https:\/\/stil-fit.com\/pl\/finansowanie\/\",\"name\":\"Finansowanie | STIL-FIT\",\"isPartOf\":{\"@id\":\"https:\/\/stil-fit.com\/pl\/#website\"},\"datePublished\":\"2025-03-20T15:48:07+00:00\",\"dateModified\":\"2025-03-20T15:48:21+00:00\",\"inLanguage\":\"pl-PL\",\"potentialAction\":[{\"@type\":\"ReadAction\",\"target\":[\"https:\/\/stil-fit.com\/pl\/finansowanie\/\"]}]}]}<\/script>\n<!-- \/ Yoast SEO Premium plugin. -->","post_mailing_queue_ids":[],"_links":{"self":[{"href":"https:\/\/stil-fit.com\/pl\/wp-json\/wp\/v2\/pages\/34534","targetHints":{"allow":["GET"]}}],"collection":[{"href":"https:\/\/stil-fit.com\/pl\/wp-json\/wp\/v2\/pages"}],"about":[{"href":"https:\/\/stil-fit.com\/pl\/wp-json\/wp\/v2\/types\/page"}],"author":[{"embeddable":true,"href":"https:\/\/stil-fit.com\/pl\/wp-json\/wp\/v2\/users\/2"}],"replies":[{"embeddable":true,"href":"https:\/\/stil-fit.com\/pl\/wp-json\/wp\/v2\/comments?post=34534"}],"version-history":[{"count":2,"href":"https:\/\/stil-fit.com\/pl\/wp-json\/wp\/v2\/pages\/34534\/revisions"}],"predecessor-version":[{"id":34539,"href":"https:\/\/stil-fit.com\/pl\/wp-json\/wp\/v2\/pages\/34534\/revisions\/34539"}],"wp:attachment":[{"href":"https:\/\/stil-fit.com\/pl\/wp-json\/wp\/v2\/media?parent=34534"}],"wp:term":[{"taxonomy":"yst_prominent_words","embeddable":true,"href":"https:\/\/stil-fit.com\/pl\/wp-json\/wp\/v2\/yst_prominent_words?post=34534"}],"curies":[{"name":"wp","href":"https:\/\/api.w.org\/{rel}","templated":true}]}}