{"id":34556,"date":"2025-03-20T16:48:28","date_gmt":"2025-03-20T15:48:28","guid":{"rendered":"https:\/\/stil-fit.com\/gtc\/"},"modified":"2025-03-20T16:48:38","modified_gmt":"2025-03-20T15:48:38","slug":"gtc","status":"publish","type":"page","link":"https:\/\/stil-fit.com\/pl\/gtc\/","title":{"rendered":"GTC"},"content":{"rendered":"<div class=\"row\"  id=\"row-1704906449\">\n\n\n\t<div id=\"col-854844943\" class=\"col small-12 large-12\"  >\n\t\t\t\t<div class=\"col-inner\"  >\n\t\t\t\n\t\t\t\n\n\t<div id=\"gap-1854230313\" class=\"gap-element clearfix\" style=\"display:block; height:auto;\">\n\t\t\n<style>\n#gap-1854230313 {\n  padding-top: 100px;\n}\n<\/style>\n\t<\/div>\n\t\n\n<h1>Og\u00f3lne warunki handlowe \/\/ STIL-FIT International GmbH<\/h1>\n<p> <\/p>\n<ol>\n<li>Informacje og\u00f3lne<\/li>\n<\/ol>\n<p>Nasze Og\u00f3lne Warunki Handlowe maj\u0105 zastosowanie do wszystkich naszych relacji biznesowych z klientami. Maj\u0105 one r\u00f3wnie\u017c zastosowanie jako umowa ramowa do przysz\u0142ych um\u00f3w sprzeda\u017cy i\/lub dostawy ruchomo\u015bci z tymi samymi klientami, bez konieczno\u015bci ponownego odwo\u0142ywania si\u0119 do nich w ka\u017cdym indywidualnym przypadku. Og\u00f3lne warunki klienta nie staj\u0105 si\u0119 cz\u0119\u015bci\u0105 um\u00f3w zawieranych z nami, chyba \u017ce wyrazili\u015bmy wyra\u017an\u0105 pisemn\u0105 zgod\u0119 na ich w\u0142\u0105czenie.  <\/p>\n<ol start=\"2\">\n<li>Zawarcie umowy<\/li>\n<\/ol>\n<p>Zam\u00f3wienie towar\u00f3w przez klienta uznaje si\u0119 za wi\u0105\u017c\u0105c\u0105 ofert\u0119 umown\u0105. W takich przypadkach umowa z nami zostaje zawarta wraz z naszym potwierdzeniem zam\u00f3wienia (wystarczy e-mail). O ile w zam\u00f3wieniu klienta nie okre\u015blono inaczej, jeste\u015bmy uprawnieni do przyj\u0119cia tej oferty umownej w ci\u0105gu czterech tygodni od jej otrzymania przez nas. Je\u015bli z\u0142o\u017cenie zam\u00f3wienia przez klienta jest poprzedzone prawnie wi\u0105\u017c\u0105c\u0105 ofert\u0105 z naszej strony, umowa zostaje zawarta w momencie z\u0142o\u017cenia przez klienta zam\u00f3wienia w naszej firmie, bez konieczno\u015bci dodatkowego potwierdzenia z naszej strony.   <\/p>\n<ol start=\"3\">\n<li>Ceny<\/li>\n<\/ol>\n<p>3.1 O ile wyra\u017anie nie uzgodniono inaczej, ceny s\u0105 cenami loco magazyn, powi\u0119kszonymi o obowi\u0105zuj\u0105cy ustawowy podatek od towar\u00f3w i us\u0142ug oraz wszelkie inne koszty podane w potwierdzeniu zam\u00f3wienia, w szczeg\u00f3lno\u015bci koszty transportu i wysy\u0142ki. <\/p>\n<p>3.2 Je\u015bli klient z siedzib\u0105 poza Republik\u0105 Federaln\u0105 Niemiec (klient zewn\u0119trzny) lub jego upowa\u017cniony przedstawiciel odbiera towary i transportuje je lub wysy\u0142a na terytorium zewn\u0119trzne, klient musi dostarczy\u0107 nam dow\u00f3d wywozu wymagany do cel\u00f3w podatkowych. Je\u015bli dow\u00f3d ten nie zostanie dostarczony, klient musi zap\u0142aci\u0107 nam kwot\u0119 podatku VAT obowi\u0105zuj\u0105c\u0105 dla dostaw na terenie Niemiec od kwoty faktury.  <\/p>\n<ol start=\"4\">\n<li>Terminy dostaw, niemo\u017cno\u015b\u0107 i roszczenia odszkodowawcze<\/li>\n<\/ol>\n<p>4.1 Ustalone daty s\u0105 wa\u017cne tylko wtedy, gdy zosta\u0142y przez nas potwierdzone na pi\u015bmie. <\/p>\n<p>4.2 Je\u017celi nie b\u0119dziemy w stanie dotrzyma\u0107 wi\u0105\u017c\u0105cych termin\u00f3w dostaw lub uzgodnionych termin\u00f3w dostaw z przyczyn, za kt\u00f3re nie ponosimy odpowiedzialno\u015bci, w szczeg\u00f3lno\u015bci w przypadku niedost\u0119pno\u015bci us\u0142ugi, niezw\u0142ocznie poinformujemy o tym Kupuj\u0105cego i jednocze\u015bnie poinformujemy go o przewidywanym nowym terminie dostawy. Je\u017celi us\u0142uga nie b\u0119dzie r\u00f3wnie\u017c dost\u0119pna w nowym terminie dostawy, b\u0119dziemy uprawnieni do odst\u0105pienia od umowy w ca\u0142o\u015bci lub w cz\u0119\u015bci; niezw\u0142ocznie zwr\u00f3cimy wszelkie \u015bwiadczenia ju\u017c zap\u0142acone przez Kupuj\u0105cego. Przypadkiem niedost\u0119pno\u015bci us\u0142ugi w tym znaczeniu jest w szczeg\u00f3lno\u015bci niedostarczenie nam przez naszego dostawc\u0119 w odpowiednim czasie, je\u015bli zawarli\u015bmy okre\u015blon\u0105 transakcj\u0119 obejmuj\u0105c\u0105, je\u015bli ani my, ani nasz dostawca nie ponosimy winy lub je\u015bli nie jeste\u015bmy zobowi\u0105zani do zam\u00f3wienia w danym przypadku.   <\/p>\n<p>4.3 W przypadku op\u00f3\u017anienia w spe\u0142nieniu \u015bwiadczenia lub niemo\u017cno\u015bci spe\u0142nienia \u015bwiadczenia, za kt\u00f3re ponosimy odpowiedzialno\u015b\u0107, roszczenia odszkodowawcze klienta s\u0105 wykluczone. Nie ma to zastosowania, je\u015bli odpowiedzialno\u015b\u0107 jest obowi\u0105zkowa w przypadku umy\u015blnego dzia\u0142ania, ra\u017c\u0105cego niedbalstwa lub uszczerbku na \u017cyciu, ciele lub zdrowiu. W przeciwnym razie zastosowanie ma \u00a7 323 BGB z zastrze\u017ceniem, \u017ce okres karencji, kt\u00f3ry zostanie nam przyznany, musi wynosi\u0107 co najmniej cztery tygodnie.   <\/p>\n<p>4.4 Inne roszczenia o odszkodowanie i zwrot koszt\u00f3w przez klienta, niezale\u017cnie od podstawy prawnej, w szczeg\u00f3lno\u015bci z powodu naruszenia obowi\u0105zk\u00f3w wynikaj\u0105cych ze zobowi\u0105zania umownego i niedozwolonych dzia\u0142a\u0144, s\u0105 wykluczone. Nie dotyczy to sytuacji, w kt\u00f3rych odpowiedzialno\u015b\u0107 jest obowi\u0105zkowa, np. zgodnie z ustaw\u0105 o odpowiedzialno\u015bci za produkt, w przypadku umy\u015blnego dzia\u0142ania, ra\u017c\u0105cego niedbalstwa, uszczerbku na \u017cyciu, ciele lub zdrowiu lub naruszenia istotnych zobowi\u0105za\u0144 umownych. Roszczenie o odszkodowanie za naruszenie istotnych zobowi\u0105za\u0144 umownych jest jednak ograniczone do przewidywalnej szkody typowej dla umowy, chyba \u017ce wyst\u0119puje umy\u015blno\u015b\u0107 lub ra\u017c\u0105ce niedbalstwo lub odpowiedzialno\u015b\u0107 za uszkodzenie \u017cycia, cia\u0142a lub zdrowia. Zmiana ci\u0119\u017caru dowodu na niekorzy\u015b\u0107 klienta nie jest zwi\u0105zana z powy\u017cszymi postanowieniami.    <\/p>\n<p>4.5 Po\u015brednie szkody nast\u0119pcze i roszczenia klienta z tytu\u0142u utraty zysku s\u0105 wykluczone. <\/p>\n<ol start=\"5\">\n<li>P\u0142atno\u015b\u0107<\/li>\n<\/ol>\n<p>5.1 Faktury s\u0105 natychmiast wymagalne i p\u0142atne bez potr\u0105cenia rabatu, chyba \u017ce faktura stanowi inaczej. <\/p>\n<p>5.2 Pocz\u0105wszy od daty wymagalno\u015bci b\u0119dziemy uprawnieni do odsetek w wysoko\u015bci 8 punkt\u00f3w procentowych powy\u017cej odpowiedniej bazowej stopy procentowej. Zastrzegamy sobie prawo do udowodnienia dalszych szk\u00f3d spowodowanych zw\u0142ok\u0105.  <\/p>\n<ol start=\"6\">\n<li>Gwarancja na wady materia\u0142owe<\/li>\n<\/ol>\n<p>6.1 Je\u015bli dostarczone towary s\u0105 wadliwe, pocz\u0105tkowo mamy prawo do p\u00f3\u017aniejszej realizacji. Mo\u017cemy wybra\u0107 pomi\u0119dzy usuni\u0119ciem wady (napraw\u0105) lub dostarczeniem nowego produktu wolnego od wad. Naprawa zostanie przeprowadzona na miejscu przez nasz zesp\u00f3\u0142 serwisowy lub urz\u0105dzenie zostanie odebrane i dostarczone z powrotem do klienta po zako\u0144czeniu naprawy. Transport jest bezp\u0142atny. Je\u015bli p\u00f3\u017aniejsza realizacja nie powiedzie si\u0119 lub nie zostanie przeprowadzona w rozs\u0105dnym terminie, klient mo\u017ce, wed\u0142ug w\u0142asnego uznania, obni\u017cy\u0107 cen\u0119 lub odst\u0105pi\u0107 od umowy.     <\/p>\n<p>6.2 Uszkodzenia wynikaj\u0105ce z niew\u0142a\u015bciwej obs\u0142ugi, nieprzestrzegania instrukcji obs\u0142ugi, nieodpowiedniej piel\u0119gnacji, u\u017cycia si\u0142y lub normalnego zu\u017cycia nie s\u0105 obj\u0119te powy\u017csz\u0105 gwarancj\u0105. <\/p>\n<p>6.3 Klient musi niezw\u0142ocznie poinformowa\u0107 nas na pi\u015bmie o wykryciu wad. <\/p>\n<p>6.4 Okres przedawnienia zgodnie z przepisami ustawowymi wynosi 2 lata.<\/p>\n<ol start=\"7\">\n<li>Zachowanie tytu\u0142u w\u0142asno\u015bci<\/li>\n<\/ol>\n<p>7.1 Zastrzegamy sobie prawo w\u0142asno\u015bci dostarczonych towar\u00f3w do momentu spe\u0142nienia wszystkich roszcze\u0144 wynikaj\u0105cych z naszych stosunk\u00f3w handlowych z klientem. <\/p>\n<p>7.2 Klient jest uprawniony do odsprzeda\u017cy towar\u00f3w z zastrze\u017ceniem prawa w\u0142asno\u015bci w ramach zwyk\u0142ej dzia\u0142alno\u015bci gospodarczej, o ile nale\u017cycie wype\u0142nia swoje zobowi\u0105zania wynikaj\u0105ce ze stosunk\u00f3w handlowych z nami. Nie mo\u017ce on jednak zastawia\u0107 towar\u00f3w ani przenosi\u0107 ich na zabezpieczenie. Klient jest zobowi\u0105zany do niezw\u0142ocznego poinformowania nas na pi\u015bmie, je\u015bli i w zakresie, w jakim osoby trzecie maj\u0105 dost\u0119p do towar\u00f3w nale\u017c\u0105cych do nas lub roszcze\u0144 przeniesionych na nas jako zabezpieczenie. Klient musi niezw\u0142ocznie dostarczy\u0107 nam dokumenty niezb\u0119dne do interwencji.    <\/p>\n<p>7.3 Je\u015bli klient naruszy umow\u0119, zalega z p\u0142atno\u015bci\u0105 lub je\u015bli sytuacja finansowa klienta ulegnie znacznemu pogorszeniu, b\u0119dziemy uprawnieni do \u017c\u0105dania zwrotu towar\u00f3w z zastrze\u017ceniem w\u0142asno\u015bci na koszt klienta oraz do wej\u015bcia do siedziby naszego klienta w celu odebrania towar\u00f3w, nawet bez korzystania z prawa do odst\u0105pienia od umowy i bez wyznaczania dodatkowego terminu. Jeste\u015bmy uprawnieni do odsprzeda\u017cy towar\u00f3w odebranych w zwyk\u0142ym toku dzia\u0142alno\u015bci.  <\/p>\n<p>7.4 Je\u017celi towar zastrze\u017cony zostanie sprzedany przez klienta, klient niniejszym przenosi na nas roszczenia wynikaj\u0105ce z odsprzeda\u017cy w wysoko\u015bci warto\u015bci fakturowej towaru zastrze\u017conego ze wszystkimi prawami dodatkowymi i pierwsze\u0144stwem przed pozosta\u0142ymi; roszczenia odszkodowawcze wobec os\u00f3b trzecich dotycz\u0105ce towaru zastrze\u017conego s\u0105 r\u00f3wnie\u017c przenoszone na nas; niniejszym przyjmujemy cesj\u0119. <\/p>\n<p>7.5 Cesja roszcze\u0144 klienta na rzecz os\u00f3b trzecich (w tym cesja w drodze faktycznego faktoringu) jest dopuszczalna wy\u0142\u0105cznie w przypadku sprzeda\u017cy towar\u00f3w z zastrze\u017ceniem w\u0142asno\u015bci, je\u017celi wyrazili\u015bmy uprzedni\u0105 pisemn\u0105 zgod\u0119 na cesj\u0119. W przypadku wyra\u017cenia zgody, klient niniejszym przenosi na nas swoje roszczenia wobec osoby trzeciej.  <\/p>\n<p>7.6 Je\u017celi mo\u017cliwa do zrealizowania warto\u015b\u0107 zabezpiecze\u0144, do kt\u00f3rych jeste\u015bmy uprawnieni zgodnie z powy\u017cszymi postanowieniami, przekracza nasze roszczenia wobec klienta o wi\u0119cej ni\u017c 10%, na \u017c\u0105danie klienta zwolnimy wybrane przez nas zabezpieczenia. <\/p>\n<ol start=\"8\">\n<li>Naprawy poza gwarancj\u0105<\/li>\n<\/ol>\n<p>Naprawy, kt\u00f3rych nie jeste\u015bmy zobowi\u0105zani wykona\u0107 ze wzgl\u0119du na uzasadnione roszczenia klienta z tytu\u0142u wad materia\u0142owych, zostan\u0105 wykonane przez nas za zap\u0142at\u0105 uzgodnionego, w przeciwnym razie zwyk\u0142ego wynagrodzenia. Klient ponosi koszty i ryzyko wysy\u0142ki i zwrotu. Zlecenia naprawy przyjmujemy wy\u0142\u0105cznie po wcze\u015bniejszym uzgodnieniu.  <\/p>\n<ol start=\"11\">\n<li>Prawo klienta do zwrotu w sprzeda\u017cy internetowej<\/li>\n<\/ol>\n<p>Klient ma 14 dni od daty dostawy na podj\u0119cie decyzji, czy chce zatrzyma\u0107 towar. Mo\u017ce za\u017c\u0105da\u0107 zwrotu przesy\u0142ki poczt\u0105 na adres STIL-FIT International GmbH, Sch\u00e4ftlarnstr 156, 81371 Monachium, wysy\u0142aj\u0105c wiadomo\u015b\u0107 e-mail na adres info@stil-fit.com lub faksem na numer +49 89.13.93 60 43. Zwrot jest bezp\u0142atny.  <\/p>\n<ol start=\"12\">\n<li>Ochrona danych<\/li>\n<\/ol>\n<p>Wszystkie dane osobowe b\u0119d\u0105 traktowane jako poufne. Dane wymagane do transakcji biznesowych s\u0105 przechowywane i, w razie potrzeby, przekazywane firmom powi\u0105zanym w ramach przetwarzania zam\u00f3wie\u0144. <\/p>\n<ol start=\"13\">\n<li>Miejsce jurysdykcji<\/li>\n<\/ol>\n<p>Ca\u0142y stosunek prawny z klientem podlega prawu Republiki Federalnej Niemiec z wy\u0142\u0105czeniem Konwencji Narod\u00f3w Zjednoczonych o umowach mi\u0119dzynarodowej sprzeda\u017cy towar\u00f3w (CISG).<\/p>\n<ol start=\"14\">\n<li>Klauzula salwatoryjna<\/li>\n<\/ol>\n<p>Je\u017celi poszczeg\u00f3lne postanowienia niniejszych OWH lub umowy le\u017c\u0105cej u ich podstaw s\u0105 lub stan\u0105 si\u0119 niewa\u017cne, nie b\u0119dzie to mia\u0142o wp\u0142ywu na wa\u017cno\u015b\u0107 pozosta\u0142ych postanowie\u0144 i um\u00f3w. Niewa\u017cne postanowienie uznaje si\u0119 za zast\u0105pione postanowieniem, kt\u00f3re jest najbardziej zbli\u017cone do ekonomicznego zamiaru stron. <\/p>\n<p>Status: listopad 2019 r.<\/p>\n\n\t\t<\/div>\n\t\t\t\t\t<\/div>\n\n\t\n\n<\/div>","protected":false},"excerpt":{"rendered":"","protected":false},"author":2,"featured_media":0,"parent":0,"menu_order":0,"comment_status":"closed","ping_status":"closed","template":"page-blank.php","meta":{"_monsterinsights_skip_tracking":false,"_monsterinsights_sitenote_active":false,"_monsterinsights_sitenote_note":"","_monsterinsights_sitenote_category":0,"footnotes":""},"yst_prominent_words":[],"class_list":["post-34556","page","type-page","status-publish","hentry"],"yoast_head":"<!-- This site is optimized with the Yoast SEO Premium plugin v14.5 - https:\/\/yoast.com\/wordpress\/plugins\/seo\/ -->\n<title>GTC | STIL-FIT<\/title>\n<meta name=\"robots\" content=\"index, follow\" \/>\n<meta name=\"googlebot\" content=\"index, follow, max-snippet:-1, max-image-preview:large, max-video-preview:-1\" \/>\n<meta name=\"bingbot\" content=\"index, follow, max-snippet:-1, max-image-preview:large, max-video-preview:-1\" \/>\n<link rel=\"canonical\" href=\"https:\/\/stil-fit.com\/pl\/gtc\/\" \/>\n<meta property=\"og:locale\" content=\"pl_PL\" \/>\n<meta property=\"og:type\" content=\"article\" \/>\n<meta property=\"og:title\" content=\"GTC | STIL-FIT\" \/>\n<meta property=\"og:url\" content=\"https:\/\/stil-fit.com\/pl\/gtc\/\" \/>\n<meta property=\"og:site_name\" content=\"STIL-FIT\" \/>\n<meta property=\"article:publisher\" content=\"https:\/\/de-de.facebook.com\/stilfit\/\" \/>\n<meta property=\"article:modified_time\" content=\"2025-03-20T15:48:38+00:00\" \/>\n<meta name=\"twitter:card\" content=\"summary_large_image\" \/>\n<script type=\"application\/ld+json\" class=\"yoast-schema-graph\">{\"@context\":\"https:\/\/schema.org\",\"@graph\":[{\"@type\":\"Organization\",\"@id\":\"https:\/\/stil-fit.com\/pl\/#organization\",\"name\":\"STIL-FIT International GmbH\",\"url\":\"https:\/\/stil-fit.com\/pl\/\",\"sameAs\":[\"https:\/\/de-de.facebook.com\/stilfit\/\",\"https:\/\/www.instagram.com\/stil_fit_int\/\",\"https:\/\/www.linkedin.com\/company\/stil-fit-international-gmbh\",\"https:\/\/www.youtube.com\/channel\/UC2HA1BeZtFB0acPMfq1hKdQ\",\"https:\/\/www.pinterest.com\/STILFITInt\/\"],\"logo\":{\"@type\":\"ImageObject\",\"@id\":\"https:\/\/stil-fit.com\/pl\/#logo\",\"inLanguage\":\"pl-PL\",\"url\":\"https:\/\/stil-fit.com\/wp-content\/uploads\/2019\/02\/stilfit_logo.jpg\",\"width\":150,\"height\":150,\"caption\":\"STIL-FIT International GmbH\"},\"image\":{\"@id\":\"https:\/\/stil-fit.com\/pl\/#logo\"}},{\"@type\":\"WebSite\",\"@id\":\"https:\/\/stil-fit.com\/pl\/#website\",\"url\":\"https:\/\/stil-fit.com\/pl\/\",\"name\":\"STIL-FIT\",\"description\":\"Stil-fit\",\"publisher\":{\"@id\":\"https:\/\/stil-fit.com\/pl\/#organization\"},\"potentialAction\":[{\"@type\":\"SearchAction\",\"target\":\"https:\/\/stil-fit.com\/pl\/?s={search_term_string}\",\"query-input\":\"required name=search_term_string\"}],\"inLanguage\":\"pl-PL\"},{\"@type\":\"WebPage\",\"@id\":\"https:\/\/stil-fit.com\/pl\/gtc\/#webpage\",\"url\":\"https:\/\/stil-fit.com\/pl\/gtc\/\",\"name\":\"GTC | STIL-FIT\",\"isPartOf\":{\"@id\":\"https:\/\/stil-fit.com\/pl\/#website\"},\"datePublished\":\"2025-03-20T15:48:28+00:00\",\"dateModified\":\"2025-03-20T15:48:38+00:00\",\"inLanguage\":\"pl-PL\",\"potentialAction\":[{\"@type\":\"ReadAction\",\"target\":[\"https:\/\/stil-fit.com\/pl\/gtc\/\"]}]}]}<\/script>\n<!-- \/ Yoast SEO Premium plugin. -->","post_mailing_queue_ids":[],"_links":{"self":[{"href":"https:\/\/stil-fit.com\/pl\/wp-json\/wp\/v2\/pages\/34556","targetHints":{"allow":["GET"]}}],"collection":[{"href":"https:\/\/stil-fit.com\/pl\/wp-json\/wp\/v2\/pages"}],"about":[{"href":"https:\/\/stil-fit.com\/pl\/wp-json\/wp\/v2\/types\/page"}],"author":[{"embeddable":true,"href":"https:\/\/stil-fit.com\/pl\/wp-json\/wp\/v2\/users\/2"}],"replies":[{"embeddable":true,"href":"https:\/\/stil-fit.com\/pl\/wp-json\/wp\/v2\/comments?post=34556"}],"version-history":[{"count":1,"href":"https:\/\/stil-fit.com\/pl\/wp-json\/wp\/v2\/pages\/34556\/revisions"}],"predecessor-version":[{"id":34558,"href":"https:\/\/stil-fit.com\/pl\/wp-json\/wp\/v2\/pages\/34556\/revisions\/34558"}],"wp:attachment":[{"href":"https:\/\/stil-fit.com\/pl\/wp-json\/wp\/v2\/media?parent=34556"}],"wp:term":[{"taxonomy":"yst_prominent_words","embeddable":true,"href":"https:\/\/stil-fit.com\/pl\/wp-json\/wp\/v2\/yst_prominent_words?post=34556"}],"curies":[{"name":"wp","href":"https:\/\/api.w.org\/{rel}","templated":true}]}}