{"id":35144,"date":"2023-11-09T10:51:27","date_gmt":"2025-03-27T12:31:14","guid":{"rendered":"https:\/\/stil-fit.com\/shop\/stil-fit-uchwyt-na-tablet-rower-pro\/"},"modified":"2025-03-27T13:31:14","modified_gmt":"2025-03-27T12:31:14","slug":"stil-fit-uchwyt-na-tablet-rower-pro","status":"publish","type":"product","link":"https:\/\/stil-fit.com\/pl\/sklep\/stil-fit-uchwyt-na-tablet-rower-pro\/","title":{"rendered":"STIL-FIT Uchwyt na tablet Rower PRO"},"content":{"rendered":"<h1>STIL-FIT Uchwyt na tablet Rower PRO<\/h1>\n<p>Uchwyt na tablet STIL-FIT pozwala cieszy\u0107 si\u0119 pe\u0142n\u0105 rozrywk\u0105 podczas \u0107wicze\u0144. Ogl\u0105daj telewizj\u0119, ulubione seriale Netflix lub wiadomo\u015bci. <\/p>\n<p>Uchwyt na tablet ma regulowan\u0105 wysoko\u015b\u0107 i k\u0105t nachylenia. Je\u015bli nie korzystasz z wio\u015blarza, mo\u017cesz go z\u0142o\u017cy\u0107 i schowa\u0107. <\/p>\n<h2>Ciesz si\u0119 pe\u0142nymi opcjami rozrywki<\/h2>\n<p>Wio\u015blarz STIL-FIT Rower PRO jest kompatybilny z aplikacjami Kinomap i EXR dla dodatkowej motywacji. Odkryj \u015bwiat z tysi\u0105cami tor\u00f3w wio\u015blarskich, \u015bcigaj si\u0119 ze znajomymi i eksportuj swoje dane treningowe.<\/p>\n","protected":false},"excerpt":{"rendered":"<p>&nbsp;<\/p>\n<p>Uchwyt na tablet to idealny dodatek do maszyny do wios\u0142owania STIL-FIT PRO. Umo\u017cliwia umieszczenie tabletu przed sob\u0105, dzi\u0119ki czemu mo\u017cna ogl\u0105da\u0107 ulubiony program na Netflix lub TV. Dodatkowo mo\u017cesz ulepszy\u0107 sw\u00f3j trening, korzystaj\u0105c z aplikacji Kinomap lub EXR, aby uzyska\u0107 jeszcze lepsze wra\u017cenia treningowe.  <\/p>\n<ul>\n<li>Wykonane dla Ciebie w naszej manufakturze w Monachium.<\/li>\n<li>Wyprodukowano w Niemczech<\/li>\n<li>Darmowa wysy\u0142ka<\/li>\n<\/ul>\n","protected":false},"featured_media":31625,"comment_status":"open","ping_status":"closed","template":"","meta":{"_monsterinsights_skip_tracking":false,"_monsterinsights_sitenote_active":false,"_monsterinsights_sitenote_note":"","_monsterinsights_sitenote_category":0},"product_brand":[],"product_cat":[2905,2945],"product_tag":[3132,3129,3133,3128,3130,3136],"yst_prominent_words":[256,1183,1424,1425,1440,1439,260,527,161,1188,1189,251,602,261,593,594,1182,267],"class_list":{"0":"post-35144","1":"product","2":"type-product","3":"status-publish","4":"has-post-thumbnail","6":"product_cat-akcesoria","7":"product_cat-maszyna-do-wioslowania","8":"product_tag-design-fitness-pl","9":"product_tag-homefitness-pl","10":"product_tag-homegym-pl","11":"product_tag-maszyna-do-wioslowania","12":"product_tag-uchwyt-na-tablet","13":"product_tag-wioslarstwo","14":"product_shipping_class-kleingerate-pl","16":"first","17":"instock","18":"taxable","19":"shipping-taxable","20":"purchasable","21":"product-type-simple"},"composite_virtual":false,"composite_layout":"","composite_add_to_cart_form_location":"","composite_editable_in_cart":false,"composite_sold_individually_context":"","composite_shop_price_calc":"","composite_components":[],"composite_scenarios":[],"bundled_by":[],"bundle_stock_status":"instock","bundle_stock_quantity":null,"bundle_virtual":false,"bundle_layout":"","bundle_add_to_cart_form_location":"","bundle_editable_in_cart":false,"bundle_sold_individually_context":"","bundle_item_grouping":"","bundle_min_size":"","bundle_max_size":"","bundle_price":[],"bundled_items":[],"bundle_sell_ids":[9946],"yoast_head":"<!-- This site is optimized with the Yoast SEO Premium plugin v14.5 - https:\/\/yoast.com\/wordpress\/plugins\/seo\/ -->\n<title>STIL-FIT Uchwyt na tablet Rower PRO | Ulepsz swoj\u0105 maszyn\u0119 do wios\u0142owania PRO<\/title>\n<meta name=\"description\" content=\"Uchwyt na tablet STIL-FIT zosta\u0142 zaprojektowany tak, aby tablet by\u0142 zawsze widoczny podczas treningu. Odpowiedni dla wszystkich rozmiar\u00f3w tablet\u00f3w.\" \/>\n<meta name=\"robots\" content=\"index, follow\" \/>\n<meta name=\"googlebot\" content=\"index, follow, max-snippet:-1, max-image-preview:large, max-video-preview:-1\" \/>\n<meta name=\"bingbot\" content=\"index, follow, max-snippet:-1, max-image-preview:large, max-video-preview:-1\" \/>\n<link rel=\"canonical\" href=\"https:\/\/stil-fit.com\/pl\/sklep\/stil-fit-uchwyt-na-tablet-rower-pro\/\" \/>\n<meta property=\"og:locale\" content=\"pl_PL\" \/>\n<meta property=\"og:type\" content=\"article\" \/>\n<meta property=\"og:title\" content=\"STIL-FIT Uchwyt na tablet Rower PRO | Ulepsz swoj\u0105 maszyn\u0119 do wios\u0142owania PRO\" \/>\n<meta property=\"og:description\" content=\"Uchwyt na tablet STIL-FIT zosta\u0142 zaprojektowany tak, aby tablet by\u0142 zawsze widoczny podczas treningu. Odpowiedni dla wszystkich rozmiar\u00f3w tablet\u00f3w.\" \/>\n<meta property=\"og:url\" content=\"https:\/\/stil-fit.com\/pl\/sklep\/stil-fit-uchwyt-na-tablet-rower-pro\/\" \/>\n<meta property=\"og:site_name\" content=\"STIL-FIT\" \/>\n<meta property=\"article:publisher\" content=\"https:\/\/de-de.facebook.com\/stilfit\/\" \/>\n<meta property=\"og:image\" content=\"https:\/\/stil-fit.com\/wp-content\/uploads\/2023\/11\/STIL-FIT-Rower-PRO-Tablet-holder.jpg\" \/>\n\t<meta property=\"og:image:width\" content=\"785\" \/>\n\t<meta property=\"og:image:height\" content=\"785\" \/>\n<meta name=\"twitter:card\" content=\"summary_large_image\" \/>\n<script type=\"application\/ld+json\" class=\"yoast-schema-graph\">{\"@context\":\"https:\/\/schema.org\",\"@graph\":[{\"@type\":\"Organization\",\"@id\":\"https:\/\/stil-fit.com\/pl\/#organization\",\"name\":\"STIL-FIT International GmbH\",\"url\":\"https:\/\/stil-fit.com\/pl\/\",\"sameAs\":[\"https:\/\/de-de.facebook.com\/stilfit\/\",\"https:\/\/www.instagram.com\/stil_fit_int\/\",\"https:\/\/www.linkedin.com\/company\/stil-fit-international-gmbh\",\"https:\/\/www.youtube.com\/channel\/UC2HA1BeZtFB0acPMfq1hKdQ\",\"https:\/\/www.pinterest.com\/STILFITInt\/\"],\"logo\":{\"@type\":\"ImageObject\",\"@id\":\"https:\/\/stil-fit.com\/pl\/#logo\",\"inLanguage\":\"pl-PL\",\"url\":\"https:\/\/stil-fit.com\/wp-content\/uploads\/2019\/02\/stilfit_logo.jpg\",\"width\":150,\"height\":150,\"caption\":\"STIL-FIT International GmbH\"},\"image\":{\"@id\":\"https:\/\/stil-fit.com\/pl\/#logo\"}},{\"@type\":\"WebSite\",\"@id\":\"https:\/\/stil-fit.com\/pl\/#website\",\"url\":\"https:\/\/stil-fit.com\/pl\/\",\"name\":\"STIL-FIT\",\"description\":\"Stil-fit\",\"publisher\":{\"@id\":\"https:\/\/stil-fit.com\/pl\/#organization\"},\"potentialAction\":[{\"@type\":\"SearchAction\",\"target\":\"https:\/\/stil-fit.com\/pl\/?s={search_term_string}\",\"query-input\":\"required name=search_term_string\"}],\"inLanguage\":\"pl-PL\"},{\"@type\":\"ImageObject\",\"@id\":\"https:\/\/stil-fit.com\/pl\/sklep\/stil-fit-uchwyt-na-tablet-rower-pro\/#primaryimage\",\"inLanguage\":\"pl-PL\",\"url\":\"https:\/\/stil-fit.com\/wp-content\/uploads\/2023\/11\/STIL-FIT-Rower-PRO-Tablet-holder.jpg\",\"width\":785,\"height\":785},{\"@type\":\"WebPage\",\"@id\":\"https:\/\/stil-fit.com\/pl\/sklep\/stil-fit-uchwyt-na-tablet-rower-pro\/#webpage\",\"url\":\"https:\/\/stil-fit.com\/pl\/sklep\/stil-fit-uchwyt-na-tablet-rower-pro\/\",\"name\":\"STIL-FIT Uchwyt na tablet Rower PRO | Ulepsz swoj\\u0105 maszyn\\u0119 do wios\\u0142owania PRO\",\"isPartOf\":{\"@id\":\"https:\/\/stil-fit.com\/pl\/#website\"},\"primaryImageOfPage\":{\"@id\":\"https:\/\/stil-fit.com\/pl\/sklep\/stil-fit-uchwyt-na-tablet-rower-pro\/#primaryimage\"},\"datePublished\":\"2025-03-27T12:31:14+00:00\",\"dateModified\":\"2025-03-27T12:31:14+00:00\",\"description\":\"Uchwyt na tablet STIL-FIT zosta\\u0142 zaprojektowany tak, aby tablet by\\u0142 zawsze widoczny podczas treningu. Odpowiedni dla wszystkich rozmiar\\u00f3w tablet\\u00f3w.\",\"inLanguage\":\"pl-PL\",\"potentialAction\":[{\"@type\":\"ReadAction\",\"target\":[\"https:\/\/stil-fit.com\/pl\/sklep\/stil-fit-uchwyt-na-tablet-rower-pro\/\"]}]}]}<\/script>\n<!-- \/ Yoast SEO Premium plugin. -->","post_mailing_queue_ids":[],"_links":{"self":[{"href":"https:\/\/stil-fit.com\/pl\/wp-json\/wp\/v2\/product\/35144","targetHints":{"allow":["GET"]}}],"collection":[{"href":"https:\/\/stil-fit.com\/pl\/wp-json\/wp\/v2\/product"}],"about":[{"href":"https:\/\/stil-fit.com\/pl\/wp-json\/wp\/v2\/types\/product"}],"replies":[{"embeddable":true,"href":"https:\/\/stil-fit.com\/pl\/wp-json\/wp\/v2\/comments?post=35144"}],"wp:featuredmedia":[{"embeddable":true,"href":"https:\/\/stil-fit.com\/pl\/wp-json\/wp\/v2\/media\/31625"}],"wp:attachment":[{"href":"https:\/\/stil-fit.com\/pl\/wp-json\/wp\/v2\/media?parent=35144"}],"wp:term":[{"taxonomy":"product_brand","embeddable":true,"href":"https:\/\/stil-fit.com\/pl\/wp-json\/wp\/v2\/product_brand?post=35144"},{"taxonomy":"product_cat","embeddable":true,"href":"https:\/\/stil-fit.com\/pl\/wp-json\/wp\/v2\/product_cat?post=35144"},{"taxonomy":"product_tag","embeddable":true,"href":"https:\/\/stil-fit.com\/pl\/wp-json\/wp\/v2\/product_tag?post=35144"},{"taxonomy":"yst_prominent_words","embeddable":true,"href":"https:\/\/stil-fit.com\/pl\/wp-json\/wp\/v2\/yst_prominent_words?post=35144"}],"curies":[{"name":"wp","href":"https:\/\/api.w.org\/{rel}","templated":true}]}}