{"id":35173,"date":"2023-05-17T16:16:58","date_gmt":"2025-03-27T12:40:36","guid":{"rendered":"https:\/\/stil-fit.com\/shop\/stil-fit-bike-nero-wydanie\/"},"modified":"2025-03-27T13:40:36","modified_gmt":"2025-03-27T12:40:36","slug":"stil-fit-bike-nero-wydanie","status":"publish","type":"product","link":"https:\/\/stil-fit.com\/pl\/sklep\/stil-fit-bike-nero-wydanie\/","title":{"rendered":"STIL-FIT Bike NERO &#8216;Wydanie&#8217;"},"content":{"rendered":"<h1><strong>Ikona w\u015br\u00f3d rower\u00f3w fitness &#8211; STIL-FIT Bike NERO &#8216;Edition&#8217;<\/strong><\/h1>\n<p>&nbsp;<\/p>\n<h2><strong>Najlepsze materia\u0142y<\/strong><\/h2>\n<p>Pracujemy z Bike NERO z aluminium, stal\u0105, drewnem orzechowym i sk\u00f3r\u0105 &#8211; jako\u015b\u0107 w najdrobniejszych szczeg\u00f3\u0142ach.<\/p>\n<h2><\/h2>\n<h2><strong>W pe\u0142ni interaktywny<\/strong><\/h2>\n<p>Sparuj Bike Nero z aplikacj\u0105 STIL-FIT lub r\u00f3\u017cnymi innymi aplikacjami, takimi jak Kinomap, Zwift lub Rouvy.<\/p>\n<h2><\/h2>\n<h2><strong>Samowystarczalno\u015b\u0107 i zr\u00f3wnowa\u017cony rozw\u00f3j<\/strong><\/h2>\n<p>Wymagan\u0105 energi\u0119 elektryczn\u0105 generujesz podczas treningu. Wtyczka zasilania nie jest konieczna. <\/p>\n<p>&nbsp;<\/p>\n","protected":false},"excerpt":{"rendered":"<p>&nbsp;<\/p>\n<p>Rower NERO &#8220;Edition&#8221; to nowe arcydzie\u0142o naszego projektanta Antona Marii Riefa. \u0141\u0105czy w sobie wyj\u0105tkowy design z eleganckimi komponentami i doskona\u0142\u0105 funkcjonalno\u015bci\u0105. <\/p>\n<p><strong>Wysy\u0142ka w ci\u0105gu 7 dni roboczych<\/strong><\/p>\n<p>&#8211; Wyprodukowano w Niemczech<\/p>\n<p>&#8211; Bezp\u0142atna wysy\u0142ka<\/p>\n<p>&#8211; Raty 0%<\/p>\n","protected":false},"featured_media":29940,"comment_status":"open","ping_status":"closed","template":"","meta":{"_monsterinsights_skip_tracking":false,"_monsterinsights_sitenote_active":false,"_monsterinsights_sitenote_note":"","_monsterinsights_sitenote_category":0},"product_brand":[],"product_cat":[2913,2934],"product_tag":[3179,3177,3178,3129,3176],"yst_prominent_words":[256,1442,1456,1460,1457,1462,591,161,251,1461,1459,1458,593,648],"class_list":{"0":"post-35173","1":"product","2":"type-product","3":"status-publish","4":"has-post-thumbnail","6":"product_cat-rowery-stacjonarne","7":"product_cat-uncategorised-pl","8":"product_tag-designfitness-pl","9":"product_tag-fitnessbike-pl","10":"product_tag-heimtrainer-pl","11":"product_tag-homefitness-pl","12":"product_tag-rowery-stacjonarne","13":"product_shipping_class-ergometer-2-pl","15":"first","16":"instock","17":"taxable","18":"shipping-taxable","19":"purchasable","20":"product-type-simple"},"composite_virtual":false,"composite_layout":"","composite_add_to_cart_form_location":"","composite_editable_in_cart":false,"composite_sold_individually_context":"","composite_shop_price_calc":"","composite_components":[],"composite_scenarios":[],"bundled_by":[],"bundle_stock_status":"instock","bundle_stock_quantity":null,"bundle_virtual":false,"bundle_layout":"","bundle_add_to_cart_form_location":"","bundle_editable_in_cart":false,"bundle_sold_individually_context":"","bundle_item_grouping":"","bundle_min_size":"","bundle_max_size":"","bundle_price":[],"bundled_items":[],"bundle_sell_ids":[9946],"yoast_head":"<!-- This site is optimized with the Yoast SEO Premium plugin v14.5 - https:\/\/yoast.com\/wordpress\/plugins\/seo\/ -->\n<title>STIL-FIT Bike NERO &#039;Wydanie&#039; | Ekskluzywna edycja specjalna wyprodukowana w Niemczech<\/title>\n<meta name=\"description\" content=\"Zam\u00f3w STIL-FIT Bike NERO &#039;Wydanie&#039; bezpo\u015brednio z naszej manufaktury, gdzie jest montowany r\u0119cznie. Zaprojektowany i opracowany w Monachium w Niemczech.\" \/>\n<meta name=\"robots\" content=\"index, follow\" \/>\n<meta name=\"googlebot\" content=\"index, follow, max-snippet:-1, max-image-preview:large, max-video-preview:-1\" \/>\n<meta name=\"bingbot\" content=\"index, follow, max-snippet:-1, max-image-preview:large, max-video-preview:-1\" \/>\n<link rel=\"canonical\" href=\"https:\/\/stil-fit.com\/pl\/sklep\/stil-fit-bike-nero-wydanie\/\" \/>\n<meta property=\"og:locale\" content=\"pl_PL\" \/>\n<meta property=\"og:type\" content=\"article\" \/>\n<meta property=\"og:title\" content=\"STIL-FIT Bike NERO &#039;Wydanie&#039; | Ekskluzywna edycja specjalna wyprodukowana w Niemczech\" \/>\n<meta property=\"og:description\" content=\"Zam\u00f3w STIL-FIT Bike NERO &#039;Wydanie&#039; bezpo\u015brednio z naszej manufaktury, gdzie jest montowany r\u0119cznie. Zaprojektowany i opracowany w Monachium w Niemczech.\" \/>\n<meta property=\"og:url\" content=\"https:\/\/stil-fit.com\/pl\/sklep\/stil-fit-bike-nero-wydanie\/\" \/>\n<meta property=\"og:site_name\" content=\"STIL-FIT\" \/>\n<meta property=\"article:publisher\" content=\"https:\/\/de-de.facebook.com\/stilfit\/\" \/>\n<meta property=\"og:image\" content=\"https:\/\/stil-fit.com\/wp-content\/uploads\/2023\/05\/STIL-FIT-Ergometer-NERO-1.jpg\" \/>\n\t<meta property=\"og:image:width\" content=\"1772\" \/>\n\t<meta property=\"og:image:height\" content=\"1772\" \/>\n<meta name=\"twitter:card\" content=\"summary_large_image\" \/>\n<script type=\"application\/ld+json\" class=\"yoast-schema-graph\">{\"@context\":\"https:\/\/schema.org\",\"@graph\":[{\"@type\":\"Organization\",\"@id\":\"https:\/\/stil-fit.com\/pl\/#organization\",\"name\":\"STIL-FIT International GmbH\",\"url\":\"https:\/\/stil-fit.com\/pl\/\",\"sameAs\":[\"https:\/\/de-de.facebook.com\/stilfit\/\",\"https:\/\/www.instagram.com\/stil_fit_int\/\",\"https:\/\/www.linkedin.com\/company\/stil-fit-international-gmbh\",\"https:\/\/www.youtube.com\/channel\/UC2HA1BeZtFB0acPMfq1hKdQ\",\"https:\/\/www.pinterest.com\/STILFITInt\/\"],\"logo\":{\"@type\":\"ImageObject\",\"@id\":\"https:\/\/stil-fit.com\/pl\/#logo\",\"inLanguage\":\"pl-PL\",\"url\":\"https:\/\/stil-fit.com\/wp-content\/uploads\/2019\/02\/stilfit_logo.jpg\",\"width\":150,\"height\":150,\"caption\":\"STIL-FIT International GmbH\"},\"image\":{\"@id\":\"https:\/\/stil-fit.com\/pl\/#logo\"}},{\"@type\":\"WebSite\",\"@id\":\"https:\/\/stil-fit.com\/pl\/#website\",\"url\":\"https:\/\/stil-fit.com\/pl\/\",\"name\":\"STIL-FIT\",\"description\":\"Stil-fit\",\"publisher\":{\"@id\":\"https:\/\/stil-fit.com\/pl\/#organization\"},\"potentialAction\":[{\"@type\":\"SearchAction\",\"target\":\"https:\/\/stil-fit.com\/pl\/?s={search_term_string}\",\"query-input\":\"required name=search_term_string\"}],\"inLanguage\":\"pl-PL\"},{\"@type\":\"ImageObject\",\"@id\":\"https:\/\/stil-fit.com\/pl\/sklep\/stil-fit-bike-nero-wydanie\/#primaryimage\",\"inLanguage\":\"pl-PL\",\"url\":\"https:\/\/stil-fit.com\/wp-content\/uploads\/2023\/05\/STIL-FIT-Ergometer-NERO-1.jpg\",\"width\":1772,\"height\":1772},{\"@type\":\"WebPage\",\"@id\":\"https:\/\/stil-fit.com\/pl\/sklep\/stil-fit-bike-nero-wydanie\/#webpage\",\"url\":\"https:\/\/stil-fit.com\/pl\/sklep\/stil-fit-bike-nero-wydanie\/\",\"name\":\"STIL-FIT Bike NERO 'Wydanie' | Ekskluzywna edycja specjalna wyprodukowana w Niemczech\",\"isPartOf\":{\"@id\":\"https:\/\/stil-fit.com\/pl\/#website\"},\"primaryImageOfPage\":{\"@id\":\"https:\/\/stil-fit.com\/pl\/sklep\/stil-fit-bike-nero-wydanie\/#primaryimage\"},\"datePublished\":\"2025-03-27T12:40:36+00:00\",\"dateModified\":\"2025-03-27T12:40:36+00:00\",\"description\":\"Zam\\u00f3w STIL-FIT Bike NERO 'Wydanie' bezpo\\u015brednio z naszej manufaktury, gdzie jest montowany r\\u0119cznie. Zaprojektowany i opracowany w Monachium w Niemczech.\",\"inLanguage\":\"pl-PL\",\"potentialAction\":[{\"@type\":\"ReadAction\",\"target\":[\"https:\/\/stil-fit.com\/pl\/sklep\/stil-fit-bike-nero-wydanie\/\"]}]}]}<\/script>\n<!-- \/ Yoast SEO Premium plugin. -->","post_mailing_queue_ids":[],"_links":{"self":[{"href":"https:\/\/stil-fit.com\/pl\/wp-json\/wp\/v2\/product\/35173","targetHints":{"allow":["GET"]}}],"collection":[{"href":"https:\/\/stil-fit.com\/pl\/wp-json\/wp\/v2\/product"}],"about":[{"href":"https:\/\/stil-fit.com\/pl\/wp-json\/wp\/v2\/types\/product"}],"replies":[{"embeddable":true,"href":"https:\/\/stil-fit.com\/pl\/wp-json\/wp\/v2\/comments?post=35173"}],"wp:featuredmedia":[{"embeddable":true,"href":"https:\/\/stil-fit.com\/pl\/wp-json\/wp\/v2\/media\/29940"}],"wp:attachment":[{"href":"https:\/\/stil-fit.com\/pl\/wp-json\/wp\/v2\/media?parent=35173"}],"wp:term":[{"taxonomy":"product_brand","embeddable":true,"href":"https:\/\/stil-fit.com\/pl\/wp-json\/wp\/v2\/product_brand?post=35173"},{"taxonomy":"product_cat","embeddable":true,"href":"https:\/\/stil-fit.com\/pl\/wp-json\/wp\/v2\/product_cat?post=35173"},{"taxonomy":"product_tag","embeddable":true,"href":"https:\/\/stil-fit.com\/pl\/wp-json\/wp\/v2\/product_tag?post=35173"},{"taxonomy":"yst_prominent_words","embeddable":true,"href":"https:\/\/stil-fit.com\/pl\/wp-json\/wp\/v2\/yst_prominent_words?post=35173"}],"curies":[{"name":"wp","href":"https:\/\/api.w.org\/{rel}","templated":true}]}}