{"id":35182,"date":"2023-09-28T14:08:55","date_gmt":"2025-03-27T12:40:53","guid":{"rendered":"https:\/\/stil-fit.com\/shop\/stil-fit-bike-pro\/"},"modified":"2025-03-27T13:40:53","modified_gmt":"2025-03-27T12:40:53","slug":"stil-fit-bike-pro","status":"publish","type":"product","link":"https:\/\/stil-fit.com\/pl\/sklep\/stil-fit-bike-pro\/","title":{"rendered":"STIL-FIT Bike PRO"},"content":{"rendered":"<h1><strong>STIL-FIT Bike PRO<\/strong><\/h1>\n<p>&nbsp;<\/p>\n<p style=\"font-weight: 400;\"><span style=\"font-size: 120%;\">Nasz STIL-FIT Bike PRO oferuje wszystkie dobrze znane zalety naszych poprzednich rower\u00f3w, takie jak najwy\u017csza ergonomia i innowacyjny komputer treningowy. Elegancki czarny matowy design i nowa sportowa kierownica sprawiaj\u0105, \u017ce rower jest absolutnym arcydzie\u0142em. <\/span><\/p>\n<ul>\n<li style=\"font-weight: 400;\"><span style=\"font-size: 120%;\">Stylowa i ergonomiczna konstrukcja zapewniaj\u0105ca odpowiedni\u0105 pozycj\u0119 siedz\u0105c\u0105 dla ka\u017cdego u\u017cytkownika.<\/span><\/li>\n<\/ul>\n<p>&nbsp;<\/p>\n<ul>\n<li style=\"font-weight: 400;\"><span style=\"font-size: 120%;\">Wydajny komputer treningowy z kolorowym wy\u015bwietlaczem i ekranem dotykowym<\/span><\/li>\n<\/ul>\n<p>&nbsp;<\/p>\n<ul>\n<li style=\"font-weight: 400;\"><span style=\"font-size: 120%;\">R\u00f3\u017cne programy treningowe, takie jak trening interwa\u0142owy, jazda po wzniesieniach lub programy sterowane t\u0119tnem.<\/span><\/li>\n<\/ul>\n<p>&nbsp;<\/p>\n<ul>\n<li style=\"font-weight: 400;\"><span style=\"font-size: 120%;\">Kompatybilno\u015b\u0107 z aplikacj\u0105 STIL-FIT, a tak\u017ce Kinomap, Zwift, Rouvy i BKool.<\/span><\/li>\n<\/ul>\n<p>&nbsp;<\/p>\n<ul>\n<li style=\"font-weight: 400;\"><span style=\"font-size: 120%;\">Wysokiej jako\u015bci indukcyjny uk\u0142ad hamulcowy z generatorem, kt\u00f3ry eliminuje potrzeb\u0119 pod\u0142\u0105czenia do zasilania.<\/span><\/li>\n<\/ul>\n","protected":false},"excerpt":{"rendered":"<p>&nbsp;<\/p>\n<p><span style=\"font-size: 100%;\">Bike PRO to najnowszy dodatek do naszej oferty rower\u00f3w. Najwy\u017csza ergonomia, innowacyjny komputer treningowy i elegancki matowy czarny design definiuj\u0105 nasz nowy Bike PRO. <\/span><\/p>\n<p><span style=\"font-size: 100%;\"><strong>Wysy\u0142ka w ci\u0105gu 7 dni roboczych<\/strong><\/span><\/p>\n<p><span style=\"font-size: 100%;\">&#8211; Wyprodukowano w Niemczech<\/span><\/p>\n<p><span style=\"font-size: 100%;\">&#8211; Darmowa wysy\u0142ka (GER + AT)<\/span><\/p>\n<p><span style=\"font-size: 100%;\">&#8211; Raty 0%<\/span><\/p>\n","protected":false},"featured_media":30639,"comment_status":"open","ping_status":"closed","template":"","meta":{"_monsterinsights_skip_tracking":false,"_monsterinsights_sitenote_active":false,"_monsterinsights_sitenote_note":"","_monsterinsights_sitenote_category":0},"product_brand":[],"product_cat":[2913,2934],"product_tag":[3179,3177,3178,3129,3176],"yst_prominent_words":[256,723,1446,1442,190,170,255,1447,284,1450,161,1441,1448,1444,1449,251,169,1445,593],"class_list":{"0":"post-35182","1":"product","2":"type-product","3":"status-publish","4":"has-post-thumbnail","6":"product_cat-rowery-stacjonarne","7":"product_cat-uncategorised-pl","8":"product_tag-designfitness-pl","9":"product_tag-fitnessbike-pl","10":"product_tag-heimtrainer-pl","11":"product_tag-homefitness-pl","12":"product_tag-rowery-stacjonarne","13":"product_shipping_class-ergometer-2-pl","15":"first","16":"instock","17":"taxable","18":"shipping-taxable","19":"purchasable","20":"product-type-simple"},"composite_virtual":false,"composite_layout":"","composite_add_to_cart_form_location":"","composite_editable_in_cart":false,"composite_sold_individually_context":"","composite_shop_price_calc":"","composite_components":[],"composite_scenarios":[],"bundled_by":[],"bundle_stock_status":"instock","bundle_stock_quantity":null,"bundle_virtual":false,"bundle_layout":"","bundle_add_to_cart_form_location":"","bundle_editable_in_cart":false,"bundle_sold_individually_context":"","bundle_item_grouping":"","bundle_min_size":"","bundle_max_size":"","bundle_price":[],"bundled_items":[],"bundle_sell_ids":[35199,35551,35362,35227,35525,35541],"yoast_head":"<!-- This site is optimized with the Yoast SEO Premium plugin v14.5 - https:\/\/yoast.com\/wordpress\/plugins\/seo\/ -->\n<title>STIL-FIT Bike PRO | Nowy matowo-czarny design, nowa kierownica o wysokiej wydajno\u015bci<\/title>\n<meta name=\"description\" content=\"Zam\u00f3w bezpo\u015brednio u naszego monachijskiego producenta, a ergometr zostanie dostarczony szybko i \u0142atwo. W Niemczech i Austrii bezp\u0142atnie.\" \/>\n<meta name=\"robots\" content=\"index, follow\" \/>\n<meta name=\"googlebot\" content=\"index, follow, max-snippet:-1, max-image-preview:large, max-video-preview:-1\" \/>\n<meta name=\"bingbot\" content=\"index, follow, max-snippet:-1, max-image-preview:large, max-video-preview:-1\" \/>\n<link rel=\"canonical\" href=\"https:\/\/stil-fit.com\/pl\/sklep\/stil-fit-bike-pro\/\" \/>\n<meta property=\"og:locale\" content=\"pl_PL\" \/>\n<meta property=\"og:type\" content=\"article\" \/>\n<meta property=\"og:title\" content=\"STIL-FIT Bike PRO | Nowy matowo-czarny design, nowa kierownica o wysokiej wydajno\u015bci\" \/>\n<meta property=\"og:description\" content=\"Zam\u00f3w bezpo\u015brednio u naszego monachijskiego producenta, a ergometr zostanie dostarczony szybko i \u0142atwo. W Niemczech i Austrii bezp\u0142atnie.\" \/>\n<meta property=\"og:url\" content=\"https:\/\/stil-fit.com\/pl\/sklep\/stil-fit-bike-pro\/\" \/>\n<meta property=\"og:site_name\" content=\"STIL-FIT\" \/>\n<meta property=\"article:publisher\" content=\"https:\/\/de-de.facebook.com\/stilfit\/\" \/>\n<meta property=\"og:image\" content=\"https:\/\/stil-fit.com\/wp-content\/uploads\/2023\/09\/STIL-FIT-Ergometer-PRO-3.jpg\" \/>\n\t<meta property=\"og:image:width\" content=\"1181\" \/>\n\t<meta property=\"og:image:height\" content=\"1181\" \/>\n<meta name=\"twitter:card\" content=\"summary_large_image\" \/>\n<script type=\"application\/ld+json\" class=\"yoast-schema-graph\">{\"@context\":\"https:\/\/schema.org\",\"@graph\":[{\"@type\":\"Organization\",\"@id\":\"https:\/\/stil-fit.com\/pl\/#organization\",\"name\":\"STIL-FIT International GmbH\",\"url\":\"https:\/\/stil-fit.com\/pl\/\",\"sameAs\":[\"https:\/\/de-de.facebook.com\/stilfit\/\",\"https:\/\/www.instagram.com\/stil_fit_int\/\",\"https:\/\/www.linkedin.com\/company\/stil-fit-international-gmbh\",\"https:\/\/www.youtube.com\/channel\/UC2HA1BeZtFB0acPMfq1hKdQ\",\"https:\/\/www.pinterest.com\/STILFITInt\/\"],\"logo\":{\"@type\":\"ImageObject\",\"@id\":\"https:\/\/stil-fit.com\/pl\/#logo\",\"inLanguage\":\"pl-PL\",\"url\":\"https:\/\/stil-fit.com\/wp-content\/uploads\/2019\/02\/stilfit_logo.jpg\",\"width\":150,\"height\":150,\"caption\":\"STIL-FIT International GmbH\"},\"image\":{\"@id\":\"https:\/\/stil-fit.com\/pl\/#logo\"}},{\"@type\":\"WebSite\",\"@id\":\"https:\/\/stil-fit.com\/pl\/#website\",\"url\":\"https:\/\/stil-fit.com\/pl\/\",\"name\":\"STIL-FIT\",\"description\":\"Stil-fit\",\"publisher\":{\"@id\":\"https:\/\/stil-fit.com\/pl\/#organization\"},\"potentialAction\":[{\"@type\":\"SearchAction\",\"target\":\"https:\/\/stil-fit.com\/pl\/?s={search_term_string}\",\"query-input\":\"required name=search_term_string\"}],\"inLanguage\":\"pl-PL\"},{\"@type\":\"ImageObject\",\"@id\":\"https:\/\/stil-fit.com\/pl\/sklep\/stil-fit-bike-pro\/#primaryimage\",\"inLanguage\":\"pl-PL\",\"url\":\"https:\/\/stil-fit.com\/wp-content\/uploads\/2023\/09\/STIL-FIT-Ergometer-PRO-3.jpg\",\"width\":1181,\"height\":1181},{\"@type\":\"WebPage\",\"@id\":\"https:\/\/stil-fit.com\/pl\/sklep\/stil-fit-bike-pro\/#webpage\",\"url\":\"https:\/\/stil-fit.com\/pl\/sklep\/stil-fit-bike-pro\/\",\"name\":\"STIL-FIT Bike PRO | Nowy matowo-czarny design, nowa kierownica o wysokiej wydajno\\u015bci\",\"isPartOf\":{\"@id\":\"https:\/\/stil-fit.com\/pl\/#website\"},\"primaryImageOfPage\":{\"@id\":\"https:\/\/stil-fit.com\/pl\/sklep\/stil-fit-bike-pro\/#primaryimage\"},\"datePublished\":\"2025-03-27T12:40:53+00:00\",\"dateModified\":\"2025-03-27T12:40:53+00:00\",\"description\":\"Zam\\u00f3w bezpo\\u015brednio u naszego monachijskiego producenta, a ergometr zostanie dostarczony szybko i \\u0142atwo. W Niemczech i Austrii bezp\\u0142atnie.\",\"inLanguage\":\"pl-PL\",\"potentialAction\":[{\"@type\":\"ReadAction\",\"target\":[\"https:\/\/stil-fit.com\/pl\/sklep\/stil-fit-bike-pro\/\"]}]}]}<\/script>\n<!-- \/ Yoast SEO Premium plugin. -->","post_mailing_queue_ids":[],"_links":{"self":[{"href":"https:\/\/stil-fit.com\/pl\/wp-json\/wp\/v2\/product\/35182","targetHints":{"allow":["GET"]}}],"collection":[{"href":"https:\/\/stil-fit.com\/pl\/wp-json\/wp\/v2\/product"}],"about":[{"href":"https:\/\/stil-fit.com\/pl\/wp-json\/wp\/v2\/types\/product"}],"replies":[{"embeddable":true,"href":"https:\/\/stil-fit.com\/pl\/wp-json\/wp\/v2\/comments?post=35182"}],"wp:featuredmedia":[{"embeddable":true,"href":"https:\/\/stil-fit.com\/pl\/wp-json\/wp\/v2\/media\/30639"}],"wp:attachment":[{"href":"https:\/\/stil-fit.com\/pl\/wp-json\/wp\/v2\/media?parent=35182"}],"wp:term":[{"taxonomy":"product_brand","embeddable":true,"href":"https:\/\/stil-fit.com\/pl\/wp-json\/wp\/v2\/product_brand?post=35182"},{"taxonomy":"product_cat","embeddable":true,"href":"https:\/\/stil-fit.com\/pl\/wp-json\/wp\/v2\/product_cat?post=35182"},{"taxonomy":"product_tag","embeddable":true,"href":"https:\/\/stil-fit.com\/pl\/wp-json\/wp\/v2\/product_tag?post=35182"},{"taxonomy":"yst_prominent_words","embeddable":true,"href":"https:\/\/stil-fit.com\/pl\/wp-json\/wp\/v2\/yst_prominent_words?post=35182"}],"curies":[{"name":"wp","href":"https:\/\/api.w.org\/{rel}","templated":true}]}}