{"id":35199,"date":"2022-09-11T22:36:18","date_gmt":"2025-03-27T12:41:59","guid":{"rendered":"https:\/\/stil-fit.com\/shop\/stil-fit-smart-package\/"},"modified":"2025-03-27T13:41:59","modified_gmt":"2025-03-27T12:41:59","slug":"stil-fit-smart-package","status":"publish","type":"product","link":"https:\/\/stil-fit.com\/pl\/sklep\/stil-fit-smart-package\/","title":{"rendered":"STIL-FIT Smart-Package"},"content":{"rendered":"<h1><span style=\"font-size: 100%;\">The STIL-FIT Smart-Package<\/span><\/h1>\n<p><span style=\"font-size: 120%;\">Wi\u0119cej opcji. Wi\u0119cej zabawy. Wi\u0119cej motywacji.  <\/span><\/p>\n<p>+ Trenuj jeszcze skuteczniej dzi\u0119ki naszym STIL-FIT App<\/p>\n<p>Zr\u00f3\u017cnicowane programy treningowe, ustalanie tygodniowych cel\u00f3w, \u015bledzenie post\u0119p\u00f3w, eksportowanie danych&#8230; Aplikacja STIL-FIT App ze wszystkimi jego funkcjami jest zawarta w pakiecie Smart. <\/p>\n<p>+ Uzyskaj pe\u0142ny dost\u0119p do wszystkich swoich ulubionych aplikacji treningowych<\/p>\n<p>Dzi\u0119ki funkcji STIL-FIT Smart-Packagemo\u017cesz sprawi\u0107, \u017ce Tw\u00f3j ergometr b\u0119dzie kompatybilny ze wszystkimi popularnymi aplikacjami treningowymi. \u015aciganie si\u0119 z tysi\u0105cami u\u017cytkownik\u00f3w, jazda na wirtualnych trasach i treningi z przewodnikiem.<\/p>\n","protected":false},"excerpt":{"rendered":"<p>&nbsp;<\/p>\n<p>+ Wi\u0119cej opcji. Wi\u0119cej zabawy. Wi\u0119cej motywacji.  <\/p>\n<p>+ Trenuj bardziej efektywnie z STIL-FIT App.<\/p>\n<p>+ Pe\u0142ny dost\u0119p do wszystkich ulubionych aplikacji.<\/p>\n<p>&nbsp;<\/p>\n<p>&nbsp;<\/p>\n","protected":false},"featured_media":29826,"comment_status":"closed","ping_status":"closed","template":"","meta":{"_monsterinsights_skip_tracking":false,"_monsterinsights_sitenote_active":false,"_monsterinsights_sitenote_note":"","_monsterinsights_sitenote_category":0},"product_brand":[],"product_cat":[2913,2934],"product_tag":[3225,3224,3223,3176],"yst_prominent_words":[357,1476,1474,1475,161,566,1473,251,602,1472,169,593,267],"class_list":{"0":"post-35199","1":"product","2":"type-product","3":"status-publish","4":"has-post-thumbnail","6":"product_cat-rowery-stacjonarne","7":"product_cat-uncategorised-pl","8":"product_tag-apple-watch-pl","9":"product_tag-home-fitness-pl","10":"product_tag-kontrola-aplikacji","11":"product_tag-rowery-stacjonarne","12":"product_shipping_class-kleingerate-pl","14":"first","15":"instock","16":"taxable","17":"shipping-taxable","18":"purchasable","19":"product-type-simple"},"composite_virtual":false,"composite_layout":"","composite_add_to_cart_form_location":"","composite_editable_in_cart":false,"composite_sold_individually_context":"","composite_shop_price_calc":"","composite_components":[],"composite_scenarios":[],"bundled_by":[],"bundle_stock_status":"instock","bundle_stock_quantity":null,"bundle_virtual":false,"bundle_layout":"","bundle_add_to_cart_form_location":"","bundle_editable_in_cart":false,"bundle_sold_individually_context":"","bundle_item_grouping":"","bundle_min_size":"","bundle_max_size":"","bundle_price":[],"bundled_items":[],"bundle_sell_ids":[],"yoast_head":"<!-- This site is optimized with the Yoast SEO Premium plugin v14.5 - https:\/\/yoast.com\/wordpress\/plugins\/seo\/ -->\n<title>STIL-FIT Smart-Package | Cyfrowy \u015bwiat fitness STIL-FIT<\/title>\n<meta name=\"description\" content=\"Ciesz si\u0119 jeszcze lepszym treningiem dzi\u0119ki naszym STIL-FIT Smart-Package. Zam\u00f3w teraz i ulepsz sw\u00f3j trening dzi\u0119ki naszej STIL-FIT App i innymi aplikacjami fitness.\" \/>\n<meta name=\"robots\" content=\"index, follow\" \/>\n<meta name=\"googlebot\" content=\"index, follow, max-snippet:-1, max-image-preview:large, max-video-preview:-1\" \/>\n<meta name=\"bingbot\" content=\"index, follow, max-snippet:-1, max-image-preview:large, max-video-preview:-1\" \/>\n<link rel=\"canonical\" href=\"https:\/\/stil-fit.com\/pl\/sklep\/stil-fit-smart-package\/\" \/>\n<meta property=\"og:locale\" content=\"pl_PL\" \/>\n<meta property=\"og:type\" content=\"article\" \/>\n<meta property=\"og:title\" content=\"STIL-FIT Smart-Package | Cyfrowy \u015bwiat fitness STIL-FIT\" \/>\n<meta property=\"og:description\" content=\"Ciesz si\u0119 jeszcze lepszym treningiem dzi\u0119ki naszym STIL-FIT Smart-Package. Zam\u00f3w teraz i ulepsz sw\u00f3j trening dzi\u0119ki naszej STIL-FIT App i innymi aplikacjami fitness.\" \/>\n<meta property=\"og:url\" content=\"https:\/\/stil-fit.com\/pl\/sklep\/stil-fit-smart-package\/\" \/>\n<meta property=\"og:site_name\" content=\"STIL-FIT\" \/>\n<meta property=\"article:publisher\" content=\"https:\/\/de-de.facebook.com\/stilfit\/\" \/>\n<meta property=\"og:image\" content=\"https:\/\/stil-fit.com\/wp-content\/uploads\/2023\/03\/STIL-FIT-Ergometer-PURE-Smart.jpg\" \/>\n\t<meta property=\"og:image:width\" content=\"1772\" \/>\n\t<meta property=\"og:image:height\" content=\"1772\" \/>\n<meta name=\"twitter:card\" content=\"summary_large_image\" \/>\n<script type=\"application\/ld+json\" class=\"yoast-schema-graph\">{\"@context\":\"https:\/\/schema.org\",\"@graph\":[{\"@type\":\"Organization\",\"@id\":\"https:\/\/stil-fit.com\/pl\/#organization\",\"name\":\"STIL-FIT International GmbH\",\"url\":\"https:\/\/stil-fit.com\/pl\/\",\"sameAs\":[\"https:\/\/de-de.facebook.com\/stilfit\/\",\"https:\/\/www.instagram.com\/stil_fit_int\/\",\"https:\/\/www.linkedin.com\/company\/stil-fit-international-gmbh\",\"https:\/\/www.youtube.com\/channel\/UC2HA1BeZtFB0acPMfq1hKdQ\",\"https:\/\/www.pinterest.com\/STILFITInt\/\"],\"logo\":{\"@type\":\"ImageObject\",\"@id\":\"https:\/\/stil-fit.com\/pl\/#logo\",\"inLanguage\":\"pl-PL\",\"url\":\"https:\/\/stil-fit.com\/wp-content\/uploads\/2019\/02\/stilfit_logo.jpg\",\"width\":150,\"height\":150,\"caption\":\"STIL-FIT International GmbH\"},\"image\":{\"@id\":\"https:\/\/stil-fit.com\/pl\/#logo\"}},{\"@type\":\"WebSite\",\"@id\":\"https:\/\/stil-fit.com\/pl\/#website\",\"url\":\"https:\/\/stil-fit.com\/pl\/\",\"name\":\"STIL-FIT\",\"description\":\"Stil-fit\",\"publisher\":{\"@id\":\"https:\/\/stil-fit.com\/pl\/#organization\"},\"potentialAction\":[{\"@type\":\"SearchAction\",\"target\":\"https:\/\/stil-fit.com\/pl\/?s={search_term_string}\",\"query-input\":\"required name=search_term_string\"}],\"inLanguage\":\"pl-PL\"},{\"@type\":\"ImageObject\",\"@id\":\"https:\/\/stil-fit.com\/pl\/sklep\/stil-fit-smart-package\/#primaryimage\",\"inLanguage\":\"pl-PL\",\"url\":\"https:\/\/stil-fit.com\/wp-content\/uploads\/2023\/03\/STIL-FIT-Ergometer-PURE-Smart.jpg\",\"width\":1772,\"height\":1772},{\"@type\":\"WebPage\",\"@id\":\"https:\/\/stil-fit.com\/pl\/sklep\/stil-fit-smart-package\/#webpage\",\"url\":\"https:\/\/stil-fit.com\/pl\/sklep\/stil-fit-smart-package\/\",\"name\":\"STIL-FIT Smart-Package | Cyfrowy \\u015bwiat fitness STIL-FIT\",\"isPartOf\":{\"@id\":\"https:\/\/stil-fit.com\/pl\/#website\"},\"primaryImageOfPage\":{\"@id\":\"https:\/\/stil-fit.com\/pl\/sklep\/stil-fit-smart-package\/#primaryimage\"},\"datePublished\":\"2025-03-27T12:41:59+00:00\",\"dateModified\":\"2025-03-27T12:41:59+00:00\",\"description\":\"Ciesz si\\u0119 jeszcze lepszym treningiem dzi\\u0119ki naszym STIL-FIT Smart-Package. Zam\\u00f3w teraz i ulepsz sw\\u00f3j trening dzi\\u0119ki naszej STIL-FIT App i innymi aplikacjami fitness.\",\"inLanguage\":\"pl-PL\",\"potentialAction\":[{\"@type\":\"ReadAction\",\"target\":[\"https:\/\/stil-fit.com\/pl\/sklep\/stil-fit-smart-package\/\"]}]}]}<\/script>\n<!-- \/ Yoast SEO Premium plugin. -->","post_mailing_queue_ids":[],"_links":{"self":[{"href":"https:\/\/stil-fit.com\/pl\/wp-json\/wp\/v2\/product\/35199","targetHints":{"allow":["GET"]}}],"collection":[{"href":"https:\/\/stil-fit.com\/pl\/wp-json\/wp\/v2\/product"}],"about":[{"href":"https:\/\/stil-fit.com\/pl\/wp-json\/wp\/v2\/types\/product"}],"replies":[{"embeddable":true,"href":"https:\/\/stil-fit.com\/pl\/wp-json\/wp\/v2\/comments?post=35199"}],"wp:featuredmedia":[{"embeddable":true,"href":"https:\/\/stil-fit.com\/pl\/wp-json\/wp\/v2\/media\/29826"}],"wp:attachment":[{"href":"https:\/\/stil-fit.com\/pl\/wp-json\/wp\/v2\/media?parent=35199"}],"wp:term":[{"taxonomy":"product_brand","embeddable":true,"href":"https:\/\/stil-fit.com\/pl\/wp-json\/wp\/v2\/product_brand?post=35199"},{"taxonomy":"product_cat","embeddable":true,"href":"https:\/\/stil-fit.com\/pl\/wp-json\/wp\/v2\/product_cat?post=35199"},{"taxonomy":"product_tag","embeddable":true,"href":"https:\/\/stil-fit.com\/pl\/wp-json\/wp\/v2\/product_tag?post=35199"},{"taxonomy":"yst_prominent_words","embeddable":true,"href":"https:\/\/stil-fit.com\/pl\/wp-json\/wp\/v2\/yst_prominent_words?post=35199"}],"curies":[{"name":"wp","href":"https:\/\/api.w.org\/{rel}","templated":true}]}}