{"id":35205,"date":"2023-09-28T15:45:04","date_gmt":"2025-03-27T12:42:02","guid":{"rendered":"https:\/\/stil-fit.com\/shop\/stil-fit-functional-trainer-pro\/"},"modified":"2025-06-25T11:53:55","modified_gmt":"2025-06-25T09:53:55","slug":"kabelzug-pro","status":"publish","type":"product","link":"https:\/\/stil-fit.com\/pl\/sklep\/kabelzug-pro\/","title":{"rendered":"STIL-FIT Functional Trainer PRO"},"content":{"rendered":"<h1><strong><span style=\"color: #282828;\"><span style=\"caret-color: #282828;\">Poci\u0105g kablowy<\/span> PRO STIL-FIT <\/span><\/strong><\/h1>\n<h2><strong><span style=\"font-size: 100%;\">Oszcz\u0119dno\u015b\u0107 miejsca  <\/span><\/strong><\/h2>\n<p>Dzi\u0119ki kompaktowym wymiarom zwijacz kabla STIL-FIT optymalizuje dost\u0119pn\u0105 przestrze\u0144. Do ustawienia urz\u0105dzenia wystarczy zaledwie 0,5 metra kwadratowego powierzchni. <\/p>\n<h2><span style=\"font-size: 100%;\"><strong>Wielofunkcyjna maszyna zasilaj\u0105ca<\/strong><\/span><\/h2>\n<p>Uchwyty mo\u017cna obraca\u0107 i p\u0142ynnie regulowa\u0107 ich wysoko\u015b\u0107. Odleg\u0142o\u015b\u0107 mi\u0119dzy dwoma uchwytami wynosi 90 cm, co zapewnia wyj\u0105tkowo szeroki zakres opcji \u0107wicze\u0144. <\/p>\n<h2><strong>Niezwykle wszechstronny<\/strong><\/h2>\n<p>Dzi\u0119ki dw\u00f3m uchwytom, lat pull-down unit i lat pull-down bar, wyci\u0105g linowy PRO jest ju\u017c wyposa\u017cony do niezliczonych \u0107wicze\u0144.<\/p>\n<h2><strong><span style=\"font-size: 100%;\">Przyjazny dla u\u017cytkownika  <\/span><\/strong><\/h2>\n<p>Oznaczenia na prowadnicach umo\u017cliwiaj\u0105 \u0142atw\u0105 regulacj\u0119 wysoko\u015bci. Dzi\u0119ki naszemu specjalnemu blokowi obci\u0105\u017ceniowemu minimalna waga pocz\u0105tkowa wynosi 1,25 kg, a maksymalna waga to 42,5 kg na stron\u0119 ci\u0105gn\u0105c\u0105. Idealna maszyna si\u0142owa dla ka\u017cdego.<\/p>\n","protected":false},"excerpt":{"rendered":"<p>&nbsp;<\/p>\n<p>Nasz wyci\u0105g linowy PRO to kompletna si\u0142ownia na powierzchni zaledwie 0,5 metra kwadratowego. Dzi\u0119ki dw\u00f3m uchwytom, opcjonalnemu \u015bci\u0105gaczowi i dr\u0105\u017ckowi, wyci\u0105g linowy PRO jest gotowy do wielu efektywnych \u0107wicze\u0144. <\/p>\n<p><strong>Gotowy do wysy\u0142ki w ci\u0105gu 2-3 tygodni<\/strong><\/p>\n<ul>\n<li>R\u0119cznie wykonane dla Pa\u0144stwa w naszej manufakturze w Monachium.<\/li>\n<li>W zestawie dr\u0105\u017cek do podci\u0105gania si\u0119 na dr\u0105\u017cku i dr\u0105\u017cek do podci\u0105gania si\u0119 na dr\u0105\u017cku <\/li>\n<li>\u0141atwa instalacja, poniewa\u017c urz\u0105dzenie jest prawie ca\u0142kowicie wst\u0119pnie zmontowane.<\/li>\n<li>Wyprodukowano w Niemczech<\/li>\n<li>Darmowa wysy\u0142ka (Niemcy i Austria)<\/li>\n<li>Raty 0% (tylko Niemcy)<\/li>\n<\/ul>\n<p><strong>Prosz\u0119 wybra\u0107 model:  <\/strong><\/p>\n","protected":false},"featured_media":30779,"comment_status":"open","ping_status":"closed","template":"","meta":{"_monsterinsights_skip_tracking":false,"_monsterinsights_sitenote_active":false,"_monsterinsights_sitenote_note":"","_monsterinsights_sitenote_category":0},"product_brand":[],"product_cat":[2920,2927],"product_tag":[3228,3129,3133,3231,3230,3229],"yst_prominent_words":[164,1463,179,620,161,515],"class_list":{"0":"post-35205","1":"product","2":"type-product","3":"status-publish","4":"has-post-thumbnail","6":"product_cat-sciana-fitness","7":"product_cat-trening-silowy","8":"product_tag-fitness-pl","9":"product_tag-homefitness-pl","10":"product_tag-homegym-pl","11":"product_tag-sciana-fitness","12":"product_tag-szkolenie-funkcjonalne","13":"product_tag-trening-silowy","14":"product_shipping_class-kabelzug-2-pl","16":"first","17":"instock","18":"taxable","19":"shipping-taxable","20":"purchasable","21":"product-type-variable","22":"has-default-attributes"},"composite_virtual":false,"composite_layout":"","composite_add_to_cart_form_location":"","composite_editable_in_cart":false,"composite_sold_individually_context":"","composite_shop_price_calc":"","composite_components":[],"composite_scenarios":[],"bundled_by":[],"bundle_stock_status":"instock","bundle_stock_quantity":null,"bundle_virtual":false,"bundle_layout":"","bundle_add_to_cart_form_location":"","bundle_editable_in_cart":false,"bundle_sold_individually_context":"","bundle_item_grouping":"","bundle_min_size":"","bundle_max_size":"","bundle_price":[],"bundled_items":[],"bundle_sell_ids":[35342,35301,35322,35162,35247],"yoast_head":"<!-- This site is optimized with the Yoast SEO Premium plugin v14.5 - https:\/\/yoast.com\/wordpress\/plugins\/seo\/ -->\n<title>STIL-FIT Functional Trainer PRO | Wszechstronne urz\u0105dzenie wytrzyma\u0142o\u015bciowe - Made in Germany<\/title>\n<meta name=\"description\" content=\"Prosz\u0119 odkry\u0107 ekskluzywny STIL-FIT cable pull PRO | Zaprojektowany i opracowany w Monachium. Prosz\u0119 zamawia\u0107 bezpo\u015brednio od producenta.\" \/>\n<meta name=\"robots\" content=\"index, follow\" \/>\n<meta name=\"googlebot\" content=\"index, follow, max-snippet:-1, max-image-preview:large, max-video-preview:-1\" \/>\n<meta name=\"bingbot\" content=\"index, follow, max-snippet:-1, max-image-preview:large, max-video-preview:-1\" \/>\n<link rel=\"canonical\" href=\"https:\/\/stil-fit.com\/pl\/sklep\/kabelzug-pro\/\" \/>\n<meta property=\"og:locale\" content=\"pl_PL\" \/>\n<meta property=\"og:type\" content=\"article\" \/>\n<meta property=\"og:title\" content=\"STIL-FIT Functional Trainer PRO | Wszechstronne urz\u0105dzenie wytrzyma\u0142o\u015bciowe - Made in Germany\" \/>\n<meta property=\"og:description\" content=\"Prosz\u0119 odkry\u0107 ekskluzywny STIL-FIT cable pull PRO | Zaprojektowany i opracowany w Monachium. Prosz\u0119 zamawia\u0107 bezpo\u015brednio od producenta.\" \/>\n<meta property=\"og:url\" content=\"https:\/\/stil-fit.com\/pl\/sklep\/kabelzug-pro\/\" \/>\n<meta property=\"og:site_name\" content=\"STIL-FIT\" \/>\n<meta property=\"article:publisher\" content=\"https:\/\/de-de.facebook.com\/stilfit\/\" \/>\n<meta property=\"article:modified_time\" content=\"2025-06-25T09:53:55+00:00\" \/>\n<meta property=\"og:image\" content=\"https:\/\/stil-fit.com\/wp-content\/uploads\/2023\/09\/STIL-FIT-Functional-Trainer-PRO-mirror-1.jpg\" \/>\n\t<meta property=\"og:image:width\" content=\"1181\" \/>\n\t<meta property=\"og:image:height\" content=\"1185\" \/>\n<meta name=\"twitter:card\" content=\"summary_large_image\" \/>\n<script type=\"application\/ld+json\" class=\"yoast-schema-graph\">{\"@context\":\"https:\/\/schema.org\",\"@graph\":[{\"@type\":\"Organization\",\"@id\":\"https:\/\/stil-fit.com\/pl\/#organization\",\"name\":\"STIL-FIT International GmbH\",\"url\":\"https:\/\/stil-fit.com\/pl\/\",\"sameAs\":[\"https:\/\/de-de.facebook.com\/stilfit\/\",\"https:\/\/www.instagram.com\/stil_fit_int\/\",\"https:\/\/www.linkedin.com\/company\/stil-fit-international-gmbh\",\"https:\/\/www.youtube.com\/channel\/UC2HA1BeZtFB0acPMfq1hKdQ\",\"https:\/\/www.pinterest.com\/STILFITInt\/\"],\"logo\":{\"@type\":\"ImageObject\",\"@id\":\"https:\/\/stil-fit.com\/pl\/#logo\",\"inLanguage\":\"pl-PL\",\"url\":\"https:\/\/stil-fit.com\/wp-content\/uploads\/2019\/02\/stilfit_logo.jpg\",\"width\":150,\"height\":150,\"caption\":\"STIL-FIT International GmbH\"},\"image\":{\"@id\":\"https:\/\/stil-fit.com\/pl\/#logo\"}},{\"@type\":\"WebSite\",\"@id\":\"https:\/\/stil-fit.com\/pl\/#website\",\"url\":\"https:\/\/stil-fit.com\/pl\/\",\"name\":\"STIL-FIT\",\"description\":\"Stil-fit\",\"publisher\":{\"@id\":\"https:\/\/stil-fit.com\/pl\/#organization\"},\"potentialAction\":[{\"@type\":\"SearchAction\",\"target\":\"https:\/\/stil-fit.com\/pl\/?s={search_term_string}\",\"query-input\":\"required name=search_term_string\"}],\"inLanguage\":\"pl-PL\"},{\"@type\":\"ImageObject\",\"@id\":\"https:\/\/stil-fit.com\/pl\/sklep\/kabelzug-pro\/#primaryimage\",\"inLanguage\":\"pl-PL\",\"url\":\"https:\/\/stil-fit.com\/wp-content\/uploads\/2023\/09\/STIL-FIT-Functional-Trainer-PRO-mirror-1.jpg\",\"width\":1181,\"height\":1185},{\"@type\":\"WebPage\",\"@id\":\"https:\/\/stil-fit.com\/pl\/sklep\/kabelzug-pro\/#webpage\",\"url\":\"https:\/\/stil-fit.com\/pl\/sklep\/kabelzug-pro\/\",\"name\":\"STIL-FIT Functional Trainer PRO | Wszechstronne urz\\u0105dzenie wytrzyma\\u0142o\\u015bciowe - Made in Germany\",\"isPartOf\":{\"@id\":\"https:\/\/stil-fit.com\/pl\/#website\"},\"primaryImageOfPage\":{\"@id\":\"https:\/\/stil-fit.com\/pl\/sklep\/kabelzug-pro\/#primaryimage\"},\"datePublished\":\"2025-03-27T12:42:02+00:00\",\"dateModified\":\"2025-06-25T09:53:55+00:00\",\"description\":\"Prosz\\u0119 odkry\\u0107 ekskluzywny STIL-FIT cable pull PRO | Zaprojektowany i opracowany w Monachium. Prosz\\u0119 zamawia\\u0107 bezpo\\u015brednio od producenta.\",\"inLanguage\":\"pl-PL\",\"potentialAction\":[{\"@type\":\"ReadAction\",\"target\":[\"https:\/\/stil-fit.com\/pl\/sklep\/kabelzug-pro\/\"]}]}]}<\/script>\n<!-- \/ Yoast SEO Premium plugin. -->","post_mailing_queue_ids":[],"_links":{"self":[{"href":"https:\/\/stil-fit.com\/pl\/wp-json\/wp\/v2\/product\/35205","targetHints":{"allow":["GET"]}}],"collection":[{"href":"https:\/\/stil-fit.com\/pl\/wp-json\/wp\/v2\/product"}],"about":[{"href":"https:\/\/stil-fit.com\/pl\/wp-json\/wp\/v2\/types\/product"}],"replies":[{"embeddable":true,"href":"https:\/\/stil-fit.com\/pl\/wp-json\/wp\/v2\/comments?post=35205"}],"wp:featuredmedia":[{"embeddable":true,"href":"https:\/\/stil-fit.com\/pl\/wp-json\/wp\/v2\/media\/30779"}],"wp:attachment":[{"href":"https:\/\/stil-fit.com\/pl\/wp-json\/wp\/v2\/media?parent=35205"}],"wp:term":[{"taxonomy":"product_brand","embeddable":true,"href":"https:\/\/stil-fit.com\/pl\/wp-json\/wp\/v2\/product_brand?post=35205"},{"taxonomy":"product_cat","embeddable":true,"href":"https:\/\/stil-fit.com\/pl\/wp-json\/wp\/v2\/product_cat?post=35205"},{"taxonomy":"product_tag","embeddable":true,"href":"https:\/\/stil-fit.com\/pl\/wp-json\/wp\/v2\/product_tag?post=35205"},{"taxonomy":"yst_prominent_words","embeddable":true,"href":"https:\/\/stil-fit.com\/pl\/wp-json\/wp\/v2\/yst_prominent_words?post=35205"}],"curies":[{"name":"wp","href":"https:\/\/api.w.org\/{rel}","templated":true}]}}