{"id":35257,"date":"2023-09-28T14:37:19","date_gmt":"2025-03-27T12:44:06","guid":{"rendered":"https:\/\/stil-fit.com\/shop\/stil-fit-rower-pro\/"},"modified":"2025-03-27T13:44:06","modified_gmt":"2025-03-27T12:44:06","slug":"stil-fit-rower-pro","status":"publish","type":"product","link":"https:\/\/stil-fit.com\/pl\/sklep\/stil-fit-rower-pro\/","title":{"rendered":"STIL-FIT Rower PRO"},"content":{"rendered":"<h1><strong>STIL-FIT Rower PRO<\/strong><\/h1>\n<h2><strong>Idealny trening ca\u0142ego cia\u0142a<\/strong><\/h2>\n<p>Wio\u015blarstwo to idealne po\u0142\u0105czenie treningu si\u0142owego i wytrzyma\u0142o\u015bciowego. Wszystkie g\u0142\u00f3wne grupy mi\u0119\u015bni s\u0105 intensywnie trenowane, stymuluje redukcj\u0119 tkanki t\u0142uszczowej i wzmacnia uk\u0142ad sercowo-naczyniowy. \u015awietny i bardzo skuteczny trening ca\u0142ego cia\u0142a.  <\/p>\n<h2><strong>Ekskluzywny i nowoczesny design<\/strong><\/h2>\n<p>Nowy wio\u015blarz STIL-FIT Rower PRO wyznacza nowy standard dzi\u0119ki unikalnemu wzornictwu. Dzi\u0119ki innowacyjnemu wygl\u0105dowi, stabilnej ramie i wysokiej pozycji siedz\u0105cej jest to absolutnie wyj\u0105tkowy element, kt\u00f3ry poprawi Twoje wra\u017cenia z wios\u0142owania. <\/p>\n<h2><strong>Powered by WaterRower<\/strong><\/h2>\n<p>Dzi\u0119ki wsp\u00f3\u0142pracy z WaterRower nasz wio\u015blarz jest na najwy\u017cszym poziomie technologicznym. Poniewa\u017c komponenty, kt\u00f3rych u\u017cywamy, s\u0105 dostarczane przez WaterRower, wiemy, \u017ce zawsze b\u0119dzie doskona\u0142e i p\u0142ynne uczucie wios\u0142owania. Podczas wios\u0142owania s\u0142ycha\u0107 tylko przyjemny d\u017awi\u0119k p\u0142yn\u0105cej wody.  <\/p>\n<h2><strong>Realistyczne wios\u0142owanie z wodoodporno\u015bci\u0105<\/strong><\/h2>\n<p>Woda jest doskona\u0142ym naturalnym \u015brodkiem oporu i dlatego u\u017cywamy jej w naszym wio\u015blarzu PRO. Op\u00f3r jest bardzo dynamiczny i natychmiast dostosowuje si\u0119 do intensywno\u015bci poci\u0105gni\u0119cia. Poziom oporu ustawia si\u0119 na podstawie pr\u0119dko\u015bci poci\u0105gni\u0119cia. Tak realistyczne i naturalne, jak to tylko mo\u017cliwe!   <\/p>\n<h2><strong>Delikatny, ale skuteczny<\/strong><\/h2>\n<p>Jest jeszcze jeden wa\u017cny pow\u00f3d, dla kt\u00f3rego u\u017cywamy wody &#8211; ryzyko kontuzji i nadmiernego wysi\u0142ku fizycznego jest zminimalizowane, poniewa\u017c op\u00f3r dostosowuje si\u0119 do si\u0142y wio\u015blarza. Trening jest bardzo \u0142agodny dla staw\u00f3w, \u015bci\u0119gien i wi\u0119zade\u0142 dzi\u0119ki p\u0142ynnemu i rytmicznemu ruchowi. <\/p>\n<h2><strong>Wydajny komputer treningowy<\/strong><\/h2>\n<p>Nasz wio\u015blarz jest obs\u0142ugiwany przez 4,3-calowy ekran dotykowy TFT. Interfejs u\u017cytkownika ekranu dotykowego jest intuicyjny i pokazuje wszystkie niezb\u0119dne dane w przejrzysty i uporz\u0105dkowany spos\u00f3b. Przechowuje dane do 6 u\u017cytkownik\u00f3w i pokazuje czas, dystans, czas na 500 m, liczb\u0119 uderze\u0144 na minut\u0119, kalorie, waty i puls. Dost\u0119pny jest r\u00f3wnie\u017c tryb wy\u015bcigu tempowego.<\/p>\n","protected":false},"excerpt":{"rendered":"<p>&nbsp;<\/p>\n<p>Wysokiej klasy wio\u015blarz oferuje unikalny design, wygodn\u0105, wysok\u0105 pozycj\u0119 siedz\u0105c\u0105, zintegrowany pomiar t\u0119tna, pe\u0142n\u0105 kompatybilno\u015b\u0107 z aplikacjami wio\u015blarskimi i absolutnie realistyczne wra\u017cenia z wios\u0142owania dzi\u0119ki dynamicznemu oporowi wody.<\/p>\n<p><strong>Wysy\u0142ka w ci\u0105gu 7 dni roboczych<\/strong><\/p>\n<p>&#8211; Made in Germany<\/p>\n<p>&#8211; Darmowa wysy\u0142ka<\/p>\n<p>&#8211; Raty 0%<\/p>\n","protected":false},"featured_media":32993,"comment_status":"open","ping_status":"closed","template":"","meta":{"_monsterinsights_skip_tracking":false,"_monsterinsights_sitenote_active":false,"_monsterinsights_sitenote_note":"","_monsterinsights_sitenote_category":0},"product_brand":[],"product_cat":[2945,2934],"product_tag":[3228,3224,3295,3296,3293,3294],"yst_prominent_words":[424,170,216,421,413,215,214,161,601,415,416,553,419,412,423],"class_list":{"0":"post-35257","1":"product","2":"type-product","3":"status-publish","4":"has-post-thumbnail","6":"product_cat-maszyna-do-wioslowania","7":"product_cat-uncategorised-pl","8":"product_tag-fitness-pl","9":"product_tag-home-fitness-pl","10":"product_tag-trening-calego-ciala","11":"product_tag-trening-cardio","12":"product_tag-wioslarstwo-pl","13":"product_tag-wioslarz-wodny","14":"product_shipping_class-flow-one-2-pl","16":"first","17":"instock","18":"taxable","19":"shipping-taxable","20":"purchasable","21":"product-type-simple"},"composite_virtual":false,"composite_layout":"","composite_add_to_cart_form_location":"","composite_editable_in_cart":false,"composite_sold_individually_context":"","composite_shop_price_calc":"","composite_components":[],"composite_scenarios":[],"bundled_by":[],"bundle_stock_status":"instock","bundle_stock_quantity":null,"bundle_virtual":false,"bundle_layout":"","bundle_add_to_cart_form_location":"","bundle_editable_in_cart":false,"bundle_sold_individually_context":"","bundle_item_grouping":"","bundle_min_size":"","bundle_max_size":"","bundle_price":[],"bundled_items":[],"bundle_sell_ids":[35144,9646,9946],"yoast_head":"<!-- This site is optimized with the Yoast SEO Premium plugin v14.5 - https:\/\/yoast.com\/wordpress\/plugins\/seo\/ -->\n<title>STIL-FIT Rower PRO | Wio\u015blarz wyczynowy Made in Germany<\/title>\n<meta name=\"description\" content=\"Zam\u00f3w STIL-FIT Rower PRO bezpo\u015brednio od producenta. Zaprojektowany i opracowany w Monachium, Niemcy. Bezp\u0142atna wysy\u0142ka na terenie Niemiec i Austrii.\" \/>\n<meta name=\"robots\" content=\"index, follow\" \/>\n<meta name=\"googlebot\" content=\"index, follow, max-snippet:-1, max-image-preview:large, max-video-preview:-1\" \/>\n<meta name=\"bingbot\" content=\"index, follow, max-snippet:-1, max-image-preview:large, max-video-preview:-1\" \/>\n<link rel=\"canonical\" href=\"https:\/\/stil-fit.com\/pl\/sklep\/stil-fit-rower-pro\/\" \/>\n<meta property=\"og:locale\" content=\"pl_PL\" \/>\n<meta property=\"og:type\" content=\"article\" \/>\n<meta property=\"og:title\" content=\"STIL-FIT Rower PRO | Wio\u015blarz wyczynowy Made in Germany\" \/>\n<meta property=\"og:description\" content=\"Zam\u00f3w STIL-FIT Rower PRO bezpo\u015brednio od producenta. Zaprojektowany i opracowany w Monachium, Niemcy. Bezp\u0142atna wysy\u0142ka na terenie Niemiec i Austrii.\" \/>\n<meta property=\"og:url\" content=\"https:\/\/stil-fit.com\/pl\/sklep\/stil-fit-rower-pro\/\" \/>\n<meta property=\"og:site_name\" content=\"STIL-FIT\" \/>\n<meta property=\"article:publisher\" content=\"https:\/\/de-de.facebook.com\/stilfit\/\" \/>\n<meta property=\"og:image\" content=\"https:\/\/stil-fit.com\/wp-content\/uploads\/2025\/01\/STIL-FIT-Rudergeraet-PRO.jpg\" \/>\n\t<meta property=\"og:image:width\" content=\"1476\" \/>\n\t<meta property=\"og:image:height\" content=\"1476\" \/>\n<meta name=\"twitter:card\" content=\"summary_large_image\" \/>\n<script type=\"application\/ld+json\" class=\"yoast-schema-graph\">{\"@context\":\"https:\/\/schema.org\",\"@graph\":[{\"@type\":\"Organization\",\"@id\":\"https:\/\/stil-fit.com\/pl\/#organization\",\"name\":\"STIL-FIT International GmbH\",\"url\":\"https:\/\/stil-fit.com\/pl\/\",\"sameAs\":[\"https:\/\/de-de.facebook.com\/stilfit\/\",\"https:\/\/www.instagram.com\/stil_fit_int\/\",\"https:\/\/www.linkedin.com\/company\/stil-fit-international-gmbh\",\"https:\/\/www.youtube.com\/channel\/UC2HA1BeZtFB0acPMfq1hKdQ\",\"https:\/\/www.pinterest.com\/STILFITInt\/\"],\"logo\":{\"@type\":\"ImageObject\",\"@id\":\"https:\/\/stil-fit.com\/pl\/#logo\",\"inLanguage\":\"pl-PL\",\"url\":\"https:\/\/stil-fit.com\/wp-content\/uploads\/2019\/02\/stilfit_logo.jpg\",\"width\":150,\"height\":150,\"caption\":\"STIL-FIT International GmbH\"},\"image\":{\"@id\":\"https:\/\/stil-fit.com\/pl\/#logo\"}},{\"@type\":\"WebSite\",\"@id\":\"https:\/\/stil-fit.com\/pl\/#website\",\"url\":\"https:\/\/stil-fit.com\/pl\/\",\"name\":\"STIL-FIT\",\"description\":\"Stil-fit\",\"publisher\":{\"@id\":\"https:\/\/stil-fit.com\/pl\/#organization\"},\"potentialAction\":[{\"@type\":\"SearchAction\",\"target\":\"https:\/\/stil-fit.com\/pl\/?s={search_term_string}\",\"query-input\":\"required name=search_term_string\"}],\"inLanguage\":\"pl-PL\"},{\"@type\":\"ImageObject\",\"@id\":\"https:\/\/stil-fit.com\/pl\/sklep\/stil-fit-rower-pro\/#primaryimage\",\"inLanguage\":\"pl-PL\",\"url\":\"https:\/\/stil-fit.com\/wp-content\/uploads\/2025\/01\/STIL-FIT-Rudergeraet-PRO.jpg\",\"width\":1476,\"height\":1476},{\"@type\":\"WebPage\",\"@id\":\"https:\/\/stil-fit.com\/pl\/sklep\/stil-fit-rower-pro\/#webpage\",\"url\":\"https:\/\/stil-fit.com\/pl\/sklep\/stil-fit-rower-pro\/\",\"name\":\"STIL-FIT Rower PRO | Wio\\u015blarz wyczynowy Made in Germany\",\"isPartOf\":{\"@id\":\"https:\/\/stil-fit.com\/pl\/#website\"},\"primaryImageOfPage\":{\"@id\":\"https:\/\/stil-fit.com\/pl\/sklep\/stil-fit-rower-pro\/#primaryimage\"},\"datePublished\":\"2025-03-27T12:44:06+00:00\",\"dateModified\":\"2025-03-27T12:44:06+00:00\",\"description\":\"Zam\\u00f3w STIL-FIT Rower PRO bezpo\\u015brednio od producenta. Zaprojektowany i opracowany w Monachium, Niemcy. Bezp\\u0142atna wysy\\u0142ka na terenie Niemiec i Austrii.\",\"inLanguage\":\"pl-PL\",\"potentialAction\":[{\"@type\":\"ReadAction\",\"target\":[\"https:\/\/stil-fit.com\/pl\/sklep\/stil-fit-rower-pro\/\"]}]}]}<\/script>\n<!-- \/ Yoast SEO Premium plugin. -->","post_mailing_queue_ids":[],"_links":{"self":[{"href":"https:\/\/stil-fit.com\/pl\/wp-json\/wp\/v2\/product\/35257","targetHints":{"allow":["GET"]}}],"collection":[{"href":"https:\/\/stil-fit.com\/pl\/wp-json\/wp\/v2\/product"}],"about":[{"href":"https:\/\/stil-fit.com\/pl\/wp-json\/wp\/v2\/types\/product"}],"replies":[{"embeddable":true,"href":"https:\/\/stil-fit.com\/pl\/wp-json\/wp\/v2\/comments?post=35257"}],"wp:featuredmedia":[{"embeddable":true,"href":"https:\/\/stil-fit.com\/pl\/wp-json\/wp\/v2\/media\/32993"}],"wp:attachment":[{"href":"https:\/\/stil-fit.com\/pl\/wp-json\/wp\/v2\/media?parent=35257"}],"wp:term":[{"taxonomy":"product_brand","embeddable":true,"href":"https:\/\/stil-fit.com\/pl\/wp-json\/wp\/v2\/product_brand?post=35257"},{"taxonomy":"product_cat","embeddable":true,"href":"https:\/\/stil-fit.com\/pl\/wp-json\/wp\/v2\/product_cat?post=35257"},{"taxonomy":"product_tag","embeddable":true,"href":"https:\/\/stil-fit.com\/pl\/wp-json\/wp\/v2\/product_tag?post=35257"},{"taxonomy":"yst_prominent_words","embeddable":true,"href":"https:\/\/stil-fit.com\/pl\/wp-json\/wp\/v2\/yst_prominent_words?post=35257"}],"curies":[{"name":"wp","href":"https:\/\/api.w.org\/{rel}","templated":true}]}}