{"id":35266,"date":"2019-07-04T12:59:36","date_gmt":"2025-03-27T12:50:40","guid":{"rendered":"https:\/\/stil-fit.com\/shop\/stil-fit-latbar-czarny\/"},"modified":"2025-03-27T13:50:40","modified_gmt":"2025-03-27T12:50:40","slug":"stil-fit-latbar-czarny","status":"publish","type":"product","link":"https:\/\/stil-fit.com\/pl\/sklep\/stil-fit-latbar-czarny\/","title":{"rendered":"STIL-FIT Latbar (czarny)"},"content":{"rendered":"<h1><span style=\"font-size: 75%;\"><strong>STIL-FIT Lat Bar<\/strong><\/span><\/h1>\n<p>Wykonany z litego drewna STIL-FIT Lat bar jest wykonany z litego drewna i stanowi idealny dodatek do naszego urz\u0105dzenia Lat-Pull Unit. \u0106wiczenia z dr\u0105\u017ckiem<br \/>\nLat s\u0105 idealne do efektywnego i wszechstronnego treningu ca\u0142ej g\u00f3rnej cz\u0119\u015bci cia\u0142a.<\/p>\n","protected":false},"excerpt":{"rendered":"<p>Wyprodukowano w Niemczech<\/p>\n","protected":false},"featured_media":26173,"comment_status":"closed","ping_status":"closed","template":"","meta":{"_monsterinsights_skip_tracking":false,"_monsterinsights_sitenote_active":false,"_monsterinsights_sitenote_note":"","_monsterinsights_sitenote_category":0},"product_brand":[],"product_cat":[2920,2934],"product_tag":[],"yst_prominent_words":[256,255,259,269,161,268,251],"class_list":{"0":"post-35266","1":"product","2":"type-product","3":"status-publish","4":"has-post-thumbnail","6":"product_cat-sciana-fitness","7":"product_cat-uncategorised-pl","8":"product_shipping_class-kleingerate-pl","9":"pa_rower-orzech-wloski","11":"first","12":"instock","13":"taxable","14":"shipping-taxable","15":"purchasable","16":"product-type-simple"},"composite_virtual":false,"composite_layout":"","composite_add_to_cart_form_location":"","composite_editable_in_cart":false,"composite_sold_individually_context":"","composite_shop_price_calc":"","composite_components":[],"composite_scenarios":[],"bundled_by":[],"bundle_stock_status":"instock","bundle_stock_quantity":null,"bundle_virtual":false,"bundle_layout":"","bundle_add_to_cart_form_location":"","bundle_editable_in_cart":false,"bundle_sold_individually_context":"","bundle_item_grouping":"","bundle_min_size":"","bundle_max_size":"","bundle_price":[],"bundled_items":[],"bundle_sell_ids":[],"yoast_head":"<!-- This site is optimized with the Yoast SEO Premium plugin v14.5 - https:\/\/yoast.com\/wordpress\/plugins\/seo\/ -->\n<title>STIL-FIT Latbar (czarny) | STIL-FIT<\/title>\n<meta name=\"robots\" content=\"index, follow\" \/>\n<meta name=\"googlebot\" content=\"index, follow, max-snippet:-1, max-image-preview:large, max-video-preview:-1\" \/>\n<meta name=\"bingbot\" content=\"index, follow, max-snippet:-1, max-image-preview:large, max-video-preview:-1\" \/>\n<link rel=\"canonical\" href=\"https:\/\/stil-fit.com\/pl\/sklep\/stil-fit-latbar-czarny\/\" \/>\n<meta property=\"og:locale\" content=\"pl_PL\" \/>\n<meta property=\"og:type\" content=\"article\" \/>\n<meta property=\"og:title\" content=\"STIL-FIT Latbar (czarny) | STIL-FIT\" \/>\n<meta property=\"og:description\" content=\"Wyprodukowano w Niemczech\" \/>\n<meta property=\"og:url\" content=\"https:\/\/stil-fit.com\/pl\/sklep\/stil-fit-latbar-czarny\/\" \/>\n<meta property=\"og:site_name\" content=\"STIL-FIT\" \/>\n<meta property=\"article:publisher\" content=\"https:\/\/de-de.facebook.com\/stilfit\/\" \/>\n<meta property=\"og:image\" content=\"https:\/\/stil-fit.com\/wp-content\/uploads\/2019\/08\/STIL-FIT-Latzugstange-schwarz.jpg\" \/>\n\t<meta property=\"og:image:width\" content=\"1200\" \/>\n\t<meta property=\"og:image:height\" content=\"1200\" \/>\n<meta name=\"twitter:card\" content=\"summary_large_image\" \/>\n<script type=\"application\/ld+json\" class=\"yoast-schema-graph\">{\"@context\":\"https:\/\/schema.org\",\"@graph\":[{\"@type\":\"Organization\",\"@id\":\"https:\/\/stil-fit.com\/pl\/#organization\",\"name\":\"STIL-FIT International GmbH\",\"url\":\"https:\/\/stil-fit.com\/pl\/\",\"sameAs\":[\"https:\/\/de-de.facebook.com\/stilfit\/\",\"https:\/\/www.instagram.com\/stil_fit_int\/\",\"https:\/\/www.linkedin.com\/company\/stil-fit-international-gmbh\",\"https:\/\/www.youtube.com\/channel\/UC2HA1BeZtFB0acPMfq1hKdQ\",\"https:\/\/www.pinterest.com\/STILFITInt\/\"],\"logo\":{\"@type\":\"ImageObject\",\"@id\":\"https:\/\/stil-fit.com\/pl\/#logo\",\"inLanguage\":\"pl-PL\",\"url\":\"https:\/\/stil-fit.com\/wp-content\/uploads\/2019\/02\/stilfit_logo.jpg\",\"width\":150,\"height\":150,\"caption\":\"STIL-FIT International GmbH\"},\"image\":{\"@id\":\"https:\/\/stil-fit.com\/pl\/#logo\"}},{\"@type\":\"WebSite\",\"@id\":\"https:\/\/stil-fit.com\/pl\/#website\",\"url\":\"https:\/\/stil-fit.com\/pl\/\",\"name\":\"STIL-FIT\",\"description\":\"Stil-fit\",\"publisher\":{\"@id\":\"https:\/\/stil-fit.com\/pl\/#organization\"},\"potentialAction\":[{\"@type\":\"SearchAction\",\"target\":\"https:\/\/stil-fit.com\/pl\/?s={search_term_string}\",\"query-input\":\"required name=search_term_string\"}],\"inLanguage\":\"pl-PL\"},{\"@type\":\"ImageObject\",\"@id\":\"https:\/\/stil-fit.com\/pl\/sklep\/stil-fit-latbar-czarny\/#primaryimage\",\"inLanguage\":\"pl-PL\",\"url\":\"https:\/\/stil-fit.com\/wp-content\/uploads\/2019\/08\/STIL-FIT-Latzugstange-schwarz.jpg\",\"width\":1200,\"height\":1200},{\"@type\":\"WebPage\",\"@id\":\"https:\/\/stil-fit.com\/pl\/sklep\/stil-fit-latbar-czarny\/#webpage\",\"url\":\"https:\/\/stil-fit.com\/pl\/sklep\/stil-fit-latbar-czarny\/\",\"name\":\"STIL-FIT Latbar (czarny) | STIL-FIT\",\"isPartOf\":{\"@id\":\"https:\/\/stil-fit.com\/pl\/#website\"},\"primaryImageOfPage\":{\"@id\":\"https:\/\/stil-fit.com\/pl\/sklep\/stil-fit-latbar-czarny\/#primaryimage\"},\"datePublished\":\"2025-03-27T12:50:40+00:00\",\"dateModified\":\"2025-03-27T12:50:40+00:00\",\"inLanguage\":\"pl-PL\",\"potentialAction\":[{\"@type\":\"ReadAction\",\"target\":[\"https:\/\/stil-fit.com\/pl\/sklep\/stil-fit-latbar-czarny\/\"]}]}]}<\/script>\n<!-- \/ Yoast SEO Premium plugin. -->","post_mailing_queue_ids":[],"_links":{"self":[{"href":"https:\/\/stil-fit.com\/pl\/wp-json\/wp\/v2\/product\/35266","targetHints":{"allow":["GET"]}}],"collection":[{"href":"https:\/\/stil-fit.com\/pl\/wp-json\/wp\/v2\/product"}],"about":[{"href":"https:\/\/stil-fit.com\/pl\/wp-json\/wp\/v2\/types\/product"}],"replies":[{"embeddable":true,"href":"https:\/\/stil-fit.com\/pl\/wp-json\/wp\/v2\/comments?post=35266"}],"wp:featuredmedia":[{"embeddable":true,"href":"https:\/\/stil-fit.com\/pl\/wp-json\/wp\/v2\/media\/26173"}],"wp:attachment":[{"href":"https:\/\/stil-fit.com\/pl\/wp-json\/wp\/v2\/media?parent=35266"}],"wp:term":[{"taxonomy":"product_brand","embeddable":true,"href":"https:\/\/stil-fit.com\/pl\/wp-json\/wp\/v2\/product_brand?post=35266"},{"taxonomy":"product_cat","embeddable":true,"href":"https:\/\/stil-fit.com\/pl\/wp-json\/wp\/v2\/product_cat?post=35266"},{"taxonomy":"product_tag","embeddable":true,"href":"https:\/\/stil-fit.com\/pl\/wp-json\/wp\/v2\/product_tag?post=35266"},{"taxonomy":"yst_prominent_words","embeddable":true,"href":"https:\/\/stil-fit.com\/pl\/wp-json\/wp\/v2\/yst_prominent_words?post=35266"}],"curies":[{"name":"wp","href":"https:\/\/api.w.org\/{rel}","templated":true}]}}