{"id":35296,"date":"2019-07-22T00:06:30","date_gmt":"2025-03-27T12:51:26","guid":{"rendered":"https:\/\/stil-fit.com\/shop\/stil-fit-back-stretch-orzech-wloski\/"},"modified":"2025-03-27T13:51:26","modified_gmt":"2025-03-27T12:51:26","slug":"stil-fit-back-stretch-orzech-wloski","status":"publish","type":"product","link":"https:\/\/stil-fit.com\/pl\/sklep\/stil-fit-back-stretch-orzech-wloski\/","title":{"rendered":"STIL-FIT BACK Stretch (orzech w\u0142oski)"},"content":{"rendered":"<h1><strong>STIL-FIT BACK Stretch  <\/strong><\/h1>\n<h2>Relaks dla plec\u00f3w<\/h2>\n<div>Po intensywnym treningu z naszymi produktami BACK Stretch jest idealny do rozlu\u017anienia napi\u0119cia i<\/div>\n<div>rozci\u0105ga plecy i kr\u0119gos\u0142up. Przyczynia si\u0119 r\u00f3wnie\u017c do zmniejszenia b\u00f3lu plec\u00f3w <\/div>\n<div>i szyi.<\/div>\n<div><\/div>\n<div>Wystarczy po\u0142o\u017cy\u0107 si\u0119, zrelaksowa\u0107 i oddycha\u0107 nieprzerwanie przez oko\u0142o pi\u0119\u0107 minut. Mo\u017cesz u\u017cy\u0107 <\/div>\n<div>BACK Stretch w dw\u00f3ch r\u00f3\u017cnych pozycjach. Dla g\u00f3rnej i dolnej cz\u0119\u015bci plec\u00f3w. <\/div>\n","protected":false},"excerpt":{"rendered":"<p dir=\"ltr\" data-placeholder=\"\u00dcbersetzung\" data-ved=\"2ahUKEwjRp7uo4N-CAxVTgv0HHf8jDZkQ3ewLegQICRAQ\">\n<p id=\"tw-target-text\" class=\"tw-data-text tw-text-large tw-ta\" dir=\"ltr\" data-placeholder=\"\u00dcbersetzung\" data-ved=\"2ahUKEwjRp7uo4N-CAxVTgv0HHf8jDZkQ3ewLegQICRAQ\"><span class=\"Y2IQFc\" lang=\"en\">Po\u0142\u00f3\u017c si\u0119 na stronie BACK Stretch i zrelaksuj si\u0119. Poczujesz, jak Twoje plecy odczuwaj\u0105 ulg\u0119. <\/span><\/p>\n<ul>\n<li>Wyprodukowano w Niemczech<\/li>\n<li>Bezp\u0142atna wysy\u0142ka (Niemcy i Austria)<\/li>\n<\/ul>\n","protected":false},"featured_media":22825,"comment_status":"open","ping_status":"closed","template":"","meta":{"_monsterinsights_skip_tracking":false,"_monsterinsights_sitenote_active":false,"_monsterinsights_sitenote_note":"","_monsterinsights_sitenote_category":0},"product_brand":[],"product_cat":[2905,2934],"product_tag":[],"yst_prominent_words":[256,498,496,255,372,251,261,267,1944],"class_list":{"0":"post-35296","1":"product","2":"type-product","3":"status-publish","4":"has-post-thumbnail","6":"product_cat-akcesoria","7":"product_cat-uncategorised-pl","8":"product_shipping_class-kleingerate-pl","10":"first","11":"instock","12":"taxable","13":"shipping-taxable","14":"purchasable","15":"product-type-simple"},"composite_virtual":false,"composite_layout":"","composite_add_to_cart_form_location":"","composite_editable_in_cart":false,"composite_sold_individually_context":"","composite_shop_price_calc":"","composite_components":[],"composite_scenarios":[],"bundled_by":[],"bundle_stock_status":"instock","bundle_stock_quantity":null,"bundle_virtual":false,"bundle_layout":"","bundle_add_to_cart_form_location":"","bundle_editable_in_cart":false,"bundle_sold_individually_context":"","bundle_item_grouping":"","bundle_min_size":"","bundle_max_size":"","bundle_price":[],"bundled_items":[],"bundle_sell_ids":[35287,804],"yoast_head":"<!-- This site is optimized with the Yoast SEO Premium plugin v14.5 - https:\/\/yoast.com\/wordpress\/plugins\/seo\/ -->\n<title>STIL-FIT BACK Stretch (orzech w\u0142oski) | Wellness dla plec\u00f3w<\/title>\n<meta name=\"description\" content=\"R\u0119cznie wykonany w naszej fabryce w Monachium, nasz BACK Stretch pomaga odci\u0105\u017cy\u0107 plecy. Dzie\u0142o sztuki dla Twojego mieszkania.\" \/>\n<meta name=\"robots\" content=\"index, follow\" \/>\n<meta name=\"googlebot\" content=\"index, follow, max-snippet:-1, max-image-preview:large, max-video-preview:-1\" \/>\n<meta name=\"bingbot\" content=\"index, follow, max-snippet:-1, max-image-preview:large, max-video-preview:-1\" \/>\n<link rel=\"canonical\" href=\"https:\/\/stil-fit.com\/pl\/sklep\/stil-fit-back-stretch-orzech-wloski\/\" \/>\n<meta property=\"og:locale\" content=\"pl_PL\" \/>\n<meta property=\"og:type\" content=\"article\" \/>\n<meta property=\"og:title\" content=\"STIL-FIT BACK Stretch (orzech w\u0142oski) | Wellness dla plec\u00f3w\" \/>\n<meta property=\"og:description\" content=\"R\u0119cznie wykonany w naszej fabryce w Monachium, nasz BACK Stretch pomaga odci\u0105\u017cy\u0107 plecy. Dzie\u0142o sztuki dla Twojego mieszkania.\" \/>\n<meta property=\"og:url\" content=\"https:\/\/stil-fit.com\/pl\/sklep\/stil-fit-back-stretch-orzech-wloski\/\" \/>\n<meta property=\"og:site_name\" content=\"STIL-FIT\" \/>\n<meta property=\"article:publisher\" content=\"https:\/\/de-de.facebook.com\/stilfit\/\" \/>\n<meta property=\"og:image\" content=\"https:\/\/stil-fit.com\/wp-content\/uploads\/2019\/07\/STIL-FIT-Backstretch-Design-Holz-R\u00fcckentraining-scaled.jpg\" \/>\n\t<meta property=\"og:image:width\" content=\"2560\" \/>\n\t<meta property=\"og:image:height\" content=\"1792\" \/>\n<meta name=\"twitter:card\" content=\"summary_large_image\" \/>\n<script type=\"application\/ld+json\" class=\"yoast-schema-graph\">{\"@context\":\"https:\/\/schema.org\",\"@graph\":[{\"@type\":\"Organization\",\"@id\":\"https:\/\/stil-fit.com\/pl\/#organization\",\"name\":\"STIL-FIT International GmbH\",\"url\":\"https:\/\/stil-fit.com\/pl\/\",\"sameAs\":[\"https:\/\/de-de.facebook.com\/stilfit\/\",\"https:\/\/www.instagram.com\/stil_fit_int\/\",\"https:\/\/www.linkedin.com\/company\/stil-fit-international-gmbh\",\"https:\/\/www.youtube.com\/channel\/UC2HA1BeZtFB0acPMfq1hKdQ\",\"https:\/\/www.pinterest.com\/STILFITInt\/\"],\"logo\":{\"@type\":\"ImageObject\",\"@id\":\"https:\/\/stil-fit.com\/pl\/#logo\",\"inLanguage\":\"pl-PL\",\"url\":\"https:\/\/stil-fit.com\/wp-content\/uploads\/2019\/02\/stilfit_logo.jpg\",\"width\":150,\"height\":150,\"caption\":\"STIL-FIT International GmbH\"},\"image\":{\"@id\":\"https:\/\/stil-fit.com\/pl\/#logo\"}},{\"@type\":\"WebSite\",\"@id\":\"https:\/\/stil-fit.com\/pl\/#website\",\"url\":\"https:\/\/stil-fit.com\/pl\/\",\"name\":\"STIL-FIT\",\"description\":\"Stil-fit\",\"publisher\":{\"@id\":\"https:\/\/stil-fit.com\/pl\/#organization\"},\"potentialAction\":[{\"@type\":\"SearchAction\",\"target\":\"https:\/\/stil-fit.com\/pl\/?s={search_term_string}\",\"query-input\":\"required name=search_term_string\"}],\"inLanguage\":\"pl-PL\"},{\"@type\":\"ImageObject\",\"@id\":\"https:\/\/stil-fit.com\/pl\/sklep\/stil-fit-back-stretch-orzech-wloski\/#primaryimage\",\"inLanguage\":\"pl-PL\",\"url\":\"https:\/\/stil-fit.com\/wp-content\/uploads\/2019\/07\/STIL-FIT-Backstretch-Design-Holz-R\\u00fcckentraining-scaled.jpg\",\"width\":2560,\"height\":1792},{\"@type\":\"WebPage\",\"@id\":\"https:\/\/stil-fit.com\/pl\/sklep\/stil-fit-back-stretch-orzech-wloski\/#webpage\",\"url\":\"https:\/\/stil-fit.com\/pl\/sklep\/stil-fit-back-stretch-orzech-wloski\/\",\"name\":\"STIL-FIT BACK Stretch (orzech w\\u0142oski) | Wellness dla plec\\u00f3w\",\"isPartOf\":{\"@id\":\"https:\/\/stil-fit.com\/pl\/#website\"},\"primaryImageOfPage\":{\"@id\":\"https:\/\/stil-fit.com\/pl\/sklep\/stil-fit-back-stretch-orzech-wloski\/#primaryimage\"},\"datePublished\":\"2025-03-27T12:51:26+00:00\",\"dateModified\":\"2025-03-27T12:51:26+00:00\",\"description\":\"R\\u0119cznie wykonany w naszej fabryce w Monachium, nasz BACK Stretch pomaga odci\\u0105\\u017cy\\u0107 plecy. Dzie\\u0142o sztuki dla Twojego mieszkania.\",\"inLanguage\":\"pl-PL\",\"potentialAction\":[{\"@type\":\"ReadAction\",\"target\":[\"https:\/\/stil-fit.com\/pl\/sklep\/stil-fit-back-stretch-orzech-wloski\/\"]}]}]}<\/script>\n<!-- \/ Yoast SEO Premium plugin. -->","post_mailing_queue_ids":[],"_links":{"self":[{"href":"https:\/\/stil-fit.com\/pl\/wp-json\/wp\/v2\/product\/35296","targetHints":{"allow":["GET"]}}],"collection":[{"href":"https:\/\/stil-fit.com\/pl\/wp-json\/wp\/v2\/product"}],"about":[{"href":"https:\/\/stil-fit.com\/pl\/wp-json\/wp\/v2\/types\/product"}],"replies":[{"embeddable":true,"href":"https:\/\/stil-fit.com\/pl\/wp-json\/wp\/v2\/comments?post=35296"}],"wp:featuredmedia":[{"embeddable":true,"href":"https:\/\/stil-fit.com\/pl\/wp-json\/wp\/v2\/media\/22825"}],"wp:attachment":[{"href":"https:\/\/stil-fit.com\/pl\/wp-json\/wp\/v2\/media?parent=35296"}],"wp:term":[{"taxonomy":"product_brand","embeddable":true,"href":"https:\/\/stil-fit.com\/pl\/wp-json\/wp\/v2\/product_brand?post=35296"},{"taxonomy":"product_cat","embeddable":true,"href":"https:\/\/stil-fit.com\/pl\/wp-json\/wp\/v2\/product_cat?post=35296"},{"taxonomy":"product_tag","embeddable":true,"href":"https:\/\/stil-fit.com\/pl\/wp-json\/wp\/v2\/product_tag?post=35296"},{"taxonomy":"yst_prominent_words","embeddable":true,"href":"https:\/\/stil-fit.com\/pl\/wp-json\/wp\/v2\/yst_prominent_words?post=35296"}],"curies":[{"name":"wp","href":"https:\/\/api.w.org\/{rel}","templated":true}]}}