{"id":35362,"date":"2020-03-26T22:44:05","date_gmt":"2025-03-27T12:53:21","guid":{"rendered":"https:\/\/stil-fit.com\/shop\/polar-verity-sense-optyczny-czujnik-tetna\/"},"modified":"2025-03-27T13:53:21","modified_gmt":"2025-03-27T12:53:21","slug":"polar-verity-sense-optyczny-czujnik-tetna","status":"publish","type":"product","link":"https:\/\/stil-fit.com\/pl\/sklep\/polar-verity-sense-optyczny-czujnik-tetna\/","title":{"rendered":"Polar Verity Sense &#8211; optyczny czujnik t\u0119tna"},"content":{"rendered":"<h1><\/h1>\n<h1 class=\"thin-font\">OPTYCZNY CZUJNIK T\u0118TNA POLAR VERITY SENSE<\/h1>\n<p>Ma\u0142y i por\u0119czny Polar Verity Sense jest Twoim towarzyszem w \u015bwiecie treningu z pomiarem t\u0119tna. Pomaga trenowa\u0107 m\u0105drzej, a nie ci\u0119\u017cej. Polar Verity Sense to optyczny czujnik t\u0119tna, kt\u00f3ry \u0142\u0105czy w sobie wszechstronno\u015b\u0107, wygod\u0119 i prostot\u0119. Mo\u017cna go u\u017cywa\u0107 jako samodzielnego urz\u0105dzenia lub sparowa\u0107 z r\u00f3\u017cnymi aplikacjami fitness, np. z nasz\u0105 aplikacj\u0105 STIL-FIT International.   <\/p>\n<h2 class=\"thin-font\">Wygodna opaska na rami\u0119<\/h2>\n<p>Polar Verity Sense mo\u017cna nosi\u0107 zar\u00f3wno na ramieniu, jak i na r\u0119ce. \u0141atwo go za\u0142o\u017cy\u0107 i zdj\u0105\u0107 w dowolnym miejscu i czasie. Szczeg\u00f3\u0142y maj\u0105 znaczenie, gdy liczy si\u0119 wydajno\u015b\u0107. Opaska Polar Verity Sense zosta\u0142a zaprojektowana tak, aby bezpiecznie i wygodnie przylega\u0107 do ramienia. Zaprojektowana z my\u015bl\u0105 o najwy\u017cszej wygodzie noszenia, jest wykonana z mi\u0119kkiego materia\u0142u tekstylnego, kt\u00f3ry mo\u017cna pra\u0107 w pralce do codziennego u\u017cytku.    <\/p>\n<h2 class=\"thin-font\">Optyczne \u015bledzenie t\u0119tna<\/h2>\n<p>Podczas treningu wymagasz dok\u0142adno\u015bci. Uzyskaj j\u0105 dzi\u0119ki zastrze\u017conemu algorytmowi pomiaru t\u0119tna firmy Polar i czujnikowi optycznemu z 6 diodami LED. <\/p>\n<h2 class=\"thin-font\">Wbudowana pami\u0119\u0107<\/h2>\n<p>Dzi\u0119ki wbudowanej pami\u0119ci Polar Verity Sense mo\u017ce przechowywa\u0107 do 200 godzin danych treningowych. Dane mo\u017cna zsynchronizowa\u0107 z aplikacj\u0105 Polar Beat w celu ich analizy. <\/p>\n<h2 class=\"thin-font\">Jazda dalej i d\u0142u\u017cej<\/h2>\n<p>Polar OH1 mo\u017ce pochwali\u0107 si\u0119 d\u0142ug\u0105 \u017cywotno\u015bci\u0105 baterii, zapewniaj\u0105c do 12 godzin treningu na jednym \u0142adowaniu. Bateri\u0119 mo\u017cna \u0142atwo na\u0142adowa\u0107 za pomoc\u0105 do\u0142\u0105czonego adaptera USB Polar Verity Sense.<\/p>\n","protected":false},"excerpt":{"rendered":"<p>&nbsp;<\/p>\n<p>&nbsp;<\/p>\n","protected":false},"featured_media":26670,"comment_status":"open","ping_status":"closed","template":"","meta":{"_monsterinsights_skip_tracking":false,"_monsterinsights_sitenote_active":false,"_monsterinsights_sitenote_note":"","_monsterinsights_sitenote_category":0},"product_brand":[],"product_cat":[2945,2913],"product_tag":[],"yst_prominent_words":[853,832,825,856,854,259,851,857,850,852,849,847,848,833,251,261,855,593,594,634],"class_list":{"0":"post-35362","1":"product","2":"type-product","3":"status-publish","4":"has-post-thumbnail","6":"product_cat-maszyna-do-wioslowania","7":"product_cat-rowery-stacjonarne","8":"product_shipping_class-kleingerate-pl","10":"first","11":"outofstock","12":"taxable","13":"shipping-taxable","14":"purchasable","15":"product-type-simple"},"composite_virtual":false,"composite_layout":"","composite_add_to_cart_form_location":"","composite_editable_in_cart":false,"composite_sold_individually_context":"","composite_shop_price_calc":"","composite_components":[],"composite_scenarios":[],"bundled_by":[],"bundle_stock_status":"outofstock","bundle_stock_quantity":null,"bundle_virtual":false,"bundle_layout":"","bundle_add_to_cart_form_location":"","bundle_editable_in_cart":false,"bundle_sold_individually_context":"","bundle_item_grouping":"","bundle_min_size":"","bundle_max_size":"","bundle_price":[],"bundled_items":[],"bundle_sell_ids":[],"yoast_head":"<!-- This site is optimized with the Yoast SEO Premium plugin v14.5 - https:\/\/yoast.com\/wordpress\/plugins\/seo\/ -->\n<title>Polar Verity Sense - optyczny czujnik t\u0119tna | STIL-FIT<\/title>\n<meta name=\"robots\" content=\"index, follow\" \/>\n<meta name=\"googlebot\" content=\"index, follow, max-snippet:-1, max-image-preview:large, max-video-preview:-1\" \/>\n<meta name=\"bingbot\" content=\"index, follow, max-snippet:-1, max-image-preview:large, max-video-preview:-1\" \/>\n<link rel=\"canonical\" href=\"https:\/\/stil-fit.com\/pl\/sklep\/polar-verity-sense-optyczny-czujnik-tetna\/\" \/>\n<meta property=\"og:locale\" content=\"pl_PL\" \/>\n<meta property=\"og:type\" content=\"article\" \/>\n<meta property=\"og:title\" content=\"Polar Verity Sense - optyczny czujnik t\u0119tna | STIL-FIT\" \/>\n<meta property=\"og:description\" content=\"&nbsp; &nbsp;\" \/>\n<meta property=\"og:url\" content=\"https:\/\/stil-fit.com\/pl\/sklep\/polar-verity-sense-optyczny-czujnik-tetna\/\" \/>\n<meta property=\"og:site_name\" content=\"STIL-FIT\" \/>\n<meta property=\"article:publisher\" content=\"https:\/\/de-de.facebook.com\/stilfit\/\" \/>\n<meta property=\"og:image\" content=\"https:\/\/stil-fit.com\/wp-content\/uploads\/2020\/03\/Polar-OH1-Pulssensor.jpg\" \/>\n\t<meta property=\"og:image:width\" content=\"600\" \/>\n\t<meta property=\"og:image:height\" content=\"600\" \/>\n<meta name=\"twitter:card\" content=\"summary_large_image\" \/>\n<script type=\"application\/ld+json\" class=\"yoast-schema-graph\">{\"@context\":\"https:\/\/schema.org\",\"@graph\":[{\"@type\":\"Organization\",\"@id\":\"https:\/\/stil-fit.com\/pl\/#organization\",\"name\":\"STIL-FIT International GmbH\",\"url\":\"https:\/\/stil-fit.com\/pl\/\",\"sameAs\":[\"https:\/\/de-de.facebook.com\/stilfit\/\",\"https:\/\/www.instagram.com\/stil_fit_int\/\",\"https:\/\/www.linkedin.com\/company\/stil-fit-international-gmbh\",\"https:\/\/www.youtube.com\/channel\/UC2HA1BeZtFB0acPMfq1hKdQ\",\"https:\/\/www.pinterest.com\/STILFITInt\/\"],\"logo\":{\"@type\":\"ImageObject\",\"@id\":\"https:\/\/stil-fit.com\/pl\/#logo\",\"inLanguage\":\"pl-PL\",\"url\":\"https:\/\/stil-fit.com\/wp-content\/uploads\/2019\/02\/stilfit_logo.jpg\",\"width\":150,\"height\":150,\"caption\":\"STIL-FIT International GmbH\"},\"image\":{\"@id\":\"https:\/\/stil-fit.com\/pl\/#logo\"}},{\"@type\":\"WebSite\",\"@id\":\"https:\/\/stil-fit.com\/pl\/#website\",\"url\":\"https:\/\/stil-fit.com\/pl\/\",\"name\":\"STIL-FIT\",\"description\":\"Stil-fit\",\"publisher\":{\"@id\":\"https:\/\/stil-fit.com\/pl\/#organization\"},\"potentialAction\":[{\"@type\":\"SearchAction\",\"target\":\"https:\/\/stil-fit.com\/pl\/?s={search_term_string}\",\"query-input\":\"required name=search_term_string\"}],\"inLanguage\":\"pl-PL\"},{\"@type\":\"ImageObject\",\"@id\":\"https:\/\/stil-fit.com\/pl\/sklep\/polar-verity-sense-optyczny-czujnik-tetna\/#primaryimage\",\"inLanguage\":\"pl-PL\",\"url\":\"https:\/\/stil-fit.com\/wp-content\/uploads\/2020\/03\/Polar-OH1-Pulssensor.jpg\",\"width\":600,\"height\":600},{\"@type\":\"WebPage\",\"@id\":\"https:\/\/stil-fit.com\/pl\/sklep\/polar-verity-sense-optyczny-czujnik-tetna\/#webpage\",\"url\":\"https:\/\/stil-fit.com\/pl\/sklep\/polar-verity-sense-optyczny-czujnik-tetna\/\",\"name\":\"Polar Verity Sense - optyczny czujnik t\\u0119tna | STIL-FIT\",\"isPartOf\":{\"@id\":\"https:\/\/stil-fit.com\/pl\/#website\"},\"primaryImageOfPage\":{\"@id\":\"https:\/\/stil-fit.com\/pl\/sklep\/polar-verity-sense-optyczny-czujnik-tetna\/#primaryimage\"},\"datePublished\":\"2025-03-27T12:53:21+00:00\",\"dateModified\":\"2025-03-27T12:53:21+00:00\",\"inLanguage\":\"pl-PL\",\"potentialAction\":[{\"@type\":\"ReadAction\",\"target\":[\"https:\/\/stil-fit.com\/pl\/sklep\/polar-verity-sense-optyczny-czujnik-tetna\/\"]}]}]}<\/script>\n<!-- \/ Yoast SEO Premium plugin. -->","post_mailing_queue_ids":[],"_links":{"self":[{"href":"https:\/\/stil-fit.com\/pl\/wp-json\/wp\/v2\/product\/35362","targetHints":{"allow":["GET"]}}],"collection":[{"href":"https:\/\/stil-fit.com\/pl\/wp-json\/wp\/v2\/product"}],"about":[{"href":"https:\/\/stil-fit.com\/pl\/wp-json\/wp\/v2\/types\/product"}],"replies":[{"embeddable":true,"href":"https:\/\/stil-fit.com\/pl\/wp-json\/wp\/v2\/comments?post=35362"}],"wp:featuredmedia":[{"embeddable":true,"href":"https:\/\/stil-fit.com\/pl\/wp-json\/wp\/v2\/media\/26670"}],"wp:attachment":[{"href":"https:\/\/stil-fit.com\/pl\/wp-json\/wp\/v2\/media?parent=35362"}],"wp:term":[{"taxonomy":"product_brand","embeddable":true,"href":"https:\/\/stil-fit.com\/pl\/wp-json\/wp\/v2\/product_brand?post=35362"},{"taxonomy":"product_cat","embeddable":true,"href":"https:\/\/stil-fit.com\/pl\/wp-json\/wp\/v2\/product_cat?post=35362"},{"taxonomy":"product_tag","embeddable":true,"href":"https:\/\/stil-fit.com\/pl\/wp-json\/wp\/v2\/product_tag?post=35362"},{"taxonomy":"yst_prominent_words","embeddable":true,"href":"https:\/\/stil-fit.com\/pl\/wp-json\/wp\/v2\/yst_prominent_words?post=35362"}],"curies":[{"name":"wp","href":"https:\/\/api.w.org\/{rel}","templated":true}]}}