{"id":35533,"date":"2019-06-18T09:54:14","date_gmt":"2025-03-27T12:59:09","guid":{"rendered":"https:\/\/stil-fit.com\/shop\/stil-fit-rolka-drewna\/"},"modified":"2025-03-27T13:59:09","modified_gmt":"2025-03-27T12:59:09","slug":"stil-fit-rolka-drewna","status":"publish","type":"product","link":"https:\/\/stil-fit.com\/pl\/sklep\/stil-fit-rolka-drewna\/","title":{"rendered":"STIL-FIT Rolka drewna"},"content":{"rendered":"<div class=\"crossline\">\n<h1><strong>STIL-FIT Fascia Roller<\/strong><\/h1>\n<div>Nasz designerski &#8220;wa\u0142ek powi\u0119ziowy&#8221; jest wykonany z drewna orzechowego, pokryty sztuczn\u0105 sk\u00f3r\u0105 i wzmocniony dwoma aluminiowymi pier\u015bcieniami. \u015awietny wygl\u0105d w po\u0142\u0105czeniu z ekskluzywnymi materia\u0142ami. <\/div>\n<div><\/div>\n<h2><strong>Skuteczny i d\u0142ugotrwa\u0142y<\/strong><\/h2>\n<div>Wed\u0142ug najnowszych bada\u0144, trening powi\u0119zi jest niezb\u0119dny dla treningu holistycznego. Powi\u0119\u017a dzia\u0142a jako element otaczaj\u0105cy i stabilizuj\u0105cy ca\u0142\u0105 muskulatur\u0119 i mo\u017ce by\u0107 stymulowana i aktywowana przez ukierunkowany trening. Kluczem do sukcesu jest zr\u00f3wnowa\u017cony rozw\u00f3j &#8211; w przeciwie\u0144stwie do mi\u0119\u015bni, tkanka \u0142\u0105czna zmienia si\u0119 powoli, ale trwale.  <\/div>\n<div><\/div>\n<div>Ju\u017c 10 minut treningu powi\u0119ziowego, dwa lub trzy razy w tygodniu, wystarcza do uzyskania zauwa\u017calnej poprawy<\/div>\n<div><\/div>\n<\/div>\n<div>\n<h2><strong>Korzy\u015bci<\/strong><\/h2>\n<div>&#8211; Bezpo\u015brednia aktywacja i regeneracja mi\u0119\u015bni.<\/div>\n<div>&#8211; Poprawia zdolno\u015bci koordynacyjne<\/div>\n<div>&#8211; Poprawia wydajno\u015b\u0107, mobilno\u015b\u0107 i elastyczno\u015b\u0107 mi\u0119\u015bni<\/div>\n<div>&#8211; Zapobiega b\u00f3lom mi\u0119\u015bni i typowym urazom<\/div>\n<div>&#8211; Stymuluje kr\u0105\u017cenie krwi<\/div>\n<div>&#8211; Poprawia og\u00f3ln\u0105 wydajno\u015b\u0107 i samopoczucie<\/div>\n<\/div>\n","protected":false},"excerpt":{"rendered":"<p>&nbsp;<\/p>\n<p>Trening z rolkami powi\u0119ziowymi to prosta, ale niezwykle skuteczna metoda rozlu\u017aniania i wyg\u0142adzania napi\u0119tych mi\u0119\u015bni i powi\u0119zi.<\/p>\n<ul>\n<li>Najbardziej ekskluzywna rolka powi\u0119zi<\/li>\n<li>Idealny do regeneracji<\/li>\n<li>Wyprodukowano w Niemczech<\/li>\n<li>Bezp\u0142atna wysy\u0142ka na terenie Niemiec i Austrii<\/li>\n<\/ul>\n","protected":false},"featured_media":22364,"comment_status":"open","ping_status":"closed","template":"","meta":{"_monsterinsights_skip_tracking":false,"_monsterinsights_sitenote_active":false,"_monsterinsights_sitenote_note":"","_monsterinsights_sitenote_category":0},"product_brand":[],"product_cat":[2905,2934],"product_tag":[],"yst_prominent_words":[256,712,962,776,255,1945,259,785,783,293,781,960,784,251,961,780,261,169,846,593],"class_list":{"0":"post-35533","1":"product","2":"type-product","3":"status-publish","4":"has-post-thumbnail","6":"product_cat-akcesoria","7":"product_cat-uncategorised-pl","8":"product_shipping_class-kleingerate-pl","10":"first","11":"instock","12":"taxable","13":"shipping-taxable","14":"purchasable","15":"product-type-simple"},"composite_virtual":false,"composite_layout":"","composite_add_to_cart_form_location":"","composite_editable_in_cart":false,"composite_sold_individually_context":"","composite_shop_price_calc":"","composite_components":[],"composite_scenarios":[],"bundled_by":[],"bundle_stock_status":"instock","bundle_stock_quantity":null,"bundle_virtual":false,"bundle_layout":"","bundle_add_to_cart_form_location":"","bundle_editable_in_cart":false,"bundle_sold_individually_context":"","bundle_item_grouping":"","bundle_min_size":"","bundle_max_size":"","bundle_price":[],"bundled_items":[],"bundle_sell_ids":[35287,35296],"yoast_head":"<!-- This site is optimized with the Yoast SEO Premium plugin v14.5 - https:\/\/yoast.com\/wordpress\/plugins\/seo\/ -->\n<title>STIL-FIT Rolka drewna | Najbardziej ekskluzywna rolka powi\u0119zi<\/title>\n<meta name=\"description\" content=\"Wyprodukowany dla Ciebie w naszej manufakturze w Monachium, przy u\u017cyciu wy\u0142\u0105cznie najlepszych materia\u0142\u00f3w, pomo\u017ce Ci poprawi\u0107 mobilno\u015b\u0107 i z\u0142agodzi\u0107 b\u00f3l mi\u0119\u015bni.\" \/>\n<meta name=\"robots\" content=\"index, follow\" \/>\n<meta name=\"googlebot\" content=\"index, follow, max-snippet:-1, max-image-preview:large, max-video-preview:-1\" \/>\n<meta name=\"bingbot\" content=\"index, follow, max-snippet:-1, max-image-preview:large, max-video-preview:-1\" \/>\n<link rel=\"canonical\" href=\"https:\/\/stil-fit.com\/pl\/sklep\/stil-fit-rolka-drewna\/\" \/>\n<meta property=\"og:locale\" content=\"pl_PL\" \/>\n<meta property=\"og:type\" content=\"article\" \/>\n<meta property=\"og:title\" content=\"STIL-FIT Rolka drewna | Najbardziej ekskluzywna rolka powi\u0119zi\" \/>\n<meta property=\"og:description\" content=\"Wyprodukowany dla Ciebie w naszej manufakturze w Monachium, przy u\u017cyciu wy\u0142\u0105cznie najlepszych materia\u0142\u00f3w, pomo\u017ce Ci poprawi\u0107 mobilno\u015b\u0107 i z\u0142agodzi\u0107 b\u00f3l mi\u0119\u015bni.\" \/>\n<meta property=\"og:url\" content=\"https:\/\/stil-fit.com\/pl\/sklep\/stil-fit-rolka-drewna\/\" \/>\n<meta property=\"og:site_name\" content=\"STIL-FIT\" \/>\n<meta property=\"article:publisher\" content=\"https:\/\/de-de.facebook.com\/stilfit\/\" \/>\n<meta property=\"og:image\" content=\"https:\/\/stil-fit.com\/wp-content\/uploads\/2019\/06\/csm_STIL-FIT-Foamroller-Design-Walnut-Training-web_70517bc41c.jpg\" \/>\n\t<meta property=\"og:image:width\" content=\"1500\" \/>\n\t<meta property=\"og:image:height\" content=\"1066\" \/>\n<meta name=\"twitter:card\" content=\"summary_large_image\" \/>\n<script type=\"application\/ld+json\" class=\"yoast-schema-graph\">{\"@context\":\"https:\/\/schema.org\",\"@graph\":[{\"@type\":\"Organization\",\"@id\":\"https:\/\/stil-fit.com\/pl\/#organization\",\"name\":\"STIL-FIT International GmbH\",\"url\":\"https:\/\/stil-fit.com\/pl\/\",\"sameAs\":[\"https:\/\/de-de.facebook.com\/stilfit\/\",\"https:\/\/www.instagram.com\/stil_fit_int\/\",\"https:\/\/www.linkedin.com\/company\/stil-fit-international-gmbh\",\"https:\/\/www.youtube.com\/channel\/UC2HA1BeZtFB0acPMfq1hKdQ\",\"https:\/\/www.pinterest.com\/STILFITInt\/\"],\"logo\":{\"@type\":\"ImageObject\",\"@id\":\"https:\/\/stil-fit.com\/pl\/#logo\",\"inLanguage\":\"pl-PL\",\"url\":\"https:\/\/stil-fit.com\/wp-content\/uploads\/2019\/02\/stilfit_logo.jpg\",\"width\":150,\"height\":150,\"caption\":\"STIL-FIT International GmbH\"},\"image\":{\"@id\":\"https:\/\/stil-fit.com\/pl\/#logo\"}},{\"@type\":\"WebSite\",\"@id\":\"https:\/\/stil-fit.com\/pl\/#website\",\"url\":\"https:\/\/stil-fit.com\/pl\/\",\"name\":\"STIL-FIT\",\"description\":\"Stil-fit\",\"publisher\":{\"@id\":\"https:\/\/stil-fit.com\/pl\/#organization\"},\"potentialAction\":[{\"@type\":\"SearchAction\",\"target\":\"https:\/\/stil-fit.com\/pl\/?s={search_term_string}\",\"query-input\":\"required name=search_term_string\"}],\"inLanguage\":\"pl-PL\"},{\"@type\":\"ImageObject\",\"@id\":\"https:\/\/stil-fit.com\/pl\/sklep\/stil-fit-rolka-drewna\/#primaryimage\",\"inLanguage\":\"pl-PL\",\"url\":\"https:\/\/stil-fit.com\/wp-content\/uploads\/2019\/06\/csm_STIL-FIT-Foamroller-Design-Walnut-Training-web_70517bc41c.jpg\",\"width\":1500,\"height\":1066},{\"@type\":\"WebPage\",\"@id\":\"https:\/\/stil-fit.com\/pl\/sklep\/stil-fit-rolka-drewna\/#webpage\",\"url\":\"https:\/\/stil-fit.com\/pl\/sklep\/stil-fit-rolka-drewna\/\",\"name\":\"STIL-FIT Rolka drewna | Najbardziej ekskluzywna rolka powi\\u0119zi\",\"isPartOf\":{\"@id\":\"https:\/\/stil-fit.com\/pl\/#website\"},\"primaryImageOfPage\":{\"@id\":\"https:\/\/stil-fit.com\/pl\/sklep\/stil-fit-rolka-drewna\/#primaryimage\"},\"datePublished\":\"2025-03-27T12:59:09+00:00\",\"dateModified\":\"2025-03-27T12:59:09+00:00\",\"description\":\"Wyprodukowany dla Ciebie w naszej manufakturze w Monachium, przy u\\u017cyciu wy\\u0142\\u0105cznie najlepszych materia\\u0142\\u00f3w, pomo\\u017ce Ci poprawi\\u0107 mobilno\\u015b\\u0107 i z\\u0142agodzi\\u0107 b\\u00f3l mi\\u0119\\u015bni.\",\"inLanguage\":\"pl-PL\",\"potentialAction\":[{\"@type\":\"ReadAction\",\"target\":[\"https:\/\/stil-fit.com\/pl\/sklep\/stil-fit-rolka-drewna\/\"]}]}]}<\/script>\n<!-- \/ Yoast SEO Premium plugin. -->","post_mailing_queue_ids":[],"_links":{"self":[{"href":"https:\/\/stil-fit.com\/pl\/wp-json\/wp\/v2\/product\/35533","targetHints":{"allow":["GET"]}}],"collection":[{"href":"https:\/\/stil-fit.com\/pl\/wp-json\/wp\/v2\/product"}],"about":[{"href":"https:\/\/stil-fit.com\/pl\/wp-json\/wp\/v2\/types\/product"}],"replies":[{"embeddable":true,"href":"https:\/\/stil-fit.com\/pl\/wp-json\/wp\/v2\/comments?post=35533"}],"wp:featuredmedia":[{"embeddable":true,"href":"https:\/\/stil-fit.com\/pl\/wp-json\/wp\/v2\/media\/22364"}],"wp:attachment":[{"href":"https:\/\/stil-fit.com\/pl\/wp-json\/wp\/v2\/media?parent=35533"}],"wp:term":[{"taxonomy":"product_brand","embeddable":true,"href":"https:\/\/stil-fit.com\/pl\/wp-json\/wp\/v2\/product_brand?post=35533"},{"taxonomy":"product_cat","embeddable":true,"href":"https:\/\/stil-fit.com\/pl\/wp-json\/wp\/v2\/product_cat?post=35533"},{"taxonomy":"product_tag","embeddable":true,"href":"https:\/\/stil-fit.com\/pl\/wp-json\/wp\/v2\/product_tag?post=35533"},{"taxonomy":"yst_prominent_words","embeddable":true,"href":"https:\/\/stil-fit.com\/pl\/wp-json\/wp\/v2\/yst_prominent_words?post=35533"}],"curies":[{"name":"wp","href":"https:\/\/api.w.org\/{rel}","templated":true}]}}