{"id":37330,"date":"2024-11-29T07:42:18","date_gmt":"2025-05-16T13:56:05","guid":{"rendered":"https:\/\/stil-fit.com\/shop\/ergometer-probebestellung\/"},"modified":"2025-05-16T15:56:05","modified_gmt":"2025-05-16T13:56:05","slug":"ergometer-probebestellung","status":"publish","type":"product","link":"https:\/\/stil-fit.com\/pl\/sklep\/ergometer-probebestellung\/","title":{"rendered":"Rowery stacjonarne &#8211; zam\u00f3wienie pr\u00f3bne"},"content":{"rendered":"","protected":false},"excerpt":{"rendered":"<p>&nbsp;<\/p>\n<p>Prosz\u0119 przetestowa\u0107 nasze ergometry stacjonarne teraz w domu bez \u017cadnych zobowi\u0105za\u0144.<\/p>\n<p>Prosz\u0119 wybra\u0107 model. Prosz\u0119 poinformowa\u0107 nas o wszelkich konfiguracjach za pomoc\u0105 pola komentarzy w zam\u00f3wieniu. <\/p>\n","protected":false},"featured_media":31233,"comment_status":"open","ping_status":"closed","template":"","meta":{"_monsterinsights_skip_tracking":false,"_monsterinsights_sitenote_active":false,"_monsterinsights_sitenote_note":"","_monsterinsights_sitenote_category":0},"product_brand":[],"product_cat":[2913],"product_tag":[],"yst_prominent_words":[],"class_list":{"0":"post-37330","1":"product","2":"type-product","3":"status-publish","4":"has-post-thumbnail","6":"product_cat-rowery-stacjonarne","7":"product_shipping_class-ergometer-2-pl","9":"first","10":"instock","11":"taxable","12":"shipping-taxable","13":"purchasable","14":"product-type-variable","15":"has-default-attributes"},"composite_virtual":false,"composite_layout":"","composite_add_to_cart_form_location":"","composite_editable_in_cart":false,"composite_sold_individually_context":"","composite_shop_price_calc":"","composite_components":[],"composite_scenarios":[],"bundled_by":[],"bundle_stock_status":"instock","bundle_stock_quantity":null,"bundle_virtual":false,"bundle_layout":"","bundle_add_to_cart_form_location":"","bundle_editable_in_cart":false,"bundle_sold_individually_context":"","bundle_item_grouping":"","bundle_min_size":"","bundle_max_size":"","bundle_price":[],"bundled_items":[],"bundle_sell_ids":[],"yoast_head":"<!-- This site is optimized with the Yoast SEO Premium plugin v14.5 - https:\/\/yoast.com\/wordpress\/plugins\/seo\/ -->\n<title>STIL-FIT Rowery stacjonarne - zam\u00f3wienie pr\u00f3bne | Test w domu teraz bez zobowi\u0105za\u0144<\/title>\n<meta name=\"description\" content=\"Mog\u0105 Pa\u0144stwo testowa\u0107 nasz ergometr w domu przez tydzie\u0144 bez \u017cadnych zobowi\u0105za\u0144. (D &amp; AT) Prosz\u0119 spr\u00f3bowa\u0107 przez tydzie\u0144 i zrobi\u0107 co\u015b dobrego dla swojego zdrowia.\" \/>\n<meta name=\"robots\" content=\"index, follow\" \/>\n<meta name=\"googlebot\" content=\"index, follow, max-snippet:-1, max-image-preview:large, max-video-preview:-1\" \/>\n<meta name=\"bingbot\" content=\"index, follow, max-snippet:-1, max-image-preview:large, max-video-preview:-1\" \/>\n<link rel=\"canonical\" href=\"https:\/\/stil-fit.com\/pl\/sklep\/ergometer-probebestellung\/\" \/>\n<meta property=\"og:locale\" content=\"pl_PL\" \/>\n<meta property=\"og:type\" content=\"article\" \/>\n<meta property=\"og:title\" content=\"STIL-FIT Rowery stacjonarne - zam\u00f3wienie pr\u00f3bne | Test w domu teraz bez zobowi\u0105za\u0144\" \/>\n<meta property=\"og:description\" content=\"Mog\u0105 Pa\u0144stwo testowa\u0107 nasz ergometr w domu przez tydzie\u0144 bez \u017cadnych zobowi\u0105za\u0144. (D &amp; AT) Prosz\u0119 spr\u00f3bowa\u0107 przez tydzie\u0144 i zrobi\u0107 co\u015b dobrego dla swojego zdrowia.\" \/>\n<meta property=\"og:url\" content=\"https:\/\/stil-fit.com\/pl\/sklep\/ergometer-probebestellung\/\" \/>\n<meta property=\"og:site_name\" content=\"STIL-FIT\" \/>\n<meta property=\"article:publisher\" content=\"https:\/\/de-de.facebook.com\/stilfit\/\" \/>\n<meta property=\"og:image\" content=\"https:\/\/stil-fit.com\/wp-content\/uploads\/2023\/10\/STIL-FIT-Ergometer-PURE-White-Edition.jpg\" \/>\n\t<meta property=\"og:image:width\" content=\"787\" \/>\n\t<meta property=\"og:image:height\" content=\"787\" \/>\n<meta name=\"twitter:card\" content=\"summary_large_image\" \/>\n<script type=\"application\/ld+json\" class=\"yoast-schema-graph\">{\"@context\":\"https:\/\/schema.org\",\"@graph\":[{\"@type\":\"Organization\",\"@id\":\"https:\/\/stil-fit.com\/pl\/#organization\",\"name\":\"STIL-FIT International GmbH\",\"url\":\"https:\/\/stil-fit.com\/pl\/\",\"sameAs\":[\"https:\/\/de-de.facebook.com\/stilfit\/\",\"https:\/\/www.instagram.com\/stil_fit_int\/\",\"https:\/\/www.linkedin.com\/company\/stil-fit-international-gmbh\",\"https:\/\/www.youtube.com\/channel\/UC2HA1BeZtFB0acPMfq1hKdQ\",\"https:\/\/www.pinterest.com\/STILFITInt\/\"],\"logo\":{\"@type\":\"ImageObject\",\"@id\":\"https:\/\/stil-fit.com\/pl\/#logo\",\"inLanguage\":\"pl-PL\",\"url\":\"https:\/\/stil-fit.com\/wp-content\/uploads\/2019\/02\/stilfit_logo.jpg\",\"width\":150,\"height\":150,\"caption\":\"STIL-FIT International GmbH\"},\"image\":{\"@id\":\"https:\/\/stil-fit.com\/pl\/#logo\"}},{\"@type\":\"WebSite\",\"@id\":\"https:\/\/stil-fit.com\/pl\/#website\",\"url\":\"https:\/\/stil-fit.com\/pl\/\",\"name\":\"STIL-FIT\",\"description\":\"Stil-fit\",\"publisher\":{\"@id\":\"https:\/\/stil-fit.com\/pl\/#organization\"},\"potentialAction\":[{\"@type\":\"SearchAction\",\"target\":\"https:\/\/stil-fit.com\/pl\/?s={search_term_string}\",\"query-input\":\"required name=search_term_string\"}],\"inLanguage\":\"pl-PL\"},{\"@type\":\"ImageObject\",\"@id\":\"https:\/\/stil-fit.com\/pl\/sklep\/ergometer-probebestellung\/#primaryimage\",\"inLanguage\":\"pl-PL\",\"url\":\"https:\/\/stil-fit.com\/wp-content\/uploads\/2023\/10\/STIL-FIT-Ergometer-PURE-White-Edition.jpg\",\"width\":787,\"height\":787},{\"@type\":\"WebPage\",\"@id\":\"https:\/\/stil-fit.com\/pl\/sklep\/ergometer-probebestellung\/#webpage\",\"url\":\"https:\/\/stil-fit.com\/pl\/sklep\/ergometer-probebestellung\/\",\"name\":\"STIL-FIT Rowery stacjonarne - zam\\u00f3wienie pr\\u00f3bne | Test w domu teraz bez zobowi\\u0105za\\u0144\",\"isPartOf\":{\"@id\":\"https:\/\/stil-fit.com\/pl\/#website\"},\"primaryImageOfPage\":{\"@id\":\"https:\/\/stil-fit.com\/pl\/sklep\/ergometer-probebestellung\/#primaryimage\"},\"datePublished\":\"2025-05-16T13:56:05+00:00\",\"dateModified\":\"2025-05-16T13:56:05+00:00\",\"description\":\"Mog\\u0105 Pa\\u0144stwo testowa\\u0107 nasz ergometr w domu przez tydzie\\u0144 bez \\u017cadnych zobowi\\u0105za\\u0144. (D & AT) Prosz\\u0119 spr\\u00f3bowa\\u0107 przez tydzie\\u0144 i zrobi\\u0107 co\\u015b dobrego dla swojego zdrowia.\",\"inLanguage\":\"pl-PL\",\"potentialAction\":[{\"@type\":\"ReadAction\",\"target\":[\"https:\/\/stil-fit.com\/pl\/sklep\/ergometer-probebestellung\/\"]}]}]}<\/script>\n<!-- \/ Yoast SEO Premium plugin. -->","post_mailing_queue_ids":[],"_links":{"self":[{"href":"https:\/\/stil-fit.com\/pl\/wp-json\/wp\/v2\/product\/37330","targetHints":{"allow":["GET"]}}],"collection":[{"href":"https:\/\/stil-fit.com\/pl\/wp-json\/wp\/v2\/product"}],"about":[{"href":"https:\/\/stil-fit.com\/pl\/wp-json\/wp\/v2\/types\/product"}],"replies":[{"embeddable":true,"href":"https:\/\/stil-fit.com\/pl\/wp-json\/wp\/v2\/comments?post=37330"}],"wp:featuredmedia":[{"embeddable":true,"href":"https:\/\/stil-fit.com\/pl\/wp-json\/wp\/v2\/media\/31233"}],"wp:attachment":[{"href":"https:\/\/stil-fit.com\/pl\/wp-json\/wp\/v2\/media?parent=37330"}],"wp:term":[{"taxonomy":"product_brand","embeddable":true,"href":"https:\/\/stil-fit.com\/pl\/wp-json\/wp\/v2\/product_brand?post=37330"},{"taxonomy":"product_cat","embeddable":true,"href":"https:\/\/stil-fit.com\/pl\/wp-json\/wp\/v2\/product_cat?post=37330"},{"taxonomy":"product_tag","embeddable":true,"href":"https:\/\/stil-fit.com\/pl\/wp-json\/wp\/v2\/product_tag?post=37330"},{"taxonomy":"yst_prominent_words","embeddable":true,"href":"https:\/\/stil-fit.com\/pl\/wp-json\/wp\/v2\/yst_prominent_words?post=37330"}],"curies":[{"name":"wp","href":"https:\/\/api.w.org\/{rel}","templated":true}]}}