{"id":33656,"date":"2025-03-20T16:21:57","date_gmt":"2025-03-20T15:21:57","guid":{"rendered":"https:\/\/stil-fit.com\/acessorios\/"},"modified":"2025-04-02T13:46:27","modified_gmt":"2025-04-02T11:46:27","slug":"acessorios","status":"publish","type":"page","link":"https:\/\/stil-fit.com\/pt-pt\/acessorios\/","title":{"rendered":"Acess\u00f3rios"},"content":{"rendered":"\n\n  <div class=\"banner has-hover is-full-height has-parallax\" id=\"banner-1838644549\">\n          <div class=\"banner-inner fill\">\n        <div class=\"banner-bg fill\" data-parallax=\"-3\" data-parallax-container=\".banner\" data-parallax-background>\n            <img decoding=\"async\" width=\"2560\" height=\"1696\" src=\"https:\/\/stil-fit.com\/wp-content\/uploads\/2019\/07\/STIL-FIT-AB-Trainer-interior-design-fitness-e1575556129791-scaled.jpg\" class=\"bg attachment-original size-original\" alt=\"\" \/>                        <div class=\"overlay\"><\/div>            \n                    <\/div>\n\t\t\n        <div class=\"banner-layers container\">\n            <div class=\"fill banner-link\"><\/div>            \n\n   <div id=\"text-box-1860600348\" class=\"text-box banner-layer x5 md-x0 lg-x0 y25 md-y25 lg-y25 res-text\">\n                                <div class=\"text-box-content text dark\">\n              \n              <div class=\"text-inner text-left\">\n                  \n\n\t<div id=\"text-1297114632\" class=\"text\">\n\t\t\n\n<h1 class=\"uppercase\" style=\"text-align: left;\"><strong><span style=\"font-size: 75%;\">Treino de abdominais, costas e f\u00e1scia<\/span><\/strong><\/h1>\n<p class=\"thin-font\" style=\"text-align: left;\"><strong><span style=\"font-size: 170%;\">Estabiliza, fortalece e regenera o teu corpo<\/span><\/strong><\/p>\n\t\t\n<style>\n#text-1297114632 {\n  color: rgb(255,255,255);\n}\n#text-1297114632 > * {\n  color: rgb(255,255,255);\n}\n<\/style>\n\t<\/div>\n\t\n<a data-animate=\"fadeInUp\" href=\"https:\/\/stil-fit.com\/produkt-kategorie\/accessories\/\" class=\"button primary is-small\"  style=\"border-radius:17px;\">\n\t\t<span>Compra agora<\/span>\n\t<\/a>\n\n\n\n              <\/div>\n           <\/div>\n                            \n<style>\n#text-box-1860600348 {\n  width: 60%;\n}\n#text-box-1860600348 .text-box-content {\n  font-size: 100%;\n}\n@media (min-width:550px) {\n  #text-box-1860600348 {\n    width: 71%;\n  }\n}\n<\/style>\n    <\/div>\n \n\n        <\/div>\n      <\/div>\n\n            \n<style>\n#banner-1838644549 {\n  padding-top: 100%;\n  background-color: rgb(255,255,255);\n}\n#banner-1838644549 .overlay {\n  background-color: rgba(114, 114, 114, 0.25);\n}\n#banner-1838644549 .banner-bg img {\n  object-position: 51% 28%;\n}\n<\/style>\n  <\/div>\n\n\n\t<div id=\"gap-843010686\" class=\"gap-element clearfix\" style=\"display:block; height:auto;\">\n\t\t\n<style>\n#gap-843010686 {\n  padding-top: 50px;\n}\n<\/style>\n\t<\/div>\n\t\n\n<div class=\"row align-center\"  id=\"row-541273693\">\n\n\n\t<div id=\"col-1295851992\" class=\"col medium-9 small-11 large-9\"  >\n\t\t\t\t<div class=\"col-inner text-center\"  >\n\t\t\t\n\t\t\t\n\n\t<div id=\"text-1721558065\" class=\"text\">\n\t\t\n\n<div>\n<h2 class=\"thin-font\" style=\"text-align: center;\"><span style=\"font-size: 120%;\">Faz algo de bom para o teu corpo<\/span><\/h2>\n<\/div>\n<div>\n<h3 class=\"thin-font\" style=\"text-align: center;\"><span style=\"font-size: 100%;\">Um treino de fitness eficaz \u00e9 muito mais do que apenas treino de for\u00e7a e resist\u00eancia. O nosso elegante equipamento de treino apoia-te num treino hol\u00edstico. Estabiliza, estica e relaxa os teus m\u00fasculos &#8211; eles v\u00e3o agradecer-te!  &nbsp;<\/span><\/h3>\n<\/div>\n<h1>&nbsp;<\/h1>\n\t\t\n<style>\n#text-1721558065 {\n  text-align: left;\n}\n<\/style>\n\t<\/div>\n\t\n\n\t\t<\/div>\n\t\t\t\t\t<\/div>\n\n\t\n\n<\/div>\n\n\t<section class=\"section info-cards-chess-box\" id=\"section_1825886791\">\n\t\t<div class=\"section-bg fill\" >\n\t\t\t\t\t\t\t\t\t\n\t\t\t\n\n\t\t<\/div>\n\n\t\t\n\n\t\t<div class=\"section-content relative\">\n\t\t\t\n\n<div class=\"row row-collapse align-middle\"  id=\"row-1763481929\">\n\n\n\t<div id=\"col-761134187\" class=\"col medium-6 small-12 large-6\"  data-animate=\"fadeInLeft\">\n\t\t\t\t<div class=\"col-inner\"  >\n\t\t\t\n\t\t\t\n\n\t<div class=\"box has-hover   has-hover box-none box-text-bottom\" >\n\n\t\t<div class=\"box-image\" >\n\t\t\t<a href=\"#\" >\t\t\t<div class=\"image-zoom image-cover\" style=\"padding-top:70%;\">\n\t\t\t\t<img decoding=\"async\" width=\"1920\" height=\"1281\" src=\"https:\/\/stil-fit.com\/wp-content\/uploads\/2021\/10\/STIL-FIT-AB-Trainer-Walnuss.png\" class=\"attachment- size-\" alt=\"\" srcset=\"https:\/\/stil-fit.com\/wp-content\/uploads\/2021\/10\/STIL-FIT-AB-Trainer-Walnuss.png 1920w, https:\/\/stil-fit.com\/wp-content\/uploads\/2021\/10\/STIL-FIT-AB-Trainer-Walnuss-300x200.png 300w, https:\/\/stil-fit.com\/wp-content\/uploads\/2021\/10\/STIL-FIT-AB-Trainer-Walnuss-1024x683.png 1024w, https:\/\/stil-fit.com\/wp-content\/uploads\/2021\/10\/STIL-FIT-AB-Trainer-Walnuss-768x512.png 768w, https:\/\/stil-fit.com\/wp-content\/uploads\/2021\/10\/STIL-FIT-AB-Trainer-Walnuss-600x400.png 600w, https:\/\/stil-fit.com\/wp-content\/uploads\/2021\/10\/STIL-FIT-AB-Trainer-Walnuss-1536x1025.png 1536w, https:\/\/stil-fit.com\/wp-content\/uploads\/2021\/10\/STIL-FIT-AB-Trainer-Walnuss-510x340.png 510w, https:\/\/stil-fit.com\/wp-content\/uploads\/2021\/10\/STIL-FIT-AB-Trainer-Walnuss-20x13.png 20w\" sizes=\"(max-width: 1920px) 100vw, 1920px\" \/>\t\t\t\t<div class=\"overlay\" style=\"background-color:rgba(0, 0, 0, 0)\"><\/div>\t\t\t\t\t\t\t<\/div>\n\t\t\t<\/a>\t\t<\/div>\n\n\t\t<div class=\"box-text text-left is-xsmall dark\" style=\"background-color:rgba(195, 169, 156, 0);\">\n\t\t\t<div class=\"box-text-inner\">\n\t\t\t\t\n\n\n\t\t\t<\/div>\n\t\t<\/div>\n\t<\/div>\n\t\n\n\t\t<\/div>\n\t\t\t\t\t<\/div>\n\n\t\n\n\t<div id=\"col-1039371333\" class=\"col medium-6 small-12 large-6\"  data-animate=\"fadeInUp\">\n\t\t\t\t<div class=\"col-inner\"  >\n\t\t\t\n\t\t\t\n\n<div class=\"row align-center\"  id=\"row-760820723\">\n\n\n\t<div id=\"col-411585283\" class=\"col medium-10 small-10 large-8\"  >\n\t\t\t\t<div class=\"col-inner\"  >\n\t\t\t\n\t\t\t\n\n<h2>STIL-FIT AB Trainer<\/h2>\n<p><span style=\"font-size: 100%;\">Fortalece os teus m\u00fasculos centrais de apoio e estabiliza\u00e7\u00e3o com um treino abdominal eficaz.<\/span><\/p>\n<a href=\"https:\/\/stil-fit.com\/pt-pt\/acessorios\/ab-trainer\/\" class=\"button primary is-small\"  style=\"border-radius:17px;\">\n\t\t<span>Descobre agora<\/span>\n\t<\/a>\n\n\n\n\t\t<\/div>\n\t\t\t\t\t<\/div>\n\n\t\n\n<\/div>\n\n\t\t<\/div>\n\t\t\t\t\n<style>\n#col-1039371333 > .col-inner {\n  padding: 10% 0px 0px 0px;\n}\n<\/style>\n\t<\/div>\n\n\t\n\n<\/div>\n<div class=\"row row-collapse align-middle\"  id=\"row-164089273\">\n\n\n\t<div id=\"col-260755187\" class=\"col medium-6 small-12 large-6\"  data-animate=\"fadeInUp\">\n\t\t\t\t<div class=\"col-inner\"  >\n\t\t\t\n\t\t\t\n\n<div class=\"row align-center\"  id=\"row-812915584\">\n\n\n\t<div id=\"col-214248934\" class=\"col medium-10 small-10 large-8\"  >\n\t\t\t\t<div class=\"col-inner\"  >\n\t\t\t\n\t\t\t\n\n<h2>STIL-FIT Fascia Roller<\/h2>\n<p><span style=\"font-size: 100%;\">O rolo de f\u00e1scia ajuda a regenerar os m\u00fasculos, solta os m\u00fasculos endurecidos e tamb\u00e9m melhora a mobilidade.&nbsp;<\/span><\/p>\n<a href=\"https:\/\/stil-fit.com\/pt-pt\/acessorios\/rolo-de-fascia\/\" class=\"button primary is-small\"  style=\"border-radius:17px;\">\n\t\t<span>Descobre agora<\/span>\n\t<\/a>\n\n\n\n\t\t<\/div>\n\t\t\t\t\t<\/div>\n\n\t\n\n<\/div>\n\n\t\t<\/div>\n\t\t\t\t\n<style>\n#col-260755187 > .col-inner {\n  padding: 10% 0px 0px 0px;\n}\n<\/style>\n\t<\/div>\n\n\t\n\n\t<div id=\"col-1412258069\" class=\"col medium-6 small-12 large-6 small-col-first\"  data-animate=\"fadeInRight\">\n\t\t\t\t<div class=\"col-inner\"  >\n\t\t\t\n\t\t\t\n\n\t<div class=\"box has-hover   has-hover box-none box-text-bottom\" >\n\n\t\t<div class=\"box-image\" >\n\t\t\t<a href=\"#\" >\t\t\t<div class=\"image-zoom image-cover\" style=\"padding-top:70%;\">\n\t\t\t\t<img decoding=\"async\" width=\"1500\" height=\"1001\" src=\"https:\/\/stil-fit.com\/wp-content\/uploads\/2021\/10\/STIL-FIT-Faszienrolle-e1643415654571.png\" class=\"attachment- size-\" alt=\"\" \/>\t\t\t\t<div class=\"overlay\" style=\"background-color:rgba(0, 0, 0, 0)\"><\/div>\t\t\t\t\t\t\t<\/div>\n\t\t\t<\/a>\t\t<\/div>\n\n\t\t<div class=\"box-text text-center dark\" style=\"background-color:rgba(123, 151, 152, 0.85);padding:40px 40px 30px 40px;\">\n\t\t\t<div class=\"box-text-inner\">\n\t\t\t\t\n\n<h2>30% de desconto em apari\u00e7\u00f5es<\/h2>\n<div class=\"is-divider divider clearfix\" style=\"max-width:80%;height:2px;background-color:rgb(255, 255, 255);\"><\/div>\n\n\n\t\t\t<\/div>\n\t\t<\/div>\n\t<\/div>\n\t\n\n\t\t<\/div>\n\t\t\t\t\t<\/div>\n\n\t\n\n<\/div>\n<div class=\"row row-collapse align-middle\"  id=\"row-1948782110\">\n\n\n\t<div id=\"col-1400995285\" class=\"col medium-6 small-12 large-6\"  data-animate=\"fadeInLeft\">\n\t\t\t\t<div class=\"col-inner\"  >\n\t\t\t\n\t\t\t\n\n\t<div class=\"box has-hover   has-hover box-none box-text-bottom\" >\n\n\t\t<div class=\"box-image\" >\n\t\t\t<a href=\"#\" >\t\t\t<div class=\"image-zoom image-cover\" style=\"padding-top:70%;\">\n\t\t\t\t<img decoding=\"async\" width=\"1200\" height=\"801\" src=\"https:\/\/stil-fit.com\/wp-content\/uploads\/2021\/10\/STIL-FIT-BACKstretch-Walnuss-e1643415611103.png\" class=\"attachment- size-\" alt=\"\" \/>\t\t\t\t<div class=\"overlay\" style=\"background-color:rgba(0, 0, 0, 0)\"><\/div>\t\t\t\t\t\t\t<\/div>\n\t\t\t<\/a>\t\t<\/div>\n\n\t\t<div class=\"box-text text-center dark\" style=\"background-color:rgba(121, 161, 186, 0.85);padding:40px 40px 30px 40px;\">\n\t\t\t<div class=\"box-text-inner\">\n\t\t\t\t\n\n<h2>Cozinha na moda esta noite  <\/h2>\n<div class=\"is-divider divider clearfix\" style=\"max-width:80%;height:2px;background-color:rgb(255, 255, 255);\"><\/div>\n\n\n\t\t\t<\/div>\n\t\t<\/div>\n\t<\/div>\n\t\n\n\t\t<\/div>\n\t\t\t\t\t<\/div>\n\n\t\n\n\t<div id=\"col-683157456\" class=\"col medium-6 small-12 large-6\"  data-animate=\"fadeInUp\">\n\t\t\t\t<div class=\"col-inner\"  >\n\t\t\t\n\t\t\t\n\n<div class=\"row align-center\"  id=\"row-1269357421\">\n\n\n\t<div id=\"col-681062131\" class=\"col medium-10 small-10 large-8\"  >\n\t\t\t\t<div class=\"col-inner\"  >\n\t\t\t\n\t\t\t\n\n<h2>STIL-FIT STIL-FIT BACK Stretch<\/h2>\n<p>Relaxa as costas depois de um treino intenso. Uma coluna saud\u00e1vel vai ajudar-te a longo prazo. &nbsp;<\/p>\n<a href=\"https:\/\/stil-fit.com\/pt-pt\/acessorios\/stil-fit-back-stretch\/\" class=\"button primary is-small\"  style=\"border-radius:17px;\">\n\t\t<span>Descobre agora<\/span>\n\t<\/a>\n\n\n\n\t\t<\/div>\n\t\t\t\t\t<\/div>\n\n\t\n\n<\/div>\n\n\t\t<\/div>\n\t\t\t\t\n<style>\n#col-683157456 > .col-inner {\n  padding: 10% 0px 0px 0px;\n}\n<\/style>\n\t<\/div>\n\n\t\n\n<\/div>\n<div class=\"row row-collapse align-middle\"  id=\"row-613205940\">\n\n\n\t<div id=\"col-750306067\" class=\"col medium-6 small-12 large-6\"  data-animate=\"fadeInUp\">\n\t\t\t\t<div class=\"col-inner\"  >\n\t\t\t\n\t\t\t\n\n<div class=\"row align-center\"  id=\"row-1019694675\">\n\n\n\t<div id=\"col-1880821040\" class=\"col medium-10 small-10 large-8\"  >\n\t\t\t\t<div class=\"col-inner\"  >\n\t\t\t\n\t\t\t\n\n<h2>STIL-FIT Bola de fitness<\/h2>\n<p><span style=\"font-size: 100%;\">Melhora a tua mobilidade e estabilidade enquanto fortaleces o teu n\u00facleo ao mesmo tempo. Tamb\u00e9m \u00e9 ideal para uma posi\u00e7\u00e3o sentada vertical.   &nbsp;<\/span><\/p>\n<a href=\"https:\/\/stil-fit.com\/pt-pt\/shop\/stil-fit-fitnessball\/\" class=\"button primary is-small\"  style=\"border-radius:17px;\">\n\t\t<span>Compra agora<\/span>\n\t<\/a>\n\n\n\n\t\t<\/div>\n\t\t\t\t\t<\/div>\n\n\t\n\n<\/div>\n\n\t\t<\/div>\n\t\t\t\t\n<style>\n#col-750306067 > .col-inner {\n  padding: 10% 0px 0px 0px;\n}\n<\/style>\n\t<\/div>\n\n\t\n\n\t<div id=\"col-1361379963\" class=\"col medium-6 small-12 large-6 small-col-first\"  data-animate=\"fadeInRight\">\n\t\t\t\t<div class=\"col-inner\"  >\n\t\t\t\n\t\t\t\n\n\t<div class=\"box has-hover   has-hover box-none box-text-bottom\" >\n\n\t\t<div class=\"box-image\" >\n\t\t\t<a href=\"#\" >\t\t\t<div class=\"image-zoom image-cover\" style=\"padding-top:70%;\">\n\t\t\t\t<img decoding=\"async\" width=\"1181\" height=\"1181\" src=\"https:\/\/stil-fit.com\/wp-content\/uploads\/2023\/03\/Stil-Fit-Trainingsball.png\" class=\"attachment- size-\" alt=\"\" srcset=\"https:\/\/stil-fit.com\/wp-content\/uploads\/2023\/03\/Stil-Fit-Trainingsball.png 1181w, https:\/\/stil-fit.com\/wp-content\/uploads\/2023\/03\/Stil-Fit-Trainingsball-300x300.png 300w, https:\/\/stil-fit.com\/wp-content\/uploads\/2023\/03\/Stil-Fit-Trainingsball-1024x1024.png 1024w, https:\/\/stil-fit.com\/wp-content\/uploads\/2023\/03\/Stil-Fit-Trainingsball-150x150.png 150w, https:\/\/stil-fit.com\/wp-content\/uploads\/2023\/03\/Stil-Fit-Trainingsball-768x768.png 768w, https:\/\/stil-fit.com\/wp-content\/uploads\/2023\/03\/Stil-Fit-Trainingsball-600x600.png 600w, https:\/\/stil-fit.com\/wp-content\/uploads\/2023\/03\/Stil-Fit-Trainingsball-510x510.png 510w, https:\/\/stil-fit.com\/wp-content\/uploads\/2023\/03\/Stil-Fit-Trainingsball-100x100.png 100w, https:\/\/stil-fit.com\/wp-content\/uploads\/2023\/03\/Stil-Fit-Trainingsball-20x20.png 20w\" sizes=\"(max-width: 1181px) 100vw, 1181px\" \/>\t\t\t\t<div class=\"overlay\" style=\"background-color:rgba(0, 0, 0, 0)\"><\/div>\t\t\t\t\t\t\t<\/div>\n\t\t\t<\/a>\t\t<\/div>\n\n\t\t<div class=\"box-text text-center dark\" style=\"background-color:rgba(123, 151, 152, 0.85);padding:40px 40px 30px 40px;\">\n\t\t\t<div class=\"box-text-inner\">\n\t\t\t\t\n\n<h2>30% de desconto em apari\u00e7\u00f5es<\/h2>\n<div class=\"is-divider divider clearfix\" style=\"max-width:80%;height:2px;background-color:rgb(255, 255, 255);\"><\/div>\n\n\n\t\t\t<\/div>\n\t\t<\/div>\n\t<\/div>\n\t\n\n\t\t<\/div>\n\t\t\t\t\t<\/div>\n\n\t\n\n<\/div>\n\n\t\t<\/div>\n\n\t\t\n<style>\n#section_1825886791 {\n  padding-top: 60px;\n  padding-bottom: 60px;\n}\n<\/style>\n\t<\/section>\n\t","protected":false},"excerpt":{"rendered":"","protected":false},"author":2,"featured_media":0,"parent":0,"menu_order":0,"comment_status":"closed","ping_status":"closed","template":"page-blank.php","meta":{"_monsterinsights_skip_tracking":false,"_monsterinsights_sitenote_active":false,"_monsterinsights_sitenote_note":"","_monsterinsights_sitenote_category":0,"footnotes":""},"yst_prominent_words":[621,773,692,772,774,497,161],"class_list":["post-33656","page","type-page","status-publish","hentry"],"yoast_head":"<!-- This site is optimized with the Yoast SEO Premium plugin v14.5 - https:\/\/yoast.com\/wordpress\/plugins\/seo\/ -->\n<title>Acess\u00f3rios | STIL-FIT<\/title>\n<meta name=\"robots\" content=\"index, follow\" \/>\n<meta name=\"googlebot\" content=\"index, follow, max-snippet:-1, max-image-preview:large, max-video-preview:-1\" \/>\n<meta name=\"bingbot\" content=\"index, follow, max-snippet:-1, max-image-preview:large, max-video-preview:-1\" \/>\n<link rel=\"canonical\" href=\"https:\/\/stil-fit.com\/pt-pt\/acessorios\/\" \/>\n<meta property=\"og:locale\" content=\"pt_PT\" \/>\n<meta property=\"og:type\" content=\"article\" \/>\n<meta property=\"og:title\" content=\"Acess\u00f3rios | STIL-FIT\" \/>\n<meta property=\"og:url\" content=\"https:\/\/stil-fit.com\/pt-pt\/acessorios\/\" \/>\n<meta property=\"og:site_name\" content=\"STIL-FIT\" \/>\n<meta property=\"article:publisher\" content=\"https:\/\/de-de.facebook.com\/stilfit\/\" \/>\n<meta property=\"article:modified_time\" content=\"2025-04-02T11:46:27+00:00\" \/>\n<meta name=\"twitter:card\" content=\"summary_large_image\" \/>\n<script type=\"application\/ld+json\" class=\"yoast-schema-graph\">{\"@context\":\"https:\/\/schema.org\",\"@graph\":[{\"@type\":\"Organization\",\"@id\":\"https:\/\/stil-fit.com\/pt-pt\/#organization\",\"name\":\"STIL-FIT Internacional GmbH\",\"url\":\"https:\/\/stil-fit.com\/pt-pt\/\",\"sameAs\":[\"https:\/\/de-de.facebook.com\/stilfit\/\",\"https:\/\/www.instagram.com\/stil_fit_int\/\",\"https:\/\/www.linkedin.com\/company\/stil-fit-international-gmbh\",\"https:\/\/www.youtube.com\/channel\/UC2HA1BeZtFB0acPMfq1hKdQ\",\"https:\/\/www.pinterest.com\/STILFITInt\/\"],\"logo\":{\"@type\":\"ImageObject\",\"@id\":\"https:\/\/stil-fit.com\/pt-pt\/#logo\",\"inLanguage\":\"pt-PT\",\"url\":\"https:\/\/stil-fit.com\/wp-content\/uploads\/2019\/02\/stilfit_logo.jpg\",\"width\":150,\"height\":150,\"caption\":\"STIL-FIT Internacional GmbH\"},\"image\":{\"@id\":\"https:\/\/stil-fit.com\/pt-pt\/#logo\"}},{\"@type\":\"WebSite\",\"@id\":\"https:\/\/stil-fit.com\/pt-pt\/#website\",\"url\":\"https:\/\/stil-fit.com\/pt-pt\/\",\"name\":\"STIL-FIT\",\"description\":\"Stil-fit\",\"publisher\":{\"@id\":\"https:\/\/stil-fit.com\/pt-pt\/#organization\"},\"potentialAction\":[{\"@type\":\"SearchAction\",\"target\":\"https:\/\/stil-fit.com\/pt-pt\/?s={search_term_string}\",\"query-input\":\"required name=search_term_string\"}],\"inLanguage\":\"pt-PT\"},{\"@type\":\"WebPage\",\"@id\":\"https:\/\/stil-fit.com\/pt-pt\/acessorios\/#webpage\",\"url\":\"https:\/\/stil-fit.com\/pt-pt\/acessorios\/\",\"name\":\"Acess\\u00f3rios | STIL-FIT\",\"isPartOf\":{\"@id\":\"https:\/\/stil-fit.com\/pt-pt\/#website\"},\"datePublished\":\"2025-03-20T15:21:57+00:00\",\"dateModified\":\"2025-04-02T11:46:27+00:00\",\"inLanguage\":\"pt-PT\",\"potentialAction\":[{\"@type\":\"ReadAction\",\"target\":[\"https:\/\/stil-fit.com\/pt-pt\/acessorios\/\"]}]}]}<\/script>\n<!-- \/ Yoast SEO Premium plugin. -->","post_mailing_queue_ids":[],"_links":{"self":[{"href":"https:\/\/stil-fit.com\/pt-pt\/wp-json\/wp\/v2\/pages\/33656","targetHints":{"allow":["GET"]}}],"collection":[{"href":"https:\/\/stil-fit.com\/pt-pt\/wp-json\/wp\/v2\/pages"}],"about":[{"href":"https:\/\/stil-fit.com\/pt-pt\/wp-json\/wp\/v2\/types\/page"}],"author":[{"embeddable":true,"href":"https:\/\/stil-fit.com\/pt-pt\/wp-json\/wp\/v2\/users\/2"}],"replies":[{"embeddable":true,"href":"https:\/\/stil-fit.com\/pt-pt\/wp-json\/wp\/v2\/comments?post=33656"}],"version-history":[{"count":4,"href":"https:\/\/stil-fit.com\/pt-pt\/wp-json\/wp\/v2\/pages\/33656\/revisions"}],"predecessor-version":[{"id":36711,"href":"https:\/\/stil-fit.com\/pt-pt\/wp-json\/wp\/v2\/pages\/33656\/revisions\/36711"}],"wp:attachment":[{"href":"https:\/\/stil-fit.com\/pt-pt\/wp-json\/wp\/v2\/media?parent=33656"}],"wp:term":[{"taxonomy":"yst_prominent_words","embeddable":true,"href":"https:\/\/stil-fit.com\/pt-pt\/wp-json\/wp\/v2\/yst_prominent_words?post=33656"}],"curies":[{"name":"wp","href":"https:\/\/api.w.org\/{rel}","templated":true}]}}