{"id":34391,"date":"2025-03-20T16:46:08","date_gmt":"2025-03-20T15:46:08","guid":{"rendered":"https:\/\/stil-fit.com\/ordem-de-julgamento\/"},"modified":"2025-05-16T16:29:59","modified_gmt":"2025-05-16T14:29:59","slug":"ordem-de-julgamento","status":"publish","type":"page","link":"https:\/\/stil-fit.com\/pt-pt\/ergometer\/ordem-de-julgamento\/","title":{"rendered":"Ordem de julgamento"},"content":{"rendered":"\n  <div class=\"banner has-hover show-for-small\" id=\"banner-1692840606\">\n          <div class=\"banner-inner fill\">\n        <div class=\"banner-bg fill\" >\n                                                \n                    <\/div>\n\t\t\n        <div class=\"banner-layers container\">\n            <div class=\"fill banner-link\"><\/div>            \n\n   <div id=\"text-box-835399471\" class=\"text-box banner-layer x50 md-x50 lg-x50 y50 md-y50 lg-y50 res-text\">\n                                <div class=\"text-box-content text \">\n              \n              <div class=\"text-inner text-center\">\n                  \n\n<h1><strong>Entrega de amostras<\/strong><\/h1>\n<div class=\"crossline\">\n<p class=\"bodytext\"><span style=\"font-size: 120%;\"><span style=\"font-size: 140%;\">Podes testar o nosso erg\u00f3metro em casa durante uma semana sem qualquer obriga\u00e7\u00e3o. (v\u00e1lido apenas para a Alemanha) <\/span>&nbsp;<\/span><\/p>\n<\/div>\n\n              <\/div>\n           <\/div>\n                            \n<style>\n#text-box-835399471 {\n  width: 91%;\n}\n#text-box-835399471 .text-box-content {\n  font-size: 100%;\n}\n@media (min-width:550px) {\n  #text-box-835399471 {\n    width: 60%;\n  }\n}\n<\/style>\n    <\/div>\n \n\n        <\/div>\n      <\/div>\n\n            \n<style>\n#banner-1692840606 {\n  padding-top: 350px;\n  background-color: rgb(255,255,255);\n}\n<\/style>\n  <\/div>\n\n\n\n  <div class=\"banner has-hover hide-for-small\" id=\"banner-1791756177\">\n          <div class=\"banner-inner fill\">\n        <div class=\"banner-bg fill\" >\n            <img decoding=\"async\" width=\"1020\" height=\"583\" src=\"https:\/\/stil-fit.com\/wp-content\/uploads\/2023\/09\/STIL-FIT-Ergometer-teaser-1024x585.jpg\" class=\"bg attachment-large size-large\" alt=\"\" \/>                                    \n                    <\/div>\n\t\t\n        <div class=\"banner-layers container\">\n            <div class=\"fill banner-link\"><\/div>            \n\n   <div id=\"text-box-1789154208\" class=\"text-box banner-layer x5 md-x5 lg-x5 y50 md-y50 lg-y50 res-text\">\n                                <div class=\"text-box-content text dark\">\n              \n              <div class=\"text-inner text-left\">\n                  \n\n<h1><span style=\"font-size: 80%;\"><strong>Entrega de amostras<\/strong><\/span><\/h1>\n<div class=\"crossline\">\n<p class=\"bodytext\"><strong><span style=\"font-size: 120%;\">Podes testar o nosso erg\u00f3metro em casa durante uma semana sem qualquer obriga\u00e7\u00e3o. (v\u00e1lido apenas para D &amp; AT)   <\/span><\/strong><\/p>\n<\/div>\n<a href=\"https:\/\/stil-fit.com\/pt-pt\/shop\/ergometer-probebestellung-2\/\" class=\"button primary box-shadow-4-hover\"  style=\"border-radius:99px;\">\n\t\t<span>Testa agora<\/span>\n\t<\/a>\n\n\n\n              <\/div>\n           <\/div>\n                            \n<style>\n#text-box-1789154208 {\n  width: 82%;\n}\n#text-box-1789154208 .text-box-content {\n  font-size: 100%;\n}\n@media (min-width:550px) {\n  #text-box-1789154208 {\n    width: 41%;\n  }\n}\n<\/style>\n    <\/div>\n \n\n        <\/div>\n      <\/div>\n\n            \n<style>\n#banner-1791756177 {\n  padding-top: 350px;\n  background-color: rgb(255,255,255);\n}\n<\/style>\n  <\/div>\n\n\n<div class=\"row align-center\"  id=\"row-812467373\">\n\n\n\t<div id=\"col-778447732\" class=\"col medium-8 small-12 large-8\"  >\n\t\t\t\t<div class=\"col-inner\"  >\n\t\t\t\n\t\t\t\n\n<h3><span id=\"1295600283177S\"><span style=\"font-size: 120%;\">E \u00c9 ASSIM QUE FUNCIONA A ORDEM DE JULGAMENTO<\/span>&nbsp;<\/span><\/h3>\n<p class=\"bodytext\"><span id=\"1295600283177S\"><br \/><\/span>Depois de teres feito a tua encomenda por e-mail, entregaremos em tua casa um erg\u00f3metro novo e sem uso.<\/p>\n<p class=\"bodytext\">O erg\u00f3metro est\u00e1 completamente montado, tudo o que tens de fazer \u00e9 inserir o tubo frontal na estrutura e fix\u00e1-lo com um parafuso.<\/p>\n<p class=\"bodytext\">A partir da\u00ed, podes &#8220;testar o treino&#8221; durante uma semana<\/p>\n<p class=\"bodytext\"><b>Para isso, cobramos-te uma contribui\u00e7\u00e3o para as despesas de 75 euros.&nbsp;<\/b><\/p>\n<p class=\"bodytext\">Se n\u00e3o quiseres ficar com o erg\u00f3metro, por favor reembala-o e n\u00f3s recolh\u00ea-lo-emos. N\u00e3o ter\u00e1s quaisquer custos adicionais. <\/p>\n<p class=\"bodytext\">Se decidires comprar, ficas com o aparelho e n\u00f3s enviamos-te a fatura.  <b>Cobrar-te-emos uma contribui\u00e7\u00e3o para as despesas de 75 euros.<\/b><\/p>\n\n\t\t<\/div>\n\t\t\t\t\t<\/div>\n\n\t\n\n<\/div>\n\n\t<section class=\"section\" id=\"section_740520732\">\n\t\t<div class=\"section-bg fill\" >\n\t\t\t\t\t\t\t\t\t\n\t\t\t\n\n\t\t<\/div>\n\n\t\t\n\n\t\t<div class=\"section-content relative\">\n\t\t\t\n\n\t<div id=\"gap-471174981\" class=\"gap-element clearfix\" style=\"display:block; height:auto;\">\n\t\t\n<style>\n#gap-471174981 {\n  padding-top: 50px;\n}\n<\/style>\n\t<\/div>\n\t\n\n<div class=\"row align-center\"  id=\"row-209935013\">\n\n\n\t<div id=\"col-187866661\" class=\"col medium-8 small-12 large-8\"  >\n\t\t\t\t<div class=\"col-inner text-center\"  >\n\t\t\t\n\t\t\t\n\n<h2 style=\"text-align: center;\"><strong><span style=\"font-size: 120%;\">Conhece agora os nossos erg\u00f3metros de design<\/span><\/strong><\/h2>\n<h3 class=\"thin-font\" style=\"text-align: center;\">&nbsp;<\/h3>\n<a href=\"https:\/\/stil-fit.com\/pt-pt\/ergometro-pure\/\" class=\"button primary is-outline\"  style=\"border-radius:17px;\">\n\t\t<span>Modelo PURE<\/span>\n\t<\/a>\n\n\n<a href=\"https:\/\/stil-fit.com\/pt-pt\/bicicleta-pro\/\" class=\"button primary is-outline\"  style=\"border-radius:17px;\">\n\t\t<span>Bicicleta PRO<\/span>\n\t<\/a>\n\n\n<a href=\"https:\/\/stil-fit.com\/ergometer\/bike-nero-edition\/\" class=\"button primary is-outline\"  style=\"border-radius:99px;\">\n\t\t<span>Bicicleta NERO<\/span>\n\t<\/a>\n\n\n\n\t\t<\/div>\n\t\t\t\t\t<\/div>\n\n\t\n\n<\/div>\n\n\t\t<\/div>\n\n\t\t\n<style>\n#section_740520732 {\n  padding-top: 30px;\n  padding-bottom: 30px;\n}\n<\/style>\n\t<\/section>\n\t","protected":false},"excerpt":{"rendered":"","protected":false},"author":2,"featured_media":0,"parent":34588,"menu_order":5,"comment_status":"closed","ping_status":"closed","template":"page-blank.php","meta":{"_monsterinsights_skip_tracking":false,"_monsterinsights_sitenote_active":false,"_monsterinsights_sitenote_note":"","_monsterinsights_sitenote_category":0,"footnotes":""},"yst_prominent_words":[1230,1229,958,1658,172,1652,957,955,1653,1654,1651,1655,1657,956,1228,1227,1656],"class_list":["post-34391","page","type-page","status-publish","hentry"],"yoast_head":"<!-- This site is optimized with the Yoast SEO Premium plugin v14.5 - https:\/\/yoast.com\/wordpress\/plugins\/seo\/ -->\n<title>Ordem de julgamento | Testa o nosso erg\u00f3metro facilmente em casa<\/title>\n<meta name=\"description\" content=\"Testa os nossos erg\u00f3metros em casa durante uma semana - sem qualquer obriga\u00e7\u00e3o de compra. A contribui\u00e7\u00e3o para as despesas de 75 EUR ser\u00e1 deduzida da tua compra.\" \/>\n<meta name=\"robots\" content=\"index, follow\" \/>\n<meta name=\"googlebot\" content=\"index, follow, max-snippet:-1, max-image-preview:large, max-video-preview:-1\" \/>\n<meta name=\"bingbot\" content=\"index, follow, max-snippet:-1, max-image-preview:large, max-video-preview:-1\" \/>\n<link rel=\"canonical\" href=\"https:\/\/stil-fit.com\/pt-pt\/ergometer\/ordem-de-julgamento\/\" \/>\n<meta property=\"og:locale\" content=\"pt_PT\" \/>\n<meta property=\"og:type\" content=\"article\" \/>\n<meta property=\"og:title\" content=\"Ordem de julgamento | Testa o nosso erg\u00f3metro facilmente em casa\" \/>\n<meta property=\"og:description\" content=\"Testa os nossos erg\u00f3metros em casa durante uma semana - sem qualquer obriga\u00e7\u00e3o de compra. A contribui\u00e7\u00e3o para as despesas de 75 EUR ser\u00e1 deduzida da tua compra.\" \/>\n<meta property=\"og:url\" content=\"https:\/\/stil-fit.com\/pt-pt\/ergometer\/ordem-de-julgamento\/\" \/>\n<meta property=\"og:site_name\" content=\"STIL-FIT\" \/>\n<meta property=\"article:publisher\" content=\"https:\/\/de-de.facebook.com\/stilfit\/\" \/>\n<meta property=\"article:modified_time\" content=\"2025-05-16T14:29:59+00:00\" \/>\n<meta name=\"twitter:card\" content=\"summary_large_image\" \/>\n<script type=\"application\/ld+json\" class=\"yoast-schema-graph\">{\"@context\":\"https:\/\/schema.org\",\"@graph\":[{\"@type\":\"Organization\",\"@id\":\"https:\/\/stil-fit.com\/pt-pt\/#organization\",\"name\":\"STIL-FIT Internacional GmbH\",\"url\":\"https:\/\/stil-fit.com\/pt-pt\/\",\"sameAs\":[\"https:\/\/de-de.facebook.com\/stilfit\/\",\"https:\/\/www.instagram.com\/stil_fit_int\/\",\"https:\/\/www.linkedin.com\/company\/stil-fit-international-gmbh\",\"https:\/\/www.youtube.com\/channel\/UC2HA1BeZtFB0acPMfq1hKdQ\",\"https:\/\/www.pinterest.com\/STILFITInt\/\"],\"logo\":{\"@type\":\"ImageObject\",\"@id\":\"https:\/\/stil-fit.com\/pt-pt\/#logo\",\"inLanguage\":\"pt-PT\",\"url\":\"https:\/\/stil-fit.com\/wp-content\/uploads\/2019\/02\/stilfit_logo.jpg\",\"width\":150,\"height\":150,\"caption\":\"STIL-FIT Internacional GmbH\"},\"image\":{\"@id\":\"https:\/\/stil-fit.com\/pt-pt\/#logo\"}},{\"@type\":\"WebSite\",\"@id\":\"https:\/\/stil-fit.com\/pt-pt\/#website\",\"url\":\"https:\/\/stil-fit.com\/pt-pt\/\",\"name\":\"STIL-FIT\",\"description\":\"Stil-fit\",\"publisher\":{\"@id\":\"https:\/\/stil-fit.com\/pt-pt\/#organization\"},\"potentialAction\":[{\"@type\":\"SearchAction\",\"target\":\"https:\/\/stil-fit.com\/pt-pt\/?s={search_term_string}\",\"query-input\":\"required name=search_term_string\"}],\"inLanguage\":\"pt-PT\"},{\"@type\":\"WebPage\",\"@id\":\"https:\/\/stil-fit.com\/pt-pt\/ergometer\/ordem-de-julgamento\/#webpage\",\"url\":\"https:\/\/stil-fit.com\/pt-pt\/ergometer\/ordem-de-julgamento\/\",\"name\":\"Ordem de julgamento | Testa o nosso erg\\u00f3metro facilmente em casa\",\"isPartOf\":{\"@id\":\"https:\/\/stil-fit.com\/pt-pt\/#website\"},\"datePublished\":\"2025-03-20T15:46:08+00:00\",\"dateModified\":\"2025-05-16T14:29:59+00:00\",\"description\":\"Testa os nossos erg\\u00f3metros em casa durante uma semana - sem qualquer obriga\\u00e7\\u00e3o de compra. A contribui\\u00e7\\u00e3o para as despesas de 75 EUR ser\\u00e1 deduzida da tua compra.\",\"inLanguage\":\"pt-PT\",\"potentialAction\":[{\"@type\":\"ReadAction\",\"target\":[\"https:\/\/stil-fit.com\/pt-pt\/ergometer\/ordem-de-julgamento\/\"]}]}]}<\/script>\n<!-- \/ Yoast SEO Premium plugin. -->","post_mailing_queue_ids":[],"_links":{"self":[{"href":"https:\/\/stil-fit.com\/pt-pt\/wp-json\/wp\/v2\/pages\/34391","targetHints":{"allow":["GET"]}}],"collection":[{"href":"https:\/\/stil-fit.com\/pt-pt\/wp-json\/wp\/v2\/pages"}],"about":[{"href":"https:\/\/stil-fit.com\/pt-pt\/wp-json\/wp\/v2\/types\/page"}],"author":[{"embeddable":true,"href":"https:\/\/stil-fit.com\/pt-pt\/wp-json\/wp\/v2\/users\/2"}],"replies":[{"embeddable":true,"href":"https:\/\/stil-fit.com\/pt-pt\/wp-json\/wp\/v2\/comments?post=34391"}],"version-history":[{"count":7,"href":"https:\/\/stil-fit.com\/pt-pt\/wp-json\/wp\/v2\/pages\/34391\/revisions"}],"predecessor-version":[{"id":37408,"href":"https:\/\/stil-fit.com\/pt-pt\/wp-json\/wp\/v2\/pages\/34391\/revisions\/37408"}],"up":[{"embeddable":true,"href":"https:\/\/stil-fit.com\/pt-pt\/wp-json\/wp\/v2\/pages\/34588"}],"wp:attachment":[{"href":"https:\/\/stil-fit.com\/pt-pt\/wp-json\/wp\/v2\/media?parent=34391"}],"wp:term":[{"taxonomy":"yst_prominent_words","embeddable":true,"href":"https:\/\/stil-fit.com\/pt-pt\/wp-json\/wp\/v2\/yst_prominent_words?post=34391"}],"curies":[{"name":"wp","href":"https:\/\/api.w.org\/{rel}","templated":true}]}}