{"id":34476,"date":"2025-03-20T16:47:19","date_gmt":"2025-03-20T15:47:19","guid":{"rendered":"https:\/\/stil-fit.com\/entrega\/"},"modified":"2025-03-20T16:47:34","modified_gmt":"2025-03-20T15:47:34","slug":"entrega","status":"publish","type":"page","link":"https:\/\/stil-fit.com\/pt-pt\/entrega\/","title":{"rendered":"entrega"},"content":{"rendered":"\n  <div class=\"banner has-hover\" id=\"banner-1366259352\">\n          <div class=\"banner-inner fill\">\n        <div class=\"banner-bg fill\" >\n            <img decoding=\"async\" width=\"1020\" height=\"680\" src=\"https:\/\/stil-fit.com\/wp-content\/uploads\/2019\/11\/iStock-1038555870-scaled.jpg\" class=\"bg attachment-large size-large\" alt=\"\" \/>                                    \n                    <\/div>\n\t\t\n        <div class=\"banner-layers container\">\n            <div class=\"fill banner-link\"><\/div>            \n\n   <div id=\"text-box-416735962\" class=\"text-box banner-layer x50 md-x50 lg-x50 y50 md-y50 lg-y50 res-text\">\n                                <div class=\"text-box-content text dark\">\n              \n              <div class=\"text-inner text-center\">\n                  \n\n<h3 class=\"uppercase\"><strong>entrega<\/strong><\/h3>\n<p>R\u00e1pido e sem complica\u00e7\u00f5es  <\/p>\n\n              <\/div>\n           <\/div>\n                            \n<style>\n#text-box-416735962 {\n  width: 60%;\n}\n#text-box-416735962 .text-box-content {\n  font-size: 100%;\n}\n<\/style>\n    <\/div>\n \n\n        <\/div>\n      <\/div>\n\n            \n<style>\n#banner-1366259352 {\n  padding-top: 600px;\n  background-color: rgb(255,255,255);\n}\n#banner-1366259352 .banner-bg img {\n  object-position: 48% 85%;\n}\n<\/style>\n  <\/div>\n\n\n\n\t<section class=\"section\" id=\"section_1744145030\">\n\t\t<div class=\"section-bg fill\" >\n\t\t\t\t\t\t\t\t\t\n\t\t\t\n\n\t\t<\/div>\n\n\t\t\n\n\t\t<div class=\"section-content relative\">\n\t\t\t\n\n<div class=\"row align-center\"  id=\"row-1143528872\">\n\n\n\t<div id=\"col-473424958\" class=\"col medium-6 small-9 large-6\"  >\n\t\t\t\t<div class=\"col-inner text-center\"  >\n\t\t\t\n\t\t\t\n\n\t<div id=\"gap-414527814\" class=\"gap-element clearfix\" style=\"display:block; height:auto;\">\n\t\t\n<style>\n#gap-414527814 {\n  padding-top: 30px;\n}\n<\/style>\n\t<\/div>\n\t\n\n<div>\n<h2 style=\"text-align: left;\"><span style=\"font-size: 100%;\">O servi\u00e7o \u00e9 muito importante para n\u00f3s  <\/span><\/h2>\n<\/div>\n\n\t\t<\/div>\n\t\t\t\t\t<\/div>\n\n\t\n\n<\/div>\n\n\t\t<\/div>\n\n\t\t\n<style>\n#section_1744145030 {\n  padding-top: 20px;\n  padding-bottom: 20px;\n}\n<\/style>\n\t<\/section>\n\t\n\n\t<section class=\"section\" id=\"section_327520691\">\n\t\t<div class=\"section-bg fill\" >\n\t\t\t\t\t\t\t\t\t\n\t\t\t\n\n\t\t<\/div>\n\n\t\t\n\n\t\t<div class=\"section-content relative\">\n\t\t\t\n\n<div class=\"row\"  id=\"row-412517393\">\n\n\n\t<div id=\"col-810200845\" class=\"col medium-4 small-12 large-4\"  >\n\t\t\t\t<div class=\"col-inner\"  >\n\t\t\t\n\t\t\t\n\n\n\t\t<div class=\"icon-box featured-box icon-box-center text-center\"  >\n\t\t\t\t\t<div class=\"icon-box-img\" style=\"width: 60px\">\n\t\t\t\t<div class=\"icon\">\n\t\t\t\t\t<div class=\"icon-inner\" style=\"color:rgb(129, 178, 189);\">\n\t\t\t\t\t\t<img decoding=\"async\" width=\"201\" height=\"201\" src=\"https:\/\/stil-fit.com\/wp-content\/uploads\/2019\/11\/Artboard-2-copy-6@4x.png\" class=\"attachment-medium size-medium\" alt=\"\" srcset=\"https:\/\/stil-fit.com\/wp-content\/uploads\/2019\/11\/Artboard-2-copy-6@4x.png 201w, https:\/\/stil-fit.com\/wp-content\/uploads\/2019\/11\/Artboard-2-copy-6@4x-100x100.png 100w\" sizes=\"(max-width: 201px) 100vw, 201px\" \/>\t\t\t\t\t<\/div>\n\t\t\t\t<\/div>\n\t\t\t<\/div>\n\t\t\t\t<div class=\"icon-box-text last-reset\">\n\t\t\t\t\t\t\t\t\t\n\n<h3 style=\"text-align: center;\"><span style=\"font-size: 90%;\">Esfor\u00e7o m\u00ednimo de instala\u00e7\u00e3o<\/span><\/h3>\n<p style=\"text-align: center;\"><span style=\"font-size: 100%;\">A maioria ou todos os nossos produtos s\u00e3o pr\u00e9-montados e requerem pouco trabalho de montagem.<\/span><\/p>\n<p style=\"text-align: center;\"> <\/p>\n\n\t\t<\/div>\n\t<\/div>\n\t\n\t\n\n\t\t<\/div>\n\t\t\t\t\t<\/div>\n\n\t\n\n\t<div id=\"col-1084371208\" class=\"col medium-4 small-12 large-4\"  >\n\t\t\t\t<div class=\"col-inner\"  >\n\t\t\t\n\t\t\t\n\n\n\t\t<div class=\"icon-box featured-box icon-box-center text-center\"  >\n\t\t\t\t\t<div class=\"icon-box-img\" style=\"width: 60px\">\n\t\t\t\t<div class=\"icon\">\n\t\t\t\t\t<div class=\"icon-inner\" style=\"color:rgb(129, 178, 189);\">\n\t\t\t\t\t\t<img decoding=\"async\" width=\"201\" height=\"201\" src=\"https:\/\/stil-fit.com\/wp-content\/uploads\/2019\/11\/Artboard-2-copy-16@4x.png\" class=\"attachment-medium size-medium\" alt=\"\" srcset=\"https:\/\/stil-fit.com\/wp-content\/uploads\/2019\/11\/Artboard-2-copy-16@4x.png 201w, https:\/\/stil-fit.com\/wp-content\/uploads\/2019\/11\/Artboard-2-copy-16@4x-100x100.png 100w\" sizes=\"(max-width: 201px) 100vw, 201px\" \/>\t\t\t\t\t<\/div>\n\t\t\t\t<\/div>\n\t\t\t<\/div>\n\t\t\t\t<div class=\"icon-box-text last-reset\">\n\t\t\t\t\t\t\t\t\t\n\n<h3 style=\"text-align: center;\"><span style=\"font-size: 90%;\">Entrega r\u00e1pida e fi\u00e1vel  <\/span><\/h3>\n<p style=\"text-align: center;\"><span style=\"font-size: 100%;\">Os nossos grandes electrodom\u00e9sticos s\u00e3o entregues por um transit\u00e1rio. Todos os outros produtos s\u00e3o entregues pela DHL ou Hermes. <\/span><\/p>\n<p style=\"text-align: center;\"> <\/p>\n\n\t\t<\/div>\n\t<\/div>\n\t\n\t\n\n\t\t<\/div>\n\t\t\t\t\t<\/div>\n\n\t\n\n\t<div id=\"col-1234119345\" class=\"col medium-4 small-12 large-4\"  >\n\t\t\t\t<div class=\"col-inner\"  >\n\t\t\t\n\t\t\t\n\n\n\t\t<div class=\"icon-box featured-box icon-box-center text-center\"  >\n\t\t\t\t\t<div class=\"icon-box-img\" style=\"width: 60px\">\n\t\t\t\t<div class=\"icon\">\n\t\t\t\t\t<div class=\"icon-inner\" style=\"color:rgb(129, 178, 189);\">\n\t\t\t\t\t\t<img decoding=\"async\" width=\"201\" height=\"201\" src=\"https:\/\/stil-fit.com\/wp-content\/uploads\/2019\/11\/Artboard-2-copy-28@4x.png\" class=\"attachment-medium size-medium\" alt=\"\" srcset=\"https:\/\/stil-fit.com\/wp-content\/uploads\/2019\/11\/Artboard-2-copy-28@4x.png 201w, https:\/\/stil-fit.com\/wp-content\/uploads\/2019\/11\/Artboard-2-copy-28@4x-100x100.png 100w\" sizes=\"(max-width: 201px) 100vw, 201px\" \/>\t\t\t\t\t<\/div>\n\t\t\t\t<\/div>\n\t\t\t<\/div>\n\t\t\t\t<div class=\"icon-box-text last-reset\">\n\t\t\t\t\t\t\t\t\t\n\n<h3 style=\"text-align: center;\"><span style=\"font-size: 90%;\">Marca uma consulta  <\/span><\/h3>\n<p style=\"text-align: center;\"><span style=\"font-size: 100%;\">Podes combinar a data de entrega desejada diretamente com a empresa de transportes.  <\/span><\/p>\n<p style=\"text-align: center;\"> <\/p>\n\n\t\t<\/div>\n\t<\/div>\n\t\n\t\n\n\t\t<\/div>\n\t\t\t\t\t<\/div>\n\n\t\n\n<\/div>\n\n\t\t<\/div>\n\n\t\t\n<style>\n#section_327520691 {\n  padding-top: 40px;\n  padding-bottom: 40px;\n  background-color: rgb(251, 251, 249);\n}\n<\/style>\n\t<\/section>\n\t\n\n\t<section class=\"section\" id=\"section_1677714189\">\n\t\t<div class=\"section-bg fill\" >\n\t\t\t\t\t\t\t\t\t\n\t\t\t\n\n\t\t<\/div>\n\n\t\t\n\n\t\t<div class=\"section-content relative\">\n\t\t\t\n\n<div class=\"row align-middle\"  id=\"row-1662217360\">\n\n\n\t<div id=\"col-1644268771\" class=\"col medium-7 small-12 large-7\"  >\n\t\t\t\t<div class=\"col-inner\"  >\n\t\t\t\n\t\t\t\n\n<h2 class=\"uppercase\">Erg\u00f3metro STil-fit<\/h2>\n<p>O erg\u00f3metro \u00e9-te entregue quase completamente montado. Tudo o que tens de fazer \u00e9 ligar um cabo de liga\u00e7\u00e3o, apertar um parafuso e colocar o guiador.   <\/p>\n<p>Entrega:<\/p>\n<p>1 caixa 94 x 51 x 74 cm (C\/P\/A) &#8211; 42kg<\/p>\n<p>Tempo de montagem aprox. 20 min.  <\/p>\n\n\t\t<\/div>\n\t\t\t\t\t<\/div>\n\n\t\n\n<\/div>\n<div class=\"text-center\"><div class=\"is-divider divider clearfix\" style=\"max-width:200px;height:2px;background-color:rgb(198, 198, 198);\"><\/div><\/div>\n\n\t<div id=\"gap-1406583588\" class=\"gap-element clearfix\" style=\"display:block; height:auto;\">\n\t\t\n<style>\n#gap-1406583588 {\n  padding-top: 50px;\n}\n<\/style>\n\t<\/div>\n\t\n\n<div class=\"row align-middle\"  id=\"row-469073872\">\n\n\n\t<div id=\"col-607351426\" class=\"col medium-7 small-12 large-7\"  >\n\t\t\t\t<div class=\"col-inner\"  >\n\t\t\t\n\t\t\t\n\n<h2 class=\"uppercase\">M\u00e1quina de remo STIL-fit flow one<\/h2>\n<p><span style=\"font-size: 100%;\">A m\u00e1quina de remo \u00e9 fornecida como duas unidades pr\u00e9-montadas. S\u00f3 tens de aparafusar a estrutura \u00e0 unidade frontal e fixar os pain\u00e9is. <\/span><\/p>\n<p><span style=\"font-size: 100%;\">Entrega:<\/span><\/p>\n<ol>\n<li><span style=\"font-size: 100%;\">Caixa de cart\u00e3o 57 x 46 x 106 (C\/W\/H) &#8211; aprox. 35kg<\/span><\/li>\n<li><span style=\"font-size: 100%;\">Caixa de cart\u00e3o 218 x 40 x 20 (C\/W\/H) &#8211; aprox. 25kg<\/span><\/li>\n<\/ol>\n<p>A pedido, tamb\u00e9m podemos entregar a m\u00e1quina de remo totalmente montada numa palete. (sobretaxa de 95,- EUR) <\/p>\n\n\t\t<\/div>\n\t\t\t\t\t<\/div>\n\n\t\n\n<\/div>\n<div class=\"text-center\"><div class=\"is-divider divider clearfix\" style=\"max-width:200px;height:2px;background-color:rgb(198, 198, 198);\"><\/div><\/div>\n\n\t<div id=\"gap-1433305515\" class=\"gap-element clearfix\" style=\"display:block; height:auto;\">\n\t\t\n<style>\n#gap-1433305515 {\n  padding-top: 50px;\n}\n<\/style>\n\t<\/div>\n\t\n\n<div class=\"row align-middle\"  id=\"row-1097571097\">\n\n\n\t<div id=\"col-1933356526\" class=\"col medium-7 small-12 large-7\"  >\n\t\t\t\t<div class=\"col-inner\"  >\n\t\t\t\n\t\t\t\n\n<h2 class=\"uppercase\">Puxador de cabo STIL-fit<\/h2>\n<p>O diferencial de cabo \u00e9 fornecido quase totalmente montado. A estrutura de base est\u00e1 montada e todos os cabos j\u00e1 est\u00e3o puxados. <\/p>\n<p>Basta aparafusar o puxador de cabos \u00e0 parede, colocar os pesos e colocar o revestimento.  <\/p>\n<p>Entrega:<\/p>\n<p>1 palete 220 x 80 x 130 (C\/P\/A) &#8211; aprox. 160kg<\/p>\n<p>Oferecemos um servi\u00e7o de instala\u00e7\u00e3o para a Alemanha e \u00c1ustria (custo adicional de 495 euros)<\/p>\n\n\t\t<\/div>\n\t\t\t\t\t<\/div>\n\n\t\n\n<\/div>\n\n\t\t<\/div>\n\n\t\t\n<style>\n#section_1677714189 {\n  padding-top: 60px;\n  padding-bottom: 60px;\n}\n<\/style>\n\t<\/section>\n\t\n\n\n\t<section class=\"section\" id=\"section_1021739602\">\n\t\t<div class=\"section-bg fill\" >\n\t\t\t\t\t\t\t\t\t\n\t\t\t\n\n\t\t<\/div>\n\n\t\t\n\n\t\t<div class=\"section-content relative\">\n\t\t\t\n\n<div class=\"row\"  id=\"row-272518488\">\n\n\n\t<div id=\"col-93388484\" class=\"col small-12 large-12\"  >\n\t\t\t\t<div class=\"col-inner\"  >\n\t\t\t\n\t\t\t\n\n\t<div id=\"gap-441078839\" class=\"gap-element clearfix\" style=\"display:block; height:auto;\">\n\t\t\n<style>\n#gap-441078839 {\n  padding-top: 50px;\n}\n<\/style>\n\t<\/div>\n\t\n\n<h2 style=\"text-align: center;\">Custos de envio<\/h2>\n\n\t\t<\/div>\n\t\t\t\t\t<\/div>\n\n\t\n\n<\/div>\n<div class=\"row row-divided\"  id=\"row-1241320447\">\n\n\n\t<div id=\"col-1485152229\" class=\"col medium-4 small-12 large-4\"  >\n\t\t\t\t<div class=\"col-inner\"  >\n\t\t\t\n\t\t\t\n\n<h3>Alemanha e \u00c1ustria  <\/h3>\n<p><strong>Grandes electrodom\u00e9sticos:<\/strong><\/p>\n<ul>\n<li>Entrega gratuita com marca\u00e7\u00e3o inclu\u00edda no pre\u00e7o de compra. <\/li>\n<\/ul>\n<p> <\/p>\n<ul>\n<li>Entrega Premium com servi\u00e7o de dois homens Ponto de utiliza\u00e7\u00e3o gratuito incl. marca\u00e7\u00e3o de consulta pode ser reservada adicionalmente. <\/li>\n<\/ul>\n<ol>\n<li>  Erg\u00f3metro: + 39,- EUR<\/li>\n<li>M\u00e1quina de remo: + 39,- EUR<\/li>\n<li>Guincho de cabo: + 95,- EUR<\/li>\n<\/ol>\n<p><span style=\"font-size: 80%;\">(todos os pre\u00e7os incluem 19. IVA)<\/span><\/p>\n<p> <\/p>\n<p><strong>Acess\u00f3rios e pequenos electrodom\u00e9sticos<\/strong><\/p>\n<p>Entrega gratuita com DHL ou Hermes<\/p>\n\n\t\t<\/div>\n\t\t\t\t\t<\/div>\n\n\t\n\n\t<div id=\"col-1941067302\" class=\"col medium-4 small-12 large-4\"  >\n\t\t\t\t<div class=\"col-inner\"  >\n\t\t\t\n\t\t\t\n\n<h3>Europa<\/h3>\n<p><strong>Grandes electrodom\u00e9sticos:<\/strong><\/p>\n<p>Entrega gratuita na berma incl. nota de aconselhamento <\/p>\n<ol>\n<li>Erg\u00f3metro: + 39,- EUR<\/li>\n<li>M\u00e1quinas de remo: + 39,- EUR<\/li>\n<li>Guincho de cabo: + 95,- EUR<\/li>\n<\/ol>\n<p> <\/p>\n<p><strong>Acess\u00f3rios e pequenos electrodom\u00e9sticos<\/strong><\/p>\n<p>Entrega com DHL ou Hermes por 15,99,- EUR<\/p>\n<p><span style=\"font-size: 80%;\">(todos os pre\u00e7os incluem 19. IVA)<\/span><\/p>\n\n\t\t<\/div>\n\t\t\t\t\t<\/div>\n\n\t\n\n\t<div id=\"col-678698806\" class=\"col medium-4 small-12 large-4\"  >\n\t\t\t\t<div class=\"col-inner\"  >\n\t\t\t\n\t\t\t\n\n<h3>Su\u00ed\u00e7a<\/h3>\n<p>Custos de entrega a pedido.  <\/p>\n<h3>Em todo o mundo<\/h3>\n<p>Custos de entrega a pedido.  <\/p>\n\n\t\t<\/div>\n\t\t\t\t\t<\/div>\n\n\t\n\n<\/div>\n\n\t\t<\/div>\n\n\t\t\n<style>\n#section_1021739602 {\n  padding-top: 30px;\n  padding-bottom: 30px;\n}\n<\/style>\n\t<\/section>\n\t\n\n\t<section class=\"section info-card-1\" id=\"section_1230129564\">\n\t\t<div class=\"section-bg fill\" >\n\t\t\t\t\t\t\t\t\t<div class=\"section-bg-overlay absolute fill\"><\/div>\n\t\t\t\n\n\t\t<\/div>\n\n\t\t\n\n\t\t<div class=\"section-content relative\">\n\t\t\t\n\n<div class=\"row\"  id=\"row-1340926219\">\n\n\n\t<div id=\"col-1124630066\" class=\"col small-12 large-12\"  >\n\t\t\t\t<div class=\"col-inner text-center\"  >\n\t\t\t\n\t\t\t\n\n<h2>Conhece os nossos produtos excepcionais<\/h2>\n\n\t\t<\/div>\n\t\t\t\t\n<style>\n#col-1124630066 > .col-inner {\n  padding: 20px 0px 0px 0px;\n}\n<\/style>\n\t<\/div>\n\n\t\n\n<\/div>\n<div class=\"row row-small row-full-width align-bottom row-box-shadow-3\"  id=\"row-1103025292\">\n\n\n\t<div id=\"col-341424697\" class=\"col medium-3 small-12 large-3\"  >\n\t\t\t\t<div class=\"col-inner\"  >\n\t\t\t\n\t\t\t\n\n\t<div class=\"box has-hover   has-hover box-push box-text-bottom\" >\n\n\t\t<div class=\"box-image\" >\n\t\t\t<a href=\"#\" >\t\t\t<div class=\"image-cover\" style=\"padding-top:100%;\">\n\t\t\t\t<img decoding=\"async\" width=\"1417\" height=\"1417\" src=\"https:\/\/stil-fit.com\/wp-content\/uploads\/2019\/05\/Ergo-1.jpeg\" class=\"attachment- size-\" alt=\"\" srcset=\"https:\/\/stil-fit.com\/wp-content\/uploads\/2019\/05\/Ergo-1.jpeg 1417w, https:\/\/stil-fit.com\/wp-content\/uploads\/2019\/05\/Ergo-1-100x100.jpeg 100w, https:\/\/stil-fit.com\/wp-content\/uploads\/2019\/05\/Ergo-1-510x510.jpeg 510w\" sizes=\"(max-width: 1417px) 100vw, 1417px\" \/>\t\t\t\t\t\t\t\t\t\t\t<\/div>\n\t\t\t<\/a>\t\t<\/div>\n\n\t\t<div class=\"box-text text-center\" style=\"background-color:rgb(255, 255, 255);padding:20px 5px 20px 5pxx;\">\n\t\t\t<div class=\"box-text-inner\">\n\t\t\t\t\n\n<h3>Erg\u00f3metro<\/h3>\n<a href=\"https:\/\/stil-fit.com\/ergometer\/\" class=\"button primary is-underline\"  >\n\t\t<span>Aprende mais<\/span>\n\t<\/a>\n\n\n\n\t\t\t<\/div>\n\t\t<\/div>\n\t<\/div>\n\t\n\n\t\t<\/div>\n\t\t\t\t\t<\/div>\n\n\t\n\n\t<div id=\"col-1055705546\" class=\"col medium-3 small-12 large-3\"  >\n\t\t\t\t<div class=\"col-inner\"  >\n\t\t\t\n\t\t\t\n\n\t<div class=\"box has-hover   has-hover box-push box-text-bottom\" >\n\n\t\t<div class=\"box-image\" >\n\t\t\t<a href=\"#\" >\t\t\t<div class=\"image-cover\" style=\"padding-top:100%;\">\n\t\t\t\t<img decoding=\"async\" width=\"1417\" height=\"1417\" src=\"https:\/\/stil-fit.com\/wp-content\/uploads\/2019\/05\/row.jpg\" class=\"attachment- size-\" alt=\"\" srcset=\"https:\/\/stil-fit.com\/wp-content\/uploads\/2019\/05\/row.jpg 1417w, https:\/\/stil-fit.com\/wp-content\/uploads\/2019\/05\/row-100x100.jpg 100w, https:\/\/stil-fit.com\/wp-content\/uploads\/2019\/05\/row-510x510.jpg 510w\" sizes=\"(max-width: 1417px) 100vw, 1417px\" \/>\t\t\t\t\t\t\t\t\t\t\t<\/div>\n\t\t\t<\/a>\t\t<\/div>\n\n\t\t<div class=\"box-text text-center\" style=\"background-color:rgb(255, 255, 255);padding:20px 5px 20px 5pxx;\">\n\t\t\t<div class=\"box-text-inner\">\n\t\t\t\t\n\n<h3>M\u00e1quinas de remo<\/h3>\n<a href=\"https:\/\/stil-fit.com\/pt-pt\/maquinas-de-remo\/\" class=\"button primary is-underline\"  >\n\t\t<span>Aprende mais<\/span>\n\t<\/a>\n\n\n\n\t\t\t<\/div>\n\t\t<\/div>\n\t<\/div>\n\t\n\n\t\t<\/div>\n\t\t\t\t\t<\/div>\n\n\t\n\n\t<div id=\"col-234881723\" class=\"col medium-3 small-12 large-3\"  >\n\t\t\t\t<div class=\"col-inner\"  >\n\t\t\t\n\t\t\t\n\n\t<div class=\"box has-hover   has-hover box-push box-text-bottom\" >\n\n\t\t<div class=\"box-image\" >\n\t\t\t<a href=\"#\" >\t\t\t<div class=\"image-cover\" style=\"padding-top:100%;\">\n\t\t\t\t<img decoding=\"async\" width=\"1417\" height=\"1417\" src=\"https:\/\/stil-fit.com\/wp-content\/uploads\/2019\/06\/kabel.jpg\" class=\"attachment- size-\" alt=\"\" srcset=\"https:\/\/stil-fit.com\/wp-content\/uploads\/2019\/06\/kabel.jpg 1417w, https:\/\/stil-fit.com\/wp-content\/uploads\/2019\/06\/kabel-100x100.jpg 100w, https:\/\/stil-fit.com\/wp-content\/uploads\/2019\/06\/kabel-510x510.jpg 510w\" sizes=\"(max-width: 1417px) 100vw, 1417px\" \/>\t\t\t\t\t\t\t\t\t\t\t<\/div>\n\t\t\t<\/a>\t\t<\/div>\n\n\t\t<div class=\"box-text text-center\" style=\"background-color:rgb(255, 255, 255);padding:20px 5px 20px 5pxx;\">\n\t\t\t<div class=\"box-text-inner\">\n\t\t\t\t\n\n<h3>Puxa o cabo<\/h3>\n<a href=\"https:\/\/stil-fit.com\/kabelzug\/\" class=\"button primary is-underline\"  >\n\t\t<span>Aprende mais<\/span>\n\t<\/a>\n\n\n\n\t\t\t<\/div>\n\t\t<\/div>\n\t<\/div>\n\t\n\n\t\t<\/div>\n\t\t\t\t\t<\/div>\n\n\t\n\n\t<div id=\"col-2118904627\" class=\"col medium-3 small-12 large-3\"  >\n\t\t\t\t<div class=\"col-inner\"  >\n\t\t\t\n\t\t\t\n\n\t<div class=\"box has-hover   has-hover box-push box-text-bottom\" >\n\n\t\t<div class=\"box-image\" >\n\t\t\t<a href=\"#\" >\t\t\t<div class=\"image-cover\" style=\"padding-top:100%;\">\n\t\t\t\t<img decoding=\"async\" width=\"1417\" height=\"1417\" src=\"https:\/\/stil-fit.com\/wp-content\/uploads\/2019\/05\/kleinteile.jpg\" class=\"attachment- size-\" alt=\"\" srcset=\"https:\/\/stil-fit.com\/wp-content\/uploads\/2019\/05\/kleinteile.jpg 1417w, https:\/\/stil-fit.com\/wp-content\/uploads\/2019\/05\/kleinteile-100x100.jpg 100w, https:\/\/stil-fit.com\/wp-content\/uploads\/2019\/05\/kleinteile-510x510.jpg 510w\" sizes=\"(max-width: 1417px) 100vw, 1417px\" \/>\t\t\t\t\t\t\t\t\t\t\t<\/div>\n\t\t\t<\/a>\t\t<\/div>\n\n\t\t<div class=\"box-text text-center\" style=\"background-color:rgb(255, 255, 255);padding:20px 5px 20px 5pxx;\">\n\t\t\t<div class=\"box-text-inner\">\n\t\t\t\t\n\n<h3>Acess\u00f3rios<\/h3>\n<a href=\"https:\/\/stil-fit.com\/pt-pt\/acessorios\/\" class=\"button primary is-underline\"  >\n\t\t<span>Aprende mais<\/span>\n\t<\/a>\n\n\n\n\t\t\t<\/div>\n\t\t<\/div>\n\t<\/div>\n\t\n\n\t\t<\/div>\n\t\t\t\t\t<\/div>\n\n\t\n\n\n<style>\n#row-1103025292 > .col > .col-inner {\n  background-color: rgb(255,255,255);\n}\n<\/style>\n<\/div>\n\n\t\t<\/div>\n\n\t\t\n<style>\n#section_1230129564 {\n  padding-top: 50px;\n  padding-bottom: 50px;\n  background-color: rgb(255,255,255);\n}\n#section_1230129564 .section-bg-overlay {\n  background-color: rgba(255,255,255,.5);\n}\n<\/style>\n\t<\/section>\n\t","protected":false},"excerpt":{"rendered":"","protected":false},"author":2,"featured_media":0,"parent":0,"menu_order":0,"comment_status":"closed","ping_status":"closed","template":"page-blank.php","meta":{"_monsterinsights_skip_tracking":false,"_monsterinsights_sitenote_active":false,"_monsterinsights_sitenote_note":"","_monsterinsights_sitenote_category":0,"footnotes":""},"yst_prominent_words":[243,234,246,235,237,239,248,244,241,236,231,240,230,242,233,245,247,249,238,232],"class_list":["post-34476","page","type-page","status-publish","hentry"],"yoast_head":"<!-- This site is optimized with the Yoast SEO Premium plugin v14.5 - https:\/\/yoast.com\/wordpress\/plugins\/seo\/ -->\n<title>entrega | STIL-FIT<\/title>\n<meta name=\"robots\" content=\"index, follow\" \/>\n<meta name=\"googlebot\" content=\"index, follow, max-snippet:-1, max-image-preview:large, max-video-preview:-1\" \/>\n<meta name=\"bingbot\" content=\"index, follow, max-snippet:-1, max-image-preview:large, max-video-preview:-1\" \/>\n<link rel=\"canonical\" href=\"https:\/\/stil-fit.com\/pt-pt\/entrega\/\" \/>\n<meta property=\"og:locale\" content=\"pt_PT\" \/>\n<meta property=\"og:type\" content=\"article\" \/>\n<meta property=\"og:title\" content=\"entrega | STIL-FIT\" \/>\n<meta property=\"og:url\" content=\"https:\/\/stil-fit.com\/pt-pt\/entrega\/\" \/>\n<meta property=\"og:site_name\" content=\"STIL-FIT\" \/>\n<meta property=\"article:publisher\" content=\"https:\/\/de-de.facebook.com\/stilfit\/\" \/>\n<meta property=\"article:modified_time\" content=\"2025-03-20T15:47:34+00:00\" \/>\n<meta name=\"twitter:card\" content=\"summary_large_image\" \/>\n<script type=\"application\/ld+json\" class=\"yoast-schema-graph\">{\"@context\":\"https:\/\/schema.org\",\"@graph\":[{\"@type\":\"Organization\",\"@id\":\"https:\/\/stil-fit.com\/pt-pt\/#organization\",\"name\":\"STIL-FIT Internacional GmbH\",\"url\":\"https:\/\/stil-fit.com\/pt-pt\/\",\"sameAs\":[\"https:\/\/de-de.facebook.com\/stilfit\/\",\"https:\/\/www.instagram.com\/stil_fit_int\/\",\"https:\/\/www.linkedin.com\/company\/stil-fit-international-gmbh\",\"https:\/\/www.youtube.com\/channel\/UC2HA1BeZtFB0acPMfq1hKdQ\",\"https:\/\/www.pinterest.com\/STILFITInt\/\"],\"logo\":{\"@type\":\"ImageObject\",\"@id\":\"https:\/\/stil-fit.com\/pt-pt\/#logo\",\"inLanguage\":\"pt-PT\",\"url\":\"https:\/\/stil-fit.com\/wp-content\/uploads\/2019\/02\/stilfit_logo.jpg\",\"width\":150,\"height\":150,\"caption\":\"STIL-FIT Internacional GmbH\"},\"image\":{\"@id\":\"https:\/\/stil-fit.com\/pt-pt\/#logo\"}},{\"@type\":\"WebSite\",\"@id\":\"https:\/\/stil-fit.com\/pt-pt\/#website\",\"url\":\"https:\/\/stil-fit.com\/pt-pt\/\",\"name\":\"STIL-FIT\",\"description\":\"Stil-fit\",\"publisher\":{\"@id\":\"https:\/\/stil-fit.com\/pt-pt\/#organization\"},\"potentialAction\":[{\"@type\":\"SearchAction\",\"target\":\"https:\/\/stil-fit.com\/pt-pt\/?s={search_term_string}\",\"query-input\":\"required name=search_term_string\"}],\"inLanguage\":\"pt-PT\"},{\"@type\":\"WebPage\",\"@id\":\"https:\/\/stil-fit.com\/pt-pt\/entrega\/#webpage\",\"url\":\"https:\/\/stil-fit.com\/pt-pt\/entrega\/\",\"name\":\"entrega | STIL-FIT\",\"isPartOf\":{\"@id\":\"https:\/\/stil-fit.com\/pt-pt\/#website\"},\"datePublished\":\"2025-03-20T15:47:19+00:00\",\"dateModified\":\"2025-03-20T15:47:34+00:00\",\"inLanguage\":\"pt-PT\",\"potentialAction\":[{\"@type\":\"ReadAction\",\"target\":[\"https:\/\/stil-fit.com\/pt-pt\/entrega\/\"]}]}]}<\/script>\n<!-- \/ Yoast SEO Premium plugin. -->","post_mailing_queue_ids":[],"_links":{"self":[{"href":"https:\/\/stil-fit.com\/pt-pt\/wp-json\/wp\/v2\/pages\/34476","targetHints":{"allow":["GET"]}}],"collection":[{"href":"https:\/\/stil-fit.com\/pt-pt\/wp-json\/wp\/v2\/pages"}],"about":[{"href":"https:\/\/stil-fit.com\/pt-pt\/wp-json\/wp\/v2\/types\/page"}],"author":[{"embeddable":true,"href":"https:\/\/stil-fit.com\/pt-pt\/wp-json\/wp\/v2\/users\/2"}],"replies":[{"embeddable":true,"href":"https:\/\/stil-fit.com\/pt-pt\/wp-json\/wp\/v2\/comments?post=34476"}],"version-history":[{"count":3,"href":"https:\/\/stil-fit.com\/pt-pt\/wp-json\/wp\/v2\/pages\/34476\/revisions"}],"predecessor-version":[{"id":34499,"href":"https:\/\/stil-fit.com\/pt-pt\/wp-json\/wp\/v2\/pages\/34476\/revisions\/34499"}],"wp:attachment":[{"href":"https:\/\/stil-fit.com\/pt-pt\/wp-json\/wp\/v2\/media?parent=34476"}],"wp:term":[{"taxonomy":"yst_prominent_words","embeddable":true,"href":"https:\/\/stil-fit.com\/pt-pt\/wp-json\/wp\/v2\/yst_prominent_words?post=34476"}],"curies":[{"name":"wp","href":"https:\/\/api.w.org\/{rel}","templated":true}]}}