{"id":35095,"date":"2025-03-26T03:35:09","date_gmt":"2025-03-26T02:35:09","guid":{"rendered":"https:\/\/stil-fit.com\/shop\/triceps-rope\/"},"modified":"2025-03-27T13:31:18","modified_gmt":"2025-03-27T12:31:18","slug":"triceps-rope","status":"publish","type":"product","link":"https:\/\/stil-fit.com\/pt-pt\/shop\/triceps-rope\/","title":{"rendered":"STIL-FIT Triceps Rope"},"content":{"rendered":"<h1><strong>STIL-FIT Triceps Rope<\/strong><\/h1>\n<p>A nossa corda para tr\u00edceps com articula\u00e7\u00e3o girat\u00f3ria \u00e9 ideal para a cl\u00e1ssica <em>prensa francesa<\/em> e muitos outros exerc\u00edcios que visam os teus tr\u00edceps.<\/p>\n<p>Esta corda \u00e9 fabricada com qualidade de est\u00fadio e \u00e9, por isso, um complemento ideal para o teu gin\u00e1sio em casa.<\/p>\n<p>A forma extremamente flex\u00edvel de uma corda permite-te treinar grupos musculares e partes de m\u00fasculos espec\u00edficos de forma vari\u00e1vel e direcionada.<\/p>\n","protected":false},"excerpt":{"rendered":"<p>&nbsp;<\/p>\n<ul>\n<li>Com junta girat\u00f3ria<\/li>\n<li>Muito vers\u00e1til<\/li>\n<li>Envio gratuito (GER &amp; AT)<\/li>\n<\/ul>\n","protected":false},"featured_media":31616,"comment_status":"closed","ping_status":"closed","template":"","meta":{"_monsterinsights_skip_tracking":false,"_monsterinsights_sitenote_active":false,"_monsterinsights_sitenote_note":"","_monsterinsights_sitenote_category":0},"product_brand":[],"product_cat":[2906,2921,2928],"product_tag":[],"yst_prominent_words":[256,219,259,785,1968,251,261,265,1967,267],"class_list":{"0":"post-35095","1":"product","2":"type-product","3":"status-publish","4":"has-post-thumbnail","6":"product_cat-acessorias","7":"product_cat-parede-de-fitness","8":"product_cat-treino-de-forca","10":"first","11":"instock","12":"taxable","13":"shipping-taxable","14":"purchasable","15":"product-type-simple"},"composite_virtual":false,"composite_layout":"","composite_add_to_cart_form_location":"","composite_editable_in_cart":false,"composite_sold_individually_context":"","composite_shop_price_calc":"","composite_components":[],"composite_scenarios":[],"bundled_by":[],"bundle_stock_status":"instock","bundle_stock_quantity":null,"bundle_virtual":false,"bundle_layout":"","bundle_add_to_cart_form_location":"","bundle_editable_in_cart":false,"bundle_sold_individually_context":"","bundle_item_grouping":"","bundle_min_size":"","bundle_max_size":"","bundle_price":[],"bundled_items":[],"bundle_sell_ids":[774,1095,1047],"yoast_head":"<!-- This site is optimized with the Yoast SEO Premium plugin v14.5 - https:\/\/yoast.com\/wordpress\/plugins\/seo\/ -->\n<title>STIL-FIT Triceps Rope | Nada melhor para cultivar os teus tricpes<\/title>\n<meta name=\"description\" content=\"A nossa corda para tr\u00edceps permite um treino mais eficaz dos teus tr\u00edceps, b\u00edceps, ombros e abdominais. Concebida para otimizar a contra\u00e7\u00e3o dos tr\u00edceps.\" \/>\n<meta name=\"robots\" content=\"index, follow\" \/>\n<meta name=\"googlebot\" content=\"index, follow, max-snippet:-1, max-image-preview:large, max-video-preview:-1\" \/>\n<meta name=\"bingbot\" content=\"index, follow, max-snippet:-1, max-image-preview:large, max-video-preview:-1\" \/>\n<link rel=\"canonical\" href=\"https:\/\/stil-fit.com\/pt-pt\/shop\/triceps-rope\/\" \/>\n<meta property=\"og:locale\" content=\"pt_PT\" \/>\n<meta property=\"og:type\" content=\"article\" \/>\n<meta property=\"og:title\" content=\"STIL-FIT Triceps Rope | Nada melhor para cultivar os teus tricpes\" \/>\n<meta property=\"og:description\" content=\"A nossa corda para tr\u00edceps permite um treino mais eficaz dos teus tr\u00edceps, b\u00edceps, ombros e abdominais. Concebida para otimizar a contra\u00e7\u00e3o dos tr\u00edceps.\" \/>\n<meta property=\"og:url\" content=\"https:\/\/stil-fit.com\/pt-pt\/shop\/triceps-rope\/\" \/>\n<meta property=\"og:site_name\" content=\"STIL-FIT\" \/>\n<meta property=\"article:publisher\" content=\"https:\/\/de-de.facebook.com\/stilfit\/\" \/>\n<meta property=\"article:modified_time\" content=\"2025-03-27T12:31:18+00:00\" \/>\n<meta property=\"og:image\" content=\"https:\/\/stil-fit.com\/wp-content\/uploads\/2023\/10\/STIL-FIT-Trizepsseil.jpg\" \/>\n\t<meta property=\"og:image:width\" content=\"787\" \/>\n\t<meta property=\"og:image:height\" content=\"787\" \/>\n<meta name=\"twitter:card\" content=\"summary_large_image\" \/>\n<script type=\"application\/ld+json\" class=\"yoast-schema-graph\">{\"@context\":\"https:\/\/schema.org\",\"@graph\":[{\"@type\":\"Organization\",\"@id\":\"https:\/\/stil-fit.com\/pt-pt\/#organization\",\"name\":\"STIL-FIT Internacional GmbH\",\"url\":\"https:\/\/stil-fit.com\/pt-pt\/\",\"sameAs\":[\"https:\/\/de-de.facebook.com\/stilfit\/\",\"https:\/\/www.instagram.com\/stil_fit_int\/\",\"https:\/\/www.linkedin.com\/company\/stil-fit-international-gmbh\",\"https:\/\/www.youtube.com\/channel\/UC2HA1BeZtFB0acPMfq1hKdQ\",\"https:\/\/www.pinterest.com\/STILFITInt\/\"],\"logo\":{\"@type\":\"ImageObject\",\"@id\":\"https:\/\/stil-fit.com\/pt-pt\/#logo\",\"inLanguage\":\"pt-PT\",\"url\":\"https:\/\/stil-fit.com\/wp-content\/uploads\/2019\/02\/stilfit_logo.jpg\",\"width\":150,\"height\":150,\"caption\":\"STIL-FIT Internacional GmbH\"},\"image\":{\"@id\":\"https:\/\/stil-fit.com\/pt-pt\/#logo\"}},{\"@type\":\"WebSite\",\"@id\":\"https:\/\/stil-fit.com\/pt-pt\/#website\",\"url\":\"https:\/\/stil-fit.com\/pt-pt\/\",\"name\":\"STIL-FIT\",\"description\":\"Stil-fit\",\"publisher\":{\"@id\":\"https:\/\/stil-fit.com\/pt-pt\/#organization\"},\"potentialAction\":[{\"@type\":\"SearchAction\",\"target\":\"https:\/\/stil-fit.com\/pt-pt\/?s={search_term_string}\",\"query-input\":\"required name=search_term_string\"}],\"inLanguage\":\"pt-PT\"},{\"@type\":\"ImageObject\",\"@id\":\"https:\/\/stil-fit.com\/pt-pt\/shop\/triceps-rope\/#primaryimage\",\"inLanguage\":\"pt-PT\",\"url\":\"https:\/\/stil-fit.com\/wp-content\/uploads\/2023\/10\/STIL-FIT-Trizepsseil.jpg\",\"width\":787,\"height\":787},{\"@type\":\"WebPage\",\"@id\":\"https:\/\/stil-fit.com\/pt-pt\/shop\/triceps-rope\/#webpage\",\"url\":\"https:\/\/stil-fit.com\/pt-pt\/shop\/triceps-rope\/\",\"name\":\"STIL-FIT Triceps Rope | Nada melhor para cultivar os teus tricpes\",\"isPartOf\":{\"@id\":\"https:\/\/stil-fit.com\/pt-pt\/#website\"},\"primaryImageOfPage\":{\"@id\":\"https:\/\/stil-fit.com\/pt-pt\/shop\/triceps-rope\/#primaryimage\"},\"datePublished\":\"2025-03-26T02:35:09+00:00\",\"dateModified\":\"2025-03-27T12:31:18+00:00\",\"description\":\"A nossa corda para tr\\u00edceps permite um treino mais eficaz dos teus tr\\u00edceps, b\\u00edceps, ombros e abdominais. Concebida para otimizar a contra\\u00e7\\u00e3o dos tr\\u00edceps.\",\"inLanguage\":\"pt-PT\",\"potentialAction\":[{\"@type\":\"ReadAction\",\"target\":[\"https:\/\/stil-fit.com\/pt-pt\/shop\/triceps-rope\/\"]}]}]}<\/script>\n<!-- \/ Yoast SEO Premium plugin. -->","post_mailing_queue_ids":[],"_links":{"self":[{"href":"https:\/\/stil-fit.com\/pt-pt\/wp-json\/wp\/v2\/product\/35095","targetHints":{"allow":["GET"]}}],"collection":[{"href":"https:\/\/stil-fit.com\/pt-pt\/wp-json\/wp\/v2\/product"}],"about":[{"href":"https:\/\/stil-fit.com\/pt-pt\/wp-json\/wp\/v2\/types\/product"}],"replies":[{"embeddable":true,"href":"https:\/\/stil-fit.com\/pt-pt\/wp-json\/wp\/v2\/comments?post=35095"}],"wp:featuredmedia":[{"embeddable":true,"href":"https:\/\/stil-fit.com\/pt-pt\/wp-json\/wp\/v2\/media\/31616"}],"wp:attachment":[{"href":"https:\/\/stil-fit.com\/pt-pt\/wp-json\/wp\/v2\/media?parent=35095"}],"wp:term":[{"taxonomy":"product_brand","embeddable":true,"href":"https:\/\/stil-fit.com\/pt-pt\/wp-json\/wp\/v2\/product_brand?post=35095"},{"taxonomy":"product_cat","embeddable":true,"href":"https:\/\/stil-fit.com\/pt-pt\/wp-json\/wp\/v2\/product_cat?post=35095"},{"taxonomy":"product_tag","embeddable":true,"href":"https:\/\/stil-fit.com\/pt-pt\/wp-json\/wp\/v2\/product_tag?post=35095"},{"taxonomy":"yst_prominent_words","embeddable":true,"href":"https:\/\/stil-fit.com\/pt-pt\/wp-json\/wp\/v2\/yst_prominent_words?post=35095"}],"curies":[{"name":"wp","href":"https:\/\/api.w.org\/{rel}","templated":true}]}}