{"id":35171,"date":"2023-05-17T16:16:58","date_gmt":"2025-03-27T12:40:34","guid":{"rendered":"https:\/\/stil-fit.com\/shop\/stil-fit-bike-nero-edicao\/"},"modified":"2025-03-27T13:40:34","modified_gmt":"2025-03-27T12:40:34","slug":"stil-fit-bike-nero-edicao","status":"publish","type":"product","link":"https:\/\/stil-fit.com\/pt-pt\/shop\/stil-fit-bike-nero-edicao\/","title":{"rendered":"STIL-FIT Bike NERO &#8220;Edi\u00e7\u00e3o"},"content":{"rendered":"<h1><strong>Um \u00edcone no sector das bicicletas de fitness STIL-FIT Bike NERO &#8220;Edi\u00e7\u00e3o<\/strong><\/h1>\n<p>&nbsp;<\/p>\n<h2><strong>Os melhores materiais<\/strong><\/h2>\n<p>Trabalhamos com a Bike NERO em alum\u00ednio, a\u00e7o, madeira de nogueira e couro &#8211; qualidade at\u00e9 ao \u00faltimo pormenor.<\/p>\n<h2><\/h2>\n<h2><strong>Completamente interativo<\/strong><\/h2>\n<p>Emparelha o Bike Nero com a aplica\u00e7\u00e3o STIL-FIT ou com v\u00e1rias outras aplica\u00e7\u00f5es, como Kinomap, Zwift ou Rouvy.<\/p>\n<h2><\/h2>\n<h2><strong>Autossuficiente e sustent\u00e1vel<\/strong><\/h2>\n<p>Geras a eletricidade necess\u00e1ria atrav\u00e9s do teu treino. N\u00e3o precisas de uma ficha el\u00e9ctrica. <\/p>\n<p>&nbsp;<\/p>\n","protected":false},"excerpt":{"rendered":"<p>&nbsp;<\/p>\n<p>A bicicleta NERO &#8216;Edition&#8217; \u00e9 a nova obra-prima do nosso designer Anton Maria Rief. Combina um design extraordin\u00e1rio com componentes elegantes e uma funcionalidade perfeita. <\/p>\n<p><strong>Envio no prazo de 7 dias \u00fateis<\/strong><\/p>\n<p>&#8211; Fabricado na Alemanha<\/p>\n<p>&#8211; Envio gratuito<\/p>\n<p>&#8211; 0% Parcela<\/p>\n","protected":false},"featured_media":29941,"comment_status":"open","ping_status":"closed","template":"","meta":{"_monsterinsights_skip_tracking":false,"_monsterinsights_sitenote_active":false,"_monsterinsights_sitenote_note":"","_monsterinsights_sitenote_category":0},"product_brand":[],"product_cat":[2914,2936],"product_tag":[3171,3173,3169,3117,3172],"yst_prominent_words":[256,1442,1456,1460,1457,1462,591,161,251,1461,1459,1458,593,648],"class_list":{"0":"post-35171","1":"product","2":"type-product","3":"status-publish","4":"has-post-thumbnail","6":"product_cat-bicicleta-ergometrica","7":"product_cat-uncategorised-pt-pt","8":"product_tag-bicicleta-de-fitness","9":"product_tag-designfitness-pt-pt","10":"product_tag-ergometro-pt-pt","11":"product_tag-ginastica-domestica","12":"product_tag-heimtrainer-pt-pt","13":"product_shipping_class-ergometer-2-pt-pt","15":"first","16":"instock","17":"taxable","18":"shipping-taxable","19":"purchasable","20":"product-type-simple"},"composite_virtual":false,"composite_layout":"","composite_add_to_cart_form_location":"","composite_editable_in_cart":false,"composite_sold_individually_context":"","composite_shop_price_calc":"","composite_components":[],"composite_scenarios":[],"bundled_by":[],"bundle_stock_status":"instock","bundle_stock_quantity":null,"bundle_virtual":false,"bundle_layout":"","bundle_add_to_cart_form_location":"","bundle_editable_in_cart":false,"bundle_sold_individually_context":"","bundle_item_grouping":"","bundle_min_size":"","bundle_max_size":"","bundle_price":[],"bundled_items":[],"bundle_sell_ids":[9946],"yoast_head":"<!-- This site is optimized with the Yoast SEO Premium plugin v14.5 - https:\/\/yoast.com\/wordpress\/plugins\/seo\/ -->\n<title>STIL-FIT Bike NERO &quot;Edi\u00e7\u00e3o | Edi\u00e7\u00e3o especial exclusiva fabricada na Alemanha<\/title>\n<meta name=\"description\" content=\"Encomenda o STIL-FIT Bike NERO &quot;Edi\u00e7\u00e3o encomenda diretamente ao nosso fabricante, onde \u00e9 montado \u00e0 m\u00e3o. Concebida e desenvolvida em Munique, Alemanha.\" \/>\n<meta name=\"robots\" content=\"index, follow\" \/>\n<meta name=\"googlebot\" content=\"index, follow, max-snippet:-1, max-image-preview:large, max-video-preview:-1\" \/>\n<meta name=\"bingbot\" content=\"index, follow, max-snippet:-1, max-image-preview:large, max-video-preview:-1\" \/>\n<link rel=\"canonical\" href=\"https:\/\/stil-fit.com\/pt-pt\/shop\/stil-fit-bike-nero-edicao\/\" \/>\n<meta property=\"og:locale\" content=\"pt_PT\" \/>\n<meta property=\"og:type\" content=\"article\" \/>\n<meta property=\"og:title\" content=\"STIL-FIT Bike NERO &quot;Edi\u00e7\u00e3o | Edi\u00e7\u00e3o especial exclusiva fabricada na Alemanha\" \/>\n<meta property=\"og:description\" content=\"Encomenda o STIL-FIT Bike NERO &quot;Edi\u00e7\u00e3o encomenda diretamente ao nosso fabricante, onde \u00e9 montado \u00e0 m\u00e3o. Concebida e desenvolvida em Munique, Alemanha.\" \/>\n<meta property=\"og:url\" content=\"https:\/\/stil-fit.com\/pt-pt\/shop\/stil-fit-bike-nero-edicao\/\" \/>\n<meta property=\"og:site_name\" content=\"STIL-FIT\" \/>\n<meta property=\"article:publisher\" content=\"https:\/\/de-de.facebook.com\/stilfit\/\" \/>\n<meta property=\"og:image\" content=\"https:\/\/stil-fit.com\/wp-content\/uploads\/2023\/05\/STIL-FIT-Ergometer-NERO-1.jpg\" \/>\n\t<meta property=\"og:image:width\" content=\"1772\" \/>\n\t<meta property=\"og:image:height\" content=\"1772\" \/>\n<meta name=\"twitter:card\" content=\"summary_large_image\" \/>\n<script type=\"application\/ld+json\" class=\"yoast-schema-graph\">{\"@context\":\"https:\/\/schema.org\",\"@graph\":[{\"@type\":\"Organization\",\"@id\":\"https:\/\/stil-fit.com\/pt-pt\/#organization\",\"name\":\"STIL-FIT Internacional GmbH\",\"url\":\"https:\/\/stil-fit.com\/pt-pt\/\",\"sameAs\":[\"https:\/\/de-de.facebook.com\/stilfit\/\",\"https:\/\/www.instagram.com\/stil_fit_int\/\",\"https:\/\/www.linkedin.com\/company\/stil-fit-international-gmbh\",\"https:\/\/www.youtube.com\/channel\/UC2HA1BeZtFB0acPMfq1hKdQ\",\"https:\/\/www.pinterest.com\/STILFITInt\/\"],\"logo\":{\"@type\":\"ImageObject\",\"@id\":\"https:\/\/stil-fit.com\/pt-pt\/#logo\",\"inLanguage\":\"pt-PT\",\"url\":\"https:\/\/stil-fit.com\/wp-content\/uploads\/2019\/02\/stilfit_logo.jpg\",\"width\":150,\"height\":150,\"caption\":\"STIL-FIT Internacional GmbH\"},\"image\":{\"@id\":\"https:\/\/stil-fit.com\/pt-pt\/#logo\"}},{\"@type\":\"WebSite\",\"@id\":\"https:\/\/stil-fit.com\/pt-pt\/#website\",\"url\":\"https:\/\/stil-fit.com\/pt-pt\/\",\"name\":\"STIL-FIT\",\"description\":\"Stil-fit\",\"publisher\":{\"@id\":\"https:\/\/stil-fit.com\/pt-pt\/#organization\"},\"potentialAction\":[{\"@type\":\"SearchAction\",\"target\":\"https:\/\/stil-fit.com\/pt-pt\/?s={search_term_string}\",\"query-input\":\"required name=search_term_string\"}],\"inLanguage\":\"pt-PT\"},{\"@type\":\"ImageObject\",\"@id\":\"https:\/\/stil-fit.com\/pt-pt\/shop\/stil-fit-bike-nero-edicao\/#primaryimage\",\"inLanguage\":\"pt-PT\",\"url\":\"https:\/\/stil-fit.com\/wp-content\/uploads\/2023\/05\/STIL-FIT-Ergometer-NERO-1.jpg\",\"width\":1772,\"height\":1772},{\"@type\":\"WebPage\",\"@id\":\"https:\/\/stil-fit.com\/pt-pt\/shop\/stil-fit-bike-nero-edicao\/#webpage\",\"url\":\"https:\/\/stil-fit.com\/pt-pt\/shop\/stil-fit-bike-nero-edicao\/\",\"name\":\"STIL-FIT Bike NERO \\\"Edi\\u00e7\\u00e3o | Edi\\u00e7\\u00e3o especial exclusiva fabricada na Alemanha\",\"isPartOf\":{\"@id\":\"https:\/\/stil-fit.com\/pt-pt\/#website\"},\"primaryImageOfPage\":{\"@id\":\"https:\/\/stil-fit.com\/pt-pt\/shop\/stil-fit-bike-nero-edicao\/#primaryimage\"},\"datePublished\":\"2025-03-27T12:40:34+00:00\",\"dateModified\":\"2025-03-27T12:40:34+00:00\",\"description\":\"Encomenda o STIL-FIT Bike NERO \\\"Edi\\u00e7\\u00e3o encomenda diretamente ao nosso fabricante, onde \\u00e9 montado \\u00e0 m\\u00e3o. Concebida e desenvolvida em Munique, Alemanha.\",\"inLanguage\":\"pt-PT\",\"potentialAction\":[{\"@type\":\"ReadAction\",\"target\":[\"https:\/\/stil-fit.com\/pt-pt\/shop\/stil-fit-bike-nero-edicao\/\"]}]}]}<\/script>\n<!-- \/ Yoast SEO Premium plugin. -->","post_mailing_queue_ids":[],"_links":{"self":[{"href":"https:\/\/stil-fit.com\/pt-pt\/wp-json\/wp\/v2\/product\/35171","targetHints":{"allow":["GET"]}}],"collection":[{"href":"https:\/\/stil-fit.com\/pt-pt\/wp-json\/wp\/v2\/product"}],"about":[{"href":"https:\/\/stil-fit.com\/pt-pt\/wp-json\/wp\/v2\/types\/product"}],"replies":[{"embeddable":true,"href":"https:\/\/stil-fit.com\/pt-pt\/wp-json\/wp\/v2\/comments?post=35171"}],"wp:featuredmedia":[{"embeddable":true,"href":"https:\/\/stil-fit.com\/pt-pt\/wp-json\/wp\/v2\/media\/29941"}],"wp:attachment":[{"href":"https:\/\/stil-fit.com\/pt-pt\/wp-json\/wp\/v2\/media?parent=35171"}],"wp:term":[{"taxonomy":"product_brand","embeddable":true,"href":"https:\/\/stil-fit.com\/pt-pt\/wp-json\/wp\/v2\/product_brand?post=35171"},{"taxonomy":"product_cat","embeddable":true,"href":"https:\/\/stil-fit.com\/pt-pt\/wp-json\/wp\/v2\/product_cat?post=35171"},{"taxonomy":"product_tag","embeddable":true,"href":"https:\/\/stil-fit.com\/pt-pt\/wp-json\/wp\/v2\/product_tag?post=35171"},{"taxonomy":"yst_prominent_words","embeddable":true,"href":"https:\/\/stil-fit.com\/pt-pt\/wp-json\/wp\/v2\/yst_prominent_words?post=35171"}],"curies":[{"name":"wp","href":"https:\/\/api.w.org\/{rel}","templated":true}]}}