{"id":35198,"date":"2023-09-28T15:45:04","date_gmt":"2025-03-27T12:41:58","guid":{"rendered":"https:\/\/stil-fit.com\/shop\/stil-fit-functional-trainer-pro\/"},"modified":"2025-06-25T11:53:52","modified_gmt":"2025-06-25T09:53:52","slug":"kabelzug-pro","status":"publish","type":"product","link":"https:\/\/stil-fit.com\/pt-pt\/shop\/kabelzug-pro\/","title":{"rendered":"STIL-FIT Functional Trainer PRO"},"content":{"rendered":"<h1><strong><span style=\"color: #282828;\">O STIL-FIT <span style=\"caret-color: #282828;\">cable pull<\/span> PRO<\/span><\/strong><\/h1>\n<h2><strong><span style=\"font-size: 100%;\">Poupan\u00e7a de espa\u00e7o  <\/span><\/strong><\/h2>\n<p>O puxador de cabos STIL-FIT optimiza o espa\u00e7o dispon\u00edvel gra\u00e7as \u00e0s suas dimens\u00f5es compactas. S\u00f3 precisa de 0,5 metros quadrados de espa\u00e7o para instalar o dispositivo. <\/p>\n<h2><span style=\"font-size: 100%;\"><strong>M\u00e1quina el\u00e9ctrica multifuncional<\/strong><\/span><\/h2>\n<p>As pegas podem ser rodadas e s\u00e3o infinitamente ajust\u00e1veis em altura. A dist\u00e2ncia entre as duas pegas \u00e9 de 90 cm e, por conseguinte, oferece uma gama particularmente vasta de op\u00e7\u00f5es de exerc\u00edcio. <\/p>\n<h2><strong>Incrivelmente vers\u00e1til<\/strong><\/h2>\n<p>Com as duas pegas, a unidade de puxar para baixo e a barra de puxar para baixo, a polia de cabo PRO j\u00e1 est\u00e1 equipada para in\u00fameros exerc\u00edcios.<\/p>\n<h2><strong><span style=\"font-size: 100%;\">F\u00e1cil de utilizar  <\/span><\/strong><\/h2>\n<p>As marca\u00e7\u00f5es nas calhas de deslizamento permitem um ajuste f\u00e1cil da altura. Gra\u00e7as ao nosso bloco de peso especial, o peso inicial m\u00ednimo \u00e9 de 1,25 kg e o peso m\u00e1ximo \u00e9 de 42,5 kg por lado de tra\u00e7\u00e3o. A m\u00e1quina de for\u00e7a perfeita para todos.<\/p>\n","protected":false},"excerpt":{"rendered":"<p>&nbsp;<\/p>\n<p>O nosso cable pulley PRO \u00e9 um gin\u00e1sio completo num espa\u00e7o de apenas 0,5 metros quadrados. Gra\u00e7as \u00e0s duas pegas, \u00e0 unidade opcional de puxar para baixo e \u00e0 barra de puxar para baixo, o cable pulley PRO est\u00e1 pronto para in\u00fameros exerc\u00edcios eficazes. <\/p>\n<p><strong>Pronto para envio em 2-3 semanas<\/strong><\/p>\n<ul>\n<li>Feito \u00e0 m\u00e3o para si na nossa f\u00e1brica em Munique.<\/li>\n<li>Inclui barra de tra\u00e7\u00e3o lat e barra de tra\u00e7\u00e3o lat <\/li>\n<li>Instala\u00e7\u00e3o f\u00e1cil, uma vez que o aparelho est\u00e1 quase completamente pr\u00e9-montado.<\/li>\n<li>Fabricado na Alemanha<\/li>\n<li>Envio gratuito (Alemanha e \u00c1ustria)<\/li>\n<li>Pagamento a presta\u00e7\u00f5es a 0% (apenas na Alemanha)<\/li>\n<\/ul>\n<p><strong>Selecione o seu modelo:  <\/strong><\/p>\n","protected":false},"featured_media":30780,"comment_status":"open","ping_status":"closed","template":"","meta":{"_monsterinsights_skip_tracking":false,"_monsterinsights_sitenote_active":false,"_monsterinsights_sitenote_note":"","_monsterinsights_sitenote_category":0},"product_brand":[],"product_cat":[2921,2928],"product_tag":[3219,3117,3120,3222,3220,3221],"yst_prominent_words":[164,1463,179,620,161,515],"class_list":{"0":"post-35198","1":"product","2":"type-product","3":"status-publish","4":"has-post-thumbnail","6":"product_cat-parede-de-fitness","7":"product_cat-treino-de-forca","8":"product_tag-aptidao-fisica","9":"product_tag-ginastica-domestica","10":"product_tag-homegym-pt-pt","11":"product_tag-treinador-funcional","12":"product_tag-treino-de-forca","13":"product_tag-treino-de-funcoes","14":"product_shipping_class-kabelzug-2-pt-pt","16":"first","17":"instock","18":"taxable","19":"shipping-taxable","20":"purchasable","21":"product-type-variable","22":"has-default-attributes"},"composite_virtual":false,"composite_layout":"","composite_add_to_cart_form_location":"","composite_editable_in_cart":false,"composite_sold_individually_context":"","composite_shop_price_calc":"","composite_components":[],"composite_scenarios":[],"bundled_by":[],"bundle_stock_status":"instock","bundle_stock_quantity":null,"bundle_virtual":false,"bundle_layout":"","bundle_add_to_cart_form_location":"","bundle_editable_in_cart":false,"bundle_sold_individually_context":"","bundle_item_grouping":"","bundle_min_size":"","bundle_max_size":"","bundle_price":[],"bundled_items":[],"bundle_sell_ids":[35350,35299,35330,35160,35245],"yoast_head":"<!-- This site is optimized with the Yoast SEO Premium plugin v14.5 - https:\/\/yoast.com\/wordpress\/plugins\/seo\/ -->\n<title>STIL-FIT Functional Trainer PRO | Dispositivo de resist\u00eancia vers\u00e1til - Fabricado na Alemanha<\/title>\n<meta name=\"description\" content=\"Descubra o exclusivo puxador de cabos STIL-FIT PRO | Concebido e desenvolvido em Munique. Encomende diretamente ao fabricante.\" \/>\n<meta name=\"robots\" content=\"index, follow\" \/>\n<meta name=\"googlebot\" content=\"index, follow, max-snippet:-1, max-image-preview:large, max-video-preview:-1\" \/>\n<meta name=\"bingbot\" content=\"index, follow, max-snippet:-1, max-image-preview:large, max-video-preview:-1\" \/>\n<link rel=\"canonical\" href=\"https:\/\/stil-fit.com\/pt-pt\/shop\/kabelzug-pro\/\" \/>\n<meta property=\"og:locale\" content=\"pt_PT\" \/>\n<meta property=\"og:type\" content=\"article\" \/>\n<meta property=\"og:title\" content=\"STIL-FIT Functional Trainer PRO | Dispositivo de resist\u00eancia vers\u00e1til - Fabricado na Alemanha\" \/>\n<meta property=\"og:description\" content=\"Descubra o exclusivo puxador de cabos STIL-FIT PRO | Concebido e desenvolvido em Munique. Encomende diretamente ao fabricante.\" \/>\n<meta property=\"og:url\" content=\"https:\/\/stil-fit.com\/pt-pt\/shop\/kabelzug-pro\/\" \/>\n<meta property=\"og:site_name\" content=\"STIL-FIT\" \/>\n<meta property=\"article:publisher\" content=\"https:\/\/de-de.facebook.com\/stilfit\/\" \/>\n<meta property=\"article:modified_time\" content=\"2025-06-25T09:53:52+00:00\" \/>\n<meta property=\"og:image\" content=\"https:\/\/stil-fit.com\/wp-content\/uploads\/2023\/09\/STIL-FIT-Functional-Trainer-PRO-mirror-1.jpg\" \/>\n\t<meta property=\"og:image:width\" content=\"1181\" \/>\n\t<meta property=\"og:image:height\" content=\"1185\" \/>\n<meta name=\"twitter:card\" content=\"summary_large_image\" \/>\n<script type=\"application\/ld+json\" class=\"yoast-schema-graph\">{\"@context\":\"https:\/\/schema.org\",\"@graph\":[{\"@type\":\"Organization\",\"@id\":\"https:\/\/stil-fit.com\/pt-pt\/#organization\",\"name\":\"STIL-FIT Internacional GmbH\",\"url\":\"https:\/\/stil-fit.com\/pt-pt\/\",\"sameAs\":[\"https:\/\/de-de.facebook.com\/stilfit\/\",\"https:\/\/www.instagram.com\/stil_fit_int\/\",\"https:\/\/www.linkedin.com\/company\/stil-fit-international-gmbh\",\"https:\/\/www.youtube.com\/channel\/UC2HA1BeZtFB0acPMfq1hKdQ\",\"https:\/\/www.pinterest.com\/STILFITInt\/\"],\"logo\":{\"@type\":\"ImageObject\",\"@id\":\"https:\/\/stil-fit.com\/pt-pt\/#logo\",\"inLanguage\":\"pt-PT\",\"url\":\"https:\/\/stil-fit.com\/wp-content\/uploads\/2019\/02\/stilfit_logo.jpg\",\"width\":150,\"height\":150,\"caption\":\"STIL-FIT Internacional GmbH\"},\"image\":{\"@id\":\"https:\/\/stil-fit.com\/pt-pt\/#logo\"}},{\"@type\":\"WebSite\",\"@id\":\"https:\/\/stil-fit.com\/pt-pt\/#website\",\"url\":\"https:\/\/stil-fit.com\/pt-pt\/\",\"name\":\"STIL-FIT\",\"description\":\"Stil-fit\",\"publisher\":{\"@id\":\"https:\/\/stil-fit.com\/pt-pt\/#organization\"},\"potentialAction\":[{\"@type\":\"SearchAction\",\"target\":\"https:\/\/stil-fit.com\/pt-pt\/?s={search_term_string}\",\"query-input\":\"required name=search_term_string\"}],\"inLanguage\":\"pt-PT\"},{\"@type\":\"ImageObject\",\"@id\":\"https:\/\/stil-fit.com\/pt-pt\/shop\/kabelzug-pro\/#primaryimage\",\"inLanguage\":\"pt-PT\",\"url\":\"https:\/\/stil-fit.com\/wp-content\/uploads\/2023\/09\/STIL-FIT-Functional-Trainer-PRO-mirror-1.jpg\",\"width\":1181,\"height\":1185},{\"@type\":\"WebPage\",\"@id\":\"https:\/\/stil-fit.com\/pt-pt\/shop\/kabelzug-pro\/#webpage\",\"url\":\"https:\/\/stil-fit.com\/pt-pt\/shop\/kabelzug-pro\/\",\"name\":\"STIL-FIT Functional Trainer PRO | Dispositivo de resist\\u00eancia vers\\u00e1til - Fabricado na Alemanha\",\"isPartOf\":{\"@id\":\"https:\/\/stil-fit.com\/pt-pt\/#website\"},\"primaryImageOfPage\":{\"@id\":\"https:\/\/stil-fit.com\/pt-pt\/shop\/kabelzug-pro\/#primaryimage\"},\"datePublished\":\"2025-03-27T12:41:58+00:00\",\"dateModified\":\"2025-06-25T09:53:52+00:00\",\"description\":\"Descubra o exclusivo puxador de cabos STIL-FIT PRO | Concebido e desenvolvido em Munique. Encomende diretamente ao fabricante.\",\"inLanguage\":\"pt-PT\",\"potentialAction\":[{\"@type\":\"ReadAction\",\"target\":[\"https:\/\/stil-fit.com\/pt-pt\/shop\/kabelzug-pro\/\"]}]}]}<\/script>\n<!-- \/ Yoast SEO Premium plugin. -->","post_mailing_queue_ids":[],"_links":{"self":[{"href":"https:\/\/stil-fit.com\/pt-pt\/wp-json\/wp\/v2\/product\/35198","targetHints":{"allow":["GET"]}}],"collection":[{"href":"https:\/\/stil-fit.com\/pt-pt\/wp-json\/wp\/v2\/product"}],"about":[{"href":"https:\/\/stil-fit.com\/pt-pt\/wp-json\/wp\/v2\/types\/product"}],"replies":[{"embeddable":true,"href":"https:\/\/stil-fit.com\/pt-pt\/wp-json\/wp\/v2\/comments?post=35198"}],"wp:featuredmedia":[{"embeddable":true,"href":"https:\/\/stil-fit.com\/pt-pt\/wp-json\/wp\/v2\/media\/30780"}],"wp:attachment":[{"href":"https:\/\/stil-fit.com\/pt-pt\/wp-json\/wp\/v2\/media?parent=35198"}],"wp:term":[{"taxonomy":"product_brand","embeddable":true,"href":"https:\/\/stil-fit.com\/pt-pt\/wp-json\/wp\/v2\/product_brand?post=35198"},{"taxonomy":"product_cat","embeddable":true,"href":"https:\/\/stil-fit.com\/pt-pt\/wp-json\/wp\/v2\/product_cat?post=35198"},{"taxonomy":"product_tag","embeddable":true,"href":"https:\/\/stil-fit.com\/pt-pt\/wp-json\/wp\/v2\/product_tag?post=35198"},{"taxonomy":"yst_prominent_words","embeddable":true,"href":"https:\/\/stil-fit.com\/pt-pt\/wp-json\/wp\/v2\/yst_prominent_words?post=35198"}],"curies":[{"name":"wp","href":"https:\/\/api.w.org\/{rel}","templated":true}]}}