{"id":35245,"date":"2023-09-28T15:11:43","date_gmt":"2025-03-27T12:43:48","guid":{"rendered":"https:\/\/stil-fit.com\/shop\/stil-fit-bench-pro\/"},"modified":"2025-03-27T13:43:48","modified_gmt":"2025-03-27T12:43:48","slug":"stil-fit-bench-pro","status":"publish","type":"product","link":"https:\/\/stil-fit.com\/pt-pt\/shop\/stil-fit-bench-pro\/","title":{"rendered":"STIL-FIT Bench PRO"},"content":{"rendered":"<h1><span style=\"font-size: 120%;\"><strong>STIL-FIT Bench PRO<\/strong><\/span><\/h1>\n<p style=\"font-weight: 400;\"><span style=\"font-size: 120%;\">N\u00e3o te preocupes com isso. STIL-FIT Bench PRO \u00e9 uma beleza absoluta. Linhas esguias e reduzidas, um design \u00fanico, materiais de topo e um manuseamento f\u00e1cil caracterizam o nosso banco de treino e dar\u00e3o estilo ao teu treino. <\/span><\/p>\n<ul>\n<li style=\"font-weight: 400;\"><span style=\"font-size: 120%;\">Um design simples e elegante que se adapta a qualquer divis\u00e3o<\/span><\/li>\n<\/ul>\n<p>&nbsp;<\/p>\n<ul>\n<li style=\"font-weight: 400;\"><span style=\"font-size: 120%;\">Assento e encosto antibacterianos com tecido de rede<\/span><\/li>\n<\/ul>\n<p>&nbsp;<\/p>\n<ul>\n<li style=\"font-weight: 400;\"><span style=\"font-size: 120%;\">\u00c2ngulo de inclina\u00e7\u00e3o ajust\u00e1vel em 7 n\u00edveis<\/span><\/li>\n<\/ul>\n<p>&nbsp;<\/p>\n<ul>\n<li style=\"font-weight: 400;\"><span style=\"font-size: 120%;\">Rodas integradas para f\u00e1cil desloca\u00e7\u00e3o<\/span><\/li>\n<\/ul>\n","protected":false},"excerpt":{"rendered":"<p>&nbsp;<\/p>\n<p>O nosso novo banco de treino \u00e9 absolutamente leve, mas ainda assim muito robusto. \u00c9 f\u00e1cil de deslocar e de ajustar. Trabalhar com um banco \u00e9 t\u00e3o vers\u00e1til que vais ficar espantado.  <\/p>\n<p><strong>Pronto para envio em 3 dias<\/strong><\/p>\n<ul>\n<li>Feito \u00e0 m\u00e3o para ti na nossa f\u00e1brica em Munique.<\/li>\n<li>Montagem f\u00e1cil.<\/li>\n<li>Fabricado na Alemanha<\/li>\n<li>Envio gratuito (Alemanha e \u00c1ustria)<\/li>\n<li>0% de pagamento a presta\u00e7\u00f5es (apenas na Alemanha)<\/li>\n<\/ul>\n","protected":false},"featured_media":30750,"comment_status":"open","ping_status":"closed","template":"","meta":{"_monsterinsights_skip_tracking":false,"_monsterinsights_sitenote_active":false,"_monsterinsights_sitenote_note":"","_monsterinsights_sitenote_category":0},"product_brand":[],"product_cat":[2921,2928],"product_tag":[3219,3267,3265,3217,3266],"yst_prominent_words":[256,1452,170,1453,161,1451],"class_list":{"0":"post-35245","1":"product","2":"type-product","3":"status-publish","4":"has-post-thumbnail","6":"product_cat-parede-de-fitness","7":"product_cat-treino-de-forca","8":"product_tag-aptidao-fisica","9":"product_tag-banco-de-pesos","10":"product_tag-forca","11":"product_tag-ginastica-domestica-pt-pt","12":"product_tag-pesos","13":"product_shipping_class-ergometer-2-pt-pt","15":"first","16":"instock","17":"taxable","18":"shipping-taxable","19":"purchasable","20":"product-type-simple"},"composite_virtual":false,"composite_layout":"","composite_add_to_cart_form_location":"","composite_editable_in_cart":false,"composite_sold_individually_context":"","composite_shop_price_calc":"","composite_components":[],"composite_scenarios":[],"bundled_by":[],"bundle_stock_status":"instock","bundle_stock_quantity":null,"bundle_virtual":false,"bundle_layout":"","bundle_add_to_cart_form_location":"","bundle_editable_in_cart":false,"bundle_sold_individually_context":"","bundle_item_grouping":"","bundle_min_size":"","bundle_max_size":"","bundle_price":[],"bundled_items":[],"bundle_sell_ids":[],"yoast_head":"<!-- This site is optimized with the Yoast SEO Premium plugin v14.5 - https:\/\/yoast.com\/wordpress\/plugins\/seo\/ -->\n<title>STIL-FIT Bench PRO | Encomenda agora diretamente ao fabricante<\/title>\n<meta name=\"description\" content=\"Descobre o nosso banco de pesos STIL-FIT PRO | Concebido e produzido na nossa f\u00e1brica em Munique. Envio gratuito para a Alemanha e \u00c1ustria. Compra j\u00e1 o teu!\" \/>\n<meta name=\"robots\" content=\"index, follow\" \/>\n<meta name=\"googlebot\" content=\"index, follow, max-snippet:-1, max-image-preview:large, max-video-preview:-1\" \/>\n<meta name=\"bingbot\" content=\"index, follow, max-snippet:-1, max-image-preview:large, max-video-preview:-1\" \/>\n<link rel=\"canonical\" href=\"https:\/\/stil-fit.com\/pt-pt\/shop\/stil-fit-bench-pro\/\" \/>\n<meta property=\"og:locale\" content=\"pt_PT\" \/>\n<meta property=\"og:type\" content=\"article\" \/>\n<meta property=\"og:title\" content=\"STIL-FIT Bench PRO | Encomenda agora diretamente ao fabricante\" \/>\n<meta property=\"og:description\" content=\"Descobre o nosso banco de pesos STIL-FIT PRO | Concebido e produzido na nossa f\u00e1brica em Munique. Envio gratuito para a Alemanha e \u00c1ustria. Compra j\u00e1 o teu!\" \/>\n<meta property=\"og:url\" content=\"https:\/\/stil-fit.com\/pt-pt\/shop\/stil-fit-bench-pro\/\" \/>\n<meta property=\"og:site_name\" content=\"STIL-FIT\" \/>\n<meta property=\"article:publisher\" content=\"https:\/\/de-de.facebook.com\/stilfit\/\" \/>\n<meta property=\"og:image\" content=\"https:\/\/stil-fit.com\/wp-content\/uploads\/2023\/09\/STIL-FIT-Bench-PRO-1.png\" \/>\n\t<meta property=\"og:image:width\" content=\"1181\" \/>\n\t<meta property=\"og:image:height\" content=\"1182\" \/>\n<meta name=\"twitter:card\" content=\"summary_large_image\" \/>\n<script type=\"application\/ld+json\" class=\"yoast-schema-graph\">{\"@context\":\"https:\/\/schema.org\",\"@graph\":[{\"@type\":\"Organization\",\"@id\":\"https:\/\/stil-fit.com\/pt-pt\/#organization\",\"name\":\"STIL-FIT Internacional GmbH\",\"url\":\"https:\/\/stil-fit.com\/pt-pt\/\",\"sameAs\":[\"https:\/\/de-de.facebook.com\/stilfit\/\",\"https:\/\/www.instagram.com\/stil_fit_int\/\",\"https:\/\/www.linkedin.com\/company\/stil-fit-international-gmbh\",\"https:\/\/www.youtube.com\/channel\/UC2HA1BeZtFB0acPMfq1hKdQ\",\"https:\/\/www.pinterest.com\/STILFITInt\/\"],\"logo\":{\"@type\":\"ImageObject\",\"@id\":\"https:\/\/stil-fit.com\/pt-pt\/#logo\",\"inLanguage\":\"pt-PT\",\"url\":\"https:\/\/stil-fit.com\/wp-content\/uploads\/2019\/02\/stilfit_logo.jpg\",\"width\":150,\"height\":150,\"caption\":\"STIL-FIT Internacional GmbH\"},\"image\":{\"@id\":\"https:\/\/stil-fit.com\/pt-pt\/#logo\"}},{\"@type\":\"WebSite\",\"@id\":\"https:\/\/stil-fit.com\/pt-pt\/#website\",\"url\":\"https:\/\/stil-fit.com\/pt-pt\/\",\"name\":\"STIL-FIT\",\"description\":\"Stil-fit\",\"publisher\":{\"@id\":\"https:\/\/stil-fit.com\/pt-pt\/#organization\"},\"potentialAction\":[{\"@type\":\"SearchAction\",\"target\":\"https:\/\/stil-fit.com\/pt-pt\/?s={search_term_string}\",\"query-input\":\"required name=search_term_string\"}],\"inLanguage\":\"pt-PT\"},{\"@type\":\"ImageObject\",\"@id\":\"https:\/\/stil-fit.com\/pt-pt\/shop\/stil-fit-bench-pro\/#primaryimage\",\"inLanguage\":\"pt-PT\",\"url\":\"https:\/\/stil-fit.com\/wp-content\/uploads\/2023\/09\/STIL-FIT-Bench-PRO-1.png\",\"width\":1181,\"height\":1182},{\"@type\":\"WebPage\",\"@id\":\"https:\/\/stil-fit.com\/pt-pt\/shop\/stil-fit-bench-pro\/#webpage\",\"url\":\"https:\/\/stil-fit.com\/pt-pt\/shop\/stil-fit-bench-pro\/\",\"name\":\"STIL-FIT Bench PRO | Encomenda agora diretamente ao fabricante\",\"isPartOf\":{\"@id\":\"https:\/\/stil-fit.com\/pt-pt\/#website\"},\"primaryImageOfPage\":{\"@id\":\"https:\/\/stil-fit.com\/pt-pt\/shop\/stil-fit-bench-pro\/#primaryimage\"},\"datePublished\":\"2025-03-27T12:43:48+00:00\",\"dateModified\":\"2025-03-27T12:43:48+00:00\",\"description\":\"Descobre o nosso banco de pesos STIL-FIT PRO | Concebido e produzido na nossa f\\u00e1brica em Munique. Envio gratuito para a Alemanha e \\u00c1ustria. Compra j\\u00e1 o teu!\",\"inLanguage\":\"pt-PT\",\"potentialAction\":[{\"@type\":\"ReadAction\",\"target\":[\"https:\/\/stil-fit.com\/pt-pt\/shop\/stil-fit-bench-pro\/\"]}]}]}<\/script>\n<!-- \/ Yoast SEO Premium plugin. -->","post_mailing_queue_ids":[],"_links":{"self":[{"href":"https:\/\/stil-fit.com\/pt-pt\/wp-json\/wp\/v2\/product\/35245","targetHints":{"allow":["GET"]}}],"collection":[{"href":"https:\/\/stil-fit.com\/pt-pt\/wp-json\/wp\/v2\/product"}],"about":[{"href":"https:\/\/stil-fit.com\/pt-pt\/wp-json\/wp\/v2\/types\/product"}],"replies":[{"embeddable":true,"href":"https:\/\/stil-fit.com\/pt-pt\/wp-json\/wp\/v2\/comments?post=35245"}],"wp:featuredmedia":[{"embeddable":true,"href":"https:\/\/stil-fit.com\/pt-pt\/wp-json\/wp\/v2\/media\/30750"}],"wp:attachment":[{"href":"https:\/\/stil-fit.com\/pt-pt\/wp-json\/wp\/v2\/media?parent=35245"}],"wp:term":[{"taxonomy":"product_brand","embeddable":true,"href":"https:\/\/stil-fit.com\/pt-pt\/wp-json\/wp\/v2\/product_brand?post=35245"},{"taxonomy":"product_cat","embeddable":true,"href":"https:\/\/stil-fit.com\/pt-pt\/wp-json\/wp\/v2\/product_cat?post=35245"},{"taxonomy":"product_tag","embeddable":true,"href":"https:\/\/stil-fit.com\/pt-pt\/wp-json\/wp\/v2\/product_tag?post=35245"},{"taxonomy":"yst_prominent_words","embeddable":true,"href":"https:\/\/stil-fit.com\/pt-pt\/wp-json\/wp\/v2\/yst_prominent_words?post=35245"}],"curies":[{"name":"wp","href":"https:\/\/api.w.org\/{rel}","templated":true}]}}