{"id":35255,"date":"2023-09-28T14:37:19","date_gmt":"2025-03-27T12:44:04","guid":{"rendered":"https:\/\/stil-fit.com\/shop\/stil-fit-cilindro-pro\/"},"modified":"2025-03-27T13:44:04","modified_gmt":"2025-03-27T12:44:04","slug":"stil-fit-cilindro-pro","status":"publish","type":"product","link":"https:\/\/stil-fit.com\/pt-pt\/shop\/stil-fit-cilindro-pro\/","title":{"rendered":"STIL-FIT Cilindro PRO"},"content":{"rendered":"<h1><strong>O STIL-FIT Rower PRO<\/strong><\/h1>\n<h2><strong>O treino perfeito para todo o corpo<\/strong><\/h2>\n<p>O remo \u00e9 a combina\u00e7\u00e3o perfeita de treino de for\u00e7a e resist\u00eancia. Treina intensamente todos os principais grupos musculares, estimula a redu\u00e7\u00e3o da gordura corporal e fortalece o sistema cardiovascular. Um excelente e altamente eficaz treino para todo o corpo.  <\/p>\n<h2><strong>Design exclusivo e moderno<\/strong><\/h2>\n<p>A nova STIL-FIT Rower PRO estabelece um novo padr\u00e3o com o seu design \u00fanico. Com o seu aspeto inovador, a estrutura est\u00e1vel e a posi\u00e7\u00e3o elevada do assento, \u00e9 uma pe\u00e7a absolutamente \u00fanica que ir\u00e1 melhorar a tua experi\u00eancia de remo. <\/p>\n<h2><strong>Desenvolvido por WaterRower<\/strong><\/h2>\n<p>Gra\u00e7as \u00e0 coopera\u00e7\u00e3o com a WaterRower, a nossa m\u00e1quina de remo est\u00e1 no mais alto n\u00edvel de tecnologia. Como os componentes que estamos a usar s\u00e3o fornecidos pela WaterRower, sabemos que haver\u00e1 sempre uma sensa\u00e7\u00e3o de remada perfeita e suave. Enquanto remas, s\u00f3 ouves o som agrad\u00e1vel da \u00e1gua a correr.  <\/p>\n<h2><strong>Remo realista com resist\u00eancia \u00e0 \u00e1gua<\/strong><\/h2>\n<p>A \u00e1gua \u00e9 o meio de resist\u00eancia perfeito da natureza e \u00e9 por isso que a utilizamos com o nosso rower PRO. A resist\u00eancia \u00e9 muito din\u00e2mica e adapta-se instantaneamente \u00e0 intensidade da tua remada. O n\u00edvel de resist\u00eancia \u00e9 definido pela velocidade da tua remada. \u00c9 o mais realista e natural poss\u00edvel!   <\/p>\n<h2><strong>Suave mas eficaz<\/strong><\/h2>\n<p>H\u00e1 outra raz\u00e3o importante para utilizarmos a \u00e1gua &#8211; o risco de les\u00f5es e de esfor\u00e7o f\u00edsico excessivo \u00e9 minimizado, uma vez que a resist\u00eancia se adapta \u00e0 for\u00e7a do remador. O exerc\u00edcio \u00e9 muito f\u00e1cil para as articula\u00e7\u00f5es, tend\u00f5es e ligamentos, gra\u00e7as ao movimento suave e r\u00edtmico. <\/p>\n<h2><strong>Computador de forma\u00e7\u00e3o potente<\/strong><\/h2>\n<p>O nosso Rower \u00e9 operado por um ecr\u00e3 t\u00e1til TFT de 4,3&#8243;. A interface do utilizador do ecr\u00e3 t\u00e1til \u00e9 auto-explicativa e mostra todos os dados necess\u00e1rios de forma clara e bem organizada. Armazena os dados de at\u00e9 6 utilizadores e mostra o tempo, a dist\u00e2ncia, o tempo para 500 m, o n\u00famero de bra\u00e7adas por minuto, as calorias, o watt e a pulsa\u00e7\u00e3o. Tamb\u00e9m disp\u00f5e de um modo de ritmo de corrida.<\/p>\n","protected":false},"excerpt":{"rendered":"<p>&nbsp;<\/p>\n<p>A m\u00e1quina de remo topo de gama oferece um design \u00fanico, uma posi\u00e7\u00e3o de assento alta e confort\u00e1vel, uma medi\u00e7\u00e3o do ritmo card\u00edaco integrada, compatibilidade total com aplica\u00e7\u00f5es de remo e uma experi\u00eancia de remo absolutamente realista gra\u00e7as \u00e0 resist\u00eancia din\u00e2mica \u00e0 \u00e1gua.<\/p>\n<p><strong>Envio no prazo de 7 dias \u00fateis<\/strong><\/p>\n<p>&#8211; Fabricado na Alemanha<\/p>\n<p>&#8211; Envio gratuito<\/p>\n<p>&#8211; 0% Presta\u00e7\u00e3o<\/p>\n","protected":false},"featured_media":32994,"comment_status":"open","ping_status":"closed","template":"","meta":{"_monsterinsights_skip_tracking":false,"_monsterinsights_sitenote_active":false,"_monsterinsights_sitenote_note":"","_monsterinsights_sitenote_category":0},"product_brand":[],"product_cat":[2946,2936],"product_tag":[3219,3217,3286,3285,3288,3287],"yst_prominent_words":[424,170,216,421,413,215,214,161,601,415,416,553,419,412,423],"class_list":{"0":"post-35255","1":"product","2":"type-product","3":"status-publish","4":"has-post-thumbnail","6":"product_cat-maquina-de-remo","7":"product_cat-uncategorised-pt-pt","8":"product_tag-aptidao-fisica","9":"product_tag-ginastica-domestica-pt-pt","10":"product_tag-remador-de-agua-remador-de-agua","11":"product_tag-remo-pt-pt-2","12":"product_tag-treino-cardiovascular","13":"product_tag-treino-de-corpo-inteiro","14":"product_shipping_class-flow-one-2-pt-pt","16":"first","17":"instock","18":"taxable","19":"shipping-taxable","20":"purchasable","21":"product-type-simple"},"composite_virtual":false,"composite_layout":"","composite_add_to_cart_form_location":"","composite_editable_in_cart":false,"composite_sold_individually_context":"","composite_shop_price_calc":"","composite_components":[],"composite_scenarios":[],"bundled_by":[],"bundle_stock_status":"instock","bundle_stock_quantity":null,"bundle_virtual":false,"bundle_layout":"","bundle_add_to_cart_form_location":"","bundle_editable_in_cart":false,"bundle_sold_individually_context":"","bundle_item_grouping":"","bundle_min_size":"","bundle_max_size":"","bundle_price":[],"bundled_items":[],"bundle_sell_ids":[35142,9646,9946],"yoast_head":"<!-- This site is optimized with the Yoast SEO Premium plugin v14.5 - https:\/\/yoast.com\/wordpress\/plugins\/seo\/ -->\n<title>STIL-FIT Rower PRO | Remador de alto desempenho fabricado na Alemanha<\/title>\n<meta name=\"description\" content=\"Encomenda o STIL-FIT Cilindro PRO diretamente ao fabricante. Concebido e desenvolvido em Munique, Alemanha. Envio gratuito para a Alemanha e \u00c1ustria.\" \/>\n<meta name=\"robots\" content=\"index, follow\" \/>\n<meta name=\"googlebot\" content=\"index, follow, max-snippet:-1, max-image-preview:large, max-video-preview:-1\" \/>\n<meta name=\"bingbot\" content=\"index, follow, max-snippet:-1, max-image-preview:large, max-video-preview:-1\" \/>\n<link rel=\"canonical\" href=\"https:\/\/stil-fit.com\/pt-pt\/shop\/stil-fit-cilindro-pro\/\" \/>\n<meta property=\"og:locale\" content=\"pt_PT\" \/>\n<meta property=\"og:type\" content=\"article\" \/>\n<meta property=\"og:title\" content=\"STIL-FIT Rower PRO | Remador de alto desempenho fabricado na Alemanha\" \/>\n<meta property=\"og:description\" content=\"Encomenda o STIL-FIT Cilindro PRO diretamente ao fabricante. Concebido e desenvolvido em Munique, Alemanha. Envio gratuito para a Alemanha e \u00c1ustria.\" \/>\n<meta property=\"og:url\" content=\"https:\/\/stil-fit.com\/pt-pt\/shop\/stil-fit-cilindro-pro\/\" \/>\n<meta property=\"og:site_name\" content=\"STIL-FIT\" \/>\n<meta property=\"article:publisher\" content=\"https:\/\/de-de.facebook.com\/stilfit\/\" \/>\n<meta property=\"og:image\" content=\"https:\/\/stil-fit.com\/wp-content\/uploads\/2025\/01\/STIL-FIT-Rudergeraet-PRO.jpg\" \/>\n\t<meta property=\"og:image:width\" content=\"1476\" \/>\n\t<meta property=\"og:image:height\" content=\"1476\" \/>\n<meta name=\"twitter:card\" content=\"summary_large_image\" \/>\n<script type=\"application\/ld+json\" class=\"yoast-schema-graph\">{\"@context\":\"https:\/\/schema.org\",\"@graph\":[{\"@type\":\"Organization\",\"@id\":\"https:\/\/stil-fit.com\/pt-pt\/#organization\",\"name\":\"STIL-FIT Internacional GmbH\",\"url\":\"https:\/\/stil-fit.com\/pt-pt\/\",\"sameAs\":[\"https:\/\/de-de.facebook.com\/stilfit\/\",\"https:\/\/www.instagram.com\/stil_fit_int\/\",\"https:\/\/www.linkedin.com\/company\/stil-fit-international-gmbh\",\"https:\/\/www.youtube.com\/channel\/UC2HA1BeZtFB0acPMfq1hKdQ\",\"https:\/\/www.pinterest.com\/STILFITInt\/\"],\"logo\":{\"@type\":\"ImageObject\",\"@id\":\"https:\/\/stil-fit.com\/pt-pt\/#logo\",\"inLanguage\":\"pt-PT\",\"url\":\"https:\/\/stil-fit.com\/wp-content\/uploads\/2019\/02\/stilfit_logo.jpg\",\"width\":150,\"height\":150,\"caption\":\"STIL-FIT Internacional GmbH\"},\"image\":{\"@id\":\"https:\/\/stil-fit.com\/pt-pt\/#logo\"}},{\"@type\":\"WebSite\",\"@id\":\"https:\/\/stil-fit.com\/pt-pt\/#website\",\"url\":\"https:\/\/stil-fit.com\/pt-pt\/\",\"name\":\"STIL-FIT\",\"description\":\"Stil-fit\",\"publisher\":{\"@id\":\"https:\/\/stil-fit.com\/pt-pt\/#organization\"},\"potentialAction\":[{\"@type\":\"SearchAction\",\"target\":\"https:\/\/stil-fit.com\/pt-pt\/?s={search_term_string}\",\"query-input\":\"required name=search_term_string\"}],\"inLanguage\":\"pt-PT\"},{\"@type\":\"ImageObject\",\"@id\":\"https:\/\/stil-fit.com\/pt-pt\/shop\/stil-fit-cilindro-pro\/#primaryimage\",\"inLanguage\":\"pt-PT\",\"url\":\"https:\/\/stil-fit.com\/wp-content\/uploads\/2025\/01\/STIL-FIT-Rudergeraet-PRO.jpg\",\"width\":1476,\"height\":1476},{\"@type\":\"WebPage\",\"@id\":\"https:\/\/stil-fit.com\/pt-pt\/shop\/stil-fit-cilindro-pro\/#webpage\",\"url\":\"https:\/\/stil-fit.com\/pt-pt\/shop\/stil-fit-cilindro-pro\/\",\"name\":\"STIL-FIT Rower PRO | Remador de alto desempenho fabricado na Alemanha\",\"isPartOf\":{\"@id\":\"https:\/\/stil-fit.com\/pt-pt\/#website\"},\"primaryImageOfPage\":{\"@id\":\"https:\/\/stil-fit.com\/pt-pt\/shop\/stil-fit-cilindro-pro\/#primaryimage\"},\"datePublished\":\"2025-03-27T12:44:04+00:00\",\"dateModified\":\"2025-03-27T12:44:04+00:00\",\"description\":\"Encomenda o STIL-FIT Cilindro PRO diretamente ao fabricante. Concebido e desenvolvido em Munique, Alemanha. Envio gratuito para a Alemanha e \\u00c1ustria.\",\"inLanguage\":\"pt-PT\",\"potentialAction\":[{\"@type\":\"ReadAction\",\"target\":[\"https:\/\/stil-fit.com\/pt-pt\/shop\/stil-fit-cilindro-pro\/\"]}]}]}<\/script>\n<!-- \/ Yoast SEO Premium plugin. -->","post_mailing_queue_ids":[],"_links":{"self":[{"href":"https:\/\/stil-fit.com\/pt-pt\/wp-json\/wp\/v2\/product\/35255","targetHints":{"allow":["GET"]}}],"collection":[{"href":"https:\/\/stil-fit.com\/pt-pt\/wp-json\/wp\/v2\/product"}],"about":[{"href":"https:\/\/stil-fit.com\/pt-pt\/wp-json\/wp\/v2\/types\/product"}],"replies":[{"embeddable":true,"href":"https:\/\/stil-fit.com\/pt-pt\/wp-json\/wp\/v2\/comments?post=35255"}],"wp:featuredmedia":[{"embeddable":true,"href":"https:\/\/stil-fit.com\/pt-pt\/wp-json\/wp\/v2\/media\/32994"}],"wp:attachment":[{"href":"https:\/\/stil-fit.com\/pt-pt\/wp-json\/wp\/v2\/media?parent=35255"}],"wp:term":[{"taxonomy":"product_brand","embeddable":true,"href":"https:\/\/stil-fit.com\/pt-pt\/wp-json\/wp\/v2\/product_brand?post=35255"},{"taxonomy":"product_cat","embeddable":true,"href":"https:\/\/stil-fit.com\/pt-pt\/wp-json\/wp\/v2\/product_cat?post=35255"},{"taxonomy":"product_tag","embeddable":true,"href":"https:\/\/stil-fit.com\/pt-pt\/wp-json\/wp\/v2\/product_tag?post=35255"},{"taxonomy":"yst_prominent_words","embeddable":true,"href":"https:\/\/stil-fit.com\/pt-pt\/wp-json\/wp\/v2\/yst_prominent_words?post=35255"}],"curies":[{"name":"wp","href":"https:\/\/api.w.org\/{rel}","templated":true}]}}