{"id":35285,"date":"2019-07-21T23:50:10","date_gmt":"2025-03-27T12:51:04","guid":{"rendered":"https:\/\/stil-fit.com\/shop\/stil-fit-ab-trainer-noz\/"},"modified":"2025-03-27T13:51:04","modified_gmt":"2025-03-27T12:51:04","slug":"stil-fit-ab-trainer-noz","status":"publish","type":"product","link":"https:\/\/stil-fit.com\/pt-pt\/shop\/stil-fit-ab-trainer-noz\/","title":{"rendered":"STIL-FIT AB Trainer (noz)"},"content":{"rendered":"<h1><strong>Treino AB com estilo<\/strong><\/h1>\n<div><\/div>\n<div>O comprovado e bem conhecido AB Trainer recebe uma nova e \u00fanica remodela\u00e7\u00e3o da STIL-FIT. Gra\u00e7as \u00e0 sua elegante <\/div>\n<div>A sua forma e a utiliza\u00e7\u00e3o da madeira dar\u00e3o estilo ao teu apartamento ou gin\u00e1sio. Durante o teu exerc\u00edcio, a cabe\u00e7a repousa sobre uma <\/div>\n<div>almofada de couro de valor, que apoia o teu corpo e garante um movimento suave.<\/div>\n<div><\/div>\n<h2><strong>Saud\u00e1vel e eficaz<\/strong><\/h2>\n<div>Fazer exerc\u00edcio com um AB Trainer \u00e9 especialmente eficaz porque podes trabalhar todas as partes abdominais fazendo diferentes<\/div>\n<div>exerc\u00edcios. O fortalecimento do n\u00facleo do corpo \u00e9 essencial para manter uma boa postura e um andar ereto. <\/div>\n<div><\/div>\n<div>Para evitar que o AB Trainer escorregue durante o treino, est\u00e1 equipado com uma inser\u00e7\u00e3o de borracha na parte inferior.<\/div>\n","protected":false},"excerpt":{"rendered":"<p>&nbsp;<\/p>\n<ul>\n<li>Fabricado na Alemanha<\/li>\n<li>Envio gratuito (D &amp; AT)<\/li>\n<li>Entrega com tapete de ioga <\/li>\n<\/ul>\n","protected":false},"featured_media":22816,"comment_status":"open","ping_status":"closed","template":"","meta":{"_monsterinsights_skip_tracking":false,"_monsterinsights_sitenote_active":false,"_monsterinsights_sitenote_note":"","_monsterinsights_sitenote_category":0},"product_brand":[],"product_cat":[2906,2936],"product_tag":[],"yst_prominent_words":[256,712,713,535,259,260,266,711,251,261,499,593,529,267],"class_list":{"0":"post-35285","1":"product","2":"type-product","3":"status-publish","4":"has-post-thumbnail","6":"product_cat-acessorias","7":"product_cat-uncategorised-pt-pt","8":"product_shipping_class-kleingerate-pt-pt","10":"first","11":"outofstock","12":"taxable","13":"shipping-taxable","14":"purchasable","15":"product-type-simple"},"composite_virtual":false,"composite_layout":"","composite_add_to_cart_form_location":"","composite_editable_in_cart":false,"composite_sold_individually_context":"","composite_shop_price_calc":"","composite_components":[],"composite_scenarios":[],"bundled_by":[],"bundle_stock_status":"outofstock","bundle_stock_quantity":null,"bundle_virtual":false,"bundle_layout":"","bundle_add_to_cart_form_location":"","bundle_editable_in_cart":false,"bundle_sold_individually_context":"","bundle_item_grouping":"","bundle_min_size":"","bundle_max_size":"","bundle_price":[],"bundled_items":[],"bundle_sell_ids":[804],"yoast_head":"<!-- This site is optimized with the Yoast SEO Premium plugin v14.5 - https:\/\/yoast.com\/wordpress\/plugins\/seo\/ -->\n<title>STIL-FIT AB Trainer (noz) | STIL-FIT<\/title>\n<meta name=\"robots\" content=\"index, follow\" \/>\n<meta name=\"googlebot\" content=\"index, follow, max-snippet:-1, max-image-preview:large, max-video-preview:-1\" \/>\n<meta name=\"bingbot\" content=\"index, follow, max-snippet:-1, max-image-preview:large, max-video-preview:-1\" \/>\n<link rel=\"canonical\" href=\"https:\/\/stil-fit.com\/pt-pt\/shop\/stil-fit-ab-trainer-noz\/\" \/>\n<meta property=\"og:locale\" content=\"pt_PT\" \/>\n<meta property=\"og:type\" content=\"article\" \/>\n<meta property=\"og:title\" content=\"STIL-FIT AB Trainer (noz) | STIL-FIT\" \/>\n<meta property=\"og:description\" content=\"&nbsp;  Fabricado na Alemanha  Envio gratuito (D &amp; AT)  Entrega com tapete de ioga\" \/>\n<meta property=\"og:url\" content=\"https:\/\/stil-fit.com\/pt-pt\/shop\/stil-fit-ab-trainer-noz\/\" \/>\n<meta property=\"og:site_name\" content=\"STIL-FIT\" \/>\n<meta property=\"article:publisher\" content=\"https:\/\/de-de.facebook.com\/stilfit\/\" \/>\n<meta property=\"og:image\" content=\"https:\/\/stil-fit.com\/wp-content\/uploads\/2019\/07\/STIL-FIT-ABTrainer-Design-Holz-Walnuss-scaled.jpg\" \/>\n\t<meta property=\"og:image:width\" content=\"2560\" \/>\n\t<meta property=\"og:image:height\" content=\"1792\" \/>\n<meta name=\"twitter:card\" content=\"summary_large_image\" \/>\n<script type=\"application\/ld+json\" class=\"yoast-schema-graph\">{\"@context\":\"https:\/\/schema.org\",\"@graph\":[{\"@type\":\"Organization\",\"@id\":\"https:\/\/stil-fit.com\/pt-pt\/#organization\",\"name\":\"STIL-FIT Internacional GmbH\",\"url\":\"https:\/\/stil-fit.com\/pt-pt\/\",\"sameAs\":[\"https:\/\/de-de.facebook.com\/stilfit\/\",\"https:\/\/www.instagram.com\/stil_fit_int\/\",\"https:\/\/www.linkedin.com\/company\/stil-fit-international-gmbh\",\"https:\/\/www.youtube.com\/channel\/UC2HA1BeZtFB0acPMfq1hKdQ\",\"https:\/\/www.pinterest.com\/STILFITInt\/\"],\"logo\":{\"@type\":\"ImageObject\",\"@id\":\"https:\/\/stil-fit.com\/pt-pt\/#logo\",\"inLanguage\":\"pt-PT\",\"url\":\"https:\/\/stil-fit.com\/wp-content\/uploads\/2019\/02\/stilfit_logo.jpg\",\"width\":150,\"height\":150,\"caption\":\"STIL-FIT Internacional GmbH\"},\"image\":{\"@id\":\"https:\/\/stil-fit.com\/pt-pt\/#logo\"}},{\"@type\":\"WebSite\",\"@id\":\"https:\/\/stil-fit.com\/pt-pt\/#website\",\"url\":\"https:\/\/stil-fit.com\/pt-pt\/\",\"name\":\"STIL-FIT\",\"description\":\"Stil-fit\",\"publisher\":{\"@id\":\"https:\/\/stil-fit.com\/pt-pt\/#organization\"},\"potentialAction\":[{\"@type\":\"SearchAction\",\"target\":\"https:\/\/stil-fit.com\/pt-pt\/?s={search_term_string}\",\"query-input\":\"required name=search_term_string\"}],\"inLanguage\":\"pt-PT\"},{\"@type\":\"ImageObject\",\"@id\":\"https:\/\/stil-fit.com\/pt-pt\/shop\/stil-fit-ab-trainer-noz\/#primaryimage\",\"inLanguage\":\"pt-PT\",\"url\":\"https:\/\/stil-fit.com\/wp-content\/uploads\/2019\/07\/STIL-FIT-ABTrainer-Design-Holz-Walnuss-scaled.jpg\",\"width\":2560,\"height\":1792},{\"@type\":\"WebPage\",\"@id\":\"https:\/\/stil-fit.com\/pt-pt\/shop\/stil-fit-ab-trainer-noz\/#webpage\",\"url\":\"https:\/\/stil-fit.com\/pt-pt\/shop\/stil-fit-ab-trainer-noz\/\",\"name\":\"STIL-FIT AB Trainer (noz) | STIL-FIT\",\"isPartOf\":{\"@id\":\"https:\/\/stil-fit.com\/pt-pt\/#website\"},\"primaryImageOfPage\":{\"@id\":\"https:\/\/stil-fit.com\/pt-pt\/shop\/stil-fit-ab-trainer-noz\/#primaryimage\"},\"datePublished\":\"2025-03-27T12:51:04+00:00\",\"dateModified\":\"2025-03-27T12:51:04+00:00\",\"inLanguage\":\"pt-PT\",\"potentialAction\":[{\"@type\":\"ReadAction\",\"target\":[\"https:\/\/stil-fit.com\/pt-pt\/shop\/stil-fit-ab-trainer-noz\/\"]}]}]}<\/script>\n<!-- \/ Yoast SEO Premium plugin. -->","post_mailing_queue_ids":[],"_links":{"self":[{"href":"https:\/\/stil-fit.com\/pt-pt\/wp-json\/wp\/v2\/product\/35285","targetHints":{"allow":["GET"]}}],"collection":[{"href":"https:\/\/stil-fit.com\/pt-pt\/wp-json\/wp\/v2\/product"}],"about":[{"href":"https:\/\/stil-fit.com\/pt-pt\/wp-json\/wp\/v2\/types\/product"}],"replies":[{"embeddable":true,"href":"https:\/\/stil-fit.com\/pt-pt\/wp-json\/wp\/v2\/comments?post=35285"}],"wp:featuredmedia":[{"embeddable":true,"href":"https:\/\/stil-fit.com\/pt-pt\/wp-json\/wp\/v2\/media\/22816"}],"wp:attachment":[{"href":"https:\/\/stil-fit.com\/pt-pt\/wp-json\/wp\/v2\/media?parent=35285"}],"wp:term":[{"taxonomy":"product_brand","embeddable":true,"href":"https:\/\/stil-fit.com\/pt-pt\/wp-json\/wp\/v2\/product_brand?post=35285"},{"taxonomy":"product_cat","embeddable":true,"href":"https:\/\/stil-fit.com\/pt-pt\/wp-json\/wp\/v2\/product_cat?post=35285"},{"taxonomy":"product_tag","embeddable":true,"href":"https:\/\/stil-fit.com\/pt-pt\/wp-json\/wp\/v2\/product_tag?post=35285"},{"taxonomy":"yst_prominent_words","embeddable":true,"href":"https:\/\/stil-fit.com\/pt-pt\/wp-json\/wp\/v2\/yst_prominent_words?post=35285"}],"curies":[{"name":"wp","href":"https:\/\/api.w.org\/{rel}","templated":true}]}}