{"id":35453,"date":"2021-10-28T09:53:24","date_gmt":"2025-03-27T12:54:44","guid":{"rendered":"https:\/\/stil-fit.com\/shop\/stil-fit-suporte-de-mesa-flow-one\/"},"modified":"2025-03-27T13:54:44","modified_gmt":"2025-03-27T12:54:44","slug":"stil-fit-suporte-de-mesa-flow-one","status":"publish","type":"product","link":"https:\/\/stil-fit.com\/pt-pt\/shop\/stil-fit-suporte-de-mesa-flow-one\/","title":{"rendered":"STIL-FIT Suporte de mesa FLOW ONE"},"content":{"rendered":"<h1>STIL-FIT Suporte de mesa FLOW ONE<\/h1>\n<p>O suporte para tablet STIL-FIT permite-te desfrutar de um entretenimento completo enquanto fazes exerc\u00edcio. V\u00ea televis\u00e3o, as tuas s\u00e9ries favoritas da Netflix ou as not\u00edcias. <\/p>\n<p>O suporte para tablet \u00e9 ajust\u00e1vel em altura e \u00e2ngulo. Se n\u00e3o estiveres a utilizar o remo, podes dobr\u00e1-lo para o guardar. <\/p>\n<h2>Desfruta de todas as op\u00e7\u00f5es de entretenimento<\/h2>\n<p>O STIL-FIT Rower FLOW ONE \u00e9 compat\u00edvel com as aplica\u00e7\u00f5es Kinomap e EXR para uma motiva\u00e7\u00e3o adicional. Descobre o mundo com milhares de percursos de remo, corre contra os teus amigos e exporta os teus dados de treino.<\/p>\n","protected":false},"excerpt":{"rendered":"<p>&nbsp;<\/p>\n<p>O suporte para tablet \u00e9 o complemento perfeito para a tua m\u00e1quina de remo FLOW ONE. Permite-te colocar o teu tablet \u00e0 tua frente para poderes ver o teu programa favorito na Netflix ou na TV. Al\u00e9m disso, podes melhorar o teu treino utilizando as aplica\u00e7\u00f5es Kinomap ou EXR para uma experi\u00eancia de treino ainda melhor.  <\/p>\n<ul>\n<li>Feito para ti na nossa f\u00e1brica em Munique.<\/li>\n<li>Fabricado na Alemanha<\/li>\n<li>Envio gratuito<\/li>\n<\/ul>\n","protected":false},"featured_media":27963,"comment_status":"open","ping_status":"closed","template":"","meta":{"_monsterinsights_skip_tracking":false,"_monsterinsights_sitenote_active":false,"_monsterinsights_sitenote_note":"","_monsterinsights_sitenote_category":0},"product_brand":[],"product_cat":[2906,2946],"product_tag":[3119,3348,3117,3116,3118,3347],"yst_prominent_words":[256,1183,1424,1425,409,296,260,554,527,161,1188,1189,251,602,261,593,594,1182,267],"class_list":{"0":"post-35453","1":"product","2":"type-product","3":"status-publish","4":"has-post-thumbnail","6":"product_cat-acessorias","7":"product_cat-maquina-de-remo","8":"product_tag-fitness-de-design","9":"product_tag-fitness-digital","10":"product_tag-ginastica-domestica","11":"product_tag-maquina-de-remo","12":"product_tag-suporte-de-mesa","13":"product_tag-treino","14":"product_shipping_class-kleingerate-pt-pt","16":"first","17":"instock","18":"taxable","19":"shipping-taxable","20":"purchasable","21":"product-type-simple"},"composite_virtual":false,"composite_layout":"","composite_add_to_cart_form_location":"","composite_editable_in_cart":false,"composite_sold_individually_context":"","composite_shop_price_calc":"","composite_components":[],"composite_scenarios":[],"bundled_by":[],"bundle_stock_status":"instock","bundle_stock_quantity":null,"bundle_virtual":false,"bundle_layout":"","bundle_add_to_cart_form_location":"","bundle_editable_in_cart":false,"bundle_sold_individually_context":"","bundle_item_grouping":"","bundle_min_size":"","bundle_max_size":"","bundle_price":[],"bundled_items":[],"bundle_sell_ids":[35369],"yoast_head":"<!-- This site is optimized with the Yoast SEO Premium plugin v14.5 - https:\/\/yoast.com\/wordpress\/plugins\/seo\/ -->\n<title>STIL-FIT Suporte de mesa FLOW ONE | O complemento para tablets de todos os tamanhos.<\/title>\n<meta name=\"description\" content=\"O suporte para tablet FLOW ONE pode ser adicionado opcionalmente. Adequado para todos os tamanhos normais de tablets. Quando n\u00e3o est\u00e1 a ser utilizado, pode ser dobrado para dentro.\" \/>\n<meta name=\"robots\" content=\"index, follow\" \/>\n<meta name=\"googlebot\" content=\"index, follow, max-snippet:-1, max-image-preview:large, max-video-preview:-1\" \/>\n<meta name=\"bingbot\" content=\"index, follow, max-snippet:-1, max-image-preview:large, max-video-preview:-1\" \/>\n<link rel=\"canonical\" href=\"https:\/\/stil-fit.com\/pt-pt\/shop\/stil-fit-suporte-de-mesa-flow-one\/\" \/>\n<meta property=\"og:locale\" content=\"pt_PT\" \/>\n<meta property=\"og:type\" content=\"article\" \/>\n<meta property=\"og:title\" content=\"STIL-FIT Suporte de mesa FLOW ONE | O complemento para tablets de todos os tamanhos.\" \/>\n<meta property=\"og:description\" content=\"O suporte para tablet FLOW ONE pode ser adicionado opcionalmente. Adequado para todos os tamanhos normais de tablets. Quando n\u00e3o est\u00e1 a ser utilizado, pode ser dobrado para dentro.\" \/>\n<meta property=\"og:url\" content=\"https:\/\/stil-fit.com\/pt-pt\/shop\/stil-fit-suporte-de-mesa-flow-one\/\" \/>\n<meta property=\"og:site_name\" content=\"STIL-FIT\" \/>\n<meta property=\"article:publisher\" content=\"https:\/\/de-de.facebook.com\/stilfit\/\" \/>\n<meta property=\"og:image\" content=\"https:\/\/stil-fit.com\/wp-content\/uploads\/2021\/10\/STIL-FIT-Rowingmachine-FLOW-ONE-Tabletholder.jpg\" \/>\n\t<meta property=\"og:image:width\" content=\"2362\" \/>\n\t<meta property=\"og:image:height\" content=\"1743\" \/>\n<meta name=\"twitter:card\" content=\"summary_large_image\" \/>\n<script type=\"application\/ld+json\" class=\"yoast-schema-graph\">{\"@context\":\"https:\/\/schema.org\",\"@graph\":[{\"@type\":\"Organization\",\"@id\":\"https:\/\/stil-fit.com\/pt-pt\/#organization\",\"name\":\"STIL-FIT Internacional GmbH\",\"url\":\"https:\/\/stil-fit.com\/pt-pt\/\",\"sameAs\":[\"https:\/\/de-de.facebook.com\/stilfit\/\",\"https:\/\/www.instagram.com\/stil_fit_int\/\",\"https:\/\/www.linkedin.com\/company\/stil-fit-international-gmbh\",\"https:\/\/www.youtube.com\/channel\/UC2HA1BeZtFB0acPMfq1hKdQ\",\"https:\/\/www.pinterest.com\/STILFITInt\/\"],\"logo\":{\"@type\":\"ImageObject\",\"@id\":\"https:\/\/stil-fit.com\/pt-pt\/#logo\",\"inLanguage\":\"pt-PT\",\"url\":\"https:\/\/stil-fit.com\/wp-content\/uploads\/2019\/02\/stilfit_logo.jpg\",\"width\":150,\"height\":150,\"caption\":\"STIL-FIT Internacional GmbH\"},\"image\":{\"@id\":\"https:\/\/stil-fit.com\/pt-pt\/#logo\"}},{\"@type\":\"WebSite\",\"@id\":\"https:\/\/stil-fit.com\/pt-pt\/#website\",\"url\":\"https:\/\/stil-fit.com\/pt-pt\/\",\"name\":\"STIL-FIT\",\"description\":\"Stil-fit\",\"publisher\":{\"@id\":\"https:\/\/stil-fit.com\/pt-pt\/#organization\"},\"potentialAction\":[{\"@type\":\"SearchAction\",\"target\":\"https:\/\/stil-fit.com\/pt-pt\/?s={search_term_string}\",\"query-input\":\"required name=search_term_string\"}],\"inLanguage\":\"pt-PT\"},{\"@type\":\"ImageObject\",\"@id\":\"https:\/\/stil-fit.com\/pt-pt\/shop\/stil-fit-suporte-de-mesa-flow-one\/#primaryimage\",\"inLanguage\":\"pt-PT\",\"url\":\"https:\/\/stil-fit.com\/wp-content\/uploads\/2021\/10\/STIL-FIT-Rowingmachine-FLOW-ONE-Tabletholder.jpg\",\"width\":2362,\"height\":1743},{\"@type\":\"WebPage\",\"@id\":\"https:\/\/stil-fit.com\/pt-pt\/shop\/stil-fit-suporte-de-mesa-flow-one\/#webpage\",\"url\":\"https:\/\/stil-fit.com\/pt-pt\/shop\/stil-fit-suporte-de-mesa-flow-one\/\",\"name\":\"STIL-FIT Suporte de mesa FLOW ONE | O complemento para tablets de todos os tamanhos.\",\"isPartOf\":{\"@id\":\"https:\/\/stil-fit.com\/pt-pt\/#website\"},\"primaryImageOfPage\":{\"@id\":\"https:\/\/stil-fit.com\/pt-pt\/shop\/stil-fit-suporte-de-mesa-flow-one\/#primaryimage\"},\"datePublished\":\"2025-03-27T12:54:44+00:00\",\"dateModified\":\"2025-03-27T12:54:44+00:00\",\"description\":\"O suporte para tablet FLOW ONE pode ser adicionado opcionalmente. Adequado para todos os tamanhos normais de tablets. Quando n\\u00e3o est\\u00e1 a ser utilizado, pode ser dobrado para dentro.\",\"inLanguage\":\"pt-PT\",\"potentialAction\":[{\"@type\":\"ReadAction\",\"target\":[\"https:\/\/stil-fit.com\/pt-pt\/shop\/stil-fit-suporte-de-mesa-flow-one\/\"]}]}]}<\/script>\n<!-- \/ Yoast SEO Premium plugin. -->","post_mailing_queue_ids":[],"_links":{"self":[{"href":"https:\/\/stil-fit.com\/pt-pt\/wp-json\/wp\/v2\/product\/35453","targetHints":{"allow":["GET"]}}],"collection":[{"href":"https:\/\/stil-fit.com\/pt-pt\/wp-json\/wp\/v2\/product"}],"about":[{"href":"https:\/\/stil-fit.com\/pt-pt\/wp-json\/wp\/v2\/types\/product"}],"replies":[{"embeddable":true,"href":"https:\/\/stil-fit.com\/pt-pt\/wp-json\/wp\/v2\/comments?post=35453"}],"wp:featuredmedia":[{"embeddable":true,"href":"https:\/\/stil-fit.com\/pt-pt\/wp-json\/wp\/v2\/media\/27963"}],"wp:attachment":[{"href":"https:\/\/stil-fit.com\/pt-pt\/wp-json\/wp\/v2\/media?parent=35453"}],"wp:term":[{"taxonomy":"product_brand","embeddable":true,"href":"https:\/\/stil-fit.com\/pt-pt\/wp-json\/wp\/v2\/product_brand?post=35453"},{"taxonomy":"product_cat","embeddable":true,"href":"https:\/\/stil-fit.com\/pt-pt\/wp-json\/wp\/v2\/product_cat?post=35453"},{"taxonomy":"product_tag","embeddable":true,"href":"https:\/\/stil-fit.com\/pt-pt\/wp-json\/wp\/v2\/product_tag?post=35453"},{"taxonomy":"yst_prominent_words","embeddable":true,"href":"https:\/\/stil-fit.com\/pt-pt\/wp-json\/wp\/v2\/yst_prominent_words?post=35453"}],"curies":[{"name":"wp","href":"https:\/\/api.w.org\/{rel}","templated":true}]}}